{"id":70824,"date":"2024-12-16T16:08:06","date_gmt":"2024-12-16T15:08:06","guid":{"rendered":"https:\/\/www.topohvar.at\/topo\/?page_id=70824"},"modified":"2024-12-16T16:27:19","modified_gmt":"2024-12-16T15:27:19","slug":"je-po-06-1","status":"publish","type":"page","link":"https:\/\/www.topohvar.at\/topo\/orte\/je\/je-po-06-1\/","title":{"rendered":"JELSA &#8211; Povijesni lokalitet \u00bbKutac\u00ab"},"content":{"rendered":"<p><a name=\"seite_oben\"><\/a><br \/>\n<strong><img loading=\"lazy\" decoding=\"async\" class=\"aligncenter wp-image-387 size-full\" src=\"https:\/\/www.topohvar.at\/wp-content\/uploads\/2018\/07\/00-00-00-1.jpg\" alt=\"\" width=\"114\" height=\"56\" \/><\/strong><\/p>\n<p><strong>Ime \/ Name<br \/>\n<\/strong>Povijesni lokalitet \u00bbKutac\u00ab \/ Historische L0kalit\u00e4t \u00bbKutac\u00ab<\/p>\n<p><strong>Code: <\/strong>JE-PO-06\u00a0 \u00a0 \u00a0 \u00a0 \u00a0 \u00a0 \u00a0 \u00a0 \u00a0 \u00a0 \u00a0 \u00a0 \u00a0 \u00a0 \u00a0 <strong><a href=\"https:\/\/www.topohvar.at\/orte\/je\/je-po-05-1\/\"><img loading=\"lazy\" decoding=\"async\" class=\"alignnone wp-image-533 size-full\" src=\"https:\/\/www.topohvar.at\/wp-content\/uploads\/2018\/07\/push-l-30.jpg\" alt=\"\" width=\"61\" height=\"30\" \/><\/a> <a href=\"https:\/\/www.topohvar.at\/orte\/je\/\"><img loading=\"lazy\" decoding=\"async\" class=\"alignnone wp-image-535 size-full\" src=\"https:\/\/www.topohvar.at\/wp-content\/uploads\/2018\/07\/push-o-30.jpg\" alt=\"\" width=\"61\" height=\"30\" \/><\/a> <a href=\"https:\/\/www.topohvar.at\/orte\/je\/je-po-00-1\/\"><img loading=\"lazy\" decoding=\"async\" class=\"alignnone wp-image-536 size-full\" src=\"https:\/\/www.topohvar.at\/wp-content\/uploads\/2018\/07\/push-r-30.jpg\" alt=\"\" width=\"61\" height=\"30\" \/><\/a><\/strong><\/p>\n<hr \/>\n<p><strong>Adresa \/ Adresse<br \/>\n<\/strong>Jelsa, Riva, vrti\u0107 (biv\u0161i \u0161kola) \/ Kindergarten (ehemalige Schule)<\/p>\n<p><strong>Lokacija \/ Position<a href=\"https:\/\/goo.gl\/maps\/LSr5moZrz8Zt6jYv5\"><img loading=\"lazy\" decoding=\"async\" class=\"alignright wp-image-9131\" src=\"https:\/\/www.topohvar.at\/wp-content\/uploads\/2018\/09\/0428.jpg\" alt=\"\" width=\"134\" height=\"100\" \/><\/a><br \/>\n<\/strong><span style=\"color: #3366ff;\"><a style=\"color: #3366ff;\" href=\"https:\/\/goo.gl\/maps\/LSr5moZrz8Zt6jYv5\">Latitude: N 43,16247\u00b0\u00a0 \u00a0Longitude: E 16,69263\u00b0<\/a> <\/span><strong><br \/>\n<\/strong>Visina \/ H\u00f6he: 1 m<\/p>\n<p><strong>Katastarska \u010destica <\/strong><strong>\/ Grundst\u00fccke<br \/>\n<\/strong>*585\/1<div class='content-column one_half'><div style=\"padding-right:6px;\"><p><strong>Datum snimanja \/ Erfassungsdatum<br \/>\n<\/strong>01.01.2000 00:00:00<\/p>\n<hr \/>\n<p><strong>Informacije<\/strong><\/p>\n<p>Villa rustica, Na lokalitetu se nalazila velika koncentracija keramike, opeke i gra\u0111evnog materijala. Lokalitet je uni\u0161tem ve\u0107im dijelom prilikom gradnje \u0161kole u Jelsi. Ju\u017eno od \u0161kole jo\u0161 se mo\u017ee na\u0107i povr\u0161inskih nalaza. Nikolanci (1958) bilje\u017ei nalaz mozaika. Na lokalitetu je prona\u0111en i natpis (CIL III 15096) kojeg se sada \u010duva uz crkvu Sv. Fabijana i Sebastijana. Vila je bila opskrbljivama vodovodom iz izvora Vir, a prona\u0111eni su djelovi tog vodovoda.<\/p><\/div><\/div><div class='content-column one_half last_column'><div style=\"padding-right:0px;padding-left:6px;\"><p><strong>Stupanj za\u0161tite<\/strong><strong> \/ Schutzstellung<br \/>\n<\/strong>&#8211;<\/p>\n<hr \/>\n<p><strong>Info<\/strong><\/p>\n<p>Villa rustica, Am Standort befand sich eine gro\u00dfe Konzentration von Keramik, Ziegeln und Baumaterialien. Der Standort wurde gr\u00f6\u00dftenteils w\u00e4hrend des Baus der Schule in Jelsa zerst\u00f6rt. S\u00fcdlich der Schule k\u00f6nnen noch Oberfl\u00e4chenfunde gefunden werden. Nikolanci (1958) verzeichnete den Fund eines Mosaiks. Am Standort wurde auch eine Inschrift (CIL III 15096) gefunden, die jetzt neben der Kirche Sv. Fabijan und Sebastijan aufbewahrt wird. Die Villa wurde durch eine Wasserleitung aus der Quelle Vir versorgt, und Teile dieser Wasserleitung wurden gefunden.<\/p><\/div><\/div><div class='clear_column'><\/div><\/p>\n<p style=\"text-align: center;\"><em>(Izvor\/Quelle: <span style=\"color: #3366ff;\"><a style=\"color: #3366ff;\" href=\"http:\/\/baza.iarh.hr\/public\/locality\/detail\/2239\">Anti\u010dka arheolo\u0161ka nalazi\u0161ta RH<\/a><\/span>)<\/em><\/p>\n<p style=\"text-align: right;\"><span style=\"color: #3366ff;\"><a style=\"color: #3366ff;\" href=\"#seite_oben\">natrag na vrh \/ Seitenanfang<\/a><\/span><\/p>\n<hr \/>\n<p><strong>Linkovi \/ Links<\/strong><\/p>\n<p><span style=\"color: #3366ff;\"><a style=\"color: #3366ff;\" href=\"https:\/\/www.topohvar.at\/topo\/orte\/je\/je-tg-12-1\/\">Zgrada javne \u00bbBiv\u0161i \u0161kola\u00ab \/ ehemalige Schule<\/a><\/span><\/p>\n","protected":false},"excerpt":{"rendered":"<p>Ime \/ Name Povijesni lokalitet \u00bbKutac\u00ab \/ Historische L0kalit\u00e4t \u00bbKutac\u00ab Code: JE-PO-06\u00a0 \u00a0 \u00a0 \u00a0 \u00a0 \u00a0 \u00a0 \u00a0 \u00a0 \u00a0 \u00a0 \u00a0 \u00a0 \u00a0 \u00a0 Adresa \/ Adresse Jelsa, Riva, vrti\u0107 (biv\u0161i \u0161kola) \/ Kindergarten (ehemalige Schule) Lokacija \/ &hellip; <a href=\"https:\/\/www.topohvar.at\/topo\/orte\/je\/je-po-06-1\/\">Weiterlesen <span class=\"meta-nav\">&rarr;<\/span><\/a><\/p>\n","protected":false},"author":1,"featured_media":0,"parent":85,"menu_order":0,"comment_status":"closed","ping_status":"closed","template":"","meta":{"footnotes":""},"class_list":["post-70824","page","type-page","status-publish","hentry"],"_links":{"self":[{"href":"https:\/\/www.topohvar.at\/topo\/wp-json\/wp\/v2\/pages\/70824","targetHints":{"allow":["GET"]}}],"collection":[{"href":"https:\/\/www.topohvar.at\/topo\/wp-json\/wp\/v2\/pages"}],"about":[{"href":"https:\/\/www.topohvar.at\/topo\/wp-json\/wp\/v2\/types\/page"}],"author":[{"embeddable":true,"href":"https:\/\/www.topohvar.at\/topo\/wp-json\/wp\/v2\/users\/1"}],"replies":[{"embeddable":true,"href":"https:\/\/www.topohvar.at\/topo\/wp-json\/wp\/v2\/comments?post=70824"}],"version-history":[{"count":7,"href":"https:\/\/www.topohvar.at\/topo\/wp-json\/wp\/v2\/pages\/70824\/revisions"}],"predecessor-version":[{"id":70834,"href":"https:\/\/www.topohvar.at\/topo\/wp-json\/wp\/v2\/pages\/70824\/revisions\/70834"}],"up":[{"embeddable":true,"href":"https:\/\/www.topohvar.at\/topo\/wp-json\/wp\/v2\/pages\/85"}],"wp:attachment":[{"href":"https:\/\/www.topohvar.at\/topo\/wp-json\/wp\/v2\/media?parent=70824"}],"curies":[{"name":"wp","href":"https:\/\/api.w.org\/{rel}","templated":true}]}}