{"id":71044,"date":"2025-01-28T17:38:56","date_gmt":"2025-01-28T16:38:56","guid":{"rendered":"https:\/\/www.topohvar.at\/topo\/?page_id=71044"},"modified":"2025-10-22T19:30:41","modified_gmt":"2025-10-22T17:30:41","slug":"archiv-2025-02","status":"publish","type":"page","link":"https:\/\/www.topohvar.at\/topo\/archiv\/archiv-2025-02\/","title":{"rendered":"Archiv-2025-02"},"content":{"rendered":"<p><a name=\"seite_oben\"><\/a><\/p>\n<hr \/>\n<p style=\"text-align: center;\">Arhiva pregleda\u00a0 \u00a0\u00a0 <strong><a href=\"https:\/\/www.topohvar.at\/topo\/archiv\/\"><img loading=\"lazy\" decoding=\"async\" class=\"alignnone wp-image-535 size-full\" src=\"https:\/\/www.topohvar.at\/wp-content\/uploads\/2018\/07\/push-o-30.jpg\" alt=\"\" width=\"61\" height=\"30\" \/><\/a>\u00a0 \u00a0 <\/strong>\u00dcbersicht Archiv<\/p>\n<hr \/>\n<p><div class='content-column one_half'><div style=\"padding-right:6px;\"><strong>U velja\u010di 2025. godine 8 objekta su uklju\u010deni ili dodani na web stranicu:<\/strong><\/p><\/div><\/div><div class='content-column one_half last_column'><div style=\"padding-right:0px;padding-left:6px;\"><p><strong>Im Fenbruar 2025 wurden 8 Objekte in die Website aufgenommen oder erg\u00e4nzt:<\/strong><\/p><\/div><\/div><div class='clear_column'><\/div><\/p>\n<hr \/>\n<h2><strong><span style=\"color: #ff0000;\">Crkve \/ Kirchen<\/span><\/strong><\/h2>\n<p><a href=\"https:\/\/www.topohvar.at\/orte\/su\/su-ca-03-1\/\"><img loading=\"lazy\" decoding=\"async\" class=\"alignleft wp-image-71063\" src=\"https:\/\/www.topohvar.at\/wp-content\/uploads\/2025\/02\/su-ca-03-11.jpg\" alt=\"\" width=\"114\" height=\"56\" \/><\/a><\/p>\n<p><strong>Samostan \u00bbBiv\u0161i Franjeva\u010dki samostan Sv. Kri\u017e\u00ab<br \/>\n<\/strong>SU-CA-03 \/ Su\u0107uraj<\/p>\n<hr \/>\n<h2><strong><span style=\"color: #ff0000;\">Natpisi\/ Inschriften<\/span><\/strong><\/h2>\n<p><strong><a href=\"https:\/\/www.topohvar.at\/orte\/su\/su-in-08-1\/\"><img loading=\"lazy\" decoding=\"async\" class=\"alignleft wp-image-71091\" src=\"https:\/\/www.topohvar.at\/wp-content\/uploads\/2025\/02\/su-in-08-1-300x110.jpg\" alt=\"\" width=\"114\" height=\"42\" srcset=\"https:\/\/www.topohvar.at\/wp-content\/uploads\/2025\/02\/su-in-08-1-300x110.jpg 300w, https:\/\/www.topohvar.at\/wp-content\/uploads\/2025\/02\/su-in-08-1-1024x375.jpg 1024w, https:\/\/www.topohvar.at\/wp-content\/uploads\/2025\/02\/su-in-08-1-768x282.jpg 768w, https:\/\/www.topohvar.at\/wp-content\/uploads\/2025\/02\/su-in-08-1.jpg 1080w\" sizes=\"auto, (max-width: 114px) 100vw, 114px\" \/><\/a>Natpis \u00bb1889\u00ab<br \/>\n<\/strong>SU-IN-08 \/ Su\u0107uraj, Trg Park<\/p>\n<hr \/>\n<h2><strong><span style=\"color: #ff0000;\">Objekti \/ Objekte<\/span><\/strong><\/h2>\n<p><strong><a href=\"https:\/\/www.topohvar.at\/topo\/orte\/bo\/bo-ob-04-1\/\"><img loading=\"lazy\" decoding=\"async\" class=\"alignleft wp-image-71126\" src=\"https:\/\/www.topohvar.at\/wp-content\/uploads\/2025\/02\/bo-ob-04-1-300x147.jpg\" alt=\"\" width=\"114\" height=\"56\" srcset=\"https:\/\/www.topohvar.at\/wp-content\/uploads\/2025\/02\/bo-ob-04-1-300x147.jpg 300w, https:\/\/www.topohvar.at\/wp-content\/uploads\/2025\/02\/bo-ob-04-1-1024x503.jpg 1024w, https:\/\/www.topohvar.at\/wp-content\/uploads\/2025\/02\/bo-ob-04-1-768x377.jpg 768w, https:\/\/www.topohvar.at\/wp-content\/uploads\/2025\/02\/bo-ob-04-1.jpg 1080w\" sizes=\"auto, (max-width: 114px) 100vw, 114px\" \/><\/a>Objekt \u00bbGumno 9\u00ab (mjesto za mlatiti)<br \/>\n<\/strong>BO-OB-04 \/ Bogomolje, Ra\u010devinja<\/p>\n<p><strong><a href=\"https:\/\/www.topohvar.at\/orte\/su\/su-ob-04-1\/\"><img loading=\"lazy\" decoding=\"async\" class=\"alignleft wp-image-71019\" src=\"https:\/\/www.topohvar.at\/wp-content\/uploads\/2025\/01\/su-ob-04-10-300x149.jpg\" sizes=\"auto, (max-width: 111px) 100vw, 111px\" srcset=\"https:\/\/www.topohvar.at\/wp-content\/uploads\/2025\/01\/su-ob-04-10-300x149.jpg 300w, https:\/\/www.topohvar.at\/wp-content\/uploads\/2025\/01\/su-ob-04-10-768x382.jpg 768w, https:\/\/www.topohvar.at\/wp-content\/uploads\/2025\/01\/su-ob-04-10.jpg 1018w\" alt=\"\" width=\"111\" height=\"55\" \/><\/a>Objekt \u00bbOstaci bunkera\u00ab<br \/>\n<\/strong>SU-OB-04 \/ Su\u0107uraj, na zapadnom kraju Su\u0107uranskog polja<\/p>\n<hr \/>\n<h2><strong><span style=\"color: #ff0000;\">Utvrde \/ Festungen<\/span><\/strong><\/h2>\n<p><a href=\"https:\/\/www.topohvar.at\/orte\/bo\/bo-td-01-2\/\"><img loading=\"lazy\" decoding=\"async\" class=\"alignleft wp-image-71050\" src=\"https:\/\/www.topohvar.at\/wp-content\/uploads\/2025\/02\/bo-td-01-1-300x147.jpg\" alt=\"\" width=\"114\" height=\"56\" srcset=\"https:\/\/www.topohvar.at\/wp-content\/uploads\/2025\/02\/bo-td-01-1-300x147.jpg 300w, https:\/\/www.topohvar.at\/wp-content\/uploads\/2025\/02\/bo-td-01-1-1024x503.jpg 1024w, https:\/\/www.topohvar.at\/wp-content\/uploads\/2025\/02\/bo-td-01-1-768x377.jpg 768w, https:\/\/www.topohvar.at\/wp-content\/uploads\/2025\/02\/bo-td-01-1.jpg 1080w\" sizes=\"auto, (max-width: 114px) 100vw, 114px\" \/><\/a><strong>Kula \u00bbTurnji\u0107 na Kuku\u00ab<\/strong><br \/>\nBO-TD-01 \/ zapadno od Ra\u010devinje<\/p>\n<hr \/>\n<h2><strong><span style=\"color: #ff0000;\">Gra\u0111evine \/ Geb\u00e4ude<\/span><\/strong><\/h2>\n<p><strong><a href=\"https:\/\/www.topohvar.at\/orte\/su\/su-tg-04-1\/\"><img loading=\"lazy\" decoding=\"async\" class=\"alignleft wp-image-71105\" src=\"https:\/\/www.topohvar.at\/wp-content\/uploads\/2025\/02\/su-tg-04-11-300x147.jpg\" alt=\"\" width=\"114\" height=\"56\" srcset=\"https:\/\/www.topohvar.at\/wp-content\/uploads\/2025\/02\/su-tg-04-11-300x147.jpg 300w, https:\/\/www.topohvar.at\/wp-content\/uploads\/2025\/02\/su-tg-04-11-1024x503.jpg 1024w, https:\/\/www.topohvar.at\/wp-content\/uploads\/2025\/02\/su-tg-04-11-768x377.jpg 768w, https:\/\/www.topohvar.at\/wp-content\/uploads\/2025\/02\/su-tg-04-11.jpg 1080w\" sizes=\"auto, (max-width: 114px) 100vw, 114px\" \/><\/a>Ku\u0107a \u00bbPalac\u00ab<br \/>\n<\/strong>SU-TG-04 \/ Su\u0107uraj, Riva<\/p>\n<p><strong><a href=\"https:\/\/www.topohvar.at\/orte\/su\/su-tg-08-1\/\"><img loading=\"lazy\" decoding=\"async\" class=\"alignleft wp-image-71029\" src=\"https:\/\/www.topohvar.at\/wp-content\/uploads\/2025\/01\/su-tg-08-1-300x147.jpg\" sizes=\"auto, (max-width: 114px) 100vw, 114px\" srcset=\"https:\/\/www.topohvar.at\/wp-content\/uploads\/2025\/01\/su-tg-08-1-300x147.jpg 300w, https:\/\/www.topohvar.at\/wp-content\/uploads\/2025\/01\/su-tg-08-1-1024x503.jpg 1024w, https:\/\/www.topohvar.at\/wp-content\/uploads\/2025\/01\/su-tg-08-1-768x377.jpg 768w, https:\/\/www.topohvar.at\/wp-content\/uploads\/2025\/01\/su-tg-08-1.jpg 1080w\" alt=\"\" width=\"114\" height=\"56\" \/><\/a>Ku\u0107a \u00bbMargeti\u0107\u00ab<br \/>\n<\/strong>SU-TG-08 \/ Gornja banda, Ulica Pijaca 19<\/p>\n<hr \/>\n<h2><strong><span style=\"color: #ff0000;\">Trimi \/ Trims<\/span><\/strong><\/h2>\n<p><strong><a href=\"https:\/\/www.topohvar.at\/orte\/vk\/vk-tr-11-1\/\"><img loading=\"lazy\" decoding=\"async\" class=\"alignleft wp-image-71141\" src=\"https:\/\/www.topohvar.at\/wp-content\/uploads\/2025\/02\/vk-tr-11-1-300x147.jpg\" alt=\"\" width=\"114\" height=\"56\" srcset=\"https:\/\/www.topohvar.at\/wp-content\/uploads\/2025\/02\/vk-tr-11-1-300x147.jpg 300w, https:\/\/www.topohvar.at\/wp-content\/uploads\/2025\/02\/vk-tr-11-1-1024x503.jpg 1024w, https:\/\/www.topohvar.at\/wp-content\/uploads\/2025\/02\/vk-tr-11-1-768x377.jpg 768w, https:\/\/www.topohvar.at\/wp-content\/uploads\/2025\/02\/vk-tr-11-1.jpg 1080w\" sizes=\"auto, (max-width: 114px) 100vw, 114px\" \/><\/a>Trim \u00bbVK-TR-11\u00ab <\/strong>(prona\u0111eno)<strong><br \/>\n<\/strong>VK-TR-11 \/ Vrisnik, jugoisto\u010dno od vrha \u201eGvozd\u201c<\/p>\n<hr \/>\n<p style=\"text-align: right;\"><span style=\"color: #3366ff;\"><a style=\"color: #3366ff;\" href=\"#seite_oben\">natrag na vrh \/ Seitenanfang<\/a><\/span><\/p>\n","protected":false},"excerpt":{"rendered":"<p>Arhiva pregleda\u00a0 \u00a0\u00a0 \u00a0 \u00a0 \u00dcbersicht Archiv Crkve \/ Kirchen Samostan \u00bbBiv\u0161i Franjeva\u010dki samostan Sv. Kri\u017e\u00ab SU-CA-03 \/ Su\u0107uraj Natpisi\/ Inschriften Natpis \u00bb1889\u00ab SU-IN-08 \/ Su\u0107uraj, Trg Park Objekti \/ Objekte Objekt \u00bbGumno 9\u00ab (mjesto za mlatiti) BO-OB-04 \/ Bogomolje, &hellip; <a href=\"https:\/\/www.topohvar.at\/topo\/archiv\/archiv-2025-02\/\">Weiterlesen <span class=\"meta-nav\">&rarr;<\/span><\/a><\/p>\n","protected":false},"author":1,"featured_media":0,"parent":46434,"menu_order":0,"comment_status":"closed","ping_status":"closed","template":"","meta":{"footnotes":""},"class_list":["post-71044","page","type-page","status-publish","hentry"],"_links":{"self":[{"href":"https:\/\/www.topohvar.at\/topo\/wp-json\/wp\/v2\/pages\/71044","targetHints":{"allow":["GET"]}}],"collection":[{"href":"https:\/\/www.topohvar.at\/topo\/wp-json\/wp\/v2\/pages"}],"about":[{"href":"https:\/\/www.topohvar.at\/topo\/wp-json\/wp\/v2\/types\/page"}],"author":[{"embeddable":true,"href":"https:\/\/www.topohvar.at\/topo\/wp-json\/wp\/v2\/users\/1"}],"replies":[{"embeddable":true,"href":"https:\/\/www.topohvar.at\/topo\/wp-json\/wp\/v2\/comments?post=71044"}],"version-history":[{"count":12,"href":"https:\/\/www.topohvar.at\/topo\/wp-json\/wp\/v2\/pages\/71044\/revisions"}],"predecessor-version":[{"id":72796,"href":"https:\/\/www.topohvar.at\/topo\/wp-json\/wp\/v2\/pages\/71044\/revisions\/72796"}],"up":[{"embeddable":true,"href":"https:\/\/www.topohvar.at\/topo\/wp-json\/wp\/v2\/pages\/46434"}],"wp:attachment":[{"href":"https:\/\/www.topohvar.at\/topo\/wp-json\/wp\/v2\/media?parent=71044"}],"curies":[{"name":"wp","href":"https:\/\/api.w.org\/{rel}","templated":true}]}}