{"id":71090,"date":"2025-02-10T18:12:42","date_gmt":"2025-02-10T17:12:42","guid":{"rendered":"https:\/\/www.topohvar.at\/topo\/?page_id=71090"},"modified":"2025-02-10T18:13:48","modified_gmt":"2025-02-10T17:13:48","slug":"su-in-08-1","status":"publish","type":"page","link":"https:\/\/www.topohvar.at\/topo\/orte\/su\/su-in-08-1\/","title":{"rendered":"SU\u0106URAJ &#8211; Natpis \/ Inschrift \u00bb1889\u00ab"},"content":{"rendered":"<p><a name=\"seite_oben\"><\/a><br \/>\n<strong><img loading=\"lazy\" decoding=\"async\" class=\"aligncenter wp-image-71091 size-full\" src=\"https:\/\/www.topohvar.at\/wp-content\/uploads\/2025\/02\/su-in-08-1.jpg\" alt=\"\" width=\"1080\" height=\"396\" srcset=\"https:\/\/www.topohvar.at\/wp-content\/uploads\/2025\/02\/su-in-08-1.jpg 1080w, https:\/\/www.topohvar.at\/wp-content\/uploads\/2025\/02\/su-in-08-1-300x110.jpg 300w, https:\/\/www.topohvar.at\/wp-content\/uploads\/2025\/02\/su-in-08-1-1024x375.jpg 1024w, https:\/\/www.topohvar.at\/wp-content\/uploads\/2025\/02\/su-in-08-1-768x282.jpg 768w\" sizes=\"auto, (max-width: 1080px) 100vw, 1080px\" \/><\/strong><\/p>\n<p><strong>Ime \/ Name<br \/>\n<\/strong>Natpis \/ Inschrift \u00bb1889\u00ab<\/p>\n<p><strong>Code: <\/strong>SU-IN-08\u00a0 \u00a0 \u00a0 \u00a0 \u00a0 \u00a0 \u00a0 \u00a0 \u00a0 \u00a0 \u00a0 \u00a0 \u00a0 \u00a0 \u00a0 \u00a0 \u00a0 \u00a0 \u00a0 \u00a0 \u00a0<strong><a href=\"https:\/\/www.topohvar.at\/orte\/su\/su-in-05-1\/\"><img loading=\"lazy\" decoding=\"async\" class=\"alignnone wp-image-533 size-full\" src=\"https:\/\/www.topohvar.at\/wp-content\/uploads\/2018\/07\/push-l-30.jpg\" alt=\"\" width=\"61\" height=\"30\" \/><\/a> <a href=\"https:\/\/www.topohvar.at\/orte\/su\/\"><img loading=\"lazy\" decoding=\"async\" class=\"alignnone wp-image-535 size-full\" src=\"https:\/\/www.topohvar.at\/wp-content\/uploads\/2018\/07\/push-o-30.jpg\" alt=\"\" width=\"61\" height=\"30\" \/><\/a>\u00a0<a href=\"https:\/\/www.topohvar.at\/orte\/su\/su-in-06-1\/\"><img loading=\"lazy\" decoding=\"async\" class=\"alignnone wp-image-536 size-full\" src=\"https:\/\/www.topohvar.at\/wp-content\/uploads\/2018\/07\/push-r-30.jpg\" alt=\"\" width=\"61\" height=\"30\" \/><\/a><\/strong><\/p>\n<hr \/>\n<p><strong>Adresa \/ Adresse<br \/>\n<\/strong>Su\u0107uraj, Trg Park<\/p>\n<p><strong>Lokacija \/ Position<a href=\"https:\/\/goo.gl\/maps\/umHQhfYxLuSYAK9M7\"><img loading=\"lazy\" decoding=\"async\" class=\"alignright wp-image-42511\" src=\"https:\/\/www.topohvar.at\/wp-content\/uploads\/2020\/10\/2912.jpg\" alt=\"\" width=\"134\" height=\"100\" \/><\/a><br \/>\n<\/strong><a href=\"https:\/\/goo.gl\/maps\/umHQhfYxLuSYAK9M7\"><span style=\"color: #3366ff;\">Latitude: N 43,12640\u00b0\u00a0 \u00a0Longitude: E 17,18600\u00b0 <\/span><\/a><strong><br \/>\n<\/strong>Visina \/ H\u00f6he:\u00a0 4 m<\/p>\n<p><strong>Katastarska \u010destica <\/strong><strong>\/ Grundst\u00fccke<br \/>\n<\/strong>*116\/1, *302, *334, 508\/2, 512\/28, 62\/2<div class='content-column one_half'><div style=\"padding-right:6px;\"><p><strong>Datum snimanja \/ Erfassungsdatum<br \/>\n<\/strong>05.05.2024 12:00:0<\/p>\n<hr \/>\n<p style=\"text-align: left;\"><strong>Informacije<\/strong><\/p>\n<p>Nekada je ovdje bila op\u0107inska zgrada uz koju je bila cisterna. Cisterna je sagra\u0111ena 1889. godine, \u0161to se vidi iz natpisa sa sjeverne strane dana\u0161njeg hotela \u201eLavanda\u201c.<\/p><\/div><\/div><div class='content-column one_half last_column'><div style=\"padding-right:0px;padding-left:6px;\"><p><strong>Stupanj za\u0161tite<\/strong><strong> \/ Schutzstellung<br \/>\n<\/strong>&#8211;<\/p>\n<hr \/>\n<p><strong>Info<\/strong><\/p>\n<p>Vor dem Hotel stand hier das Gemeindehaus und daneben ein Wasserbeh\u00e4lter. Erbaut wurde die Zisterne im Jahr 1889, wie aus der Inschrift hervorgeht, die an der Nordseite des heutigen Hotels \u201eLavanda\u201c zu sehen ist.<\/p><\/div><\/div><div class='clear_column'><\/div><\/p>\n<p style=\"text-align: center;\"><em>Izvor: \/ Quelle: Nik\u0161a Vujnovi\u0107 (Facebook)<\/em><\/p>\n<p style=\"text-align: right;\"><span style=\"color: #3366ff;\"><a style=\"color: #3366ff;\" href=\"#seite_oben\">natrag na vrh \/ Seitenanfang<\/a><\/span><\/p>\n<hr \/>\n<p><strong>Linkovi \/ Links<\/strong><\/p>\n<p><span style=\"color: #3366ff;\"><a style=\"color: #3366ff;\" href=\"https:\/\/www.topohvar.at\/topo\/orte\/su\/su-tg-06-1\/\">Gospodarska zgrada \u00bbHotel Trpimir (Perna, Lavanda)\u00ab<\/a><\/span><\/p>\n","protected":false},"excerpt":{"rendered":"<p>Ime \/ Name Natpis \/ Inschrift \u00bb1889\u00ab Code: SU-IN-08\u00a0 \u00a0 \u00a0 \u00a0 \u00a0 \u00a0 \u00a0 \u00a0 \u00a0 \u00a0 \u00a0 \u00a0 \u00a0 \u00a0 \u00a0 \u00a0 \u00a0 \u00a0 \u00a0 \u00a0 \u00a0 \u00a0 Adresa \/ Adresse Su\u0107uraj, Trg Park Lokacija \/ Position Latitude: &hellip; <a href=\"https:\/\/www.topohvar.at\/topo\/orte\/su\/su-in-08-1\/\">Weiterlesen <span class=\"meta-nav\">&rarr;<\/span><\/a><\/p>\n","protected":false},"author":1,"featured_media":0,"parent":103,"menu_order":0,"comment_status":"closed","ping_status":"closed","template":"","meta":{"footnotes":""},"class_list":["post-71090","page","type-page","status-publish","hentry"],"_links":{"self":[{"href":"https:\/\/www.topohvar.at\/topo\/wp-json\/wp\/v2\/pages\/71090","targetHints":{"allow":["GET"]}}],"collection":[{"href":"https:\/\/www.topohvar.at\/topo\/wp-json\/wp\/v2\/pages"}],"about":[{"href":"https:\/\/www.topohvar.at\/topo\/wp-json\/wp\/v2\/types\/page"}],"author":[{"embeddable":true,"href":"https:\/\/www.topohvar.at\/topo\/wp-json\/wp\/v2\/users\/1"}],"replies":[{"embeddable":true,"href":"https:\/\/www.topohvar.at\/topo\/wp-json\/wp\/v2\/comments?post=71090"}],"version-history":[{"count":3,"href":"https:\/\/www.topohvar.at\/topo\/wp-json\/wp\/v2\/pages\/71090\/revisions"}],"predecessor-version":[{"id":71094,"href":"https:\/\/www.topohvar.at\/topo\/wp-json\/wp\/v2\/pages\/71090\/revisions\/71094"}],"up":[{"embeddable":true,"href":"https:\/\/www.topohvar.at\/topo\/wp-json\/wp\/v2\/pages\/103"}],"wp:attachment":[{"href":"https:\/\/www.topohvar.at\/topo\/wp-json\/wp\/v2\/media?parent=71090"}],"curies":[{"name":"wp","href":"https:\/\/api.w.org\/{rel}","templated":true}]}}