{"id":71372,"date":"2025-04-07T17:05:38","date_gmt":"2025-04-07T15:05:38","guid":{"rendered":"https:\/\/www.topohvar.at\/topo\/?page_id=71372"},"modified":"2025-12-01T18:43:27","modified_gmt":"2025-12-01T17:43:27","slug":"br-tr-22-1","status":"publish","type":"page","link":"https:\/\/www.topohvar.at\/topo\/orte\/br\/br-tr-22-1\/","title":{"rendered":"BRUSJE &#8211; Trim \u00bbBR-TR-22\u00ab"},"content":{"rendered":"<p><a name=\"seite_oben\"><\/a><br \/>\n<img loading=\"lazy\" decoding=\"async\" class=\"aligncenter wp-image-72922 size-full\" src=\"https:\/\/www.topohvar.at\/wp-content\/uploads\/2025\/10\/br-tr-22-01.jpg\" alt=\"\" width=\"1080\" height=\"529\" srcset=\"https:\/\/www.topohvar.at\/wp-content\/uploads\/2025\/10\/br-tr-22-01.jpg 1080w, https:\/\/www.topohvar.at\/wp-content\/uploads\/2025\/10\/br-tr-22-01-300x147.jpg 300w, https:\/\/www.topohvar.at\/wp-content\/uploads\/2025\/10\/br-tr-22-01-1024x502.jpg 1024w, https:\/\/www.topohvar.at\/wp-content\/uploads\/2025\/10\/br-tr-22-01-768x376.jpg 768w\" sizes=\"auto, (max-width: 1080px) 100vw, 1080px\" \/><br \/>\n<strong>Ime \/ Name<br \/>\n<\/strong>Trim \u00bbBR-TR-22\u00ab<\/p>\n<p><strong>Code: <\/strong>BR-TR-22\u00a0 \u00a0 \u00a0 \u00a0 \u00a0 \u00a0 \u00a0 \u00a0 \u00a0 \u00a0 \u00a0 \u00a0 \u00a0 \u00a0 \u00a0 \u00a0 \u00a0 \u00a0 <strong><a href=\"https:\/\/www.topohvar.at\/orte\/br\/br-tr-00-1\/\"><img loading=\"lazy\" decoding=\"async\" class=\"alignnone wp-image-12300 size-full\" src=\"https:\/\/www.topohvar.at\/wp-content\/uploads\/2018\/09\/push-vor-30.jpg\" alt=\"\" width=\"61\" height=\"30\" \/><\/a> <a href=\"https:\/\/www.topohvar.at\/orte\/br\/br-tr-17-1\/\"><img loading=\"lazy\" decoding=\"async\" class=\"alignnone wp-image-533 size-full\" src=\"https:\/\/www.topohvar.at\/wp-content\/uploads\/2018\/07\/push-l-30.jpg\" alt=\"\" width=\"61\" height=\"30\" \/><\/a> <a href=\"https:\/\/www.topohvar.at\/orte\/br\/\"><img loading=\"lazy\" decoding=\"async\" class=\"alignnone wp-image-535 size-full\" src=\"https:\/\/www.topohvar.at\/wp-content\/uploads\/2018\/07\/push-o-30.jpg\" alt=\"\" width=\"61\" height=\"30\" \/><\/a> <a href=\"https:\/\/www.topohvar.at\/orte\/br\/br-tr-15-1\/\"><img loading=\"lazy\" decoding=\"async\" class=\"alignnone wp-image-536 size-full\" src=\"https:\/\/www.topohvar.at\/wp-content\/uploads\/2018\/07\/push-r-30.jpg\" alt=\"\" width=\"61\" height=\"30\" \/><\/a><\/strong><\/p>\n<hr \/>\n<p><strong>Adresa \/ Adresse<br \/>\n<\/strong>Brusje, jugoisto\u010dno od mjesta \/ s\u00fcd\u00f6stlich des Ortes<\/p>\n<p><strong>Lokacija \/ Position<a href=\"https:\/\/maps.app.goo.gl\/vbepPePbwAeziH6X6\"><img loading=\"lazy\" decoding=\"async\" class=\"alignright wp-image-71373\" src=\"https:\/\/www.topohvar.at\/wp-content\/uploads\/2025\/04\/4283.jpg\" alt=\"\" width=\"134\" height=\"100\" \/><\/a><br \/>\n<\/strong><a href=\"https:\/\/maps.app.goo.gl\/vbepPePbwAeziH6X6\"><span style=\"color: #3366ff;\">Latitude: N 43,18210\u00a0 \u00a0Longitude: E 16,52307\u00b0 <\/span><\/a><strong><br \/>\n<\/strong>Visina \/ H\u00f6he: 436 m<\/p>\n<p><strong>Katastarska \u010destica \/ Grundst\u00fccke<br \/>\n<\/strong>8009<div class='content-column one_half'><div style=\"padding-right:6px;\"><p><strong>Datum snimanja \/ Erfassungsdatum<br \/>\n<\/strong>06.04.2025 12:00:00<\/p>\n<hr \/>\n<p><strong>Informacije<\/strong><\/p>\n<p>Prekrasni trim prona\u0111en je na Google Maps. Nalazi se na grebenu, sjeverno od ceste koja vodi od Selca do Brusja. Stra\u017enja strana joj je ugra\u0111ena u kameni zid koji se prote\u017ee od istoka prema zapadu.<\/p><\/div><\/div><div class='content-column one_half last_column'><div style=\"padding-right:0px;padding-left:6px;\"><p><strong>Stupanj za\u0161tite \/ Schutzstellung<br \/>\n<\/strong>&#8211;<\/p>\n<hr \/>\n<p><strong>Info<\/strong><\/p>\n<p>Der sch\u00f6ne Trim wurde in Google Maps gefunden. Er befindet sich am Bergr\u00fccken, n\u00f6rdlich der Stra\u00dfe, die von Selca nach Brusje f\u00fchrt und steckt mit seiner R\u00fcckseite in einer Ost-West verlaufenden Steinmauer.<\/p><\/div><\/div><div class='clear_column'><\/div><div class='content-column one_half'><div style=\"padding-right:6px;\"><p>Veliki, jednostupanjski trim dobro su o\u010duvani unutar gustog raslinja. Otvor u zidu ostavljen je iznad masivnog dovratnika ulaza. Unutra\u0161njost se koristi za odlaganje sme\u0107a; ina\u010de trim se vi\u0161e ne koriste.<\/p><\/div><\/div><div class='content-column one_half last_column'><div style=\"padding-right:0px;padding-left:6px;\"><p>Der gro\u00dfe, einstufige Trim ist gut im dichten Strauchwerk erhalten. \u00dcber dem massiven T\u00fcrsturz des Eingangs wurde eine Wand\u00f6ffnung belassen. Im Innenraum ist M\u00fcll gelagert, ansonsten wird der Trim nicht mehr genutzt.<\/p><\/div><\/div><div class='clear_column'><\/div><div class='content-column one_half'><div style=\"padding-right:6px;\"><div id=\"attachment_73653\" style=\"width: 310px\" class=\"wp-caption aligncenter\"><img loading=\"lazy\" decoding=\"async\" aria-describedby=\"caption-attachment-73653\" class=\"size-medium wp-image-73653\" src=\"https:\/\/www.topohvar.at\/wp-content\/uploads\/2025\/11\/br-tr-22-20-300x300.jpg\" alt=\"\" width=\"300\" height=\"300\" srcset=\"https:\/\/www.topohvar.at\/wp-content\/uploads\/2025\/11\/br-tr-22-20-300x300.jpg 300w, https:\/\/www.topohvar.at\/wp-content\/uploads\/2025\/11\/br-tr-22-20-150x150.jpg 150w, https:\/\/www.topohvar.at\/wp-content\/uploads\/2025\/11\/br-tr-22-20.jpg 450w\" sizes=\"auto, (max-width: 300px) 100vw, 300px\" \/><p id=\"caption-attachment-73653\" class=\"wp-caption-text\">Ulaz \/ Eingang<\/p><\/div>\n<p>Dana 24.10.2025 trim BR-TR-22 je posje\u0107en i ustanovljeno je sljede\u0107e:<\/p>\n<p>Lokacija: grmlje<br \/>\nPodloga: ravna<br \/>\nPovezan s: kamenim zidom<br \/>\nUpotreba: ne koristi se<br \/>\nStanje: vrlo dobro uzdr\u017eati<br \/>\nBroj stepenica trima: 1<br \/>\nDodatni kameni prsten: nema prstena<br \/>\nStepeni\u0161te: nema<br \/>\nOblik kamena: uglast<br \/>\nPodru\u010dje ispred ulaza: lako dostupno<br \/>\nOrijentacija ulaza: S (350\u00b0)<br \/>\nPromjer trima (cm): 460<br \/>\nVisina trima (cm): 300<br \/>\nVisina stepenica (cm): stepenica 1: 240<br \/>\nDebljina zida (cm): 90<br \/>\n\u0160irina vrata (cm): 90<br \/>\nVisina vrata (cm): 95<br \/>\n\u0160irina unutra (cm): 260 &#8211; 280<br \/>\nVisina unutra (cm): 240<br \/>\nVolumen iznutra (m3): 8,2<br \/>\nNema ni\u0161e<\/p><\/div><\/div><div class='content-column one_half last_column'><div style=\"padding-right:0px;padding-left:6px;\"><div id=\"attachment_73654\" style=\"width: 310px\" class=\"wp-caption aligncenter\"><img loading=\"lazy\" decoding=\"async\" aria-describedby=\"caption-attachment-73654\" class=\"wp-image-73654 size-medium\" src=\"https:\/\/www.topohvar.at\/wp-content\/uploads\/2025\/11\/br-tr-22-21-300x300.jpg\" alt=\"\" width=\"300\" height=\"300\" srcset=\"https:\/\/www.topohvar.at\/wp-content\/uploads\/2025\/11\/br-tr-22-21-300x300.jpg 300w, https:\/\/www.topohvar.at\/wp-content\/uploads\/2025\/11\/br-tr-22-21-150x150.jpg 150w, https:\/\/www.topohvar.at\/wp-content\/uploads\/2025\/11\/br-tr-22-21.jpg 450w\" sizes=\"auto, (max-width: 300px) 100vw, 300px\" \/><p id=\"caption-attachment-73654\" class=\"wp-caption-text\">Desna strana trima \/ rechte Seite des Trims<\/p><\/div>\n<p>Am 24.10.2025 wurde der Trim BR-TR-22 besucht und n\u00e4her untersucht:<\/p>\n<p>Standort: Buschwerk<br \/>\nUntergrund: eben<br \/>\nVerbunden mit: Steinmauer<br \/>\nNutzung: ungenutzt<br \/>\nZustand: sehr gut erhalten<br \/>\nAnzahl der Trimstufen: 1<br \/>\nZus\u00e4tzlicher Steinring: kein Steinring<br \/>\nStiege: keine<br \/>\nSteinform: kantig<br \/>\nEingangsbereich: frei<br \/>\nEingangsseite: N (350\u00b0)<br \/>\nTrimdurchmesser (cm): 460<br \/>\nTrimh\u00f6he (cm): 300<br \/>\nH\u00f6he der Trimstufen (cm): Stufe 1: 240<br \/>\nWandst\u00e4rke (cm): 90<br \/>\nT\u00fcrbreite (cm): 90<br \/>\nT\u00fcrh\u00f6he (cm): 95<br \/>\nInnenraumbreite (cm): 260 &#8211; 280<br \/>\nInnenraumh\u00f6he (cm): 240<br \/>\nRaumvolumen (m3): 8,2<br \/>\nKeine Nische<\/p><\/div><\/div><div class='clear_column'><\/div><\/p>\n<p><img loading=\"lazy\" decoding=\"async\" class=\"alignleft size-full wp-image-73467\" src=\"https:\/\/www.topohvar.at\/wp-content\/uploads\/2025\/11\/br-tr-22-scan.jpg\" alt=\"\" width=\"900\" height=\"1319\" srcset=\"https:\/\/www.topohvar.at\/wp-content\/uploads\/2025\/11\/br-tr-22-scan.jpg 900w, https:\/\/www.topohvar.at\/wp-content\/uploads\/2025\/11\/br-tr-22-scan-205x300.jpg 205w, https:\/\/www.topohvar.at\/wp-content\/uploads\/2025\/11\/br-tr-22-scan-699x1024.jpg 699w, https:\/\/www.topohvar.at\/wp-content\/uploads\/2025\/11\/br-tr-22-scan-768x1126.jpg 768w\" sizes=\"auto, (max-width: 900px) 100vw, 900px\" \/><\/p>\n<p style=\"text-align: right;\"><a href=\"#seite_oben\">natrag na vrh \/ Seitenanfang<\/a><\/p>\n<hr \/>\n<p><strong>Linkovi \/ Links<\/strong><\/p>\n<p>&#8211;<\/p>\n","protected":false},"excerpt":{"rendered":"<p>Ime \/ Name Trim \u00bbBR-TR-22\u00ab Code: BR-TR-22\u00a0 \u00a0 \u00a0 \u00a0 \u00a0 \u00a0 \u00a0 \u00a0 \u00a0 \u00a0 \u00a0 \u00a0 \u00a0 \u00a0 \u00a0 \u00a0 \u00a0 \u00a0 Adresa \/ Adresse Brusje, jugoisto\u010dno od mjesta \/ s\u00fcd\u00f6stlich des Ortes Lokacija \/ Position Latitude: N &hellip; <a href=\"https:\/\/www.topohvar.at\/topo\/orte\/br\/br-tr-22-1\/\">Weiterlesen <span class=\"meta-nav\">&rarr;<\/span><\/a><\/p>\n","protected":false},"author":1,"featured_media":0,"parent":65,"menu_order":0,"comment_status":"closed","ping_status":"closed","template":"","meta":{"footnotes":""},"class_list":["post-71372","page","type-page","status-publish","hentry"],"_links":{"self":[{"href":"https:\/\/www.topohvar.at\/topo\/wp-json\/wp\/v2\/pages\/71372","targetHints":{"allow":["GET"]}}],"collection":[{"href":"https:\/\/www.topohvar.at\/topo\/wp-json\/wp\/v2\/pages"}],"about":[{"href":"https:\/\/www.topohvar.at\/topo\/wp-json\/wp\/v2\/types\/page"}],"author":[{"embeddable":true,"href":"https:\/\/www.topohvar.at\/topo\/wp-json\/wp\/v2\/users\/1"}],"replies":[{"embeddable":true,"href":"https:\/\/www.topohvar.at\/topo\/wp-json\/wp\/v2\/comments?post=71372"}],"version-history":[{"count":9,"href":"https:\/\/www.topohvar.at\/topo\/wp-json\/wp\/v2\/pages\/71372\/revisions"}],"predecessor-version":[{"id":73747,"href":"https:\/\/www.topohvar.at\/topo\/wp-json\/wp\/v2\/pages\/71372\/revisions\/73747"}],"up":[{"embeddable":true,"href":"https:\/\/www.topohvar.at\/topo\/wp-json\/wp\/v2\/pages\/65"}],"wp:attachment":[{"href":"https:\/\/www.topohvar.at\/topo\/wp-json\/wp\/v2\/media?parent=71372"}],"curies":[{"name":"wp","href":"https:\/\/api.w.org\/{rel}","templated":true}]}}