{"id":71482,"date":"2025-04-14T14:47:00","date_gmt":"2025-04-14T12:47:00","guid":{"rendered":"https:\/\/www.topohvar.at\/topo\/?page_id=71482"},"modified":"2025-04-14T14:51:38","modified_gmt":"2025-04-14T12:51:38","slug":"hv-ob-21-1","status":"publish","type":"page","link":"https:\/\/www.topohvar.at\/topo\/orte\/hv\/hv-ob-21-1\/","title":{"rendered":"HVAR &#8211; Objekt \u00bbReplike mleta\u010dkih topova\u00ab"},"content":{"rendered":"<p><a name=\"seite_oben\"><\/a><br \/>\n<img loading=\"lazy\" decoding=\"async\" class=\"aligncenter wp-image-71483 size-full\" src=\"https:\/\/www.topohvar.at\/wp-content\/uploads\/2025\/04\/hv-ob-21-1.jpg\" alt=\"\" width=\"960\" height=\"475\" srcset=\"https:\/\/www.topohvar.at\/wp-content\/uploads\/2025\/04\/hv-ob-21-1.jpg 960w, https:\/\/www.topohvar.at\/wp-content\/uploads\/2025\/04\/hv-ob-21-1-300x148.jpg 300w, https:\/\/www.topohvar.at\/wp-content\/uploads\/2025\/04\/hv-ob-21-1-768x380.jpg 768w\" sizes=\"auto, (max-width: 960px) 100vw, 960px\" \/><\/p>\n<p><strong>Ime \/ Name<br \/>\n<\/strong>Objekt \u00bbReplike mleta\u010dkih topova\u00ab \/ Nachbildungen venezianischer Kanonen<\/p>\n<p><strong>Code: <\/strong>HV-OB-21\u00a0 \u00a0 \u00a0 \u00a0 \u00a0 \u00a0 \u00a0 \u00a0 \u00a0 \u00a0 \u00a0 \u00a0 \u00a0 \u00a0 \u00a0 \u00a0<a href=\"https:\/\/www.topohvar.at\/hv-og-01-1\/\"><img loading=\"lazy\" decoding=\"async\" class=\"alignnone wp-image-12300 size-full\" src=\"https:\/\/www.topohvar.at\/wp-content\/uploads\/2018\/09\/push-vor-30.jpg\" alt=\"\" width=\"61\" height=\"30\" \/><\/a>\u00a0<strong><a href=\"https:\/\/www.topohvar.at\/orte\/hv\/hv-ob-17-1\/\"><img loading=\"lazy\" decoding=\"async\" class=\"alignnone wp-image-533 size-full\" src=\"https:\/\/www.topohvar.at\/wp-content\/uploads\/2018\/07\/push-l-30.jpg\" alt=\"\" width=\"61\" height=\"30\" \/><\/a> <a href=\"https:\/\/www.topohvar.at\/orte\/hv\/\"><img loading=\"lazy\" decoding=\"async\" class=\"alignnone wp-image-535 size-full\" src=\"https:\/\/www.topohvar.at\/wp-content\/uploads\/2018\/07\/push-o-30.jpg\" alt=\"\" width=\"61\" height=\"30\" \/><\/a> <a href=\"https:\/\/www.topohvar.at\/orte\/hv\/hv-ob-03-1\/\"><img loading=\"lazy\" decoding=\"async\" class=\"alignnone wp-image-536 size-full\" src=\"https:\/\/www.topohvar.at\/wp-content\/uploads\/2018\/07\/push-r-30.jpg\" alt=\"\" width=\"61\" height=\"30\" \/><\/a> <a href=\"https:\/\/www.topohvar.at\/hv-os-04-1\/\"><img loading=\"lazy\" decoding=\"async\" class=\"alignnone wp-image-12299 size-full\" src=\"https:\/\/www.topohvar.at\/wp-content\/uploads\/2018\/09\/push-next-30.jpg\" alt=\"\" width=\"61\" height=\"30\" \/><\/a><\/strong><strong>\u00a0<\/strong><\/p>\n<hr \/>\n<p><strong>Adresa \/ Adresse<br \/>\n<\/strong>Grad Hvar, Ulica Sveti Marak, ispred Hotela Pala\u010de<\/p>\n<p><strong>Lokacija<\/strong><strong> \/ Position<a href=\"https:\/\/maps.app.goo.gl\/Pb9XrofrbxZ29MtEA\"><img loading=\"lazy\" decoding=\"async\" class=\"alignright wp-image-61858\" src=\"https:\/\/www.topohvar.at\/wp-content\/uploads\/2022\/11\/3781.jpg\" alt=\"\" width=\"134\" height=\"100\" \/><\/a><br \/>\n<\/strong><a href=\"https:\/\/maps.app.goo.gl\/Pb9XrofrbxZ29MtEA\"><span style=\"color: #3366ff;\">Latitude: N 43,17278\u00b0\u00a0 \u00a0Longitude: E 16,44130\u00b0 <\/span><\/a><strong><br \/>\n<\/strong>Visina \/ H\u00f6he: 4 m<\/p>\n<p><strong>Katastarska \u010destica<\/strong><strong> \/ Grundst\u00fccke<br \/>\n<\/strong>224<div class='content-column one_half'><div style=\"padding-right:6px;\"><p><strong>Datum snimanja \/ Erfassungsdatum<br \/>\n<\/strong>21.06.2020 12:00:00<\/p>\n<hr \/>\n<p><strong>Informacije<\/strong><\/p>\n<p>Postavljene replike mleta\u010dkih topova s kraja 15. i po\u010detka 16. stolje\u0107a u Donjoj kuli kne\u017eeve pala\u010de u Hvaru. Vrsta topa je odabrana uz pomo\u0107 arheolo\u0161kih nalaza koji su prona\u0111eni u Donjoj kuli tijekom arheolo\u0161kih istra\u017eivanja 2018. godine i povijesnim podacima i analogijama iz vremena gradnje Donje kule. Replike je izradila tvrtka Kvantum d.o.o.<\/p><\/div><\/div><div class='content-column one_half last_column'><div style=\"padding-right:0px;padding-left:6px;\"><p><strong>Stupanj za\u0161tite<\/strong><strong> \/ Schutzstellung<br \/>\n<\/strong>&#8211;<\/p>\n<hr \/>\n<p><strong>Info<\/strong><\/p>\n<p>Die Nachbildungen venezianischer Kanonen vom Ende des 15. und Anfang des 16. Jahrhunderts wurden im Unteren Turm des F\u00fcrstenpalastes in Hvar aufgestellt. Der Kanonentyp wurde anhand von arch\u00e4ologischen Funden, die bei arch\u00e4ologischen Ausgrabungen im Jahr 2018 im Unteren Turm gefunden wurden, und historischen Daten und Analogien aus der Zeit des Baus des Unteren Turms ausgew\u00e4hlt. Die Repliken wurden von Kvantum d.o.o. gefertigt.<\/p><\/div><\/div><div class='clear_column'><\/div><\/p>\n<hr \/>\n<div class='content-column one_half'><div style=\"padding-right:6px;\"><p>Ispred hotela, u blizini topova, nalazi se mo\u0107na kamena greda s natpisom.<\/p><\/div><\/div><div class='content-column one_half last_column'><div style=\"padding-right:0px;padding-left:6px;\"><p>Vor dem Hotel, in der N\u00e4he der Kanonen findet sich ein m\u00e4chtiger Steinbalken mit Inschrift.<\/p><\/div><\/div><div class='clear_column'><\/div><\/p>\n<p style=\"text-align: right;\"><span style=\"color: #3366ff;\"><a style=\"color: #3366ff;\" href=\"#seite_oben\">natrag na vrh \/ Seitenanfang<\/a><\/span><\/p>\n<hr \/>\n<p>&nbsp;<\/p>\n<p><strong>Linkovi \/ Links<\/strong><\/p>\n<p><span style=\"color: #3366ff;\"><a style=\"color: #3366ff;\" href=\"https:\/\/www.topohvar.at\/orte\/hv\/hv-tg-10-1\/\">Zgrada \u00bbBiv\u0161i Kne\u017eev dvor (danas hotel Pala\u010da)\u00ab Geb\u00e4ude &#8211; ehemaliger Rektorenpalast (Palasthotel)<\/a><br \/>\n<a style=\"color: #3366ff;\" href=\"https:\/\/www.topohvar.at\/topo\/orte\/hv\/hv-in-19-1\/\">Natpis \u00bbPrag ispred hotela Pala\u010de\u00ab \/ Schwelle vor dem Hotel Pala\u010da<\/a><br \/>\n<\/span><\/p>\n","protected":false},"excerpt":{"rendered":"<p>Ime \/ Name Objekt \u00bbReplike mleta\u010dkih topova\u00ab \/ Nachbildungen venezianischer Kanonen Code: HV-OB-21\u00a0 \u00a0 \u00a0 \u00a0 \u00a0 \u00a0 \u00a0 \u00a0 \u00a0 \u00a0 \u00a0 \u00a0 \u00a0 \u00a0 \u00a0 \u00a0\u00a0 \u00a0 Adresa \/ Adresse Grad Hvar, Ulica Sveti Marak, ispred Hotela Pala\u010de &hellip; <a href=\"https:\/\/www.topohvar.at\/topo\/orte\/hv\/hv-ob-21-1\/\">Weiterlesen <span class=\"meta-nav\">&rarr;<\/span><\/a><\/p>\n","protected":false},"author":1,"featured_media":0,"parent":80,"menu_order":0,"comment_status":"closed","ping_status":"closed","template":"","meta":{"footnotes":""},"class_list":["post-71482","page","type-page","status-publish","hentry"],"_links":{"self":[{"href":"https:\/\/www.topohvar.at\/topo\/wp-json\/wp\/v2\/pages\/71482","targetHints":{"allow":["GET"]}}],"collection":[{"href":"https:\/\/www.topohvar.at\/topo\/wp-json\/wp\/v2\/pages"}],"about":[{"href":"https:\/\/www.topohvar.at\/topo\/wp-json\/wp\/v2\/types\/page"}],"author":[{"embeddable":true,"href":"https:\/\/www.topohvar.at\/topo\/wp-json\/wp\/v2\/users\/1"}],"replies":[{"embeddable":true,"href":"https:\/\/www.topohvar.at\/topo\/wp-json\/wp\/v2\/comments?post=71482"}],"version-history":[{"count":4,"href":"https:\/\/www.topohvar.at\/topo\/wp-json\/wp\/v2\/pages\/71482\/revisions"}],"predecessor-version":[{"id":71487,"href":"https:\/\/www.topohvar.at\/topo\/wp-json\/wp\/v2\/pages\/71482\/revisions\/71487"}],"up":[{"embeddable":true,"href":"https:\/\/www.topohvar.at\/topo\/wp-json\/wp\/v2\/pages\/80"}],"wp:attachment":[{"href":"https:\/\/www.topohvar.at\/topo\/wp-json\/wp\/v2\/media?parent=71482"}],"curies":[{"name":"wp","href":"https:\/\/api.w.org\/{rel}","templated":true}]}}