{"id":71516,"date":"2025-04-16T08:38:35","date_gmt":"2025-04-16T06:38:35","guid":{"rendered":"https:\/\/www.topohvar.at\/topo\/?page_id=71516"},"modified":"2026-05-03T10:48:46","modified_gmt":"2026-05-03T08:48:46","slug":"sg-po-25-1","status":"publish","type":"page","link":"https:\/\/www.topohvar.at\/topo\/orte\/sg\/sg-po-25-1\/","title":{"rendered":"STARI GRAD &#8211; Anti\u010dko nazali\u0161te \u00bbVilla rustica &#8211; Mirak\u00ab"},"content":{"rendered":"<p><a name=\"seite_oben\"><\/a><br \/>\n<strong><img loading=\"lazy\" decoding=\"async\" class=\"aligncenter wp-image-74876 size-full\" src=\"https:\/\/www.topohvar.at\/wp-content\/uploads\/2026\/05\/sg-po-25-011.jpg\" alt=\"\" width=\"1080\" height=\"530\" srcset=\"https:\/\/www.topohvar.at\/wp-content\/uploads\/2026\/05\/sg-po-25-011.jpg 1080w, https:\/\/www.topohvar.at\/wp-content\/uploads\/2026\/05\/sg-po-25-011-300x147.jpg 300w, https:\/\/www.topohvar.at\/wp-content\/uploads\/2026\/05\/sg-po-25-011-1024x503.jpg 1024w, https:\/\/www.topohvar.at\/wp-content\/uploads\/2026\/05\/sg-po-25-011-768x377.jpg 768w\" sizes=\"auto, (max-width: 1080px) 100vw, 1080px\" \/><\/strong><\/p>\n<p><strong>Ime \/ Name<br \/>\n<\/strong>Anti\u010dko nazali\u0161te \u00bbVila rustika &#8211; Mirak\u00ab \/ Antike Fundstelle, r\u00f6mische Villa Rustica Mirak<\/p>\n<p><strong>Code: <\/strong>SG-PO-25\u00a0 \u00a0 \u00a0 \u00a0 \u00a0 \u00a0 \u00a0 \u00a0<strong>\u00a0 \u00a0 \u00a0 \u00a0 \u00a0 \u00a0 \u00a0 \u00a0 \u00a0 \u00a0 \u00a0 \u00a0 \u00a0 <a href=\"https:\/\/www.topohvar.at\/orte\/sg\/sg-po-08-2\/\"><img loading=\"lazy\" decoding=\"async\" class=\"alignnone wp-image-533 size-full\" src=\"https:\/\/www.topohvar.at\/wp-content\/uploads\/2018\/07\/push-l-30.jpg\" alt=\"\" width=\"61\" height=\"30\" \/><\/a>\u00a0<a href=\"https:\/\/www.topohvar.at\/orte\/sg\/\"><img loading=\"lazy\" decoding=\"async\" class=\"alignnone wp-image-535 size-full\" src=\"https:\/\/www.topohvar.at\/wp-content\/uploads\/2018\/07\/push-o-30.jpg\" alt=\"\" width=\"61\" height=\"30\" \/><\/a>\u00a0<a href=\"https:\/\/www.topohvar.at\/orte\/sg\/sg-po-10-2\/\"><img loading=\"lazy\" decoding=\"async\" class=\"alignnone wp-image-536 size-full\" src=\"https:\/\/www.topohvar.at\/wp-content\/uploads\/2018\/07\/push-r-30.jpg\" alt=\"\" width=\"61\" height=\"30\" \/><\/a><\/strong><\/p>\n<hr \/>\n<p><strong>Adresa \/ Adresse<br \/>\n<\/strong>Stari Grad, Polje, Mirak<\/p>\n<p><strong>Lokalna polo\u017eaj \/ Position<a href=\"https:\/\/maps.app.goo.gl\/J8aqM6YaMacPtsVg7\"><img loading=\"lazy\" decoding=\"async\" class=\"alignright wp-image-71539\" src=\"https:\/\/www.topohvar.at\/wp-content\/uploads\/2025\/04\/4287.jpg\" alt=\"\" width=\"134\" height=\"100\" \/><\/a><br \/>\n<\/strong><span style=\"color: #3366ff;\"><a style=\"color: #3366ff;\" href=\"https:\/\/maps.app.goo.gl\/J8aqM6YaMacPtsVg7\">Latitude: N 43,18533\u00b0\u00a0 \u00a0 Longitude: E 16,63046\u00b0<\/a>\u00a0<\/span><strong><br \/>\n<\/strong>Visina \/ H\u00f6he: 18 m<\/p>\n<p><strong>Zemlji\u0161te \/ Grundst\u00fccke<br \/>\n<\/strong>5315, 5316\/2, 5317, 5318<div class='content-column one_half'><div style=\"padding-right:6px;\"><p><strong>Datum snimanja \/ Erfassungsdatum<br \/>\n<\/strong>30.12.2019 12:00:00<\/p>\n<hr \/>\n<p><strong>Informacije<\/strong><\/p>\n<p>U sklopu programa &#8222;Arheolo\u0161ko istra\u017eivanje anti\u010dkih vila u Starogradskom polju&#8220; pod vodstvom JU Agencije za upravljanje Starogradskim poljem i financiranog od strane Ministarstva kulture i medija RH za ovu godinu je zavr\u0161eno arheolo\u0161ko istra\u017eivanje lokaliteta Mirak i Podhum.<\/p><\/div><\/div><div class='content-column one_half last_column'><div style=\"padding-right:0px;padding-left:6px;\"><p><strong>Za\u0161titni polo\u017eaj \/ Schutzstellung<br \/>\n<\/strong>&#8211;<\/p>\n<hr \/>\n<p><strong>Info<\/strong><\/p>\n<p>Im Rahmen des Programms \u201eArch\u00e4ologische Untersuchung antiker Villen im Starogradsko Polje\u201c, geleitet von der Agentur f\u00fcr das Management des Starogradsko Polje und finanziert durch das Ministerium f\u00fcr Kultur und Medien der Republik Kroatien, wurden die arch\u00e4ologischen Forschungen der Fundorte Mirak und Podhum f\u00fcr dieses Jahr abgeschlossen.<\/p><\/div><\/div><div class='clear_column'><\/div><div class='content-column one_half'><div style=\"padding-right:6px;\"><p>Na lokalitetu Mirak nastavljeno je \u0161irenje sonde iz prethodnih kampanja. Sonda je pratila temelje mozai\u010dkog poda koji je dokumentiran u cijelosti te je otkrivena anti\u010dka cisterna. Vrlo zanimljivi nalazi koji \u0107e opravdati daljnja istra\u017eivanja na ovom lokalitetu.<\/p><\/div><\/div><div class='content-column one_half last_column'><div style=\"padding-right:0px;padding-left:6px;\"><p>Am Fundort Mirak wurde die Ausweitung der Sondierung aus fr\u00fcheren Kampagnen fortgesetzt. Die Sonde folgte den Fundamenten eines Mosaikbodens, der vollst\u00e4ndig dokumentiert wurde, und eine antike Zisterne wurde entdeckt. Sehr interessante Funde, die weitere Untersuchungen an diesem Standort rechtfertigen werden.-<\/p><\/div><\/div><div class='clear_column'><\/div><\/p>\n<p><img loading=\"lazy\" decoding=\"async\" class=\"aligncenter wp-image-74877 size-full\" src=\"https:\/\/www.topohvar.at\/wp-content\/uploads\/2026\/05\/sg-po-25-012.jpg\" alt=\"\" width=\"1080\" height=\"530\" srcset=\"https:\/\/www.topohvar.at\/wp-content\/uploads\/2026\/05\/sg-po-25-012.jpg 1080w, https:\/\/www.topohvar.at\/wp-content\/uploads\/2026\/05\/sg-po-25-012-300x147.jpg 300w, https:\/\/www.topohvar.at\/wp-content\/uploads\/2026\/05\/sg-po-25-012-1024x503.jpg 1024w, https:\/\/www.topohvar.at\/wp-content\/uploads\/2026\/05\/sg-po-25-012-768x377.jpg 768w\" sizes=\"auto, (max-width: 1080px) 100vw, 1080px\" \/><\/p>\n<p style=\"text-align: center;\"><em>Izvor\/Quelle: Kantharos d.o.o.<br \/>\nJavna ustanova Agencija za upravljanje Starogradskim poljem<\/em><\/p>\n<p style=\"text-align: right;\"><a href=\"#seite_oben\">natrag na vrh \/ Seitenanfang<\/a><\/p>\n<hr \/>\n<p><strong>Linkovi \/ Links<\/strong><\/p>\n<p><span style=\"color: #3366ff;\"><a style=\"color: #3366ff;\" href=\"https:\/\/www.topohvar.at\/topo\/orte\/sg\/sg-ip-26-1\/\">Informativna plo\u010da \u00bbVila rustica Mirak\u00ab \/ Infotafel\u00a0 \u2013 Villa rustica Mirak<\/a><\/span><\/p>\n","protected":false},"excerpt":{"rendered":"<p>Ime \/ Name Anti\u010dko nazali\u0161te \u00bbVila rustika &#8211; Mirak\u00ab \/ Antike Fundstelle, r\u00f6mische Villa Rustica Mirak Code: SG-PO-25\u00a0 \u00a0 \u00a0 \u00a0 \u00a0 \u00a0 \u00a0 \u00a0\u00a0 \u00a0 \u00a0 \u00a0 \u00a0 \u00a0 \u00a0 \u00a0 \u00a0 \u00a0 \u00a0 \u00a0 \u00a0 \u00a0\u00a0 Adresa \/ &hellip; <a href=\"https:\/\/www.topohvar.at\/topo\/orte\/sg\/sg-po-25-1\/\">Weiterlesen <span class=\"meta-nav\">&rarr;<\/span><\/a><\/p>\n","protected":false},"author":1,"featured_media":0,"parent":99,"menu_order":0,"comment_status":"closed","ping_status":"closed","template":"","meta":{"footnotes":""},"class_list":["post-71516","page","type-page","status-publish","hentry"],"_links":{"self":[{"href":"https:\/\/www.topohvar.at\/topo\/wp-json\/wp\/v2\/pages\/71516","targetHints":{"allow":["GET"]}}],"collection":[{"href":"https:\/\/www.topohvar.at\/topo\/wp-json\/wp\/v2\/pages"}],"about":[{"href":"https:\/\/www.topohvar.at\/topo\/wp-json\/wp\/v2\/types\/page"}],"author":[{"embeddable":true,"href":"https:\/\/www.topohvar.at\/topo\/wp-json\/wp\/v2\/users\/1"}],"replies":[{"embeddable":true,"href":"https:\/\/www.topohvar.at\/topo\/wp-json\/wp\/v2\/comments?post=71516"}],"version-history":[{"count":16,"href":"https:\/\/www.topohvar.at\/topo\/wp-json\/wp\/v2\/pages\/71516\/revisions"}],"predecessor-version":[{"id":74878,"href":"https:\/\/www.topohvar.at\/topo\/wp-json\/wp\/v2\/pages\/71516\/revisions\/74878"}],"up":[{"embeddable":true,"href":"https:\/\/www.topohvar.at\/topo\/wp-json\/wp\/v2\/pages\/99"}],"wp:attachment":[{"href":"https:\/\/www.topohvar.at\/topo\/wp-json\/wp\/v2\/media?parent=71516"}],"curies":[{"name":"wp","href":"https:\/\/api.w.org\/{rel}","templated":true}]}}