{"id":71543,"date":"2025-04-16T17:11:10","date_gmt":"2025-04-16T15:11:10","guid":{"rendered":"https:\/\/www.topohvar.at\/topo\/?page_id=71543"},"modified":"2025-04-16T18:16:14","modified_gmt":"2025-04-16T16:16:14","slug":"va-po-04-1","status":"publish","type":"page","link":"https:\/\/www.topohvar.at\/topo\/orte\/va\/va-po-04-1\/","title":{"rendered":"VRBOSKA &#8211; Arheolo\u0161ka lokalitet \u00bbVila rustika Je\u017ee\u00ab"},"content":{"rendered":"<p><a name=\"seite_oben\"><\/a><br \/>\n<strong><img loading=\"lazy\" decoding=\"async\" class=\"aligncenter wp-image-71547 size-full\" src=\"https:\/\/www.topohvar.at\/wp-content\/uploads\/2025\/04\/va-po-04-1.jpg\" alt=\"\" width=\"960\" height=\"475\" srcset=\"https:\/\/www.topohvar.at\/wp-content\/uploads\/2025\/04\/va-po-04-1.jpg 960w, https:\/\/www.topohvar.at\/wp-content\/uploads\/2025\/04\/va-po-04-1-300x148.jpg 300w, https:\/\/www.topohvar.at\/wp-content\/uploads\/2025\/04\/va-po-04-1-768x380.jpg 768w\" sizes=\"auto, (max-width: 960px) 100vw, 960px\" \/><\/strong><\/p>\n<p><strong>Ime \/ Name<br \/>\n<\/strong>Arheolo\u0161ka lokalitet \u00bbVila rustika Je\u017ee\u00ab\/ Antike Fundstelle, r\u00f6mische Villa Rustica Je\u017ee<\/p>\n<p><strong>Code: <\/strong>VA-PO-04\u00a0 \u00a0 \u00a0 \u00a0 \u00a0 \u00a0 \u00a0 \u00a0<strong>\u00a0 \u00a0 \u00a0 \u00a0 \u00a0 \u00a0 \u00a0 \u00a0 \u00a0 \u00a0 \u00a0 \u00a0 \u00a0 \u00a0 <a href=\"https:\/\/www.topohvar.at\/orte\/va\/va-po-03-1\/\"><img loading=\"lazy\" decoding=\"async\" class=\"alignnone wp-image-533 size-full\" src=\"https:\/\/www.topohvar.at\/wp-content\/uploads\/2018\/07\/push-l-30.jpg\" alt=\"\" width=\"61\" height=\"30\" \/><\/a> <a href=\"https:\/\/www.topohvar.at\/orte\/va\/\"><img loading=\"lazy\" decoding=\"async\" class=\"alignnone wp-image-535 size-full\" src=\"https:\/\/www.topohvar.at\/wp-content\/uploads\/2018\/07\/push-o-30.jpg\" alt=\"\" width=\"61\" height=\"30\" \/><\/a> <a href=\"https:\/\/www.topohvar.at\/orte\/va\/va-po-05-1\/\"><img loading=\"lazy\" decoding=\"async\" class=\"alignnone wp-image-536 size-full\" src=\"https:\/\/www.topohvar.at\/wp-content\/uploads\/2018\/07\/push-r-30.jpg\" alt=\"\" width=\"61\" height=\"30\" \/><\/a> \u00a0 \u00a0\u00a0<\/strong><\/p>\n<hr \/>\n<p><strong>Adresa \/ Adresse<br \/>\n<\/strong>Vrboska, Je\u017ee<\/p>\n<p><strong data-wp-editing=\"1\">Lokalna polo\u017eaj \/ Position<img loading=\"lazy\" decoding=\"async\" class=\"alignright wp-image-387 size-full\" src=\"https:\/\/www.topohvar.at\/wp-content\/uploads\/2018\/07\/00-00-00-1.jpg\" alt=\"\" width=\"114\" height=\"56\" \/><br \/>\n<\/strong><span style=\"color: #3366ff;\">Latitude: N 43,179\u00b0\u00a0 \u00a0 Longitude: E 16,672\u00b0\u00a0<\/span><strong><br \/>\n<\/strong>Visina \/ H\u00f6he: &#8211; m<\/p>\n<p><strong>Zemlji\u0161te \/ Grundst\u00fccke<br \/>\n<\/strong>&#8211;<div class='content-column one_half'><div style=\"padding-right:6px;\"><p><strong>Datum snimanja \/ Erfassungsdatum<br \/>\n<\/strong>14.05.2021 12:00:00<\/p>\n<hr \/>\n<p><strong>Informacije<\/strong><\/p>\n<p>\u010ci\u0161\u0107enje Vile rustike Je\u017ee kod Vrboske i priprema za georadarska istra\u017eivanja u suradnji s Institutom za povijest i arheologiju iz Marseillesa i instituta za arheologiju u Zagrebu.<\/p><\/div><\/div><div class='content-column one_half last_column'><div style=\"padding-right:0px;padding-left:6px;\"><p><strong>Za\u0161titni polo\u017eaj \/ Schutzstellung<br \/>\n<\/strong>&#8211;<\/p>\n<hr \/>\n<p><strong>Info<\/strong><\/p>\n<p>Reinigung der Vila rustica Je\u017ee bei Vrboska und Vorbereitung f\u00fcr Georadarforschungen in Zusammenarbeit mit dem Institut f\u00fcr Geschichte und Arch\u00e4ologie in Marseille und dem Institut f\u00fcr Arch\u00e4ologie in Zagreb.<\/p><\/div><\/div><div class='clear_column'><\/div><\/p>\n<p><img loading=\"lazy\" decoding=\"async\" class=\"aligncenter size-full wp-image-71548\" src=\"https:\/\/www.topohvar.at\/wp-content\/uploads\/2025\/04\/va-po-04-2.jpg\" alt=\"\" width=\"960\" height=\"720\" srcset=\"https:\/\/www.topohvar.at\/wp-content\/uploads\/2025\/04\/va-po-04-2.jpg 960w, https:\/\/www.topohvar.at\/wp-content\/uploads\/2025\/04\/va-po-04-2-300x225.jpg 300w, https:\/\/www.topohvar.at\/wp-content\/uploads\/2025\/04\/va-po-04-2-768x576.jpg 768w\" sizes=\"auto, (max-width: 960px) 100vw, 960px\" \/><\/p>\n<p style=\"text-align: center;\"><em>Izvor\/Quelle:<br \/>\nJavna ustanova Agencija za upravljanje Starogradskim poljem<\/em><\/p>\n<p style=\"text-align: right;\"><a href=\"#seite_oben\">natrag na vrh \/ Seitenanfang<\/a><\/p>\n<hr \/>\n<p><strong>Linkovi \/ Links<\/strong><\/p>\n<p>&#8211;<\/p>\n","protected":false},"excerpt":{"rendered":"<p>Ime \/ Name Arheolo\u0161ka lokalitet \u00bbVila rustika Je\u017ee\u00ab\/ Antike Fundstelle, r\u00f6mische Villa Rustica Je\u017ee Code: VA-PO-04\u00a0 \u00a0 \u00a0 \u00a0 \u00a0 \u00a0 \u00a0 \u00a0\u00a0 \u00a0 \u00a0 \u00a0 \u00a0 \u00a0 \u00a0 \u00a0 \u00a0 \u00a0 \u00a0 \u00a0 \u00a0 \u00a0 \u00a0 \u00a0\u00a0 Adresa \/ &hellip; <a href=\"https:\/\/www.topohvar.at\/topo\/orte\/va\/va-po-04-1\/\">Weiterlesen <span class=\"meta-nav\">&rarr;<\/span><\/a><\/p>\n","protected":false},"author":1,"featured_media":0,"parent":109,"menu_order":0,"comment_status":"closed","ping_status":"closed","template":"","meta":{"footnotes":""},"class_list":["post-71543","page","type-page","status-publish","hentry"],"_links":{"self":[{"href":"https:\/\/www.topohvar.at\/topo\/wp-json\/wp\/v2\/pages\/71543","targetHints":{"allow":["GET"]}}],"collection":[{"href":"https:\/\/www.topohvar.at\/topo\/wp-json\/wp\/v2\/pages"}],"about":[{"href":"https:\/\/www.topohvar.at\/topo\/wp-json\/wp\/v2\/types\/page"}],"author":[{"embeddable":true,"href":"https:\/\/www.topohvar.at\/topo\/wp-json\/wp\/v2\/users\/1"}],"replies":[{"embeddable":true,"href":"https:\/\/www.topohvar.at\/topo\/wp-json\/wp\/v2\/comments?post=71543"}],"version-history":[{"count":9,"href":"https:\/\/www.topohvar.at\/topo\/wp-json\/wp\/v2\/pages\/71543\/revisions"}],"predecessor-version":[{"id":71580,"href":"https:\/\/www.topohvar.at\/topo\/wp-json\/wp\/v2\/pages\/71543\/revisions\/71580"}],"up":[{"embeddable":true,"href":"https:\/\/www.topohvar.at\/topo\/wp-json\/wp\/v2\/pages\/109"}],"wp:attachment":[{"href":"https:\/\/www.topohvar.at\/topo\/wp-json\/wp\/v2\/media?parent=71543"}],"curies":[{"name":"wp","href":"https:\/\/api.w.org\/{rel}","templated":true}]}}