{"id":71768,"date":"2025-05-16T14:01:41","date_gmt":"2025-05-16T12:01:41","guid":{"rendered":"https:\/\/www.topohvar.at\/topo\/?page_id=71768"},"modified":"2025-05-27T18:48:16","modified_gmt":"2025-05-27T16:48:16","slug":"sg-tr-i3-1","status":"publish","type":"page","link":"https:\/\/www.topohvar.at\/topo\/orte\/sg\/sg-tr-i3-1\/","title":{"rendered":"STARI GRAD &#8211; Trim \u00bbSG-TR-I3\u00ab"},"content":{"rendered":"<p><a name=\"seite_oben\"><\/a><br \/>\n<img loading=\"lazy\" decoding=\"async\" class=\"alignnone wp-image-71770 size-full\" src=\"https:\/\/www.topohvar.at\/wp-content\/uploads\/2025\/05\/sg-tr-i3-1.jpg\" alt=\"\" width=\"1080\" height=\"530\" srcset=\"https:\/\/www.topohvar.at\/wp-content\/uploads\/2025\/05\/sg-tr-i3-1.jpg 1080w, https:\/\/www.topohvar.at\/wp-content\/uploads\/2025\/05\/sg-tr-i3-1-300x147.jpg 300w, https:\/\/www.topohvar.at\/wp-content\/uploads\/2025\/05\/sg-tr-i3-1-1024x503.jpg 1024w, https:\/\/www.topohvar.at\/wp-content\/uploads\/2025\/05\/sg-tr-i3-1-768x377.jpg 768w\" sizes=\"auto, (max-width: 1080px) 100vw, 1080px\" \/><\/p>\n<p><strong>Ime \/ Name<br \/>\n<\/strong>Trim \u00bbSG-TR-I3\u00ab<br \/>\n<strong>Code: <\/strong>SG-TR-I3\u00a0 \u00a0 \u00a0 \u00a0 \u00a0 \u00a0 \u00a0 \u00a0 \u00a0 \u00a0 \u00a0 \u00a0 \u00a0 \u00a0 \u00a0 \u00a0 \u00a0 \u00a0 \u00a0 \u00a0 <strong><a href=\"https:\/\/www.topohvar.at\/orte\/sg\/sg-tr-00-1\/\"><img loading=\"lazy\" decoding=\"async\" class=\"alignnone wp-image-12300 size-full\" src=\"https:\/\/www.topohvar.at\/wp-content\/uploads\/2018\/09\/push-vor-30.jpg\" alt=\"\" width=\"61\" height=\"30\" \/><\/a> <a href=\"https:\/\/www.topohvar.at\/orte\/sg\/sg-tr-13-1\/\"><img loading=\"lazy\" decoding=\"async\" class=\"alignnone wp-image-533 size-full\" src=\"https:\/\/www.topohvar.at\/wp-content\/uploads\/2018\/07\/push-l-30.jpg\" alt=\"\" width=\"61\" height=\"30\" \/><\/a> <a href=\"https:\/\/www.topohvar.at\/orte\/sg\/\"><img loading=\"lazy\" decoding=\"async\" class=\"alignnone wp-image-535 size-full\" src=\"https:\/\/www.topohvar.at\/wp-content\/uploads\/2018\/07\/push-o-30.jpg\" alt=\"\" width=\"61\" height=\"30\" \/><\/a> <a href=\"https:\/\/www.topohvar.at\/orte\/sg\/sg-tr-17-1\/\"><img loading=\"lazy\" decoding=\"async\" class=\"alignnone wp-image-536 size-full\" src=\"https:\/\/www.topohvar.at\/wp-content\/uploads\/2018\/07\/push-r-30.jpg\" alt=\"\" width=\"61\" height=\"30\" \/><\/a><\/strong><\/p>\n<hr \/>\n<p><strong>Adresa \/ Adresse<br \/>\n<\/strong>Stari Grad, Ori\u0161ac<\/p>\n<p><strong>Lokacija \/ Position <a href=\"https:\/\/maps.app.goo.gl\/ixXzwG4zmu2m2hkf7\"><img loading=\"lazy\" decoding=\"async\" class=\"alignright wp-image-71769\" src=\"https:\/\/www.topohvar.at\/wp-content\/uploads\/2025\/05\/4289.jpg\" alt=\"\" width=\"134\" height=\"100\" \/><\/a><br \/>\n<\/strong><a href=\"https:\/\/maps.app.goo.gl\/ixXzwG4zmu2m2hkf7\"><span style=\"color: #3366ff;\">Latitude: N 43,17829\u00b0\u00a0 \u00a0Longitude: E 16,62350\u00b0 <\/span><\/a><strong><br \/>\n<\/strong>Visina \/ H\u00f6he: 33 m<\/p>\n<p><strong>Katastarska \u010destica \/ Grundst\u00fccke<br \/>\n<\/strong>4872\/2<div class='content-column one_half'><div style=\"padding-right:6px;\"><p><strong>Datum snimanja \/ Erfassungsdatum<br \/>\n<\/strong>03.05.2025 10:06:00<\/p>\n<hr \/>\n<p><strong>Informacije<\/strong><\/p>\n<p>Jednostupanjski trim nalazi se na jugozapadu Starigradskog polja, na rubu poljoprivredne povr\u0161ine. Sjeverno prolazi put. Njegova prednja strana je dobro oblikovana, dok ostatak trima nalikuje hrpi kamenja. Trapezni ulaz je na vrhu uzak. Unutarnji prostor je okrugao i prili\u010dno nizak, visok samo 150 cm. Trim se gotovo vi\u0161e ne koristi.<\/p><\/div><\/div><div class='content-column one_half last_column'><div style=\"padding-right:0px;padding-left:6px;\"><p><strong>Stupanj za\u0161tite \/ Schutzstellung<br \/>\n<\/strong>&#8211;<\/p>\n<hr \/>\n<p><strong>Info<\/strong><\/p>\n<p>Der einstufige Trim befindet sich im S\u00fcdwesten des Starigrader Feldes am Rande einer landwirtschaftlich genutzten Fl\u00e4che. N\u00f6rdlich f\u00fchrt ein Weg vorbei. Seine Vorderseite ist gut ausgebildet, der restliche Trim \u00e4hnelt einem Steinhaufen. Der trapezf\u00f6rmige Eingang ist oben schmal. Der Innenraum ist rund und mit 150 cm ziemlich niedrig. Der Trim wird kaum mehr genutzt.<\/p><\/div><\/div><div class='clear_column'><\/div><div class='content-column one_half'><div style=\"padding-right:6px;\"><p>Trim je obnovljen 2024. godine na inicijativu udruge Dragodid.<\/p><\/div><\/div><div class='content-column one_half last_column'><div style=\"padding-right:0px;padding-left:6px;\"><p>Der Trim wurde auf Initiative des Vereins Dragodid im Jahr 2024 renoviert.<\/p><\/div><\/div><div class='clear_column'><\/div><\/p>\n<hr \/>\n<div class='content-column one_half'><div style=\"padding-right:6px;\"><div id=\"attachment_72472\" style=\"width: 310px\" class=\"wp-caption aligncenter\"><img loading=\"lazy\" decoding=\"async\" aria-describedby=\"caption-attachment-72472\" class=\"wp-image-72472 size-medium\" src=\"https:\/\/www.topohvar.at\/wp-content\/uploads\/2025\/05\/sg-tr-i3-26-300x300.jpg\" alt=\"\" width=\"300\" height=\"300\" srcset=\"https:\/\/www.topohvar.at\/wp-content\/uploads\/2025\/05\/sg-tr-i3-26-300x300.jpg 300w, https:\/\/www.topohvar.at\/wp-content\/uploads\/2025\/05\/sg-tr-i3-26-150x150.jpg 150w, https:\/\/www.topohvar.at\/wp-content\/uploads\/2025\/05\/sg-tr-i3-26.jpg 450w\" sizes=\"auto, (max-width: 300px) 100vw, 300px\" \/><p id=\"caption-attachment-72472\" class=\"wp-caption-text\">Ulaz \/ Eingang<\/p><\/div>\n<p>Dana 03.05.2025 trim SG-TR-I3 je posje\u0107en i ustanovljeno je sljede\u0107e:<\/p>\n<p>Lokacija: poljoprivredni sklop<br \/>\nPodloga: ravna<br \/>\nPovezan s: kamenim zidom<br \/>\nUpotreba: malo se koristi<br \/>\nStanje: vrlo dobro uzdr\u017eati<br \/>\nBroj stepenica trima: 1<br \/>\nDodatni kameni prsten: nema prstena<br \/>\nStepeni\u0161te: nema<br \/>\nOblik kamena: uglast<br \/>\nPodru\u010dje ispred ulaza: lako dostupno<br \/>\nOrijentacija ulaza: Z (270\u00b0)<br \/>\nPromjer trima (cm): 260<br \/>\nVisina trima (cm): 205<br \/>\nVisina stepenica (cm): stepenica 1: 160<br \/>\nDebljina zida (cm): 50<br \/>\n\u0160irina vrata (cm): 55<br \/>\nVisina vrata (cm): 100<br \/>\n\u0160irina unutra (cm): 150 &#8211; 160<br \/>\nVisina unutra (cm): 150<br \/>\nVolumen iznutra (m3): 2,06<br \/>\nNema ni\u0161e<\/p><\/div><\/div><div class='content-column one_half last_column'><div style=\"padding-right:0px;padding-left:6px;\"><div id=\"attachment_72473\" style=\"width: 310px\" class=\"wp-caption aligncenter\"><img loading=\"lazy\" decoding=\"async\" aria-describedby=\"caption-attachment-72473\" class=\"wp-image-72473 size-medium\" src=\"https:\/\/www.topohvar.at\/wp-content\/uploads\/2025\/05\/sg-tr-i3-27-300x300.jpg\" alt=\"\" width=\"300\" height=\"300\" srcset=\"https:\/\/www.topohvar.at\/wp-content\/uploads\/2025\/05\/sg-tr-i3-27-300x300.jpg 300w, https:\/\/www.topohvar.at\/wp-content\/uploads\/2025\/05\/sg-tr-i3-27-150x150.jpg 150w, https:\/\/www.topohvar.at\/wp-content\/uploads\/2025\/05\/sg-tr-i3-27.jpg 450w\" sizes=\"auto, (max-width: 300px) 100vw, 300px\" \/><p id=\"caption-attachment-72473\" class=\"wp-caption-text\">Sjeverna strana trima \/ Nordseite des Trims<\/p><\/div>\n<p>Am 03.05.2025 wurde der Trim SG-TR-I3 besucht und n\u00e4her untersucht:<\/p>\n<p>Standort: landwirtsch. Gemenge<br \/>\nUntergrund: eben<br \/>\nVerbunden mit: Steinmauer<br \/>\nNutzung: kaum genutzt<br \/>\nZustand: sehr gut erhalten<br \/>\nAnzahl der Trimstufen: 1<br \/>\nZus\u00e4tzlicher Steinring: kein Steinring<br \/>\nStiege: keine<br \/>\nSteinform: kantig<br \/>\nEingangsbereich: frei<br \/>\nEingangsseite: W (270\u00b0)<br \/>\nTrimdurchmesser (cm): 260<br \/>\nTrimh\u00f6he (cm): 205<br \/>\nH\u00f6he der Trimstufen (cm): Stufe 1: 160<br \/>\nWandst\u00e4rke (cm): 50<br \/>\nT\u00fcrbreite (cm): 55<br \/>\nT\u00fcrh\u00f6he (cm): 100<br \/>\nInnenraumbreite (cm): 150 &#8211; 160<br \/>\nInnenraumh\u00f6he (cm): 150<br \/>\nRaumvolumen (m3): 2,06<br \/>\nKeine Nische<\/p><\/div><\/div><div class='clear_column'><\/div><\/p>\n<p><img loading=\"lazy\" decoding=\"async\" class=\"aligncenter size-full wp-image-72466\" src=\"https:\/\/www.topohvar.at\/wp-content\/uploads\/2025\/05\/sg-tr-i3-sca.jpg\" alt=\"\" width=\"900\" height=\"1347\" srcset=\"https:\/\/www.topohvar.at\/wp-content\/uploads\/2025\/05\/sg-tr-i3-sca.jpg 900w, https:\/\/www.topohvar.at\/wp-content\/uploads\/2025\/05\/sg-tr-i3-sca-200x300.jpg 200w, https:\/\/www.topohvar.at\/wp-content\/uploads\/2025\/05\/sg-tr-i3-sca-684x1024.jpg 684w, https:\/\/www.topohvar.at\/wp-content\/uploads\/2025\/05\/sg-tr-i3-sca-768x1149.jpg 768w\" sizes=\"auto, (max-width: 900px) 100vw, 900px\" \/><\/p>\n<p style=\"text-align: right;\"><a href=\"#seite_oben\">natrag na vrh \/ Seitenanfang<\/a><\/p>\n<hr \/>\n<p><strong>Linkovi \/ Links<\/strong><\/p>\n<p>&#8211;<\/p>\n","protected":false},"excerpt":{"rendered":"<p>Ime \/ Name Trim \u00bbSG-TR-I3\u00ab Code: SG-TR-I3\u00a0 \u00a0 \u00a0 \u00a0 \u00a0 \u00a0 \u00a0 \u00a0 \u00a0 \u00a0 \u00a0 \u00a0 \u00a0 \u00a0 \u00a0 \u00a0 \u00a0 \u00a0 \u00a0 \u00a0 Adresa \/ Adresse Stari Grad, Ori\u0161ac Lokacija \/ Position Latitude: N 43,17829\u00b0\u00a0 \u00a0Longitude: E &hellip; <a href=\"https:\/\/www.topohvar.at\/topo\/orte\/sg\/sg-tr-i3-1\/\">Weiterlesen <span class=\"meta-nav\">&rarr;<\/span><\/a><\/p>\n","protected":false},"author":1,"featured_media":0,"parent":99,"menu_order":0,"comment_status":"closed","ping_status":"closed","template":"","meta":{"footnotes":""},"class_list":["post-71768","page","type-page","status-publish","hentry"],"_links":{"self":[{"href":"https:\/\/www.topohvar.at\/topo\/wp-json\/wp\/v2\/pages\/71768","targetHints":{"allow":["GET"]}}],"collection":[{"href":"https:\/\/www.topohvar.at\/topo\/wp-json\/wp\/v2\/pages"}],"about":[{"href":"https:\/\/www.topohvar.at\/topo\/wp-json\/wp\/v2\/types\/page"}],"author":[{"embeddable":true,"href":"https:\/\/www.topohvar.at\/topo\/wp-json\/wp\/v2\/users\/1"}],"replies":[{"embeddable":true,"href":"https:\/\/www.topohvar.at\/topo\/wp-json\/wp\/v2\/comments?post=71768"}],"version-history":[{"count":12,"href":"https:\/\/www.topohvar.at\/topo\/wp-json\/wp\/v2\/pages\/71768\/revisions"}],"predecessor-version":[{"id":72475,"href":"https:\/\/www.topohvar.at\/topo\/wp-json\/wp\/v2\/pages\/71768\/revisions\/72475"}],"up":[{"embeddable":true,"href":"https:\/\/www.topohvar.at\/topo\/wp-json\/wp\/v2\/pages\/99"}],"wp:attachment":[{"href":"https:\/\/www.topohvar.at\/topo\/wp-json\/wp\/v2\/media?parent=71768"}],"curies":[{"name":"wp","href":"https:\/\/api.w.org\/{rel}","templated":true}]}}