{"id":71849,"date":"2025-05-17T15:06:40","date_gmt":"2025-05-17T13:06:40","guid":{"rendered":"https:\/\/www.topohvar.at\/topo\/?page_id=71849"},"modified":"2025-12-01T11:54:10","modified_gmt":"2025-12-01T10:54:10","slug":"gj-tr-f5-1","status":"publish","type":"page","link":"https:\/\/www.topohvar.at\/topo\/orte\/gj\/gj-tr-f5-1\/","title":{"rendered":"GDINJ &#8211; Trim \u00bbGJ-TR-F5\u00ab"},"content":{"rendered":"<p><a name=\"seite_oben\"><\/a><br \/>\n<strong><img loading=\"lazy\" decoding=\"async\" class=\"aligncenter wp-image-72873 size-full\" src=\"https:\/\/www.topohvar.at\/wp-content\/uploads\/2025\/10\/GJ-TR-F5-01.jpg\" alt=\"\" width=\"1080\" height=\"530\" srcset=\"https:\/\/www.topohvar.at\/wp-content\/uploads\/2025\/10\/GJ-TR-F5-01.jpg 1080w, https:\/\/www.topohvar.at\/wp-content\/uploads\/2025\/10\/GJ-TR-F5-01-300x147.jpg 300w, https:\/\/www.topohvar.at\/wp-content\/uploads\/2025\/10\/GJ-TR-F5-01-1024x503.jpg 1024w, https:\/\/www.topohvar.at\/wp-content\/uploads\/2025\/10\/GJ-TR-F5-01-768x377.jpg 768w\" sizes=\"auto, (max-width: 1080px) 100vw, 1080px\" \/><\/strong><\/p>\n<p><strong>Ime \/ Name<br \/>\n<\/strong>Trim \u00bbGJ-TR-F5\u00ab<\/p>\n<p><strong>Code: <\/strong>GJ-TR-F5\u00a0 \u00a0 \u00a0 \u00a0 \u00a0 \u00a0 \u00a0 \u00a0 \u00a0 \u00a0 \u00a0 \u00a0 \u00a0 \u00a0 <a href=\"https:\/\/www.topohvar.at\/orte\/gj\/gj-tr-00-1\/\"><img loading=\"lazy\" decoding=\"async\" class=\"alignnone wp-image-12300 size-full\" src=\"https:\/\/www.topohvar.at\/wp-content\/uploads\/2018\/09\/push-vor-30.jpg\" alt=\"\" width=\"61\" height=\"30\" \/><\/a>\u00a0<strong><a href=\"https:\/\/www.topohvar.at\/orte\/gj\/gj-tr-f4-1\/\"><img loading=\"lazy\" decoding=\"async\" class=\"alignnone wp-image-533 size-full\" src=\"https:\/\/www.topohvar.at\/wp-content\/uploads\/2018\/07\/push-l-30.jpg\" alt=\"\" width=\"61\" height=\"30\" \/><\/a> <a href=\"https:\/\/www.topohvar.at\/orte\/gj\/\"><img loading=\"lazy\" decoding=\"async\" class=\"alignnone wp-image-535 size-full\" src=\"https:\/\/www.topohvar.at\/wp-content\/uploads\/2018\/07\/push-o-30.jpg\" alt=\"\" width=\"61\" height=\"30\" \/><\/a> <a href=\"https:\/\/www.topohvar.at\/orte\/gj\/gj-tr-f6-1\/\"><img loading=\"lazy\" decoding=\"async\" class=\"alignnone wp-image-536 size-full\" src=\"https:\/\/www.topohvar.at\/wp-content\/uploads\/2018\/07\/push-r-30.jpg\" alt=\"\" width=\"61\" height=\"30\" \/><\/a><\/strong><\/p>\n<hr \/>\n<p><strong>Adresa \/ Adresse<br \/>\n<\/strong>Gdinj, Dugi Dolac<\/p>\n<p><strong>Lokacija \/ Position<a href=\"https:\/\/maps.app.goo.gl\/oSXKG3KuujF13g6b9\"><img loading=\"lazy\" decoding=\"async\" class=\"alignright wp-image-71826\" src=\"https:\/\/www.topohvar.at\/wp-content\/uploads\/2025\/05\/4322.jpg\" alt=\"\" width=\"134\" height=\"100\" \/><\/a><br \/>\n<\/strong><a href=\"https:\/\/maps.app.goo.gl\/oSXKG3KuujF13g6b9\"><span style=\"color: #3366ff;\">Latitude: N 43,13044\u00b0\u00a0 \u00a0Longitude: E 16,92734\u00b0<\/span><\/a> <strong><br \/>\n<\/strong>Visina \/ H\u00f6he: 316 m<\/p>\n<p><strong>Katastarska \u010destica \/ Grundst\u00fccke<br \/>\n<\/strong>3737, 3744<div class='content-column one_half'><div style=\"padding-right:6px;\"><p><strong>Datum snimanja \/ Erfassungsdatum<br \/>\n<\/strong>09.05.2025 11:30:23<\/p>\n<hr \/>\n<p><strong>Informacije<\/strong><\/p>\n<p>U svibnju 2025. godine, na jugozapadnom rubu Dugog Dolaza otkriven je ovaj zanimljivi poljoprivredni kompleks koji se sastoji od 13 trime, od kojih neki imaju mala dvori\u0161ta, kamene ku\u0107e, 4 gumna i razne kamene zidove. Podru\u010dje je obraslo \u0161ikarom i te\u0161ko dostupno.<\/p><\/div><\/div><div class='content-column one_half last_column'><div style=\"padding-right:0px;padding-left:6px;\"><p><strong>Stupanj za\u0161tite \/ Schutzstellung<br \/>\n<\/strong>&#8211;<\/p>\n<hr \/>\n<p><strong>Info<\/strong><\/p>\n<p>Im Mai 2025 wurde am s\u00fcdwestlichem Ortsrand von Dugi Dolaz dieses interessante landwirtschaftliche Gemenge aus 13 Trims, zum Teil mit kleinen Vorh\u00f6fen, Steinh\u00e4usern, 4 Dreschb\u00f6den und diversen Steinmauern gefunden. Der Bereich ist mit Gestr\u00fcpp bewachsen und schwer zug\u00e4nglich.<\/p><\/div><\/div><div class='clear_column'><\/div><\/p>\n<p><img loading=\"lazy\" decoding=\"async\" class=\"aligncenter wp-image-72821 size-full\" style=\"font-size: 16px;\" src=\"https:\/\/www.topohvar.at\/wp-content\/uploads\/2025\/10\/gj-areal-123AB.jpg\" alt=\"\" width=\"1080\" height=\"667\" srcset=\"https:\/\/www.topohvar.at\/wp-content\/uploads\/2025\/10\/gj-areal-123AB.jpg 1080w, https:\/\/www.topohvar.at\/wp-content\/uploads\/2025\/10\/gj-areal-123AB-300x185.jpg 300w, https:\/\/www.topohvar.at\/wp-content\/uploads\/2025\/10\/gj-areal-123AB-1024x632.jpg 1024w, https:\/\/www.topohvar.at\/wp-content\/uploads\/2025\/10\/gj-areal-123AB-768x474.jpg 768w\" sizes=\"auto, (max-width: 1080px) 100vw, 1080px\" \/><\/p>\n<div class='content-column one_third'><div style=\"padding-right:6px;\"><p><strong>TRIMI:<\/strong><br \/>\n1\u00a0 &#8211;\u00a0 trim <a href=\"https:\/\/www.topohvar.at\/topo\/orte\/gj\/gj-tr-f8-1\/\">GJ-TR-F8<\/a><br \/>\n2\u00a0 &#8211;\u00a0 trim <a href=\"https:\/\/www.topohvar.at\/topo\/orte\/gj\/gj-tr-f9-1\/\">GJ-TR-F9<\/a><br \/>\n3\u00a0 &#8211;\u00a0 trim <a href=\"https:\/\/www.topohvar.at\/topo\/orte\/gj\/gj-tr-g1-1\/\">GJ-TR-G1<\/a><br \/>\n4\u00a0 &#8211;\u00a0 trim <a href=\"https:\/\/www.topohvar.at\/topo\/orte\/gj\/gj-tr-e9-1\/\">GJ-TR-E9<\/a><br \/>\n5\u00a0 &#8211;\u00a0 trim <a href=\"https:\/\/www.topohvar.at\/topo\/orte\/gj\/gj-tr-f1-1\/\">GJ-TR-F1<\/a><br \/>\n6\u00a0 &#8211;\u00a0 trim <a href=\"https:\/\/www.topohvar.at\/topo\/orte\/gj\/gj-tr-f2-1\/\">GJ-TR-F2<\/a><\/p><\/div><\/div><div class='content-column one_third'><div style=\"padding-right:6px;\"><p>7\u00a0 &#8211;\u00a0 trim <a href=\"https:\/\/www.topohvar.at\/topo\/orte\/gj\/gj-tr-f0-1\/\">GJ-TR-F0<\/a><br \/>\n8\u00a0 &#8211;\u00a0 trim <a href=\"https:\/\/www.topohvar.at\/topo\/orte\/gj\/gj-tr-g2-1\/\">GJ-TR-G2<\/a><br \/>\n9\u00a0 &#8211;\u00a0 trim <a href=\"https:\/\/www.topohvar.at\/topo\/orte\/gj\/gj-tr-f4-1\/\">GJ-TR-F4<\/a><br \/>\n10 &#8211; trim <a href=\"https:\/\/www.topohvar.at\/topo\/orte\/gj\/gj-tr-f3-1\/\">GJ-TR-F3<\/a><br \/>\n11 &#8211; trim <a href=\"https:\/\/www.topohvar.at\/topo\/orte\/gj\/gj-tr-f5-1\/\">GJ-TR-F5<\/a><br \/>\n12 &#8211; trim <a href=\"https:\/\/www.topohvar.at\/topo\/orte\/gj\/gj-tr-f6-1\/\">GJ-TR-F6<\/a><br \/>\n13 &#8211; trim <a href=\"https:\/\/www.topohvar.at\/topo\/orte\/gj\/gj-tr-f7-1\/\">GJ-TR-F7<\/a><\/p><\/div><\/div><div class='content-column one_third last_column'><div style=\"padding-right:0px;padding-left:6px;\"><p><strong>GUMNA:<br \/>\n<\/strong>A &#8211; gumno <a href=\"https:\/\/www.topohvar.at\/topo\/orte\/gj\/gj-ob-16-1\/\">GJ-OB-16<\/a><br \/>\nB &#8211; gumno <a href=\"https:\/\/www.topohvar.at\/topo\/orte\/gj\/gj-ob-17-1\/\">GJ-OB-17<\/a><br \/>\nC &#8211; gumno <a href=\"https:\/\/www.topohvar.at\/topo\/orte\/gj\/gj-ob-02-1\/\">GJ-OB-02<\/a><br \/>\nD &#8211; gumno <a href=\"https:\/\/www.topohvar.at\/topo\/orte\/gj\/gj-ob-18-1\/\">GJ-OB-18<\/a><\/p><\/div><\/div><div class='clear_column'><\/div><\/p>\n<hr \/>\n<div class='content-column one_half'><div style=\"padding-right:6px;\"><p>Trim se nalazi na jugoisto\u010dnom kraju usred spleta trime, kamenih zidova i ostataka kamenih ku\u0107a. Ispred trima nalazi se dvori\u0161te okru\u017eeno kamenim zidovima; s lijeve strane je kamena ku\u0107a. Na ju\u017enoj strani grani\u010dnog zida, mali otvor vodi prema van, blizu tla.<\/p><\/div><\/div><div class='content-column one_half last_column'><div style=\"padding-right:0px;padding-left:6px;\"><p>Der Trim befindet sich am S\u00fcdostende eines Gewirres von Trims, Steinmauern und Resten von Steinh\u00e4usern. Vor dem Trim befindet sich ein mit Steinmauern umgrenzter Hof, links grenzt ein Steinhaus an.\u00a0An der S\u00fcdseite der Grenzmauer f\u00fchrt eine kleine \u00d6ffnung, bodennah nach au\u00dfen.<\/p><\/div><\/div><div class='clear_column'><\/div><div class='content-column one_half'><div style=\"padding-right:6px;\"><p>Ulaz u unutra\u0161njost trima obrastao je grmljem. Kroz blago trapezoidni ulaz, koji je na vrhu \u0161iri nego na dnu, ulazi se u gotovo \u010detvrtastu unutra\u0161njost. Trim je dobro o\u010duvan, ali vi\u0161e nije u upotrebi.<\/p><\/div><\/div><div class='content-column one_half last_column'><div style=\"padding-right:0px;padding-left:6px;\"><p>Der Zugang zum Inneren des Trims ist mit B\u00fcschen bewachsen. Durch den leicht trapezf\u00f6rmigen Eingang, der oben breiter ist als unten, gelangt man in den nahezu quadratischen Innenraum. Der Trim ist gut erhalten wird aber nicht mehr genutzt.<\/p><\/div><\/div><div class='clear_column'><\/div><div class='content-column one_half'><div style=\"padding-right:6px;\"><div id=\"attachment_73626\" style=\"width: 310px\" class=\"wp-caption aligncenter\"><img loading=\"lazy\" decoding=\"async\" aria-describedby=\"caption-attachment-73626\" class=\"size-medium wp-image-73626\" src=\"https:\/\/www.topohvar.at\/wp-content\/uploads\/2025\/11\/GJ-TR-F5-20-300x300.jpg\" alt=\"\" width=\"300\" height=\"300\" srcset=\"https:\/\/www.topohvar.at\/wp-content\/uploads\/2025\/11\/GJ-TR-F5-20-300x300.jpg 300w, https:\/\/www.topohvar.at\/wp-content\/uploads\/2025\/11\/GJ-TR-F5-20-150x150.jpg 150w, https:\/\/www.topohvar.at\/wp-content\/uploads\/2025\/11\/GJ-TR-F5-20.jpg 450w\" sizes=\"auto, (max-width: 300px) 100vw, 300px\" \/><p id=\"caption-attachment-73626\" class=\"wp-caption-text\">Ulaz \/ Eingang<\/p><\/div>\n<p>Dana 19.10.2025 trim GJ-TR-F5 je posje\u0107en i ustanovljeno je sljede\u0107e:<\/p>\n<p>Lokacija: poljoprivredni sklop<br \/>\nPodloga: ravna<br \/>\nPovezan s: zgradom , preddvori\u0161te<br \/>\nUpotreba: ne koristi se<br \/>\nStanje: dobro sa\u010duvan<br \/>\nBroj stepenica trima: 1<br \/>\nDodatni kameni prsten: nema prstena<br \/>\nStepeni\u0161te: nema<br \/>\nOblik kamena: uglast<br \/>\nPodru\u010dje ispred ulaza: zaraslo<br \/>\nOrijentacija ulaza: Z (270\u00b0)<br \/>\nPromjer trima (cm): 290<br \/>\nVisina trima (cm): 160<br \/>\nVisina stepenica (cm): stepenica 1: 140<br \/>\nDebljina zida (cm): 65<br \/>\n\u0160irina vrata (cm): 55<br \/>\nVisina vrata (cm): 80<br \/>\n\u0160irina unutra (cm): 140 &#8211; 160<br \/>\nVisina unutra (cm): 160<br \/>\nVolumen iznutra (m3): 1,9<br \/>\nNema ni\u0161e<\/p><\/div><\/div><div class='content-column one_half last_column'><div style=\"padding-right:0px;padding-left:6px;\"><div id=\"attachment_73627\" style=\"width: 310px\" class=\"wp-caption aligncenter\"><img loading=\"lazy\" decoding=\"async\" aria-describedby=\"caption-attachment-73627\" class=\"wp-image-73627 size-medium\" src=\"https:\/\/www.topohvar.at\/wp-content\/uploads\/2025\/11\/GJ-TR-F5-21-300x300.jpg\" alt=\"\" width=\"300\" height=\"300\" srcset=\"https:\/\/www.topohvar.at\/wp-content\/uploads\/2025\/11\/GJ-TR-F5-21-300x300.jpg 300w, https:\/\/www.topohvar.at\/wp-content\/uploads\/2025\/11\/GJ-TR-F5-21-150x150.jpg 150w, https:\/\/www.topohvar.at\/wp-content\/uploads\/2025\/11\/GJ-TR-F5-21.jpg 450w\" sizes=\"auto, (max-width: 300px) 100vw, 300px\" \/><p id=\"caption-attachment-73627\" class=\"wp-caption-text\">Stra\u017enja strana trima \/ Trimr\u00fcckseite<\/p><\/div>\n<p>Am 19.10.2025 wurde der Trim GJ-TR-F5 besucht und n\u00e4her untersucht:<\/p>\n<p>Standort: landwirtsch. Gemenge<br \/>\nUntergrund: eben<br \/>\nVerbunden mit: Geb\u00e4ude , Vorhof<br \/>\nNutzung: ungenutzt<br \/>\nZustand: gut erhalten<br \/>\nAnzahl der Trimstufen: 1<br \/>\nZus\u00e4tzlicher Steinring: kein Steinring<br \/>\nStiege: keine<br \/>\nSteinform: kantig<br \/>\nEingangsbereich: verwachsen<br \/>\nEingangsseite: W (270\u00b0)<br \/>\nTrimdurchmesser (cm): 290<br \/>\nTrimh\u00f6he (cm): 160<br \/>\nH\u00f6he der Trimstufen (cm): Stufe 1: 140<br \/>\nWandst\u00e4rke (cm): 65<br \/>\nT\u00fcrbreite (cm): 55<br \/>\nT\u00fcrh\u00f6he (cm): 80<br \/>\nInnenraumbreite (cm): 140 &#8211; 160<br \/>\nInnenraumh\u00f6he (cm): 160<br \/>\nRaumvolumen (m3): 1,9<br \/>\nKeine Nische<\/p><\/div><\/div><div class='clear_column'><\/div><\/p>\n<p><img loading=\"lazy\" decoding=\"async\" class=\"alignleft size-full wp-image-73496\" src=\"https:\/\/www.topohvar.at\/wp-content\/uploads\/2025\/11\/gj-tr-f5-scan.jpg\" alt=\"\" width=\"900\" height=\"1253\" srcset=\"https:\/\/www.topohvar.at\/wp-content\/uploads\/2025\/11\/gj-tr-f5-scan.jpg 900w, https:\/\/www.topohvar.at\/wp-content\/uploads\/2025\/11\/gj-tr-f5-scan-215x300.jpg 215w, https:\/\/www.topohvar.at\/wp-content\/uploads\/2025\/11\/gj-tr-f5-scan-736x1024.jpg 736w, https:\/\/www.topohvar.at\/wp-content\/uploads\/2025\/11\/gj-tr-f5-scan-768x1069.jpg 768w\" sizes=\"auto, (max-width: 900px) 100vw, 900px\" \/><\/p>\n<p style=\"text-align: right;\"><a style=\"color: #3366ff;\" href=\"#seite_oben\">natrag na vrh \/ Seitenanfang<\/a><\/p>\n<hr \/>\n<p><strong>Linkovi \/ Links<\/strong><\/p>\n<p>&#8211;<\/p>\n","protected":false},"excerpt":{"rendered":"<p>Ime \/ Name Trim \u00bbGJ-TR-F5\u00ab Code: GJ-TR-F5\u00a0 \u00a0 \u00a0 \u00a0 \u00a0 \u00a0 \u00a0 \u00a0 \u00a0 \u00a0 \u00a0 \u00a0 \u00a0 \u00a0 \u00a0 Adresa \/ Adresse Gdinj, Dugi Dolac Lokacija \/ Position Latitude: N 43,13044\u00b0\u00a0 \u00a0Longitude: E 16,92734\u00b0 Visina \/ H\u00f6he: 316 &hellip; <a href=\"https:\/\/www.topohvar.at\/topo\/orte\/gj\/gj-tr-f5-1\/\">Weiterlesen <span class=\"meta-nav\">&rarr;<\/span><\/a><\/p>\n","protected":false},"author":1,"featured_media":0,"parent":72,"menu_order":0,"comment_status":"closed","ping_status":"closed","template":"","meta":{"footnotes":""},"class_list":["post-71849","page","type-page","status-publish","hentry"],"_links":{"self":[{"href":"https:\/\/www.topohvar.at\/topo\/wp-json\/wp\/v2\/pages\/71849","targetHints":{"allow":["GET"]}}],"collection":[{"href":"https:\/\/www.topohvar.at\/topo\/wp-json\/wp\/v2\/pages"}],"about":[{"href":"https:\/\/www.topohvar.at\/topo\/wp-json\/wp\/v2\/types\/page"}],"author":[{"embeddable":true,"href":"https:\/\/www.topohvar.at\/topo\/wp-json\/wp\/v2\/users\/1"}],"replies":[{"embeddable":true,"href":"https:\/\/www.topohvar.at\/topo\/wp-json\/wp\/v2\/comments?post=71849"}],"version-history":[{"count":10,"href":"https:\/\/www.topohvar.at\/topo\/wp-json\/wp\/v2\/pages\/71849\/revisions"}],"predecessor-version":[{"id":73735,"href":"https:\/\/www.topohvar.at\/topo\/wp-json\/wp\/v2\/pages\/71849\/revisions\/73735"}],"up":[{"embeddable":true,"href":"https:\/\/www.topohvar.at\/topo\/wp-json\/wp\/v2\/pages\/72"}],"wp:attachment":[{"href":"https:\/\/www.topohvar.at\/topo\/wp-json\/wp\/v2\/media?parent=71849"}],"curies":[{"name":"wp","href":"https:\/\/api.w.org\/{rel}","templated":true}]}}