{"id":71853,"date":"2025-05-17T15:17:37","date_gmt":"2025-05-17T13:17:37","guid":{"rendered":"https:\/\/www.topohvar.at\/topo\/?page_id=71853"},"modified":"2025-12-01T16:52:09","modified_gmt":"2025-12-01T15:52:09","slug":"gj-tr-f6-1","status":"publish","type":"page","link":"https:\/\/www.topohvar.at\/topo\/orte\/gj\/gj-tr-f6-1\/","title":{"rendered":"GDINJ &#8211; Trim \u00bbGJ-TR-F6\u00ab"},"content":{"rendered":"<p><a name=\"seite_oben\"><\/a><br \/>\n<strong><img loading=\"lazy\" decoding=\"async\" class=\"aligncenter wp-image-72876 size-full\" src=\"https:\/\/www.topohvar.at\/wp-content\/uploads\/2025\/10\/GJ-TR-F6-01.jpg\" alt=\"\" width=\"1080\" height=\"530\" srcset=\"https:\/\/www.topohvar.at\/wp-content\/uploads\/2025\/10\/GJ-TR-F6-01.jpg 1080w, https:\/\/www.topohvar.at\/wp-content\/uploads\/2025\/10\/GJ-TR-F6-01-300x147.jpg 300w, https:\/\/www.topohvar.at\/wp-content\/uploads\/2025\/10\/GJ-TR-F6-01-1024x503.jpg 1024w, https:\/\/www.topohvar.at\/wp-content\/uploads\/2025\/10\/GJ-TR-F6-01-768x377.jpg 768w\" sizes=\"auto, (max-width: 1080px) 100vw, 1080px\" \/><\/strong><\/p>\n<p><strong>Ime \/ Name<br \/>\n<\/strong>Trim \u00bbGJ-TR-F6\u00ab<\/p>\n<p><strong>Code: <\/strong>GJ-TR-F6\u00a0 \u00a0 \u00a0 \u00a0 \u00a0 \u00a0 \u00a0 \u00a0 \u00a0 \u00a0 \u00a0 \u00a0 \u00a0 \u00a0 <a href=\"https:\/\/www.topohvar.at\/orte\/gj\/gj-tr-00-1\/\"><img loading=\"lazy\" decoding=\"async\" class=\"alignnone wp-image-12300 size-full\" src=\"https:\/\/www.topohvar.at\/wp-content\/uploads\/2018\/09\/push-vor-30.jpg\" alt=\"\" width=\"61\" height=\"30\" \/><\/a>\u00a0<strong><a href=\"https:\/\/www.topohvar.at\/orte\/gj\/gj-tr-f5-1\/\"><img loading=\"lazy\" decoding=\"async\" class=\"alignnone wp-image-533 size-full\" src=\"https:\/\/www.topohvar.at\/wp-content\/uploads\/2018\/07\/push-l-30.jpg\" alt=\"\" width=\"61\" height=\"30\" \/><\/a> <a href=\"https:\/\/www.topohvar.at\/orte\/gj\/\"><img loading=\"lazy\" decoding=\"async\" class=\"alignnone wp-image-535 size-full\" src=\"https:\/\/www.topohvar.at\/wp-content\/uploads\/2018\/07\/push-o-30.jpg\" alt=\"\" width=\"61\" height=\"30\" \/><\/a> <a href=\"https:\/\/www.topohvar.at\/orte\/gj\/gj-tr-f7-1\/\"><img loading=\"lazy\" decoding=\"async\" class=\"alignnone wp-image-536 size-full\" src=\"https:\/\/www.topohvar.at\/wp-content\/uploads\/2018\/07\/push-r-30.jpg\" alt=\"\" width=\"61\" height=\"30\" \/><\/a><\/strong><\/p>\n<hr \/>\n<p><strong>Adresa \/ Adresse<br \/>\n<\/strong>Gdinj, Dugi Dolac<\/p>\n<p><strong>Lokacija \/ Position<a href=\"https:\/\/maps.app.goo.gl\/5oFp8LexQktznHtd8\"><img loading=\"lazy\" decoding=\"async\" class=\"alignright wp-image-71826\" src=\"https:\/\/www.topohvar.at\/wp-content\/uploads\/2025\/05\/4322.jpg\" alt=\"\" width=\"134\" height=\"100\" \/><\/a><br \/>\n<\/strong><a href=\"https:\/\/maps.app.goo.gl\/5oFp8LexQktznHtd8\"><span style=\"color: #3366ff;\">Latitude: N 43,13050\u00b0\u00a0 \u00a0Longitude: E 16,92763\u00b0<\/span><\/a> <strong><br \/>\n<\/strong>Visina \/ H\u00f6he: 318 m<\/p>\n<p><strong>Katastarska \u010destica \/ Grundst\u00fccke<br \/>\n<\/strong>3744<div class='content-column one_half'><div style=\"padding-right:6px;\"><p><strong>Datum snimanja \/ Erfassungsdatum<br \/>\n<\/strong>09.05.2025 11:36:59<\/p>\n<hr \/>\n<p><strong>Informacije<\/strong><\/p>\n<p>U svibnju 2025. godine, na jugozapadnom rubu Dugog Dolaza otkriven je ovaj zanimljivi poljoprivredni kompleks koji se sastoji od 13 trime, od kojih neki imaju mala dvori\u0161ta, kamene ku\u0107e, 4 gumna i razne kamene zidove. Podru\u010dje je obraslo \u0161ikarom i te\u0161ko dostupno.<\/p><\/div><\/div><div class='content-column one_half last_column'><div style=\"padding-right:0px;padding-left:6px;\"><p><strong>Stupanj za\u0161tite \/ Schutzstellung<br \/>\n<\/strong>&#8211;<\/p>\n<hr \/>\n<p><strong>Info<\/strong><\/p>\n<p>Im Mai 2025 wurde am s\u00fcdwestlichem Ortsrand von Dugi Dolaz dieses interessante landwirtschaftliche Gemenge aus 13 Trims, zum Teil mit kleinen Vorh\u00f6fen, Steinh\u00e4usern, 4 Dreschb\u00f6den und diversen Steinmauern gefunden. Der Bereich ist mit Gestr\u00fcpp bewachsen und schwer zug\u00e4nglich.<\/p><\/div><\/div><div class='clear_column'><\/div><\/p>\n<p><img loading=\"lazy\" decoding=\"async\" class=\"aligncenter wp-image-72821 size-full\" style=\"font-size: 16px;\" src=\"https:\/\/www.topohvar.at\/wp-content\/uploads\/2025\/10\/gj-areal-123AB.jpg\" alt=\"\" width=\"1080\" height=\"667\" srcset=\"https:\/\/www.topohvar.at\/wp-content\/uploads\/2025\/10\/gj-areal-123AB.jpg 1080w, https:\/\/www.topohvar.at\/wp-content\/uploads\/2025\/10\/gj-areal-123AB-300x185.jpg 300w, https:\/\/www.topohvar.at\/wp-content\/uploads\/2025\/10\/gj-areal-123AB-1024x632.jpg 1024w, https:\/\/www.topohvar.at\/wp-content\/uploads\/2025\/10\/gj-areal-123AB-768x474.jpg 768w\" sizes=\"auto, (max-width: 1080px) 100vw, 1080px\" \/><\/p>\n<div class='content-column one_third'><div style=\"padding-right:6px;\"><p><strong>TRIMI:<\/strong><br \/>\n1\u00a0 &#8211;\u00a0 trim <a href=\"https:\/\/www.topohvar.at\/topo\/orte\/gj\/gj-tr-f8-1\/\">GJ-TR-F8<\/a><br \/>\n2\u00a0 &#8211;\u00a0 trim <a href=\"https:\/\/www.topohvar.at\/topo\/orte\/gj\/gj-tr-f9-1\/\">GJ-TR-F9<\/a><br \/>\n3\u00a0 &#8211;\u00a0 trim <a href=\"https:\/\/www.topohvar.at\/topo\/orte\/gj\/gj-tr-g1-1\/\">GJ-TR-G1<\/a><br \/>\n4\u00a0 &#8211;\u00a0 trim <a href=\"https:\/\/www.topohvar.at\/topo\/orte\/gj\/gj-tr-e9-1\/\">GJ-TR-E9<\/a><br \/>\n5\u00a0 &#8211;\u00a0 trim <a href=\"https:\/\/www.topohvar.at\/topo\/orte\/gj\/gj-tr-f1-1\/\">GJ-TR-F1<\/a><br \/>\n6\u00a0 &#8211;\u00a0 trim <a href=\"https:\/\/www.topohvar.at\/topo\/orte\/gj\/gj-tr-f2-1\/\">GJ-TR-F2<\/a><\/p><\/div><\/div><div class='content-column one_third'><div style=\"padding-right:6px;\"><p>7\u00a0 &#8211;\u00a0 trim <a href=\"https:\/\/www.topohvar.at\/topo\/orte\/gj\/gj-tr-f0-1\/\">GJ-TR-F0<\/a><br \/>\n8\u00a0 &#8211;\u00a0 trim <a href=\"https:\/\/www.topohvar.at\/topo\/orte\/gj\/gj-tr-g2-1\/\">GJ-TR-G2<\/a><br \/>\n9\u00a0 &#8211;\u00a0 trim <a href=\"https:\/\/www.topohvar.at\/topo\/orte\/gj\/gj-tr-f4-1\/\">GJ-TR-F4<\/a><br \/>\n10 &#8211; trim <a href=\"https:\/\/www.topohvar.at\/topo\/orte\/gj\/gj-tr-f3-1\/\">GJ-TR-F3<\/a><br \/>\n11 &#8211; trim <a href=\"https:\/\/www.topohvar.at\/topo\/orte\/gj\/gj-tr-f5-1\/\">GJ-TR-F5<\/a><br \/>\n12 &#8211; trim <a href=\"https:\/\/www.topohvar.at\/topo\/orte\/gj\/gj-tr-f6-1\/\">GJ-TR-F6<\/a><br \/>\n13 &#8211; trim <a href=\"https:\/\/www.topohvar.at\/topo\/orte\/gj\/gj-tr-f7-1\/\">GJ-TR-F7<\/a><\/p><\/div><\/div><div class='content-column one_third last_column'><div style=\"padding-right:0px;padding-left:6px;\"><p><strong>GUMNA:<br \/>\n<\/strong>A &#8211; gumno <a href=\"https:\/\/www.topohvar.at\/topo\/orte\/gj\/gj-ob-16-1\/\">GJ-OB-16<\/a><br \/>\nB &#8211; gumno <a href=\"https:\/\/www.topohvar.at\/topo\/orte\/gj\/gj-ob-17-1\/\">GJ-OB-17<\/a><br \/>\nC &#8211; gumno <a href=\"https:\/\/www.topohvar.at\/topo\/orte\/gj\/gj-ob-02-1\/\">GJ-OB-02<\/a><br \/>\nD &#8211; gumno <a href=\"https:\/\/www.topohvar.at\/topo\/orte\/gj\/gj-ob-18-1\/\">GJ-OB-18<\/a><\/p><\/div><\/div><div class='clear_column'><\/div><\/p>\n<hr \/>\n<div class='content-column one_half'><div style=\"padding-right:6px;\"><p>Trim se nalazi u blizini sela Gdinj, isto\u010dno od poljoprivrednog krajolika s trimima, kamenim zidovima i ostacima kamenih ku\u0107a. Bio je prili\u010dno zarastao i, sa svojim malim prednjim dvori\u0161tem, o\u010dito je slu\u017eio kao odlagali\u0161te sme\u0107a. Na kupolastom krovu, uz plasti\u010dnu foliju, nalaze se metalne plo\u010de, vjerojatno namijenjene sprje\u010davanju prodiranja vode.<\/p><\/div><\/div><div class='content-column one_half last_column'><div style=\"padding-right:0px;padding-left:6px;\"><p>Der Trim befindet sich nahe der Ortschaft Gdinj, \u00f6stlich des landwirtschaftlichen Gemenges aus Trims, Steinmauern und Resten von Steinh\u00e4usern. Er war ziemlich zugewachsen und diente mit seinem kleinen Vorhof offensichtlich als Abfalldeponie. Am Kuppeldach findet man neben Plastikfolien auch Blechplatten, die vermutlich das Eindringen von Wasser erschweren sollen.<\/p><\/div><\/div><div class='clear_column'><\/div><\/p>\n<p><img loading=\"lazy\" decoding=\"async\" class=\"aligncenter size-full wp-image-73738\" src=\"https:\/\/www.topohvar.at\/wp-content\/uploads\/2025\/12\/GJ-TR-F6-22.jpg\" alt=\"\" width=\"300\" height=\"300\" srcset=\"https:\/\/www.topohvar.at\/wp-content\/uploads\/2025\/12\/GJ-TR-F6-22.jpg 300w, https:\/\/www.topohvar.at\/wp-content\/uploads\/2025\/12\/GJ-TR-F6-22-150x150.jpg 150w\" sizes=\"auto, (max-width: 300px) 100vw, 300px\" \/><div class='content-column one_half'><div style=\"padding-right:6px;\"><p>Pregled unutra\u0161njosti nije bio mogu\u0107; razni komadi sme\u0107a blokirali su pristup dvori\u0161tu i unutra\u0161njosti. Trim je dobro o\u010duvana. Pored trim, na betonskom stupu vrata vidljiva su slova ZVC URIN (?) i datum 30.10.91.<\/p><\/div><\/div><div class='content-column one_half last_column'><div style=\"padding-right:0px;padding-left:6px;\"><p>Eine Besichtigung des Innenraumes war nicht m\u00f6glich, diverser M\u00fcll verhindert den Zugang zum Vorhof und Innenraum. Der Trim ist gut erhalten. Neben dem Trim sind in einem betonierten Torpfosten die Buchstaben ZVC URIN (?) und das Datum 30.10.91 erkennbar.<\/p><\/div><\/div><div class='clear_column'><\/div><div class='content-column one_half'><div style=\"padding-right:6px;\"><div id=\"attachment_73629\" style=\"width: 310px\" class=\"wp-caption aligncenter\"><img loading=\"lazy\" decoding=\"async\" aria-describedby=\"caption-attachment-73629\" class=\"size-medium wp-image-73629\" src=\"https:\/\/www.topohvar.at\/wp-content\/uploads\/2025\/11\/GJ-TR-F6-20-300x300.jpg\" alt=\"\" width=\"300\" height=\"300\" srcset=\"https:\/\/www.topohvar.at\/wp-content\/uploads\/2025\/11\/GJ-TR-F6-20-300x300.jpg 300w, https:\/\/www.topohvar.at\/wp-content\/uploads\/2025\/11\/GJ-TR-F6-20-150x150.jpg 150w, https:\/\/www.topohvar.at\/wp-content\/uploads\/2025\/11\/GJ-TR-F6-20.jpg 450w\" sizes=\"auto, (max-width: 300px) 100vw, 300px\" \/><p id=\"caption-attachment-73629\" class=\"wp-caption-text\">Ulaz \/ Eingang<\/p><\/div>\n<p>Dana 20.10.2025 trim GJ-TR-F6 je posje\u0107en i ustanovljeno je sljede\u0107e:<\/p>\n<p>Lokacija: livada, pa\u0161njak<br \/>\nPodloga: nako\u0161ena<br \/>\nPovezan s: preddvori\u0161te<br \/>\nUpotreba: ne koristi se<br \/>\nStanje: dobro sa\u010duvan<br \/>\nBroj stepenica trima: 1<br \/>\nDodatni kameni prsten: nema prstena<br \/>\nStepeni\u0161te: nema<br \/>\nOblik kamena: uglast<br \/>\nPodru\u010dje ispred ulaza: kamenito<br \/>\nOrijentacija ulaza: JZ (240\u00b0)<br \/>\nPromjer trima (cm): 340<br \/>\nVisina trima (cm): 155<br \/>\nVisina stepenica (cm): stepenica 1: 150<br \/>\nDebljina zida (cm): 65<br \/>\n\u0160irina vrata (cm): 60<br \/>\nVisina vrata (cm): 90<br \/>\n\u0160irina unutra (cm): 180 &#8211; 210<br \/>\nVisina unutra (cm): 140<br \/>\nVolumen iznutra (m3): 3,3<br \/>\nNema ni\u0161e<\/p><\/div><\/div><div class='content-column one_half last_column'><div style=\"padding-right:0px;padding-left:6px;\"><div id=\"attachment_73630\" style=\"width: 310px\" class=\"wp-caption aligncenter\"><img loading=\"lazy\" decoding=\"async\" aria-describedby=\"caption-attachment-73630\" class=\"wp-image-73630 size-medium\" src=\"https:\/\/www.topohvar.at\/wp-content\/uploads\/2025\/11\/GJ-TR-F6-21-300x300.jpg\" alt=\"\" width=\"300\" height=\"300\" srcset=\"https:\/\/www.topohvar.at\/wp-content\/uploads\/2025\/11\/GJ-TR-F6-21-300x300.jpg 300w, https:\/\/www.topohvar.at\/wp-content\/uploads\/2025\/11\/GJ-TR-F6-21-150x150.jpg 150w, https:\/\/www.topohvar.at\/wp-content\/uploads\/2025\/11\/GJ-TR-F6-21.jpg 450w\" sizes=\"auto, (max-width: 300px) 100vw, 300px\" \/><p id=\"caption-attachment-73630\" class=\"wp-caption-text\">Stra\u017enja strana trima \/ Trimr\u00fcckseite<\/p><\/div>\n<p>Am 20.10.2025 wurde der Trim GJ-TR-F6 besucht und n\u00e4her untersucht:<\/p>\n<p>Standort: Wiese, Weide<br \/>\nUntergrund: geneigt<br \/>\nVerbunden mit:\u00a0 Vorhof<br \/>\nNutzung: ungenutzt<br \/>\nZustand: gut erhalten<br \/>\nAnzahl der Trimstufen: 1<br \/>\nZus\u00e4tzlicher Steinring: kein Steinring<br \/>\nStiege: keine<br \/>\nSteinform: kantig<br \/>\nEingangsbereich: Steine<br \/>\nEingangsseite: SW (240\u00b0)<br \/>\nTrimdurchmesser (cm): 340<br \/>\nTrimh\u00f6he (cm): 155<br \/>\nH\u00f6he der Trimstufen (cm): Stufe 1: 150<br \/>\nWandst\u00e4rke (cm): 65<br \/>\nT\u00fcrbreite (cm): 60<br \/>\nT\u00fcrh\u00f6he (cm): 90<br \/>\nInnenraumbreite (cm): 180 &#8211; 210<br \/>\nInnenraumh\u00f6he (cm): 140<br \/>\nRaumvolumen (m3): 3,3<br \/>\nKeine Nische<\/p><\/div><\/div><div class='clear_column'><\/div><\/p>\n<p><img loading=\"lazy\" decoding=\"async\" class=\"alignleft size-full wp-image-73498\" src=\"https:\/\/www.topohvar.at\/wp-content\/uploads\/2025\/11\/gj-tr-f6-scan.jpg\" alt=\"\" width=\"900\" height=\"1206\" srcset=\"https:\/\/www.topohvar.at\/wp-content\/uploads\/2025\/11\/gj-tr-f6-scan.jpg 900w, https:\/\/www.topohvar.at\/wp-content\/uploads\/2025\/11\/gj-tr-f6-scan-224x300.jpg 224w, https:\/\/www.topohvar.at\/wp-content\/uploads\/2025\/11\/gj-tr-f6-scan-764x1024.jpg 764w, https:\/\/www.topohvar.at\/wp-content\/uploads\/2025\/11\/gj-tr-f6-scan-768x1029.jpg 768w\" sizes=\"auto, (max-width: 900px) 100vw, 900px\" \/><\/p>\n<p style=\"text-align: right;\"><a style=\"color: #3366ff;\" href=\"#seite_oben\">natrag na vrh \/ Seitenanfang<\/a><\/p>\n<hr \/>\n<p><strong>Linkovi \/ Links<\/strong><\/p>\n<p>&#8211;<\/p>\n","protected":false},"excerpt":{"rendered":"<p>Ime \/ Name Trim \u00bbGJ-TR-F6\u00ab Code: GJ-TR-F6\u00a0 \u00a0 \u00a0 \u00a0 \u00a0 \u00a0 \u00a0 \u00a0 \u00a0 \u00a0 \u00a0 \u00a0 \u00a0 \u00a0 \u00a0 Adresa \/ Adresse Gdinj, Dugi Dolac Lokacija \/ Position Latitude: N 43,13050\u00b0\u00a0 \u00a0Longitude: E 16,92763\u00b0 Visina \/ H\u00f6he: 318 &hellip; <a href=\"https:\/\/www.topohvar.at\/topo\/orte\/gj\/gj-tr-f6-1\/\">Weiterlesen <span class=\"meta-nav\">&rarr;<\/span><\/a><\/p>\n","protected":false},"author":1,"featured_media":0,"parent":72,"menu_order":0,"comment_status":"closed","ping_status":"closed","template":"","meta":{"footnotes":""},"class_list":["post-71853","page","type-page","status-publish","hentry"],"_links":{"self":[{"href":"https:\/\/www.topohvar.at\/topo\/wp-json\/wp\/v2\/pages\/71853","targetHints":{"allow":["GET"]}}],"collection":[{"href":"https:\/\/www.topohvar.at\/topo\/wp-json\/wp\/v2\/pages"}],"about":[{"href":"https:\/\/www.topohvar.at\/topo\/wp-json\/wp\/v2\/types\/page"}],"author":[{"embeddable":true,"href":"https:\/\/www.topohvar.at\/topo\/wp-json\/wp\/v2\/users\/1"}],"replies":[{"embeddable":true,"href":"https:\/\/www.topohvar.at\/topo\/wp-json\/wp\/v2\/comments?post=71853"}],"version-history":[{"count":12,"href":"https:\/\/www.topohvar.at\/topo\/wp-json\/wp\/v2\/pages\/71853\/revisions"}],"predecessor-version":[{"id":73740,"href":"https:\/\/www.topohvar.at\/topo\/wp-json\/wp\/v2\/pages\/71853\/revisions\/73740"}],"up":[{"embeddable":true,"href":"https:\/\/www.topohvar.at\/topo\/wp-json\/wp\/v2\/pages\/72"}],"wp:attachment":[{"href":"https:\/\/www.topohvar.at\/topo\/wp-json\/wp\/v2\/media?parent=71853"}],"curies":[{"name":"wp","href":"https:\/\/api.w.org\/{rel}","templated":true}]}}