{"id":71908,"date":"2025-05-18T15:48:09","date_gmt":"2025-05-18T13:48:09","guid":{"rendered":"https:\/\/www.topohvar.at\/topo\/?page_id=71908"},"modified":"2025-05-21T15:39:00","modified_gmt":"2025-05-21T13:39:00","slug":"sg-ip-19-1","status":"publish","type":"page","link":"https:\/\/www.topohvar.at\/topo\/orte\/sg\/sg-ip-19-1\/","title":{"rendered":"STARI GRAD &#8211; Informativna plo\u010da \u00bbOmfalos &#8211; srediste starogradskog polja\u00ab"},"content":{"rendered":"<p><a name=\"seite_oben\"><\/a><br \/>\n<img loading=\"lazy\" decoding=\"async\" class=\"alignnone wp-image-71909 size-full\" src=\"https:\/\/www.topohvar.at\/wp-content\/uploads\/2025\/05\/sg-ip-19-0.jpg\" alt=\"\" width=\"1080\" height=\"530\" srcset=\"https:\/\/www.topohvar.at\/wp-content\/uploads\/2025\/05\/sg-ip-19-0.jpg 1080w, https:\/\/www.topohvar.at\/wp-content\/uploads\/2025\/05\/sg-ip-19-0-300x147.jpg 300w, https:\/\/www.topohvar.at\/wp-content\/uploads\/2025\/05\/sg-ip-19-0-1024x503.jpg 1024w, https:\/\/www.topohvar.at\/wp-content\/uploads\/2025\/05\/sg-ip-19-0-768x377.jpg 768w\" sizes=\"auto, (max-width: 1080px) 100vw, 1080px\" \/><\/p>\n<p><strong>Ime \/ Name<br \/>\n<\/strong>Informativna plo\u010da \u00bbOmfalos &#8211; srediste starogradskog polja\u00ab \/ Infotafel\u00a0 &#8211; Omfalos &#8211; Mitte des Stari Grader Feldes<\/p>\n<p><strong>Code: <\/strong>SG-IP-19\u00a0 \u00a0 \u00a0 \u00a0 \u00a0 \u00a0 \u00a0 \u00a0 \u00a0 \u00a0 \u00a0 \u00a0 \u00a0 \u00a0 \u00a0 \u00a0 \u00a0 \u00a0 <strong><a href=\"https:\/\/www.topohvar.at\/orte\/sg\/sg-ip-06-2\/\"><img loading=\"lazy\" decoding=\"async\" class=\"alignnone wp-image-533 size-full\" src=\"https:\/\/www.topohvar.at\/wp-content\/uploads\/2018\/07\/push-l-30.jpg\" alt=\"\" width=\"61\" height=\"30\" \/><\/a> <a href=\"https:\/\/www.topohvar.at\/orte\/sg\/\"><img loading=\"lazy\" decoding=\"async\" class=\"alignnone wp-image-535 size-full\" src=\"https:\/\/www.topohvar.at\/wp-content\/uploads\/2018\/07\/push-o-30.jpg\" alt=\"\" width=\"61\" height=\"30\" \/><\/a> <a href=\"https:\/\/www.topohvar.at\/orte\/sg\/sg-ip-07-2\/\"><img loading=\"lazy\" decoding=\"async\" class=\"alignnone wp-image-536 size-full\" src=\"https:\/\/www.topohvar.at\/wp-content\/uploads\/2018\/07\/push-r-30.jpg\" alt=\"\" width=\"61\" height=\"30\" \/><\/a>\u00a0<a href=\"https:\/\/www.topohvar.at\/orte\/sg\/sg-is-19-2\/\"><img loading=\"lazy\" decoding=\"async\" class=\"alignnone wp-image-12299 size-full\" src=\"https:\/\/www.topohvar.at\/wp-content\/uploads\/2018\/09\/push-next-30.jpg\" alt=\"\" width=\"61\" height=\"30\" \/><\/a>\u00a0<\/strong><\/p>\n<hr \/>\n<p><strong>Adresa \/ Adresse<br \/>\n<\/strong>Stari Grad, polje, zapadni kraj aerodroma \/westliches Ende Flugplatz<\/p>\n<p><strong>Lokacija \/ Position<a href=\"https:\/\/maps.app.goo.gl\/NcS8xUNM2QQWHo627\"><img loading=\"lazy\" decoding=\"async\" class=\"alignright wp-image-71912\" src=\"https:\/\/www.topohvar.at\/wp-content\/uploads\/2025\/05\/4324-1.jpg\" alt=\"\" width=\"134\" height=\"100\" \/><\/a><br \/>\n<\/strong><a href=\"https:\/\/maps.app.goo.gl\/NcS8xUNM2QQWHo627\"><span style=\"color: #3366ff;\">Latitude: N 43,18268\u00b0\u00a0 \u00a0Longitude: E 16,62829\u00b0 <\/span><\/a><strong><br \/>\n<\/strong>Visina \/ H\u00f6he: 22 m<\/p>\n<p><strong>Katastarska \u010destica \/ Grundst\u00fccke<br \/>\n<\/strong>10689\/1<div class='content-column one_half'><div style=\"padding-right:6px;\"><p><strong>Datum snimanja \/ Erfassungsdatum<br \/>\n<\/strong>03.05.2025 11:50:00<\/p>\n<hr \/>\n<p><strong>Informacije<\/strong><\/p>\n<p>Omfalos \u2013 sredi\u0161te starogradskog polja \u2013 ishodi\u0161na to\u010dka geometrije.<\/p><\/div><\/div><div class='content-column one_half last_column'><div style=\"padding-right:0px;padding-left:6px;\"><p><strong>Stupanj za\u0161tite \/ Schutzstellung<br \/>\n<\/strong>&#8211;<\/p>\n<hr \/>\n<p><strong>Info<\/strong><\/p>\n<p>Omphalos \u2013 das Zentrum des Stari Grader Feldes \u2013\u00a0 Ausgangspunkt der Vermessung.<\/p><\/div><\/div><div class='clear_column'><\/div><div class='content-column one_third'><div style=\"padding-right:6px;\"><p>Starogradsko polje razdijeljeno je u mre\u017eu pravokutnih parcela sustavom mjerenja iz sredi\u0161nje to\u010dke &#8211; omfalosa (gr\u010d. : pupak) i dvije osi koje se u toj to\u010dki kri\u017eaju. Gr\u010dki geodeti slu\u017eili su se jednostavnim mjernim instrumentom (groma) koji nije omogu\u0107avao sasvim precizno odre\u0111ivanje pravog kuta. Unato\u010d otklonima, osnovna mre\u017ea ostala je izuzetno pravilna, a uo\u010dene nepravilnosti upu\u0107uju na razumijevanje postupka mjerenja pri parcelaciji polja.<\/p><\/div><\/div><div class='content-column one_third'><div style=\"padding-right:6px;\"><p>Stari Grad Plain i\u0161 divided into a network of rectangular parcels using a system of measurement with its origin in a central location (the &#8222;omphalos&#8220;, or &#8222;navel&#8220;, in Greek), and two axes that intersect at this spot. Greek surveyors used a measuring Tool (called a groma) that, die to its simplicity, was Not able to measure put right Angles with precision. Despite These deviations, the basic layout of the Plain remained exceptionally well-ordered, and the irregularities that have been observed\u00a0 help us to understand the measurement procesa used when the land was divided into parcels.<\/p><\/div><\/div><div class='content-column one_third last_column'><div style=\"padding-right:0px;padding-left:6px;\"><p>Die Stari Grader Ebene ist in ein Netz rechteckiger Parzellen unterteilt. Das Messsystem basiert auf einem zentralen Punkt (dem \u201eOmphalos\u201c, griechisch f\u00fcr \u201eNabel\u201c) und zwei Achsen, die sich dort schneiden. Griechische Landvermesser verwendeten ein Messinstrument (Grom\u00e1), das aufgrund seiner Einfachheit nicht in der Lage war, rechte Winkel pr\u00e4zise zu messen. Trotz dieser Abweichungen blieb der Grundriss der Ebene au\u00dfergew\u00f6hnlich geordnet, und die beobachteten Unregelm\u00e4\u00dfigkeiten helfen uns, das Messverfahren zu verstehen, das bei der Parzellierung des Landes angewendet wurde.<\/p><\/div><\/div><div class='clear_column'><\/div><div class='content-column one_third'><div style=\"padding-right:6px;\"><p>Upravo na temelju utvr\u0111enih otklona moderna GPS mjerenja potvrdila su da je Starogradsko polje mjereno iz sredi\u0161nje to\u010dke i da je omfalos pa\u017eljivo odabran &#8211; njega se pru\u017ea idealan pregled terena. Starogradsko polje svjedo\u010di tako i o povijesti geodezije kao discipline koja je pru\u017eila osnovu tisu\u0107ljetnoj povezanosti \u010dovjeka s ovim plodnim tlom. Zaustavite ovdje kao \u0161to su i oni nekad stali &#8211; pogledajte polje o\u010dima onih koji su ga prvi zamislili. Otkrijte i druge to\u010dke koje povezuje ova tisu\u0107ljetna mre\u017ea.<\/p><\/div><\/div><div class='content-column one_third'><div style=\"padding-right:6px;\"><p>It is precisely thanks to the deviations observed that modern GPS measurements have been able to establish that Stari Plain was measured from a central spot, and that the omphalos was carefully selected &#8211; as this spot offers the best overview of the entire terrain. Stari Grad Plain thus bears witness to the history of geodesy as a discipline, which offered the basis for a connection between humans and this fertile land over the course of millennia. Pause here, for a moment, as they did &#8211; and observe the Plain through the eyes of the people who first brought It into being. Discover the Others spots that are connected by this ancient network, whose history stretches back across the millennia.<\/p><\/div><\/div><div class='content-column one_third last_column'><div style=\"padding-right:0px;padding-left:6px;\"><p>Gerade dank der beobachteten Abweichungen konnten moderne GPS-Messungen nachweisen, dass die Stari Grader Ebene von einem zentralen Punkt aus vermessen wurde und dass der Omphalos sorgf\u00e4ltig ausgew\u00e4hlt wurde \u2013 da dieser Punkt den besten \u00dcberblick \u00fcber das gesamte Gel\u00e4nde bietet. Die Stari Grader Ebene zeugt somit von der Geschichte der Geod\u00e4sie als Disziplin, die \u00fcber Jahrtausende hinweg die Grundlage f\u00fcr die Verbindung zwischen Mensch und diesem fruchtbaren Land bildete. Halten Sie hier einen Moment inne, wie sie es taten \u2013 und betrachten Sie die Ebene mit den Augen der Menschen, die sie einst geschaffen haben. Entdecken Sie die anderen Orte, die durch dieses uralte Netzwerk verbunden sind, dessen Geschichte sich \u00fcber Jahrtausende erstreckt.<\/p><\/div><\/div><div class='clear_column'><\/div><\/p>\n<p style=\"text-align: right;\"><a href=\"#seite_oben\">natrag na vrh \/ Seitenanfang<\/a><\/p>\n<hr \/>\n<p><strong>Linkovi \/ Links<\/strong><\/p>\n<p>&#8211;<\/p>\n","protected":false},"excerpt":{"rendered":"<p>Ime \/ Name Informativna plo\u010da \u00bbOmfalos &#8211; srediste starogradskog polja\u00ab \/ Infotafel\u00a0 &#8211; Omfalos &#8211; Mitte des Stari Grader Feldes Code: SG-IP-19\u00a0 \u00a0 \u00a0 \u00a0 \u00a0 \u00a0 \u00a0 \u00a0 \u00a0 \u00a0 \u00a0 \u00a0 \u00a0 \u00a0 \u00a0 \u00a0 \u00a0 \u00a0 \u00a0\u00a0 &hellip; <a href=\"https:\/\/www.topohvar.at\/topo\/orte\/sg\/sg-ip-19-1\/\">Weiterlesen <span class=\"meta-nav\">&rarr;<\/span><\/a><\/p>\n","protected":false},"author":1,"featured_media":0,"parent":99,"menu_order":0,"comment_status":"closed","ping_status":"closed","template":"","meta":{"footnotes":""},"class_list":["post-71908","page","type-page","status-publish","hentry"],"_links":{"self":[{"href":"https:\/\/www.topohvar.at\/topo\/wp-json\/wp\/v2\/pages\/71908","targetHints":{"allow":["GET"]}}],"collection":[{"href":"https:\/\/www.topohvar.at\/topo\/wp-json\/wp\/v2\/pages"}],"about":[{"href":"https:\/\/www.topohvar.at\/topo\/wp-json\/wp\/v2\/types\/page"}],"author":[{"embeddable":true,"href":"https:\/\/www.topohvar.at\/topo\/wp-json\/wp\/v2\/users\/1"}],"replies":[{"embeddable":true,"href":"https:\/\/www.topohvar.at\/topo\/wp-json\/wp\/v2\/comments?post=71908"}],"version-history":[{"count":12,"href":"https:\/\/www.topohvar.at\/topo\/wp-json\/wp\/v2\/pages\/71908\/revisions"}],"predecessor-version":[{"id":72169,"href":"https:\/\/www.topohvar.at\/topo\/wp-json\/wp\/v2\/pages\/71908\/revisions\/72169"}],"up":[{"embeddable":true,"href":"https:\/\/www.topohvar.at\/topo\/wp-json\/wp\/v2\/pages\/99"}],"wp:attachment":[{"href":"https:\/\/www.topohvar.at\/topo\/wp-json\/wp\/v2\/media?parent=71908"}],"curies":[{"name":"wp","href":"https:\/\/api.w.org\/{rel}","templated":true}]}}