{"id":72004,"date":"2025-05-19T16:33:17","date_gmt":"2025-05-19T14:33:17","guid":{"rendered":"https:\/\/www.topohvar.at\/topo\/?page_id=72004"},"modified":"2025-05-19T16:36:35","modified_gmt":"2025-05-19T14:36:35","slug":"je-ip-04-1","status":"publish","type":"page","link":"https:\/\/www.topohvar.at\/topo\/orte\/je\/je-ip-04-1\/","title":{"rendered":"JELSA &#8211; Informativna plo\u010da \u00bbDalmatinski otoci\u00ab"},"content":{"rendered":"<p><a name=\"seite_oben\"><\/a><br \/>\n<strong><img loading=\"lazy\" decoding=\"async\" class=\"alignnone wp-image-72005 size-full\" src=\"https:\/\/www.topohvar.at\/wp-content\/uploads\/2025\/05\/je-ip-04-1.jpg\" alt=\"\" width=\"1080\" height=\"530\" srcset=\"https:\/\/www.topohvar.at\/wp-content\/uploads\/2025\/05\/je-ip-04-1.jpg 1080w, https:\/\/www.topohvar.at\/wp-content\/uploads\/2025\/05\/je-ip-04-1-300x147.jpg 300w, https:\/\/www.topohvar.at\/wp-content\/uploads\/2025\/05\/je-ip-04-1-1024x503.jpg 1024w, https:\/\/www.topohvar.at\/wp-content\/uploads\/2025\/05\/je-ip-04-1-768x377.jpg 768w\" sizes=\"auto, (max-width: 1080px) 100vw, 1080px\" \/><\/strong><\/p>\n<p><strong>Ime \/ Name<br \/>\n<\/strong>Informativna plo\u010da \u00bbDalmatinski otoci\u00ab \/ Infotafel Dalmatinische Inseln<\/p>\n<p><strong>Code: <\/strong>JE-IP-04\u00a0 \u00a0 \u00a0 \u00a0 \u00a0 \u00a0 \u00a0 \u00a0 \u00a0 \u00a0 \u00a0 \u00a0 \u00a0 \u00a0 \u00a0 \u00a0 \u00a0 \u00a0 \u00a0 \u00a0\u00a0<strong> <a href=\"https:\/\/www.topohvar.at\/orte\/je\/je-ip-01-1\/\"><img loading=\"lazy\" decoding=\"async\" class=\"alignnone wp-image-533 size-full\" src=\"https:\/\/www.topohvar.at\/wp-content\/uploads\/2018\/07\/push-l-30.jpg\" alt=\"\" width=\"61\" height=\"30\" \/><\/a> <a href=\"https:\/\/www.topohvar.at\/orte\/je\/\"><img loading=\"lazy\" decoding=\"async\" class=\"alignnone wp-image-535 size-full\" src=\"https:\/\/www.topohvar.at\/wp-content\/uploads\/2018\/07\/push-o-30.jpg\" alt=\"\" width=\"61\" height=\"30\" \/><\/a> <a href=\"https:\/\/www.topohvar.at\/orte\/je\/je-ip-02-1\/\"><img loading=\"lazy\" decoding=\"async\" class=\"alignnone wp-image-536 size-full\" src=\"https:\/\/www.topohvar.at\/wp-content\/uploads\/2018\/07\/push-r-30.jpg\" alt=\"\" width=\"61\" height=\"30\" \/><\/a>\u00a0<a href=\"https:\/\/www.topohvar.at\/orte\/je\/je-is-04-1\/\"><img loading=\"lazy\" decoding=\"async\" class=\"alignnone wp-image-12299 size-full\" src=\"https:\/\/www.topohvar.at\/wp-content\/uploads\/2018\/09\/push-next-30.jpg\" alt=\"\" width=\"61\" height=\"30\" \/><\/a><\/strong><\/p>\n<hr \/>\n<p><strong>Adresa \/ Adresse<br \/>\n<\/strong>Jelsa, Riva<\/p>\n<p><strong>Lokacija \/ Position<a href=\"https:\/\/goo.gl\/maps\/HDpsrcHYebk1S8sw5\"><img loading=\"lazy\" decoding=\"async\" class=\"alignright wp-image-9119\" src=\"https:\/\/www.topohvar.at\/wp-content\/uploads\/2018\/09\/0419.jpg\" alt=\"\" width=\"133\" height=\"100\" \/><\/a><br \/>\n<\/strong><span style=\"color: #3366ff;\"><a style=\"color: #3366ff;\" href=\"https:\/\/goo.gl\/maps\/HDpsrcHYebk1S8sw5\">Latitude: N 43,16170\u00b0\u00a0 \u00a0Longitude: E 16,69294\u00b0<\/a> <\/span><strong><br \/>\n<\/strong>Visina \/ H\u00f6he: 1 m<\/p>\n<p><strong>Katastarska \u010destica <\/strong><strong>\/ Grundst\u00fccke<br \/>\n<\/strong>5663\/2<div class='content-column one_half'><div style=\"padding-right:6px;\"><p><strong>Datum snimanja \/ Erfassungsdatum<br \/>\n<\/strong>23.05.2015 09:32:03<\/p>\n<hr \/>\n<p><strong>Informacije<\/strong><\/p>\n<p>Informacijska plo\u010da postavljena je 2025. godine. Prikazuje dalmatinske otoke Bra\u010d, Hvar, \u0160\u0107edro, Vis, Bi\u0161evo, Kor\u010dulu, Su\u0161ac, Lastovo, kao i poluotok Pelje\u0161ac te dijelove srednje i ju\u017ene dalmatinske obale.<\/p>\n<p>Falls du noch Anpassungen m\u00f6chtest, lass es mich wissen! \ud83d\ude0a<\/p><\/div><\/div><div class='content-column one_half last_column'><div style=\"padding-right:0px;padding-left:6px;\"><p><strong>Stupanj za\u0161tite<\/strong><strong> \/ Schutzstellung<br \/>\n<\/strong>&#8211;<\/p>\n<hr \/>\n<p><strong>Info<\/strong><\/p>\n<p>Die Informationstafel wurde im Jahr 2025 aufgestellt. Sie zeigt die dalmatinischen Inseln Bra\u010d, Hvar, \u0160\u0107edro, Vis, Bi\u0161evo, Kor\u010dulu, Su\u0161ac, Lastovo, sowie die Halbinsel Peljesac und Teile des mittel- \/ s\u00fcddalmatinischen Festlandes.<\/p><\/div><\/div><div class='clear_column'><\/div><\/p>\n<p><img loading=\"lazy\" decoding=\"async\" class=\"alignnone size-full wp-image-72006\" src=\"https:\/\/www.topohvar.at\/wp-content\/uploads\/2025\/05\/je-ip-04-21.jpg\" alt=\"\" width=\"640\" height=\"485\" srcset=\"https:\/\/www.topohvar.at\/wp-content\/uploads\/2025\/05\/je-ip-04-21.jpg 640w, https:\/\/www.topohvar.at\/wp-content\/uploads\/2025\/05\/je-ip-04-21-300x227.jpg 300w\" sizes=\"auto, (max-width: 640px) 100vw, 640px\" \/><\/p>\n<p style=\"text-align: right;\"><span style=\"color: #3366ff;\"><a style=\"color: #3366ff;\" href=\"#seite_oben\">natrag na vrh \/ Seitenanfang<\/a><\/span><\/p>\n<hr \/>\n<p><strong>Linkovi \/ Links<\/strong><\/p>\n<p><span style=\"color: #3366ff;\">&#8211;<\/span><\/p>\n","protected":false},"excerpt":{"rendered":"<p>Ime \/ Name Informativna plo\u010da \u00bbDalmatinski otoci\u00ab \/ Infotafel Dalmatinische Inseln Code: JE-IP-04\u00a0 \u00a0 \u00a0 \u00a0 \u00a0 \u00a0 \u00a0 \u00a0 \u00a0 \u00a0 \u00a0 \u00a0 \u00a0 \u00a0 \u00a0 \u00a0 \u00a0 \u00a0 \u00a0 \u00a0\u00a0 \u00a0 Adresa \/ Adresse Jelsa, Riva Lokacija \/ &hellip; <a href=\"https:\/\/www.topohvar.at\/topo\/orte\/je\/je-ip-04-1\/\">Weiterlesen <span class=\"meta-nav\">&rarr;<\/span><\/a><\/p>\n","protected":false},"author":1,"featured_media":0,"parent":85,"menu_order":0,"comment_status":"closed","ping_status":"closed","template":"","meta":{"footnotes":""},"class_list":["post-72004","page","type-page","status-publish","hentry"],"_links":{"self":[{"href":"https:\/\/www.topohvar.at\/topo\/wp-json\/wp\/v2\/pages\/72004","targetHints":{"allow":["GET"]}}],"collection":[{"href":"https:\/\/www.topohvar.at\/topo\/wp-json\/wp\/v2\/pages"}],"about":[{"href":"https:\/\/www.topohvar.at\/topo\/wp-json\/wp\/v2\/types\/page"}],"author":[{"embeddable":true,"href":"https:\/\/www.topohvar.at\/topo\/wp-json\/wp\/v2\/users\/1"}],"replies":[{"embeddable":true,"href":"https:\/\/www.topohvar.at\/topo\/wp-json\/wp\/v2\/comments?post=72004"}],"version-history":[{"count":5,"href":"https:\/\/www.topohvar.at\/topo\/wp-json\/wp\/v2\/pages\/72004\/revisions"}],"predecessor-version":[{"id":72011,"href":"https:\/\/www.topohvar.at\/topo\/wp-json\/wp\/v2\/pages\/72004\/revisions\/72011"}],"up":[{"embeddable":true,"href":"https:\/\/www.topohvar.at\/topo\/wp-json\/wp\/v2\/pages\/85"}],"wp:attachment":[{"href":"https:\/\/www.topohvar.at\/topo\/wp-json\/wp\/v2\/media?parent=72004"}],"curies":[{"name":"wp","href":"https:\/\/api.w.org\/{rel}","templated":true}]}}