{"id":72172,"date":"2025-05-21T16:12:28","date_gmt":"2025-05-21T14:12:28","guid":{"rendered":"https:\/\/www.topohvar.at\/topo\/?page_id=72172"},"modified":"2025-05-21T16:16:13","modified_gmt":"2025-05-21T14:16:13","slug":"gm-in-01-1","status":"publish","type":"page","link":"https:\/\/www.topohvar.at\/topo\/orte\/gm\/gm-in-01-1\/","title":{"rendered":"MALO GRABLJE &#8211; Natpis \u00bb1879\u00ab"},"content":{"rendered":"<p><a name=\"seite_oben\"><\/a><br \/>\n<strong><img loading=\"lazy\" decoding=\"async\" class=\"alignnone wp-image-72174 size-full\" src=\"https:\/\/www.topohvar.at\/wp-content\/uploads\/2025\/05\/gm-in-01-0.jpg\" alt=\"\" width=\"1080\" height=\"530\" srcset=\"https:\/\/www.topohvar.at\/wp-content\/uploads\/2025\/05\/gm-in-01-0.jpg 1080w, https:\/\/www.topohvar.at\/wp-content\/uploads\/2025\/05\/gm-in-01-0-300x147.jpg 300w, https:\/\/www.topohvar.at\/wp-content\/uploads\/2025\/05\/gm-in-01-0-1024x503.jpg 1024w, https:\/\/www.topohvar.at\/wp-content\/uploads\/2025\/05\/gm-in-01-0-768x377.jpg 768w\" sizes=\"auto, (max-width: 1080px) 100vw, 1080px\" \/><\/strong><\/p>\n<p><strong>Ime \/ Name<br \/>\n<\/strong>Natpis \u00bb1879\u00ab \/ Inschrift 1879<\/p>\n<p><strong>Code: <\/strong>GM-IN-01\u00a0 \u00a0 \u00a0 \u00a0 \u00a0 \u00a0 \u00a0 \u00a0<strong>\u00a0 \u00a0 \u00a0 \u00a0 \u00a0 \u00a0 \u00a0 \u00a0 \u00a0 \u00a0\u00a0 \u00a0 \u00a0 \u00a0<a href=\"https:\/\/www.topohvar.at\/orte\/gm\/\"><img loading=\"lazy\" decoding=\"async\" class=\"alignnone wp-image-535 size-full\" src=\"https:\/\/www.topohvar.at\/wp-content\/uploads\/2018\/07\/push-o-30.jpg\" alt=\"\" width=\"61\" height=\"30\" \/><\/a>\u00a0<\/strong><\/p>\n<hr \/>\n<p><strong>Adresa \/ Adresse<br \/>\n<\/strong>Malo Grablje<\/p>\n<p><strong>Lokacija \/ Position<a href=\"https:\/\/maps.app.goo.gl\/UmfzyDNLfKb43jLo6\"><img loading=\"lazy\" decoding=\"async\" class=\"alignright wp-image-72173\" src=\"https:\/\/www.topohvar.at\/wp-content\/uploads\/2025\/05\/4339.jpg\" alt=\"\" width=\"134\" height=\"100\" \/><\/a><br \/>\n<\/strong><span style=\"color: #3366ff;\"><a href=\"https:\/\/maps.app.goo.gl\/UmfzyDNLfKb43jLo6\">Latitude: N 43,16927\u00b0\u00a0 \u00a0 Longitude: E 16,50287\u00b0<\/a>\u00a0<\/span><strong><br \/>\n<\/strong>Visina \/ H\u00f6he: 155 m<\/p>\n<p><strong>Katastarska \u010destica <\/strong><strong>\/ Grundst\u00fccke<br \/>\n<\/strong>*352<div class='content-column one_half'><div style=\"padding-right:6px;\"><p><strong>Datum snimanja \/ Erfassungsdatum<br \/>\n<\/strong>08.05.2025 09:34:41<\/p>\n<hr \/>\n<p><strong>Informacije<\/strong><\/p>\n<p>Iznad prozorskog otvora u zabatnom zidu velike ku\u0107e u blizini crkve ugraviran je natpis 1879. godine.<\/p><\/div><\/div><div class='content-column one_half last_column'><div style=\"padding-right:0px;padding-left:6px;\"><p><strong>Stupanj za\u0161tite<\/strong><strong> \/ Schutzstellung<br \/>\n<\/strong>&#8211;<\/p>\n<hr \/>\n<p><strong>Info<\/strong><\/p>\n<p>\u00dcber einer Fenster\u00f6ffnung in der Giebelwand eines gro\u00dfen Hauses nahe der Kirche findet sich der Schriftzug AD 1879 eingraviert.<\/p><\/div><\/div><div class='clear_column'><\/div><\/p>\n<p style=\"text-align: right;\"><span style=\"color: #3366ff;\"><a style=\"color: #3366ff;\" href=\"#seite_oben\">natrag na vrh \/ Seitenanfang<\/a><\/span><\/p>\n<hr \/>\n<p><strong>Linkovi \/ Links<\/strong><\/p>\n<p><span style=\"color: #3366ff;\">&#8211;<\/span><\/p>\n","protected":false},"excerpt":{"rendered":"<p>Ime \/ Name Natpis \u00bb1879\u00ab \/ Inschrift 1879 Code: GM-IN-01\u00a0 \u00a0 \u00a0 \u00a0 \u00a0 \u00a0 \u00a0 \u00a0\u00a0 \u00a0 \u00a0 \u00a0 \u00a0 \u00a0 \u00a0 \u00a0 \u00a0 \u00a0\u00a0 \u00a0 \u00a0 \u00a0\u00a0 Adresa \/ Adresse Malo Grablje Lokacija \/ Position Latitude: N 43,16927\u00b0\u00a0 &hellip; <a href=\"https:\/\/www.topohvar.at\/topo\/orte\/gm\/gm-in-01-1\/\">Weiterlesen <span class=\"meta-nav\">&rarr;<\/span><\/a><\/p>\n","protected":false},"author":1,"featured_media":0,"parent":74,"menu_order":0,"comment_status":"closed","ping_status":"closed","template":"","meta":{"footnotes":""},"class_list":["post-72172","page","type-page","status-publish","hentry"],"_links":{"self":[{"href":"https:\/\/www.topohvar.at\/topo\/wp-json\/wp\/v2\/pages\/72172","targetHints":{"allow":["GET"]}}],"collection":[{"href":"https:\/\/www.topohvar.at\/topo\/wp-json\/wp\/v2\/pages"}],"about":[{"href":"https:\/\/www.topohvar.at\/topo\/wp-json\/wp\/v2\/types\/page"}],"author":[{"embeddable":true,"href":"https:\/\/www.topohvar.at\/topo\/wp-json\/wp\/v2\/users\/1"}],"replies":[{"embeddable":true,"href":"https:\/\/www.topohvar.at\/topo\/wp-json\/wp\/v2\/comments?post=72172"}],"version-history":[{"count":3,"href":"https:\/\/www.topohvar.at\/topo\/wp-json\/wp\/v2\/pages\/72172\/revisions"}],"predecessor-version":[{"id":72177,"href":"https:\/\/www.topohvar.at\/topo\/wp-json\/wp\/v2\/pages\/72172\/revisions\/72177"}],"up":[{"embeddable":true,"href":"https:\/\/www.topohvar.at\/topo\/wp-json\/wp\/v2\/pages\/74"}],"wp:attachment":[{"href":"https:\/\/www.topohvar.at\/topo\/wp-json\/wp\/v2\/media?parent=72172"}],"curies":[{"name":"wp","href":"https:\/\/api.w.org\/{rel}","templated":true}]}}