{"id":72256,"date":"2025-05-22T14:40:39","date_gmt":"2025-05-22T12:40:39","guid":{"rendered":"https:\/\/www.topohvar.at\/topo\/?page_id=72256"},"modified":"2025-05-22T17:16:38","modified_gmt":"2025-05-22T15:16:38","slug":"hv-ip-15-1","status":"publish","type":"page","link":"https:\/\/www.topohvar.at\/topo\/orte\/hv\/hv-ip-15-1\/","title":{"rendered":"HVAR &#8211; Informativna plo\u010da \u00bbGeostaza Hvar &#8211; 1. Pokonji dol\u00ab"},"content":{"rendered":"<p><a name=\"seite_oben\"><\/a><br \/>\n<img loading=\"lazy\" decoding=\"async\" class=\"alignnone wp-image-72257 size-full\" src=\"https:\/\/www.topohvar.at\/wp-content\/uploads\/2025\/05\/hv-ip-15-0.jpg\" alt=\"\" width=\"1080\" height=\"530\" srcset=\"https:\/\/www.topohvar.at\/wp-content\/uploads\/2025\/05\/hv-ip-15-0.jpg 1080w, https:\/\/www.topohvar.at\/wp-content\/uploads\/2025\/05\/hv-ip-15-0-300x147.jpg 300w, https:\/\/www.topohvar.at\/wp-content\/uploads\/2025\/05\/hv-ip-15-0-1024x503.jpg 1024w, https:\/\/www.topohvar.at\/wp-content\/uploads\/2025\/05\/hv-ip-15-0-768x377.jpg 768w\" sizes=\"auto, (max-width: 1080px) 100vw, 1080px\" \/><\/p>\n<p><strong>Ime \/ Name<br \/>\n<\/strong>Informativna plo\u010da \u00bbGeostaza Hvar &#8211; 1. Pokonji dol\u00ab \/ Geotrail Hvar<\/p>\n<p><strong>Code: <\/strong>HV-IP-15\u00a0 \u00a0 \u00a0 \u00a0 \u00a0 \u00a0 \u00a0 \u00a0 \u00a0 \u00a0 \u00a0 \u00a0 \u00a0 \u00a0 \u00a0 \u00a0 \u00a0 \u00a0 <a href=\"https:\/\/www.topohvar.at\/hv-is-37-1\/\"><img loading=\"lazy\" decoding=\"async\" class=\"alignnone wp-image-12300 size-full\" src=\"https:\/\/www.topohvar.at\/wp-content\/uploads\/2018\/09\/push-vor-30.jpg\" alt=\"\" width=\"61\" height=\"30\" \/><\/a>\u00a0<strong><a href=\"https:\/\/www.topohvar.at\/orte\/hv\/hv-ip-06-1\/\"><img loading=\"lazy\" decoding=\"async\" class=\"alignnone wp-image-533 size-full\" src=\"https:\/\/www.topohvar.at\/wp-content\/uploads\/2018\/07\/push-l-30.jpg\" alt=\"\" width=\"61\" height=\"30\" \/><\/a> <a href=\"https:\/\/www.topohvar.at\/orte\/hv\/\"><img loading=\"lazy\" decoding=\"async\" class=\"alignnone wp-image-535 size-full\" src=\"https:\/\/www.topohvar.at\/wp-content\/uploads\/2018\/07\/push-o-30.jpg\" alt=\"\" width=\"61\" height=\"30\" \/><\/a> <a href=\"https:\/\/www.topohvar.at\/orte\/hv\/hv-ip-16-1\/\"><img loading=\"lazy\" decoding=\"async\" class=\"alignnone wp-image-536 size-full\" src=\"https:\/\/www.topohvar.at\/wp-content\/uploads\/2018\/07\/push-r-30.jpg\" alt=\"\" width=\"61\" height=\"30\" \/><\/a>\u00a0<a href=\"https:\/\/www.topohvar.at\/hv-is-37-1\/\"><img loading=\"lazy\" decoding=\"async\" class=\"alignnone wp-image-12299 size-full\" src=\"https:\/\/www.topohvar.at\/wp-content\/uploads\/2018\/09\/push-next-30.jpg\" alt=\"\" width=\"61\" height=\"30\" \/><\/a><\/strong><\/p>\n<hr \/>\n<p><strong>Adresa \/ Adresse<br \/>\n<\/strong>Grad Hvar, Uvala Pokonji dol<\/p>\n<p><strong>Lokacija<\/strong><strong> \/ Position<a href=\"https:\/\/maps.app.goo.gl\/SGcaLXjjxuTskAWc7\"><img loading=\"lazy\" decoding=\"async\" class=\"alignright wp-image-72259\" src=\"https:\/\/www.topohvar.at\/wp-content\/uploads\/2025\/05\/4344.jpg\" alt=\"\" width=\"134\" height=\"100\" \/><\/a><br \/>\n<\/strong><a href=\"https:\/\/maps.app.goo.gl\/SGcaLXjjxuTskAWc7\"><span style=\"color: #3366ff;\">Latitude: N 43,16282\u00b0\u00a0 \u00a0Longitude: E 16,45390\u00b0 <\/span><\/a><strong><br \/>\n<\/strong>Visina \/ H\u00f6he: 5 m<\/p>\n<p><strong>Katastarska \u010destica<\/strong><strong> \/ Grundst\u00fccke<br \/>\n<\/strong>3773\/1<div class='content-column one_half'><div style=\"padding-right:6px;\"><p><strong>Datum snimanja \/ Erfassungsdatum<br \/>\n<\/strong>08.05.2025 12:00:11<\/p>\n<hr \/>\n<p><strong>Informacije<\/strong><\/p>\n<p>Uz obalu grada Hvara postavljeno je 7 plo\u010da s informacijama o lokalnoj geolo\u0161koj situaciji na hrvatskom i engleskom jeziku.<\/p><\/div><\/div><div class='content-column one_half last_column'><div style=\"padding-right:0px;padding-left:6px;\"><p><strong>Stupanj za\u0161tite<\/strong><strong> \/ Schutzstellung<br \/>\n<\/strong>&#8211;<\/p>\n<hr \/>\n<p><strong>Info<\/strong><\/p>\n<p>Entlang der K\u00fcste der Stadt Hvar wurden 7 Tafeln aufgestellt, die Informationen \u00fcber die \u00f6rtliche geologische Situation in kroatischer und englischer Sprache beinhalten.<\/p><\/div><\/div><div class='clear_column'><\/div><\/p>\n<div class='content-column one_third'><div style=\"padding-right:6px;\"><p>Prva plo\u010da uklju\u010duje:<\/p>\n<p style=\"text-align: center;\">GEOSTAZA HVAR<br \/>\n<strong>1. POKONJI DOL<\/strong><br \/>\nNapu\u0161teni kamenolomi bijelog vapnenca \u2013 stijene nastale iz morkog \u017eivota<\/p><\/div><\/div><div class='content-column one_third'><div style=\"padding-right:6px;\"><p>The 1st panel includes:<\/p>\n<p style=\"text-align: center;\">GEOTRAIL HVAR<br \/>\n<strong>1. POKONKJI DOL<\/strong><br \/>\nAbandoned quarries of white limestone \u2013 rocks formed by marine life<\/p><\/div><\/div><div class='content-column one_third last_column'><div style=\"padding-right:0px;padding-left:6px;\"><p>Die 1. Tafel beinhaltet:<\/p>\n<p style=\"text-align: center;\">GEOTRAIL HVAR<br \/>\n<strong>1. POKONJI DOL<\/strong><br \/>\nVerlassene wei\u00dfe Kalksteinbr\u00fcche \u2013 von Meereslebewesen geformte Felsen<\/p><\/div><\/div><div class='clear_column'><\/div><div class='content-column one_third'><div style=\"padding-right:6px;\"><p>Bijeli vapnenac nastao je iz karbonatnog pijeska istalo\u017eenog na dnu toplog tropskog mora, prije 80 milijuna godina, na krajem doba dinosaura. Pijesak je nastao od ostataka \u0161koljaka i drugih morskih organizama, koji su gradili svoje skelete od kalcijevog karbonata otopljenog u moru.<\/p><\/div><\/div><div class='content-column one_third'><div style=\"padding-right:6px;\"><p>The massive white limestones was formed from carbonate sand deposited at the bottom of the warm tropical sea, 80 million years ago, at the end of the dinosaur age. The sand was created from the remains of shells and other marine organisms, which built their skeletons from calcium carbonate dissolved in the sea water.<\/p><\/div><\/div><div class='content-column one_third last_column'><div style=\"padding-right:0px;padding-left:6px;\"><p>Der wei\u00dfe Kalkstein entstand aus Karbonatsand, der sich vor 80 Millionen Jahren, am Ende der Dinosaurier\u00e4ra, am Grund eines warmen tropischen Meeres ablagerte. Sand entstand aus den \u00dcberresten von Muscheln und anderen Meeresorganismen, die ihre Skelette aus im Meer gel\u00f6stem Kalziumkarbonat bauten.<\/p><\/div><\/div><div class='clear_column'><\/div><div class='content-column one_third'><div style=\"padding-right:6px;\"><p>U stijenama se pod mikroskopom vide sitne krhotine\u00a0 lju\u0161tura i mikrofosili foraminifera. Fosili rudista &#8211; izumrlih \u0161koljka\u0161a, glavnih proizvo\u0111a\u010da karbonatnog materijala od kojih je stijena nastala, vide se prostim okom. Ljudi su od davnina &#8222;brali&#8220; blokove tih bijelih, masivnih stijena i koristili ih za izgradnju grada Hvara.<\/p><\/div><\/div><div class='content-column one_third'><div style=\"padding-right:6px;\"><p>Small fragments of shells and microfossils of foraminifera can be seen in the rocks under a microscope. Fossils of rudists &#8211; extinct bivalves, the main producers of the carbonate material from which the rock was formed, can be seen with the naked eye. Since ancient times, people have been &#8222;picking&#8220; blcks of these white, massive rocks and using them to build the city of Hvar.<\/p><\/div><\/div><div class='content-column one_third last_column'><div style=\"padding-right:0px;padding-left:6px;\"><p>Unter dem Mikroskop sind in den Gesteinen winzige Muschelfragmente und Mikrofossilien von Foraminiferen zu erkennen. Fossilien von Rudisten \u2013 ausgestorbenen Muscheln, den Hauptproduzenten des Karbonatmaterials, aus dem das Gestein entstand \u2013 sind mit blo\u00dfem Auge sichtbar. Seit der Antike haben die Menschen Bl\u00f6cke aus diesen wei\u00dfen, massiven Felsen \u201egepickt\u201c und sie zum Bau der Stadt Hvar verwendet.<\/p><\/div><\/div><div class='clear_column'><\/div><\/p>\n<p><img loading=\"lazy\" decoding=\"async\" class=\"aligncenter size-full wp-image-72258\" src=\"https:\/\/www.topohvar.at\/wp-content\/uploads\/2025\/05\/hv-ip-15-21.jpg\" alt=\"\" width=\"730\" height=\"530\" srcset=\"https:\/\/www.topohvar.at\/wp-content\/uploads\/2025\/05\/hv-ip-15-21.jpg 730w, https:\/\/www.topohvar.at\/wp-content\/uploads\/2025\/05\/hv-ip-15-21-300x218.jpg 300w\" sizes=\"auto, (max-width: 730px) 100vw, 730px\" \/><\/p>\n<p style=\"text-align: right;\"><span style=\"color: #3366ff;\"><a style=\"color: #3366ff;\" href=\"#seite_oben\">natrag na vrh \/ Seitenanfang<\/a><\/span><\/p>\n<hr \/>\n<p><strong>Linkovi \/ Links<\/strong><\/p>\n<p><span style=\"color: #3366ff;\">&#8211;<\/span><\/p>\n","protected":false},"excerpt":{"rendered":"<p>Ime \/ Name Informativna plo\u010da \u00bbGeostaza Hvar &#8211; 1. Pokonji dol\u00ab \/ Geotrail Hvar Code: HV-IP-15\u00a0 \u00a0 \u00a0 \u00a0 \u00a0 \u00a0 \u00a0 \u00a0 \u00a0 \u00a0 \u00a0 \u00a0 \u00a0 \u00a0 \u00a0 \u00a0 \u00a0 \u00a0 \u00a0 \u00a0 Adresa \/ Adresse Grad Hvar, &hellip; <a href=\"https:\/\/www.topohvar.at\/topo\/orte\/hv\/hv-ip-15-1\/\">Weiterlesen <span class=\"meta-nav\">&rarr;<\/span><\/a><\/p>\n","protected":false},"author":1,"featured_media":0,"parent":80,"menu_order":0,"comment_status":"closed","ping_status":"closed","template":"","meta":{"footnotes":""},"class_list":["post-72256","page","type-page","status-publish","hentry"],"_links":{"self":[{"href":"https:\/\/www.topohvar.at\/topo\/wp-json\/wp\/v2\/pages\/72256","targetHints":{"allow":["GET"]}}],"collection":[{"href":"https:\/\/www.topohvar.at\/topo\/wp-json\/wp\/v2\/pages"}],"about":[{"href":"https:\/\/www.topohvar.at\/topo\/wp-json\/wp\/v2\/types\/page"}],"author":[{"embeddable":true,"href":"https:\/\/www.topohvar.at\/topo\/wp-json\/wp\/v2\/users\/1"}],"replies":[{"embeddable":true,"href":"https:\/\/www.topohvar.at\/topo\/wp-json\/wp\/v2\/comments?post=72256"}],"version-history":[{"count":7,"href":"https:\/\/www.topohvar.at\/topo\/wp-json\/wp\/v2\/pages\/72256\/revisions"}],"predecessor-version":[{"id":72287,"href":"https:\/\/www.topohvar.at\/topo\/wp-json\/wp\/v2\/pages\/72256\/revisions\/72287"}],"up":[{"embeddable":true,"href":"https:\/\/www.topohvar.at\/topo\/wp-json\/wp\/v2\/pages\/80"}],"wp:attachment":[{"href":"https:\/\/www.topohvar.at\/topo\/wp-json\/wp\/v2\/media?parent=72256"}],"curies":[{"name":"wp","href":"https:\/\/api.w.org\/{rel}","templated":true}]}}