{"id":72266,"date":"2025-05-22T15:52:10","date_gmt":"2025-05-22T13:52:10","guid":{"rendered":"https:\/\/www.topohvar.at\/topo\/?page_id=72266"},"modified":"2025-05-22T16:14:41","modified_gmt":"2025-05-22T14:14:41","slug":"hv-ip-16-1","status":"publish","type":"page","link":"https:\/\/www.topohvar.at\/topo\/orte\/hv\/hv-ip-16-1\/","title":{"rendered":"HVAR &#8211; Informativna plo\u010da \u00bbGeostaza Hvar &#8211; 2. . Kri\u017eni rat\u00ab"},"content":{"rendered":"<p><a name=\"seite_oben\"><\/a><br \/>\n<img loading=\"lazy\" decoding=\"async\" class=\"aligncenter wp-image-72267 size-full\" src=\"https:\/\/www.topohvar.at\/wp-content\/uploads\/2025\/05\/hv-ip-16-0.jpg\" alt=\"\" width=\"1080\" height=\"530\" srcset=\"https:\/\/www.topohvar.at\/wp-content\/uploads\/2025\/05\/hv-ip-16-0.jpg 1080w, https:\/\/www.topohvar.at\/wp-content\/uploads\/2025\/05\/hv-ip-16-0-300x147.jpg 300w, https:\/\/www.topohvar.at\/wp-content\/uploads\/2025\/05\/hv-ip-16-0-1024x503.jpg 1024w, https:\/\/www.topohvar.at\/wp-content\/uploads\/2025\/05\/hv-ip-16-0-768x377.jpg 768w\" sizes=\"auto, (max-width: 1080px) 100vw, 1080px\" \/><\/p>\n<p><strong>Ime \/ Name<br \/>\n<\/strong>Informativna plo\u010da \u00bbGeostaza Hvar &#8211; 2. Kri\u017eni rat\u00ab \/ Geotrail Hvar<\/p>\n<p><strong>Code: <\/strong>HV-IP-16\u00a0 \u00a0 \u00a0 \u00a0 \u00a0 \u00a0 \u00a0 \u00a0 \u00a0 \u00a0 \u00a0 \u00a0 \u00a0 \u00a0 \u00a0 \u00a0 \u00a0 \u00a0 <a href=\"https:\/\/www.topohvar.at\/hv-is-37-1\/\"><img loading=\"lazy\" decoding=\"async\" class=\"alignnone wp-image-12300 size-full\" src=\"https:\/\/www.topohvar.at\/wp-content\/uploads\/2018\/09\/push-vor-30.jpg\" alt=\"\" width=\"61\" height=\"30\" \/><\/a>\u00a0<strong><a href=\"https:\/\/www.topohvar.at\/orte\/hv\/hv-ip-15-1\/\"><img loading=\"lazy\" decoding=\"async\" class=\"alignnone wp-image-533 size-full\" src=\"https:\/\/www.topohvar.at\/wp-content\/uploads\/2018\/07\/push-l-30.jpg\" alt=\"\" width=\"61\" height=\"30\" \/><\/a> <a href=\"https:\/\/www.topohvar.at\/orte\/hv\/\"><img loading=\"lazy\" decoding=\"async\" class=\"alignnone wp-image-535 size-full\" src=\"https:\/\/www.topohvar.at\/wp-content\/uploads\/2018\/07\/push-o-30.jpg\" alt=\"\" width=\"61\" height=\"30\" \/><\/a> <a href=\"https:\/\/www.topohvar.at\/orte\/hv\/hv-ip-17-1\/\"><img loading=\"lazy\" decoding=\"async\" class=\"alignnone wp-image-536 size-full\" src=\"https:\/\/www.topohvar.at\/wp-content\/uploads\/2018\/07\/push-r-30.jpg\" alt=\"\" width=\"61\" height=\"30\" \/><\/a>\u00a0<a href=\"https:\/\/www.topohvar.at\/hv-is-37-1\/\"><img loading=\"lazy\" decoding=\"async\" class=\"alignnone wp-image-12299 size-full\" src=\"https:\/\/www.topohvar.at\/wp-content\/uploads\/2018\/09\/push-next-30.jpg\" alt=\"\" width=\"61\" height=\"30\" \/><\/a><\/strong><\/p>\n<hr \/>\n<p><strong>Adresa \/ Adresse<br \/>\n<\/strong>Grad Hvar, Kri\u017eni rat<\/p>\n<p><strong>Lokacija<\/strong><strong> \/ Position<a href=\"https:\/\/maps.app.goo.gl\/qBUACDFKUUkERJ2r7\"><img loading=\"lazy\" decoding=\"async\" class=\"alignright wp-image-72277\" src=\"https:\/\/www.topohvar.at\/wp-content\/uploads\/2025\/05\/4345.jpg\" alt=\"\" width=\"134\" height=\"100\" \/><\/a><br \/>\n<\/strong><a href=\"https:\/\/maps.app.goo.gl\/qBUACDFKUUkERJ2r7\"><span style=\"color: #3366ff;\">Latitude: N 43,16460\u00b0\u00a0 \u00a0Longitude: E 16,44152\u00b0 <\/span><\/a><strong><br \/>\n<\/strong>Visina \/ H\u00f6he: 7 m<\/p>\n<p><strong>Katastarska \u010destica<\/strong><strong> \/ Grundst\u00fccke<br \/>\n<\/strong>3908\/13<div class='content-column one_half'><div style=\"padding-right:6px;\"><p><strong>Datum snimanja \/ Erfassungsdatum<br \/>\n<\/strong>08.05.2025 11:35:39<\/p>\n<hr \/>\n<p><strong>Informacije<\/strong><\/p>\n<p>Uz obalu grada Hvara postavljeno je 7 plo\u010da s informacijama o lokalnoj geolo\u0161koj situaciji na hrvatskom i engleskom jeziku.<\/p><\/div><\/div><div class='content-column one_half last_column'><div style=\"padding-right:0px;padding-left:6px;\"><p><strong>Stupanj za\u0161tite<\/strong><strong> \/ Schutzstellung<br \/>\n<\/strong>&#8211;<\/p>\n<hr \/>\n<p><strong>Info<\/strong><\/p>\n<p>Entlang der K\u00fcste der Stadt Hvar wurden 7 Tafeln aufgestellt, die Informationen \u00fcber die \u00f6rtliche geologische Situation in kroatischer und englischer Sprache beinhalten.<\/p><\/div><\/div><div class='clear_column'><\/div><\/p>\n<div class='content-column one_third'><div style=\"padding-right:6px;\"><p>Druga plo\u010da uklju\u010duje:<\/p>\n<p style=\"text-align: center;\">GEOSTAZA HVAR<br \/>\n<strong>2. KRI\u017dNI RAT<\/strong><br \/>\nRudisti &#8211; veliki fosilni \u0161koljka\u0161i neobi\u010dnih oblika<\/p><\/div><\/div><div class='content-column one_third'><div style=\"padding-right:6px;\"><p>The 2nd panel includes:<\/p>\n<p style=\"text-align: center;\">GEOTRAIL HVAR<br \/>\n<strong>2. KRI\u017dNI RAT<\/strong><br \/>\nRudists &#8211; large fossil bivalves of unusual shapes<\/p><\/div><\/div><div class='content-column one_third last_column'><div style=\"padding-right:0px;padding-left:6px;\"><p>Die 2. Tafel beinhaltet:<\/p>\n<p style=\"text-align: center;\">GEOTRAIL HVAR<br \/>\n<strong>2. KRI\u017dNI RAT<\/strong><br \/>\nRudisten \u2013 gro\u00dfe fossile Muscheln mit ungew\u00f6hnlichen Formen<\/p><\/div><\/div><div class='clear_column'><\/div><div class='content-column one_third'><div style=\"padding-right:6px;\"><p>Rudisti su veliki izumrli \u0161koljka\u0161i koji su masovno \u017eivjeli na dnu toplih tropskih mora krajem doba dinosaura, pa tako i na pradavnoj Jadranskoj karbonatnoj platformi. Na dnu tog plitkog mora nakupljale su se velike koli\u010dine pijeska od usitnjenih dijelova lju\u0161tura rudista i drugih morskih organizama a od pijeska su nastajale karbonatne stijene koje geolozi nazivaju Rudistni vapnenac.<\/p><\/div><\/div><div class='content-column one_third'><div style=\"padding-right:6px;\"><p>Rudists are large extinct bivalves that lived en masse at the bottom of warm tropical seas at the end of the dinosaur age, and also on the ancient Adriatic carbonate platform. At the bottom of that shallow sea, larghe amounts of sand accumulated from crushed parts of rudist shells and other marine organisms.<\/p><\/div><\/div><div class='content-column one_third last_column'><div style=\"padding-right:0px;padding-left:6px;\"><p>Rudisten sind gro\u00dfe, ausgestorbene Muscheln, die am Ende des Dinosaurierzeitalters in Massen auf dem Grund warmer tropischer Meere lebten, unter anderem auf der alten adriatischen Karbonatplattform. Auf dem Grund dieses flachen Meeres haben sich gro\u00dfe Mengen Sand aus zerkleinerten Teilen der Schalen von Rudisten und anderen Meeresorganismen angesammelt und der Sand bildete Karbonatgesteine, die Geologen als Rudist-Kalkstein bezeichnen.<\/p><\/div><\/div><div class='clear_column'><\/div><div class='content-column one_third'><div style=\"padding-right:6px;\"><p>Fosile rudista nalazimo &#8222;zarobljene&#8220; u bijelim karbonatnim stijenama ju\u017enog dijela grada Hvara koje su stare oko 80 milijuna godina. Na povr\u0161ini stijene vide se presjeci bijelih i sme\u0111ih lju\u0161tura raznih rudista koje imaju du\u017einu i do pola metra.<\/p><\/div><\/div><div class='content-column one_third'><div style=\"padding-right:6px;\"><p>From the accumulated sand carbonate rocks were formed, which geologists call Rudist limestone. Rudist fossils are found &#8222;trapped&#8220; in the white carbonate rocks of the southern part of the town of Hvar, and are around 80 million years old. On the surface of the rock, sections of white and brown shells of various rudists can be seen, which are up to half a meter long.<\/p><\/div><\/div><div class='content-column one_third last_column'><div style=\"padding-right:0px;padding-left:6px;\"><p>Wir finden in den wei\u00dfen Karbonatfelsen im s\u00fcdlichen Teil der Stadt Hvar \u201egefangene\u201c Rudistenfossilien, die etwa 80 Millionen Jahre alt sind. Auf der Gesteinsoberfl\u00e4che sind bis zu einem halben Meter lange Querschnitte wei\u00dfer und brauner Schalen verschiedener Erzvorkommen zu erkennen.<\/p><\/div><\/div><div class='clear_column'><\/div><\/p>\n<p><img loading=\"lazy\" decoding=\"async\" class=\"aligncenter wp-image-72268 size-full\" src=\"https:\/\/www.topohvar.at\/wp-content\/uploads\/2025\/05\/hv-ip-16-21.jpg\" alt=\"\" width=\"786\" height=\"530\" srcset=\"https:\/\/www.topohvar.at\/wp-content\/uploads\/2025\/05\/hv-ip-16-21.jpg 786w, https:\/\/www.topohvar.at\/wp-content\/uploads\/2025\/05\/hv-ip-16-21-300x202.jpg 300w, https:\/\/www.topohvar.at\/wp-content\/uploads\/2025\/05\/hv-ip-16-21-768x518.jpg 768w\" sizes=\"auto, (max-width: 786px) 100vw, 786px\" \/><\/p>\n<p style=\"text-align: right;\"><span style=\"color: #3366ff;\"><a style=\"color: #3366ff;\" href=\"#seite_oben\">natrag na vrh \/ Seitenanfang<\/a><\/span><\/p>\n<hr \/>\n<p><strong>Linkovi \/ Links<\/strong><\/p>\n<p><span style=\"color: #3366ff;\">&#8211;<\/span><\/p>\n","protected":false},"excerpt":{"rendered":"<p>Ime \/ Name Informativna plo\u010da \u00bbGeostaza Hvar &#8211; 2. Kri\u017eni rat\u00ab \/ Geotrail Hvar Code: HV-IP-16\u00a0 \u00a0 \u00a0 \u00a0 \u00a0 \u00a0 \u00a0 \u00a0 \u00a0 \u00a0 \u00a0 \u00a0 \u00a0 \u00a0 \u00a0 \u00a0 \u00a0 \u00a0 \u00a0 \u00a0 Adresa \/ Adresse Grad Hvar, &hellip; <a href=\"https:\/\/www.topohvar.at\/topo\/orte\/hv\/hv-ip-16-1\/\">Weiterlesen <span class=\"meta-nav\">&rarr;<\/span><\/a><\/p>\n","protected":false},"author":1,"featured_media":0,"parent":80,"menu_order":0,"comment_status":"closed","ping_status":"closed","template":"","meta":{"footnotes":""},"class_list":["post-72266","page","type-page","status-publish","hentry"],"_links":{"self":[{"href":"https:\/\/www.topohvar.at\/topo\/wp-json\/wp\/v2\/pages\/72266","targetHints":{"allow":["GET"]}}],"collection":[{"href":"https:\/\/www.topohvar.at\/topo\/wp-json\/wp\/v2\/pages"}],"about":[{"href":"https:\/\/www.topohvar.at\/topo\/wp-json\/wp\/v2\/types\/page"}],"author":[{"embeddable":true,"href":"https:\/\/www.topohvar.at\/topo\/wp-json\/wp\/v2\/users\/1"}],"replies":[{"embeddable":true,"href":"https:\/\/www.topohvar.at\/topo\/wp-json\/wp\/v2\/comments?post=72266"}],"version-history":[{"count":8,"href":"https:\/\/www.topohvar.at\/topo\/wp-json\/wp\/v2\/pages\/72266\/revisions"}],"predecessor-version":[{"id":72278,"href":"https:\/\/www.topohvar.at\/topo\/wp-json\/wp\/v2\/pages\/72266\/revisions\/72278"}],"up":[{"embeddable":true,"href":"https:\/\/www.topohvar.at\/topo\/wp-json\/wp\/v2\/pages\/80"}],"wp:attachment":[{"href":"https:\/\/www.topohvar.at\/topo\/wp-json\/wp\/v2\/media?parent=72266"}],"curies":[{"name":"wp","href":"https:\/\/api.w.org\/{rel}","templated":true}]}}