{"id":72275,"date":"2025-05-22T16:38:34","date_gmt":"2025-05-22T14:38:34","guid":{"rendered":"https:\/\/www.topohvar.at\/topo\/?page_id=72275"},"modified":"2025-05-22T17:10:39","modified_gmt":"2025-05-22T15:10:39","slug":"hv-ip-17-1","status":"publish","type":"page","link":"https:\/\/www.topohvar.at\/topo\/orte\/hv\/hv-ip-17-1\/","title":{"rendered":"HVAR &#8211; Informativna plo\u010da \u00bbGeostaza Hvar &#8211; 3. Kri\u017ena luka &#8211; Macel\u00ab"},"content":{"rendered":"<p><a name=\"seite_oben\"><\/a><br \/>\n<img loading=\"lazy\" decoding=\"async\" class=\"aligncenter wp-image-72279 size-full\" src=\"https:\/\/www.topohvar.at\/wp-content\/uploads\/2025\/05\/hv-ip-17-0.jpg\" alt=\"\" width=\"1080\" height=\"530\" srcset=\"https:\/\/www.topohvar.at\/wp-content\/uploads\/2025\/05\/hv-ip-17-0.jpg 1080w, https:\/\/www.topohvar.at\/wp-content\/uploads\/2025\/05\/hv-ip-17-0-300x147.jpg 300w, https:\/\/www.topohvar.at\/wp-content\/uploads\/2025\/05\/hv-ip-17-0-1024x503.jpg 1024w, https:\/\/www.topohvar.at\/wp-content\/uploads\/2025\/05\/hv-ip-17-0-768x377.jpg 768w\" sizes=\"auto, (max-width: 1080px) 100vw, 1080px\" \/><\/p>\n<p><strong>Ime \/ Name<br \/>\n<\/strong>Informativna plo\u010da \u00bbGeostaza Hvar &#8211; 3. Kri\u017ena luka &#8211; Macel\u00ab \/ Geotrail Hvar<\/p>\n<p><strong>Code: <\/strong>HV-IP-17\u00a0 \u00a0 \u00a0 \u00a0 \u00a0 \u00a0 \u00a0 \u00a0 \u00a0 \u00a0 \u00a0 \u00a0 \u00a0 \u00a0 \u00a0 \u00a0 \u00a0 \u00a0 <a href=\"https:\/\/www.topohvar.at\/hv-is-37-1\/\"><img loading=\"lazy\" decoding=\"async\" class=\"alignnone wp-image-12300 size-full\" src=\"https:\/\/www.topohvar.at\/wp-content\/uploads\/2018\/09\/push-vor-30.jpg\" alt=\"\" width=\"61\" height=\"30\" \/><\/a>\u00a0<strong><a href=\"https:\/\/www.topohvar.at\/orte\/hv\/hv-ip-16-1\/\"><img loading=\"lazy\" decoding=\"async\" class=\"alignnone wp-image-533 size-full\" src=\"https:\/\/www.topohvar.at\/wp-content\/uploads\/2018\/07\/push-l-30.jpg\" alt=\"\" width=\"61\" height=\"30\" \/><\/a> <a href=\"https:\/\/www.topohvar.at\/orte\/hv\/\"><img loading=\"lazy\" decoding=\"async\" class=\"alignnone wp-image-535 size-full\" src=\"https:\/\/www.topohvar.at\/wp-content\/uploads\/2018\/07\/push-o-30.jpg\" alt=\"\" width=\"61\" height=\"30\" \/><\/a> <a href=\"https:\/\/www.topohvar.at\/orte\/hv\/hv-ip-08-1\/\"><img loading=\"lazy\" decoding=\"async\" class=\"alignnone wp-image-536 size-full\" src=\"https:\/\/www.topohvar.at\/wp-content\/uploads\/2018\/07\/push-r-30.jpg\" alt=\"\" width=\"61\" height=\"30\" \/><\/a>\u00a0<a href=\"https:\/\/www.topohvar.at\/hv-is-37-1\/\"><img loading=\"lazy\" decoding=\"async\" class=\"alignnone wp-image-12299 size-full\" src=\"https:\/\/www.topohvar.at\/wp-content\/uploads\/2018\/09\/push-next-30.jpg\" alt=\"\" width=\"61\" height=\"30\" \/><\/a><\/strong><\/p>\n<hr \/>\n<p><strong>Adresa \/ Adresse<br \/>\n<\/strong>Grad Hvar, \u0160etali\u0161te put Kri\u017ea<\/p>\n<p><strong>Lokacija<\/strong><strong> \/ Position<a href=\"https:\/\/maps.app.goo.gl\/6r1i25VmesfTWHPD7\"><img loading=\"lazy\" decoding=\"async\" class=\"alignright wp-image-72281\" src=\"https:\/\/www.topohvar.at\/wp-content\/uploads\/2025\/05\/4346.jpg\" alt=\"\" width=\"125\" height=\"100\" \/><\/a><br \/>\n<\/strong><a href=\"https:\/\/maps.app.goo.gl\/6r1i25VmesfTWHPD7\"><span style=\"color: #3366ff;\">Latitude: N 43,16756\u00b0\u00a0 \u00a0Longitude: E 16,44359\u00b0 <\/span><\/a><strong><br \/>\n<\/strong>Visina \/ H\u00f6he: 7 m<\/p>\n<p><strong>Katastarska \u010destica<\/strong><strong> \/ Grundst\u00fccke<br \/>\n<\/strong>4511\/1<div class='content-column one_half'><div style=\"padding-right:6px;\"><p><strong>Datum snimanja \/ Erfassungsdatum<br \/>\n<\/strong>08.05.2025 11:23:31<\/p>\n<hr \/>\n<p><strong>Informacije<\/strong><\/p>\n<p>Uz obalu grada Hvara postavljeno je 7 plo\u010da s informacijama o lokalnoj geolo\u0161koj situaciji na hrvatskom i engleskom jeziku.<\/p><\/div><\/div><div class='content-column one_half last_column'><div style=\"padding-right:0px;padding-left:6px;\"><p><strong>Stupanj za\u0161tite<\/strong><strong> \/ Schutzstellung<br \/>\n<\/strong>&#8211;<\/p>\n<hr \/>\n<p><strong>Info<\/strong><\/p>\n<p>Entlang der K\u00fcste der Stadt Hvar wurden 7 Tafeln aufgestellt, die Informationen \u00fcber die \u00f6rtliche geologische Situation in kroatischer und englischer Sprache beinhalten.<\/p><\/div><\/div><div class='clear_column'><\/div><\/p>\n<div class='content-column one_third'><div style=\"padding-right:6px;\"><p>Tre\u0107a plo\u010da uklju\u010duje:<\/p>\n<p style=\"text-align: center;\">GEOSTAZA HVAR<br \/>\n<strong>3. KRI\u017dNA LUKA &#8211; MACEL<\/strong><br \/>\nSive &#8220; prugasti&#8220; dolomit &#8211; okamenjene algalne livade iz doba dinosaura<\/p><\/div><\/div><div class='content-column one_third'><div style=\"padding-right:6px;\"><p>The 3rd panell includes:<\/p>\n<p style=\"text-align: center;\">GEOTRAIL HVAR<br \/>\n<strong>3. KRI\u017dNA LUKA &#8211; MACEL<\/strong><br \/>\nGray &#8222;striped&#8220; dolomite &#8211; petrified algal meadows from the age of dinosaurs<\/p><\/div><\/div><div class='content-column one_third last_column'><div style=\"padding-right:0px;padding-left:6px;\"><p>Die 3. Tafel beinhaltet:<\/p>\n<p style=\"text-align: center;\">GEOTRAIL HVAR<br \/>\n<strong>3. KRI\u017dNA LUKA &#8211; MACEL<\/strong><br \/>\nGrauer \u201egestreifter\u201c Dolomit \u2013 versteinerte Algenwiesen aus der Zeit der Dinosaurier<\/p><\/div><\/div><div class='clear_column'><\/div><div class='content-column one_third'><div style=\"padding-right:6px;\"><p>Tijekom izmjena plime i oseke na plimnim ravnicama niskih, prostranih otoka Jadranske karbonatne platforme, morski mulj se lijepio na sluzave algalne livade pa su stvorene stijene laminirane strukture &#8211; &#8222;prugasti&#8220; dolomiti. Mali rudisti (Bournonia adriatica) \u017eivjeli su u plimnim kanalima, djelom ukopani u mulj i prilago\u0111avali se izmjenama plime i oseke.<\/p><\/div><\/div><div class='content-column one_third'><div style=\"padding-right:6px;\"><p>During the changes of tides on the tidal flats of the low, spacious islands of the Adriatic Carbonate Platform, sea mud stuck tothe slimy algal meadows, creating rocks of a laminated structure &#8211; &#8222;striped&#8220; dolomites. Small rudists (Bournonia adriatica) lived in the tidal channels, partially buried in mud, and adapted to tidal changes.<\/p><\/div><\/div><div class='content-column one_third last_column'><div style=\"padding-right:0px;padding-left:6px;\"><p>W\u00e4hrend der Gezeiten an den Wattfl\u00e4chen der flachen, weitl\u00e4ufigen Inseln der adriatischen Karbonatplattform haftete Meeresschlamm an den schleimigen Algenwiesen und bildete so Gesteine \u200b\u200bmit laminierter Struktur \u2013 \u201egestreifte\u201c Dolomite. Kleine Rudisten (Bournonia adriatica) lebten in Gezeitenkan\u00e4len, teilweise im Schlamm vergraben und passten sich den Gezeitenwechseln an.<\/p><\/div><\/div><div class='clear_column'><\/div><div class='content-column one_third'><div style=\"padding-right:6px;\"><p>Tako je nastala vi\u0161e stotina metara debela &#8222;torta&#8220; od slojeva dolomitne stijene. Kod uzdizanja Dinarida, slojevi stijena su uko\u0161eni i erodirani, a na njima je izgra\u0111en sredi\u0161nji dio grada Hvara.<\/p><\/div><\/div><div class='content-column one_third'><div style=\"padding-right:6px;\"><p>This is how a several hundred meters thick &#8222;cake&#8220; was formed, mainly from layers of dolomite rock: During the rise of the Dinarides, the rock layers were tilted and eroded, and the centrl part of the town of Hvar was built on them.<\/p><\/div><\/div><div class='content-column one_third last_column'><div style=\"padding-right:0px;padding-left:6px;\"><p>Dadurch entstand ein mehrere hundert Meter dicker \u201eKuchen\u201c aus Dolomitgesteinsschichten. W\u00e4hrend der Entstehung der Dinariden wurden die Gesteinsschichten gekippt und erodiert, und auf ihnen wurde der zentrale Teil der Stadt Hvar errichtet.<\/p><\/div><\/div><div class='clear_column'><\/div><\/p>\n<p><img loading=\"lazy\" decoding=\"async\" class=\"aligncenter wp-image-72280 size-full\" src=\"https:\/\/www.topohvar.at\/wp-content\/uploads\/2025\/05\/hv-ip-17-21.jpg\" alt=\"\" width=\"800\" height=\"530\" srcset=\"https:\/\/www.topohvar.at\/wp-content\/uploads\/2025\/05\/hv-ip-17-21.jpg 800w, https:\/\/www.topohvar.at\/wp-content\/uploads\/2025\/05\/hv-ip-17-21-300x199.jpg 300w, https:\/\/www.topohvar.at\/wp-content\/uploads\/2025\/05\/hv-ip-17-21-768x509.jpg 768w\" sizes=\"auto, (max-width: 800px) 100vw, 800px\" \/><\/p>\n<p style=\"text-align: right;\"><span style=\"color: #3366ff;\"><a style=\"color: #3366ff;\" href=\"#seite_oben\">natrag na vrh \/ Seitenanfang<\/a><\/span><\/p>\n<hr \/>\n<p><strong>Linkovi \/ Links<\/strong><\/p>\n<p><span style=\"color: #3366ff;\">&#8211;<\/span><\/p>\n","protected":false},"excerpt":{"rendered":"<p>Ime \/ Name Informativna plo\u010da \u00bbGeostaza Hvar &#8211; 3. Kri\u017ena luka &#8211; Macel\u00ab \/ Geotrail Hvar Code: HV-IP-17\u00a0 \u00a0 \u00a0 \u00a0 \u00a0 \u00a0 \u00a0 \u00a0 \u00a0 \u00a0 \u00a0 \u00a0 \u00a0 \u00a0 \u00a0 \u00a0 \u00a0 \u00a0 \u00a0 \u00a0 Adresa \/ Adresse &hellip; <a href=\"https:\/\/www.topohvar.at\/topo\/orte\/hv\/hv-ip-17-1\/\">Weiterlesen <span class=\"meta-nav\">&rarr;<\/span><\/a><\/p>\n","protected":false},"author":1,"featured_media":0,"parent":80,"menu_order":0,"comment_status":"closed","ping_status":"closed","template":"","meta":{"footnotes":""},"class_list":["post-72275","page","type-page","status-publish","hentry"],"_links":{"self":[{"href":"https:\/\/www.topohvar.at\/topo\/wp-json\/wp\/v2\/pages\/72275","targetHints":{"allow":["GET"]}}],"collection":[{"href":"https:\/\/www.topohvar.at\/topo\/wp-json\/wp\/v2\/pages"}],"about":[{"href":"https:\/\/www.topohvar.at\/topo\/wp-json\/wp\/v2\/types\/page"}],"author":[{"embeddable":true,"href":"https:\/\/www.topohvar.at\/topo\/wp-json\/wp\/v2\/users\/1"}],"replies":[{"embeddable":true,"href":"https:\/\/www.topohvar.at\/topo\/wp-json\/wp\/v2\/comments?post=72275"}],"version-history":[{"count":5,"href":"https:\/\/www.topohvar.at\/topo\/wp-json\/wp\/v2\/pages\/72275\/revisions"}],"predecessor-version":[{"id":72286,"href":"https:\/\/www.topohvar.at\/topo\/wp-json\/wp\/v2\/pages\/72275\/revisions\/72286"}],"up":[{"embeddable":true,"href":"https:\/\/www.topohvar.at\/topo\/wp-json\/wp\/v2\/pages\/80"}],"wp:attachment":[{"href":"https:\/\/www.topohvar.at\/topo\/wp-json\/wp\/v2\/media?parent=72275"}],"curies":[{"name":"wp","href":"https:\/\/api.w.org\/{rel}","templated":true}]}}