{"id":72388,"date":"2025-05-23T17:19:53","date_gmt":"2025-05-23T15:19:53","guid":{"rendered":"https:\/\/www.topohvar.at\/topo\/?page_id=72388"},"modified":"2025-05-23T18:31:55","modified_gmt":"2025-05-23T16:31:55","slug":"su-in-09-1","status":"publish","type":"page","link":"https:\/\/www.topohvar.at\/topo\/orte\/su\/su-in-09-1\/","title":{"rendered":"SU\u0106URAJ \u2013 Natpis \u00bbB 1901 M\u00ab"},"content":{"rendered":"<p><strong><img loading=\"lazy\" decoding=\"async\" class=\"aligncenter wp-image-72387 size-full\" src=\"https:\/\/www.topohvar.at\/wp-content\/uploads\/2025\/05\/su-in-xx-1.jpg\" alt=\"\" width=\"710\" height=\"350\" srcset=\"https:\/\/www.topohvar.at\/wp-content\/uploads\/2025\/05\/su-in-xx-1.jpg 710w, https:\/\/www.topohvar.at\/wp-content\/uploads\/2025\/05\/su-in-xx-1-300x148.jpg 300w\" sizes=\"auto, (max-width: 710px) 100vw, 710px\" \/><\/strong><\/p>\n<p><strong>Ime \/ Name<br \/>\n<\/strong>Natpis \/ Inschrift \u00bbB 1901 M\u00ab<\/p>\n<p><strong>Code: <\/strong>SU-IN-09\u00a0 \u00a0 \u00a0 \u00a0 \u00a0 \u00a0 \u00a0 \u00a0 \u00a0 \u00a0 \u00a0 \u00a0 \u00a0 \u00a0 \u00a0 \u00a0 \u00a0 \u00a0 \u00a0 \u00a0 \u00a0<strong><a href=\"https:\/\/www.topohvar.at\/orte\/su\/su-in-07-1\/\"><img loading=\"lazy\" decoding=\"async\" class=\"alignnone wp-image-533 size-full\" src=\"https:\/\/www.topohvar.at\/wp-content\/uploads\/2018\/07\/push-l-30.jpg\" alt=\"\" width=\"61\" height=\"30\" \/><\/a> <a href=\"https:\/\/www.topohvar.at\/orte\/su\/\"><img loading=\"lazy\" decoding=\"async\" class=\"alignnone wp-image-535 size-full\" src=\"https:\/\/www.topohvar.at\/wp-content\/uploads\/2018\/07\/push-o-30.jpg\" alt=\"\" width=\"61\" height=\"30\" \/><\/a>\u00a0<a href=\"https:\/\/www.topohvar.at\/orte\/su\/su-in-05-1\/\"><img loading=\"lazy\" decoding=\"async\" class=\"alignnone wp-image-536 size-full\" src=\"https:\/\/www.topohvar.at\/wp-content\/uploads\/2018\/07\/push-r-30.jpg\" alt=\"\" width=\"61\" height=\"30\" \/><\/a><\/strong><\/p>\n<hr \/>\n<p><strong>Adresa \/ Adresse<br \/>\n<\/strong>Su\u0107uraj, Donja banda, Ponta Gubavaz<\/p>\n<p><strong>Lokacija \/ Position<img loading=\"lazy\" decoding=\"async\" class=\"alignright wp-image-387 size-full\" src=\"https:\/\/www.topohvar.at\/wp-content\/uploads\/2018\/07\/00-00-00-1.jpg\" alt=\"\" width=\"114\" height=\"56\" \/><br \/>\n<\/strong><span style=\"color: #3366ff;\">Latitude: N 43,124\u00b0 \u00a0 Longitude: E 17,187\u00b0<\/span><\/p>\n<p>Visina \/ H\u00f6he: &#8211; m<\/p>\n<p><strong>Katastarska \u010destica <\/strong><strong>\/ Grundst\u00fccke<br \/>\n<\/strong>&#8211; <div class='content-column one_half'><div style=\"padding-right:6px;\"><p><strong>Datum snimanja \/ Erfassungsdatum<br \/>\n<\/strong>23.05.2025 12:00:00<\/p>\n<hr \/>\n<p style=\"text-align: left;\"><strong>Informacije<\/strong><\/p>\n<p style=\"text-align: left;\">Su\u0107uraj, Donja banda (Ponta Gubavaz). Natpis na sjevernom zidu ku\u0107e Mihaljevi\u0107, koja je izgra\u0111ena 1901 godine.<\/p>\n<p style=\"text-align: center;\">B1901M\/B( ) 1901 M(ihaljevi\u0107).<\/p>\n<p style=\"text-align: center;\"><em>(Tekst i foto: Nik\u0161a Vujnovi\u0107, Facebook)<\/em><\/p><\/div><\/div><div class='content-column one_half last_column'><div style=\"padding-right:0px;padding-left:6px;\"><p><strong>Stupanj za\u0161tite<\/strong><strong> \/ Schutzstellung<br \/>\n<\/strong>&#8211;<\/p>\n<hr \/>\n<p><strong>Info<\/strong><\/p>\n<p>Su\u0107uraj, Donja banda (Ponta Gubavaz). Inschrift an der Nordwand des 1901 erbauten Mihaljevi\u0107-Hauses.<\/p>\n<p style=\"text-align: center;\">B1901M\/B( ) 1901 M(ihaljevi\u0107).<\/p>\n<p style=\"text-align: center;\"><em>(Text und Foto: Nik\u0161a Vujnovi\u0107, Facebook)<\/em><\/p><\/div><\/div><div class='clear_column'><\/div><\/p>\n<p style=\"text-align: right;\"><span style=\"color: #3366ff;\"><a style=\"color: #3366ff;\" href=\"#seite_oben\">natrag na vrh \/ Seitenanfang<\/a><\/span><\/p>\n<hr \/>\n<p><strong>Linkovi \/ Links<\/strong><\/p>\n<p>&#8211;<\/p>\n","protected":false},"excerpt":{"rendered":"<p>Ime \/ Name Natpis \/ Inschrift \u00bbB 1901 M\u00ab Code: SU-IN-09\u00a0 \u00a0 \u00a0 \u00a0 \u00a0 \u00a0 \u00a0 \u00a0 \u00a0 \u00a0 \u00a0 \u00a0 \u00a0 \u00a0 \u00a0 \u00a0 \u00a0 \u00a0 \u00a0 \u00a0 \u00a0 \u00a0 Adresa \/ Adresse Su\u0107uraj, Donja banda, Ponta Gubavaz &hellip; <a href=\"https:\/\/www.topohvar.at\/topo\/orte\/su\/su-in-09-1\/\">Weiterlesen <span class=\"meta-nav\">&rarr;<\/span><\/a><\/p>\n","protected":false},"author":1,"featured_media":0,"parent":103,"menu_order":0,"comment_status":"closed","ping_status":"closed","template":"","meta":{"footnotes":""},"class_list":["post-72388","page","type-page","status-publish","hentry"],"_links":{"self":[{"href":"https:\/\/www.topohvar.at\/topo\/wp-json\/wp\/v2\/pages\/72388","targetHints":{"allow":["GET"]}}],"collection":[{"href":"https:\/\/www.topohvar.at\/topo\/wp-json\/wp\/v2\/pages"}],"about":[{"href":"https:\/\/www.topohvar.at\/topo\/wp-json\/wp\/v2\/types\/page"}],"author":[{"embeddable":true,"href":"https:\/\/www.topohvar.at\/topo\/wp-json\/wp\/v2\/users\/1"}],"replies":[{"embeddable":true,"href":"https:\/\/www.topohvar.at\/topo\/wp-json\/wp\/v2\/comments?post=72388"}],"version-history":[{"count":4,"href":"https:\/\/www.topohvar.at\/topo\/wp-json\/wp\/v2\/pages\/72388\/revisions"}],"predecessor-version":[{"id":72392,"href":"https:\/\/www.topohvar.at\/topo\/wp-json\/wp\/v2\/pages\/72388\/revisions\/72392"}],"up":[{"embeddable":true,"href":"https:\/\/www.topohvar.at\/topo\/wp-json\/wp\/v2\/pages\/103"}],"wp:attachment":[{"href":"https:\/\/www.topohvar.at\/topo\/wp-json\/wp\/v2\/media?parent=72388"}],"curies":[{"name":"wp","href":"https:\/\/api.w.org\/{rel}","templated":true}]}}