{"id":726,"date":"2018-07-27T05:40:27","date_gmt":"2018-07-27T03:40:27","guid":{"rendered":"https:\/\/www.topohvar.at\/?page_id=726"},"modified":"2026-03-26T15:56:24","modified_gmt":"2026-03-26T14:56:24","slug":"bo-tr-01-2","status":"publish","type":"page","link":"https:\/\/www.topohvar.at\/topo\/orte\/bo\/bo-tr-01-2\/","title":{"rendered":"BOGOMOLJE &#8211; Trim BO-TR-01"},"content":{"rendered":"<p><a name=\"seite_oben\"><\/a><br \/>\n<strong><img loading=\"lazy\" decoding=\"async\" class=\"alignnone wp-image-21161 size-large\" src=\"https:\/\/www.topohvar.at\/wp-content\/uploads\/2019\/04\/bo-tr-01-11-1024x503.jpg\" alt=\"\" width=\"640\" height=\"314\" srcset=\"https:\/\/www.topohvar.at\/wp-content\/uploads\/2019\/04\/bo-tr-01-11-1024x503.jpg 1024w, https:\/\/www.topohvar.at\/wp-content\/uploads\/2019\/04\/bo-tr-01-11-300x147.jpg 300w, https:\/\/www.topohvar.at\/wp-content\/uploads\/2019\/04\/bo-tr-01-11-768x377.jpg 768w, https:\/\/www.topohvar.at\/wp-content\/uploads\/2019\/04\/bo-tr-01-11.jpg 1080w\" sizes=\"auto, (max-width: 640px) 100vw, 640px\" \/><\/strong><\/p>\n<p><strong>Ime \/ Name<br \/>\n<\/strong>Trim BO-TR-01<\/p>\n<p><strong>Code: <\/strong>BO-TR-01\u00a0 \u00a0 \u00a0 \u00a0 \u00a0 \u00a0 \u00a0 \u00a0 \u00a0 \u00a0 \u00a0 \u00a0 \u00a0 \u00a0 \u00a0 <a href=\"https:\/\/www.topohvar.at\/orte\/bo\/bo-tr-00-1\/\"><img loading=\"lazy\" decoding=\"async\" class=\"alignnone wp-image-12300 size-full\" src=\"https:\/\/www.topohvar.at\/wp-content\/uploads\/2018\/09\/push-vor-30.jpg\" alt=\"\" width=\"61\" height=\"30\" \/><\/a>\u00a0<strong><a href=\"https:\/\/www.topohvar.at\/orte\/bo\/bo-tr-08-1\/\"><img loading=\"lazy\" decoding=\"async\" class=\"alignnone wp-image-533 size-full\" src=\"https:\/\/www.topohvar.at\/wp-content\/uploads\/2018\/07\/push-l-30.jpg\" alt=\"\" width=\"61\" height=\"30\" \/><\/a> <a href=\"https:\/\/www.topohvar.at\/orte\/bo\/\"><img loading=\"lazy\" decoding=\"async\" class=\"alignnone wp-image-535 size-full\" src=\"https:\/\/www.topohvar.at\/wp-content\/uploads\/2018\/07\/push-o-30.jpg\" alt=\"\" width=\"61\" height=\"30\" \/><\/a> <a href=\"https:\/\/www.topohvar.at\/orte\/bo\/bo-tr-16-1\/\"><img loading=\"lazy\" decoding=\"async\" class=\"alignnone wp-image-536 size-full\" src=\"https:\/\/www.topohvar.at\/wp-content\/uploads\/2018\/07\/push-r-30.jpg\" alt=\"\" width=\"61\" height=\"30\" \/><\/a><\/strong><\/p>\n<hr \/>\n<p><strong>Adresa \/ Adresse<br \/>\n<\/strong>U isto\u010dnom, ju\u017eno od magistrale \/ im Osten, s\u00fcdlich der Hauptstra\u00dfe<\/p>\n<p><strong>Lokacija \/ Position<a href=\"https:\/\/goo.gl\/maps\/73WZ8FAWsE6iiqj2A\"><img loading=\"lazy\" decoding=\"async\" class=\"alignright wp-image-476\" src=\"https:\/\/www.topohvar.at\/wp-content\/uploads\/2018\/07\/0024.jpg\" alt=\"\" width=\"133\" height=\"100\" \/><\/a><br \/>\n<\/strong><a href=\"https:\/\/goo.gl\/maps\/73WZ8FAWsE6iiqj2A\">Latitude: N 43,13325\u00b0\u00a0 \u00a0Longitude: E 17,02097\u00b0<\/a> <strong><br \/>\n<\/strong>Visina \/ H\u00f6he: 204 m<\/p>\n<p><strong>Katastarska \u010destica \/ Grundst\u00fccke<br \/>\n<\/strong>3922\/27<div class='content-column one_half'><div style=\"padding-right:6px;\"><p><strong>Datum snimanja \/ Erfassungsdatum<br \/>\n<\/strong>26.05.2013 17:39:22<\/p>\n<hr \/>\n<p><strong>Informacije<\/strong><\/p>\n<p>Trim se nalazi u mre\u017ei suhozida u nedovoljno iskori\u0161tenim maslinicima.\u00a0Velika zgrada u vanjskom obliku dosta odstupa od trima na otoku Hvaru.\u00a0Zbog vi\u0161e nagnutih vanjskih zidova koji zavr\u0161avaju gotovo u obliku kupole i nemaju izra\u017eene gradacije, on vi\u0161e podsje\u0107a na francuske Bories.\u00a0Tako\u0111er je vrlo visok iznutra &#8211; u odnosu na njegov promjer.\u00a0Nagib kupole po\u010dinje na visini od oko 2 m! Lijevo od ulaza, blokovi stepenice vode do trimu.<\/p><\/div><\/div><\/p>\n<div class='content-column one_half last_column'><div style=\"padding-right:0px;padding-left:6px;\"><p><strong>Stupanj za\u0161tite \/ Schutzstellung<br \/>\n<\/strong>&#8211;<\/p>\n<hr \/>\n<p><strong>Info<\/strong><\/p>\n<p>Der Trim liegt in einem Netz von Trockensteinmauern in wenig genutzten Olivenhainen. Der gro\u00dfe Bau weicht in seiner \u00e4u\u00dferen Form ziemlich von den Trims auf der Insel Hvar ab. Durch seine st\u00e4rker geneigten Au\u00dfenw\u00e4nde die nach oben ann\u00e4hernd kuppelf\u00f6rmig enden und keine ausgepr\u00e4gten Abstufungen aufweisen, \u00e4hnelt er eher franz\u00f6sischen Bories. Er ist auch innen &#8211; im Verh\u00e4ltnis zu seinem Durchmesser &#8211; sehr hoch. Die Kuppelneigung beginnt erst in etwa 2 m H\u00f6he! Links vom Eingang f\u00fchren Blockstufen auf den Trim.<\/p><\/div><\/div><div class='clear_column'><\/div><div class='content-column one_half'><div style=\"padding-right:6px;\"><div id=\"attachment_21438\" style=\"width: 310px\" class=\"wp-caption aligncenter\"><img loading=\"lazy\" decoding=\"async\" aria-describedby=\"caption-attachment-21438\" class=\"wp-image-21438 size-full\" src=\"https:\/\/www.topohvar.at\/wp-content\/uploads\/2019\/04\/bo-tr-01-19.jpg\" alt=\"\" width=\"300\" height=\"300\" srcset=\"https:\/\/www.topohvar.at\/wp-content\/uploads\/2019\/04\/bo-tr-01-19.jpg 300w, https:\/\/www.topohvar.at\/wp-content\/uploads\/2019\/04\/bo-tr-01-19-150x150.jpg 150w\" sizes=\"auto, (max-width: 300px) 100vw, 300px\" \/><p id=\"caption-attachment-21438\" class=\"wp-caption-text\">Suhozida \/ Trockensteinmauern<br \/>(izvor \/ Quelle: Geoportal DGU)<\/p><\/div>\n<p>Dana 25.03.2019 trim je posje\u0107en i ustanovljeno je sljede\u0107e:<\/p>\n<p>Lokacija: maslinik<br \/>\nPodloga: ravna<br \/>\nPovezan s: kamenim zidom<br \/>\nUpotreba: malo se koristi<br \/>\nStanje: dobro sa\u010duvan<br \/>\nBroj stepenica trima: 1<br \/>\nDodatni kameni prsten: kameni prsten djelomi\u010dno<br \/>\nStepeni\u0161te: stepenica<br \/>\nOblik kamena: uglast<br \/>\nPodru\u010dje ispred ulaza: lako dostupno<br \/>\nOrijentacija ulaza: SZ (310\u00b0)<br \/>\nPromjer trima (cm): 460<br \/>\nVisina trima (cm): 410<br \/>\nVisina stepenica (cm): stepenica 1: 230<br \/>\nDebljina zida (cm): 90<br \/>\n\u0160irina vrata (cm): 80<br \/>\nVisina vrata (cm): 130<br \/>\n\u0160irina unutra (cm): 260 &#8211; 280<br \/>\nVisina unutra (cm): 380<br \/>\nVolumen iznutra (m3): 15,60<br \/>\nNema ni\u0161e<\/p><\/div><\/div><div class='content-column one_half last_column'><div style=\"padding-right:0px;padding-left:6px;\"><div id=\"attachment_21437\" style=\"width: 310px\" class=\"wp-caption alignnone\"><img loading=\"lazy\" decoding=\"async\" aria-describedby=\"caption-attachment-21437\" class=\"wp-image-21437 size-full\" src=\"https:\/\/www.topohvar.at\/wp-content\/uploads\/2019\/04\/bo-tr-01-15.jpg\" alt=\"\" width=\"300\" height=\"300\" srcset=\"https:\/\/www.topohvar.at\/wp-content\/uploads\/2019\/04\/bo-tr-01-15.jpg 300w, https:\/\/www.topohvar.at\/wp-content\/uploads\/2019\/04\/bo-tr-01-15-150x150.jpg 150w\" sizes=\"auto, (max-width: 300px) 100vw, 300px\" \/><p id=\"caption-attachment-21437\" class=\"wp-caption-text\">Neobi\u010dan oblik trima \/<br \/>ungew\u00f6hnliche Form des Trims<\/p><\/div>\n<p>Am 25.03.2019 wurde der Trim besucht und n\u00e4her untersucht:<\/p>\n<p>Standort: Olivenhain<br \/>\nUntergrund: eben<br \/>\nVerbunden mit: Steinmauer<br \/>\nNutzung: kaum genutzt<br \/>\nZustand: gut erhalten<br \/>\nAnzahl der Trimstufen: 1<br \/>\nZus\u00e4tzlicher Steinring: Steinring teilweise<br \/>\nStiege: Stiege<br \/>\nSteinform: kantig<br \/>\nEingangsbereich: frei<br \/>\nEingangsseite: NW (310\u00b0)<br \/>\nTrimdurchmesser (cm): 460<br \/>\nTrimh\u00f6he (cm): 410<br \/>\nH\u00f6he der Trimstufen (cm): Stufe 1: 230<br \/>\nWandst\u00e4rke (cm): 90<br \/>\nT\u00fcrbreite (cm): 80<br \/>\nT\u00fcrh\u00f6he (cm): 130<br \/>\nInnenraumbreite (cm): 260 &#8211; 280<br \/>\nInnenraumh\u00f6he (cm): 380<br \/>\nRaumvolumen (m3): 15,60<\/p>\n<p>Keine Nische<\/p><\/div><\/div><div class='clear_column'><\/div><\/p>\n<p><img loading=\"lazy\" decoding=\"async\" class=\"alignnone size-full wp-image-21312\" src=\"https:\/\/www.topohvar.at\/wp-content\/uploads\/2019\/04\/bo-tr-01-sca.jpg\" alt=\"\" width=\"600\" height=\"883\" srcset=\"https:\/\/www.topohvar.at\/wp-content\/uploads\/2019\/04\/bo-tr-01-sca.jpg 600w, https:\/\/www.topohvar.at\/wp-content\/uploads\/2019\/04\/bo-tr-01-sca-204x300.jpg 204w\" sizes=\"auto, (max-width: 600px) 100vw, 600px\" \/><\/p>\n<hr \/>\n<div id=\"attachment_74009\" style=\"width: 1048px\" class=\"wp-caption aligncenter\"><img loading=\"lazy\" decoding=\"async\" aria-describedby=\"caption-attachment-74009\" class=\"wp-image-74009 size-full\" src=\"https:\/\/www.topohvar.at\/wp-content\/uploads\/2026\/03\/bo-tr-01-10.jpg\" alt=\"\" width=\"1038\" height=\"590\" srcset=\"https:\/\/www.topohvar.at\/wp-content\/uploads\/2026\/03\/bo-tr-01-10.jpg 1038w, https:\/\/www.topohvar.at\/wp-content\/uploads\/2026\/03\/bo-tr-01-10-300x171.jpg 300w, https:\/\/www.topohvar.at\/wp-content\/uploads\/2026\/03\/bo-tr-01-10-1024x582.jpg 1024w, https:\/\/www.topohvar.at\/wp-content\/uploads\/2026\/03\/bo-tr-01-10-768x437.jpg 768w\" sizes=\"auto, (max-width: 1038px) 100vw, 1038px\" \/><p id=\"caption-attachment-74009\" class=\"wp-caption-text\"><em>(Izvor \/ Quelle: Facebook 2026)<\/em><\/p><\/div>\n<p style=\"text-align: right;\"><a href=\"#seite_oben\">natrag na vrh \/ Seitenanfang<\/a><\/p>\n<hr \/>\n<p><strong>Linkovi \/ Links<\/strong><\/p>\n<p>&#8211;<\/p>\n","protected":false},"excerpt":{"rendered":"<p>Ime \/ Name Trim BO-TR-01 Code: BO-TR-01\u00a0 \u00a0 \u00a0 \u00a0 \u00a0 \u00a0 \u00a0 \u00a0 \u00a0 \u00a0 \u00a0 \u00a0 \u00a0 \u00a0 \u00a0 \u00a0 Adresa \/ Adresse U isto\u010dnom, ju\u017eno od magistrale \/ im Osten, s\u00fcdlich der Hauptstra\u00dfe Lokacija \/ Position Latitude: &hellip; <a href=\"https:\/\/www.topohvar.at\/topo\/orte\/bo\/bo-tr-01-2\/\">Weiterlesen <span class=\"meta-nav\">&rarr;<\/span><\/a><\/p>\n","protected":false},"author":1,"featured_media":0,"parent":63,"menu_order":0,"comment_status":"closed","ping_status":"closed","template":"","meta":{"footnotes":""},"class_list":["post-726","page","type-page","status-publish","hentry"],"_links":{"self":[{"href":"https:\/\/www.topohvar.at\/topo\/wp-json\/wp\/v2\/pages\/726","targetHints":{"allow":["GET"]}}],"collection":[{"href":"https:\/\/www.topohvar.at\/topo\/wp-json\/wp\/v2\/pages"}],"about":[{"href":"https:\/\/www.topohvar.at\/topo\/wp-json\/wp\/v2\/types\/page"}],"author":[{"embeddable":true,"href":"https:\/\/www.topohvar.at\/topo\/wp-json\/wp\/v2\/users\/1"}],"replies":[{"embeddable":true,"href":"https:\/\/www.topohvar.at\/topo\/wp-json\/wp\/v2\/comments?post=726"}],"version-history":[{"count":32,"href":"https:\/\/www.topohvar.at\/topo\/wp-json\/wp\/v2\/pages\/726\/revisions"}],"predecessor-version":[{"id":74011,"href":"https:\/\/www.topohvar.at\/topo\/wp-json\/wp\/v2\/pages\/726\/revisions\/74011"}],"up":[{"embeddable":true,"href":"https:\/\/www.topohvar.at\/topo\/wp-json\/wp\/v2\/pages\/63"}],"wp:attachment":[{"href":"https:\/\/www.topohvar.at\/topo\/wp-json\/wp\/v2\/media?parent=726"}],"curies":[{"name":"wp","href":"https:\/\/api.w.org\/{rel}","templated":true}]}}