{"id":72708,"date":"2025-08-02T14:56:56","date_gmt":"2025-08-02T12:56:56","guid":{"rendered":"https:\/\/www.topohvar.at\/topo\/?page_id=72708"},"modified":"2025-11-30T17:52:10","modified_gmt":"2025-11-30T16:52:10","slug":"vk-tr-12-1","status":"publish","type":"page","link":"https:\/\/www.topohvar.at\/topo\/orte\/vk\/vk-tr-12-1\/","title":{"rendered":"VRISNIK &#8211; Trim \u00bbVK-TR-12\u00ab"},"content":{"rendered":"<p><a name=\"seite_oben\"><\/a><br \/>\n<strong><img loading=\"lazy\" decoding=\"async\" class=\"aligncenter size-full wp-image-72803\" src=\"https:\/\/www.topohvar.at\/wp-content\/uploads\/2025\/10\/vk-tr-12-01.jpg\" alt=\"\" width=\"1080\" height=\"530\" srcset=\"https:\/\/www.topohvar.at\/wp-content\/uploads\/2025\/10\/vk-tr-12-01.jpg 1080w, https:\/\/www.topohvar.at\/wp-content\/uploads\/2025\/10\/vk-tr-12-01-300x147.jpg 300w, https:\/\/www.topohvar.at\/wp-content\/uploads\/2025\/10\/vk-tr-12-01-1024x503.jpg 1024w, https:\/\/www.topohvar.at\/wp-content\/uploads\/2025\/10\/vk-tr-12-01-768x377.jpg 768w\" sizes=\"auto, (max-width: 1080px) 100vw, 1080px\" \/><\/strong><\/p>\n<p><strong>Ime \/ Name<br \/>\n<\/strong>Trim \u00bbVK-TR-12\u00ab<\/p>\n<p><strong>Code: <\/strong>VK-TR-12\u00a0 \u00a0 \u00a0 \u00a0 \u00a0 \u00a0 \u00a0 \u00a0<strong>\u00a0 \u00a0 \u00a0 \u00a0 \u00a0 \u00a0 \u00a0 \u00a0 \u00a0 <a href=\"https:\/\/www.topohvar.at\/orte\/vk\/vk-tr-00-1\/\"><img loading=\"lazy\" decoding=\"async\" class=\"alignnone wp-image-12300 size-full\" src=\"https:\/\/www.topohvar.at\/wp-content\/uploads\/2018\/09\/push-vor-30.jpg\" alt=\"\" width=\"61\" height=\"30\" \/><\/a> <a href=\"https:\/\/www.topohvar.at\/orte\/vk\/vk-tr-13-1\/\"><img loading=\"lazy\" decoding=\"async\" class=\"alignnone wp-image-533 size-full\" src=\"https:\/\/www.topohvar.at\/wp-content\/uploads\/2018\/07\/push-l-30.jpg\" alt=\"\" width=\"61\" height=\"30\" \/><\/a>\u00a0<a href=\"https:\/\/www.topohvar.at\/orte\/vk\/\"><img loading=\"lazy\" decoding=\"async\" class=\"alignnone wp-image-535 size-full\" src=\"https:\/\/www.topohvar.at\/wp-content\/uploads\/2018\/07\/push-o-30.jpg\" alt=\"\" width=\"61\" height=\"30\" \/><\/a>\u00a0<a href=\"https:\/\/www.topohvar.at\/orte\/vk\/vk-tr-15-1\/\"><img loading=\"lazy\" decoding=\"async\" class=\"alignnone wp-image-536 size-full\" src=\"https:\/\/www.topohvar.at\/wp-content\/uploads\/2018\/07\/push-r-30.jpg\" alt=\"\" width=\"61\" height=\"30\" \/><\/a><\/strong><\/p>\n<hr \/>\n<p><strong>Adresa \/ Adresse<br \/>\n<\/strong>Vrisnik, ispod &#8222;\u010cesminove gl.&#8220; \/ unterhalb des &#8222;\u010cesminova gl.&#8220;<\/p>\n<p><strong>Lokacija<\/strong><strong> \/ Position<a href=\"https:\/\/maps.app.goo.gl\/hvrvMzVxuqePxnAp9\"><img loading=\"lazy\" decoding=\"async\" class=\"alignright wp-image-72709\" src=\"https:\/\/www.topohvar.at\/wp-content\/uploads\/2025\/08\/4292.jpg\" alt=\"\" width=\"134\" height=\"100\" \/><\/a><br \/>\n<\/strong><span style=\"color: #3366ff;\"><a style=\"color: #3366ff;\" href=\"https:\/\/maps.app.goo.gl\/hvrvMzVxuqePxnAp9\">Latitude: N 43,14093\u00b0\u00a0 \u00a0 Longitude: E 16,63544\u00b0<\/a>\u00a0<\/span><strong><br \/>\n<\/strong>Visina \/ H\u00f6he: 480 m<\/p>\n<p><strong>Katastarska \u010destica\u00a0<\/strong><strong> \/ Grundst\u00fccke<br \/>\n<\/strong>2882\/4<div class='content-column one_half'><div style=\"padding-right:6px;\"><p><strong>Datum snimanja \/ Erfassungsdatum<br \/>\n<\/strong>02.05.2025 08:47:59<\/p>\n<hr \/>\n<p><strong>Informacije<\/strong><\/p>\n<p>Trim je prona\u0161ao Christian Pohl u svibnju 2025. Prekrasan Trim na tri do \u010detiri razine nalazi se na putu koji vodi prema istoku s Polji\u010dke visoravni, u blizini male kapele sv. Jurja. Zidovi u donjem dijelu su djelomi\u010dno prefugirani.<\/p><\/div><\/div><div class='content-column one_half last_column'><div style=\"padding-right:0px;padding-left:6px;\"><p><strong>Stupanj za\u0161tite\u00a0<\/strong><strong> \/ Schutzstellung<br \/>\n<\/strong>&#8211;<\/p>\n<hr \/>\n<p><strong>Info<\/strong><\/p>\n<p>Der Trim wurde im Mai 2025 von Christian Pohl gefunden. Der sch\u00f6ne 3 bis 4-stufige Trim befindet sich am Weg, der von der Hochebene \u201ePoljica\u201c gegen Osten f\u00fchrt, in der N\u00e4he der kleinen Kapelle des Heiligen Georg. Im unteren Bereich sind die W\u00e4nde teilweise verfugt.<\/p><\/div><\/div><div class='clear_column'><\/div><div class='content-column one_half'><div style=\"padding-right:6px;\"><p>Niski prag vodi u kru\u017enu unutra\u0161njost, koja se nalazi oko 15 centimetara ni\u017ee i zatvorena je vratima. Trim je vrlo dobro o\u010duvan i u upotrebi je.<\/p><\/div><\/div><div class='content-column one_half last_column'><div style=\"padding-right:0px;padding-left:6px;\"><p>\u00dcber eine niedrige Schwelle gelangt man in den etwa 15 Zentimeter tiefer liegenden, kreisrunden Innenraum, der durch eine T\u00fcre verschlossen ist. Der Trim ist sehr gut erhalten und wird genutzt.<\/p><\/div><\/div><div class='clear_column'><\/div><div class='content-column one_half'><div style=\"padding-right:6px;\"><div id=\"attachment_73558\" style=\"width: 310px\" class=\"wp-caption aligncenter\"><img loading=\"lazy\" decoding=\"async\" aria-describedby=\"caption-attachment-73558\" class=\"wp-image-73558 size-medium\" src=\"https:\/\/www.topohvar.at\/wp-content\/uploads\/2025\/11\/vk-tr-12-20-300x300.jpg\" alt=\"\" width=\"300\" height=\"300\" srcset=\"https:\/\/www.topohvar.at\/wp-content\/uploads\/2025\/11\/vk-tr-12-20-300x300.jpg 300w, https:\/\/www.topohvar.at\/wp-content\/uploads\/2025\/11\/vk-tr-12-20-150x150.jpg 150w, https:\/\/www.topohvar.at\/wp-content\/uploads\/2025\/11\/vk-tr-12-20.jpg 450w\" sizes=\"auto, (max-width: 300px) 100vw, 300px\" \/><p id=\"caption-attachment-73558\" class=\"wp-caption-text\">Ulaz \/ Eingang<\/p><\/div>\n<p>Dana 09.10.2025 trim VK-TR-12 je posje\u0107en i ustanovljeno je sljede\u0107e:<\/p>\n<p>Lokacija: grmlje<br \/>\nPodloga: ravna<br \/>\nPovezan s: kamenim zidom<br \/>\nUpotreba: u upotrebi s mogu\u0107no\u0161\u0107u zaklju\u010davanja<br \/>\nStanje: vrlo dobro uzdr\u017eati<br \/>\nBroj stepenica trima: 4<br \/>\nDodatni kameni prsten: nema prstena<br \/>\nStepeni\u0161te: nema<br \/>\nOblik kamena: uglast<br \/>\nPodru\u010dje ispred ulaza: lako dostupno<br \/>\nOrijentacija ulaza: SZ (320\u00b0)<br \/>\nPromjer trima (cm): 440<br \/>\nVisina trima (cm): 310<br \/>\nVisina stepenica (cm): stepenica 1: 100 , stepenica 2: 180 , stepenica 3: 260<br \/>\nDebljina zida (cm): 85<br \/>\n\u0160irina vrata (cm): 75<br \/>\nVisina vrata (cm): 100<br \/>\n\u0160irina unutra (cm): 270<br \/>\nVisina unutra (cm): 300<br \/>\nVolumen iznutra (m3): 9,7<br \/>\nNema ni\u0161e<\/p><\/div><\/div><div class='content-column one_half last_column'><div style=\"padding-right:0px;padding-left:6px;\"><div id=\"attachment_73559\" style=\"width: 310px\" class=\"wp-caption aligncenter\"><img loading=\"lazy\" decoding=\"async\" aria-describedby=\"caption-attachment-73559\" class=\"wp-image-73559 size-medium\" src=\"https:\/\/www.topohvar.at\/wp-content\/uploads\/2025\/11\/vk-tr-12-21-300x300.jpg\" alt=\"\" width=\"300\" height=\"300\" srcset=\"https:\/\/www.topohvar.at\/wp-content\/uploads\/2025\/11\/vk-tr-12-21-300x300.jpg 300w, https:\/\/www.topohvar.at\/wp-content\/uploads\/2025\/11\/vk-tr-12-21-150x150.jpg 150w, https:\/\/www.topohvar.at\/wp-content\/uploads\/2025\/11\/vk-tr-12-21.jpg 450w\" sizes=\"auto, (max-width: 300px) 100vw, 300px\" \/><p id=\"caption-attachment-73559\" class=\"wp-caption-text\">Pogled prema istoku \/ Blick nach Osten<\/p><\/div>\n<p>Am 09.10.2025 wurde der Trim VK-TR-12 besucht und n\u00e4her untersucht:<\/p>\n<p>Standort: Buschwerk<br \/>\nUntergrund: eben<br \/>\nVerbunden mit: Steinmauer<br \/>\nNutzung: genutzt,<br \/>\nverschlie\u00dfbar<br \/>\nZustand: sehr gut erhalten<br \/>\nAnzahl der Trimstufen: 4<br \/>\nZus\u00e4tzlicher Steinring: kein Steinring<br \/>\nStiege: keine<br \/>\nSteinform: kantig<br \/>\nEingangsbereich: frei<br \/>\nEingangsseite: NW (320\u00b0)<br \/>\nTrimdurchmesser (cm): 440<br \/>\nTrimh\u00f6he (cm): 310<br \/>\nH\u00f6he der Trimstufen (cm): Stufe 1: 100 , Stufe 2: 180 , Stufe 3: 260<br \/>\nWandst\u00e4rke (cm): 85<br \/>\nT\u00fcrbreite (cm): 75<br \/>\nT\u00fcrh\u00f6he (cm): 100<br \/>\nInnenraumbreite (cm): 270<br \/>\nInnenraumh\u00f6he (cm): 300<br \/>\nRaumvolumen (m3): 9,7<br \/>\nKeine Nische<\/p><\/div><\/div><div class='clear_column'><\/div><\/p>\n<p><img loading=\"lazy\" decoding=\"async\" class=\"alignleft size-full wp-image-73538\" src=\"https:\/\/www.topohvar.at\/wp-content\/uploads\/2025\/11\/vk-tr-12-scan.jpg\" alt=\"\" width=\"900\" height=\"1371\" srcset=\"https:\/\/www.topohvar.at\/wp-content\/uploads\/2025\/11\/vk-tr-12-scan.jpg 900w, https:\/\/www.topohvar.at\/wp-content\/uploads\/2025\/11\/vk-tr-12-scan-197x300.jpg 197w, https:\/\/www.topohvar.at\/wp-content\/uploads\/2025\/11\/vk-tr-12-scan-672x1024.jpg 672w, https:\/\/www.topohvar.at\/wp-content\/uploads\/2025\/11\/vk-tr-12-scan-768x1170.jpg 768w\" sizes=\"auto, (max-width: 900px) 100vw, 900px\" \/><\/p>\n<p style=\"text-align: right;\"><span style=\"color: #3366ff;\"><a style=\"color: #3366ff;\" href=\"#seite_oben\">natrag na vrh \/ Seitenanfang<\/a><\/span><\/p>\n<hr \/>\n<p><strong>Linkovi \/ Links<\/strong><\/p>\n<p>&#8211;<\/p>\n","protected":false},"excerpt":{"rendered":"<p>Ime \/ Name Trim \u00bbVK-TR-12\u00ab Code: VK-TR-12\u00a0 \u00a0 \u00a0 \u00a0 \u00a0 \u00a0 \u00a0 \u00a0\u00a0 \u00a0 \u00a0 \u00a0 \u00a0 \u00a0 \u00a0 \u00a0 \u00a0 \u00a0\u00a0 Adresa \/ Adresse Vrisnik, ispod &#8222;\u010cesminove gl.&#8220; \/ unterhalb des &#8222;\u010cesminova gl.&#8220; Lokacija \/ Position Latitude: N &hellip; <a href=\"https:\/\/www.topohvar.at\/topo\/orte\/vk\/vk-tr-12-1\/\">Weiterlesen <span class=\"meta-nav\">&rarr;<\/span><\/a><\/p>\n","protected":false},"author":1,"featured_media":0,"parent":113,"menu_order":0,"comment_status":"closed","ping_status":"closed","template":"","meta":{"footnotes":""},"class_list":["post-72708","page","type-page","status-publish","hentry"],"_links":{"self":[{"href":"https:\/\/www.topohvar.at\/topo\/wp-json\/wp\/v2\/pages\/72708","targetHints":{"allow":["GET"]}}],"collection":[{"href":"https:\/\/www.topohvar.at\/topo\/wp-json\/wp\/v2\/pages"}],"about":[{"href":"https:\/\/www.topohvar.at\/topo\/wp-json\/wp\/v2\/types\/page"}],"author":[{"embeddable":true,"href":"https:\/\/www.topohvar.at\/topo\/wp-json\/wp\/v2\/users\/1"}],"replies":[{"embeddable":true,"href":"https:\/\/www.topohvar.at\/topo\/wp-json\/wp\/v2\/comments?post=72708"}],"version-history":[{"count":15,"href":"https:\/\/www.topohvar.at\/topo\/wp-json\/wp\/v2\/pages\/72708\/revisions"}],"predecessor-version":[{"id":73697,"href":"https:\/\/www.topohvar.at\/topo\/wp-json\/wp\/v2\/pages\/72708\/revisions\/73697"}],"up":[{"embeddable":true,"href":"https:\/\/www.topohvar.at\/topo\/wp-json\/wp\/v2\/pages\/113"}],"wp:attachment":[{"href":"https:\/\/www.topohvar.at\/topo\/wp-json\/wp\/v2\/media?parent=72708"}],"curies":[{"name":"wp","href":"https:\/\/api.w.org\/{rel}","templated":true}]}}