{"id":72713,"date":"2025-08-02T15:52:17","date_gmt":"2025-08-02T13:52:17","guid":{"rendered":"https:\/\/www.topohvar.at\/topo\/?page_id=72713"},"modified":"2025-11-30T19:04:56","modified_gmt":"2025-11-30T18:04:56","slug":"vk-tr-13-1","status":"publish","type":"page","link":"https:\/\/www.topohvar.at\/topo\/orte\/vk\/vk-tr-13-1\/","title":{"rendered":"VRISNIK &#8211; Trim \u00bbVK-TR-13\u00ab"},"content":{"rendered":"<p><a name=\"seite_oben\"><\/a><br \/>\n<strong><img loading=\"lazy\" decoding=\"async\" class=\"aligncenter wp-image-72715 size-full\" src=\"https:\/\/www.topohvar.at\/wp-content\/uploads\/2025\/08\/vk-tr-13-1.jpg\" alt=\"\" width=\"1080\" height=\"530\" srcset=\"https:\/\/www.topohvar.at\/wp-content\/uploads\/2025\/08\/vk-tr-13-1.jpg 1080w, https:\/\/www.topohvar.at\/wp-content\/uploads\/2025\/08\/vk-tr-13-1-300x147.jpg 300w, https:\/\/www.topohvar.at\/wp-content\/uploads\/2025\/08\/vk-tr-13-1-1024x503.jpg 1024w, https:\/\/www.topohvar.at\/wp-content\/uploads\/2025\/08\/vk-tr-13-1-768x377.jpg 768w\" sizes=\"auto, (max-width: 1080px) 100vw, 1080px\" \/><\/strong><\/p>\n<p><strong>Ime \/ Name<br \/>\n<\/strong>Trim \u00bbVK-TR-13\u00ab<\/p>\n<p><strong>Code: <\/strong>VK-TR-13\u00a0 \u00a0 \u00a0 \u00a0 \u00a0 \u00a0 \u00a0 \u00a0<strong>\u00a0 \u00a0 \u00a0 \u00a0 \u00a0 \u00a0 \u00a0 \u00a0 \u00a0 <a href=\"https:\/\/www.topohvar.at\/orte\/vk\/vk-tr-00-1\/\"><img loading=\"lazy\" decoding=\"async\" class=\"alignnone wp-image-12300 size-full\" src=\"https:\/\/www.topohvar.at\/wp-content\/uploads\/2018\/09\/push-vor-30.jpg\" alt=\"\" width=\"61\" height=\"30\" \/><\/a> <a href=\"https:\/\/www.topohvar.at\/orte\/vk\/vk-tr-14-1\/\"><img loading=\"lazy\" decoding=\"async\" class=\"alignnone wp-image-533 size-full\" src=\"https:\/\/www.topohvar.at\/wp-content\/uploads\/2018\/07\/push-l-30.jpg\" alt=\"\" width=\"61\" height=\"30\" \/><\/a>\u00a0<a href=\"https:\/\/www.topohvar.at\/orte\/vk\/\"><img loading=\"lazy\" decoding=\"async\" class=\"alignnone wp-image-535 size-full\" src=\"https:\/\/www.topohvar.at\/wp-content\/uploads\/2018\/07\/push-o-30.jpg\" alt=\"\" width=\"61\" height=\"30\" \/><\/a>\u00a0<a href=\"https:\/\/www.topohvar.at\/orte\/vk\/vk-tr-12-1\/\"><img loading=\"lazy\" decoding=\"async\" class=\"alignnone wp-image-536 size-full\" src=\"https:\/\/www.topohvar.at\/wp-content\/uploads\/2018\/07\/push-r-30.jpg\" alt=\"\" width=\"61\" height=\"30\" \/><\/a><\/strong><\/p>\n<hr \/>\n<p><strong>Adresa \/ Adresse<br \/>\n<\/strong>Vrisnik, ispod &#8222;\u010cesminove gl.&#8220; \/ unterhalb des &#8222;\u010cesminova gl.&#8220;<\/p>\n<p><strong>Lokacija<\/strong><strong> \/ Position<a href=\"https:\/\/maps.app.goo.gl\/6cReG1ffS9rA4Zk86\"><img loading=\"lazy\" decoding=\"async\" class=\"alignright wp-image-72714\" src=\"https:\/\/www.topohvar.at\/wp-content\/uploads\/2025\/08\/4254.jpg\" alt=\"\" width=\"134\" height=\"100\" \/><\/a><br \/>\n<\/strong><span style=\"color: #3366ff;\"><a href=\"https:\/\/maps.app.goo.gl\/6cReG1ffS9rA4Zk86\">Latitude: N 43,14243\u00b0\u00a0 \u00a0 Longitude: E 16,63597\u00b0<\/a>\u00a0<\/span><strong><br \/>\n<\/strong>Visina \/ H\u00f6he: 498 m<\/p>\n<p><strong>Katastarska \u010destica\u00a0<\/strong><strong> \/ Grundst\u00fccke<br \/>\n<\/strong>2882\/7, 2883\/1<div class='content-column one_half'><div style=\"padding-right:6px;\"><p><strong>Datum snimanja \/ Erfassungsdatum<br \/>\n<\/strong>30.07.2025 17:20:42<\/p>\n<hr \/>\n<p><strong>Informacije<\/strong><\/p>\n<p>Trim je otkrio Christian Pohl u srpnju 2025. Jednostavna trim staza nalazi se u \u0161umi, na gornjem kraju Planinarskog puta, iznad staze koja vodi prema istoku s visoravni Poljica. Njena stra\u017enja strana grani\u010di s velikom, urednom hrpom kamenja.<\/p><\/div><\/div><div class='content-column one_half last_column'><div style=\"padding-right:0px;padding-left:6px;\"><p><strong>Stupanj za\u0161tite\u00a0<\/strong><strong> \/ Schutzstellung<br \/>\n<\/strong>&#8211;<\/p>\n<hr \/>\n<p><strong>Info<\/strong><\/p>\n<p>Der Trim wurde im Juli 2025 von Christian Pohl gefunden. Der einfache Trim befindet sich im Wald, am oberen Ende des Weges \u201cPlaninarski put\u201c, oberhalb des Weges der von der Hochebene \u201cPoljica\u201c nach Osten f\u00fchrt. Seine R\u00fcckseite grenzt an einen gro\u00dfen wohgeordneten Steinhaufen.<\/p><\/div><\/div><div class='clear_column'><\/div><div class='content-column one_half'><div style=\"padding-right:6px;\"><p>Kupola trima djelomi\u010dno se uru\u0161ila. Umjesto nadvratnik vrata ostale su samo kamene plo\u010de, koje pripadaju konstrukciji kupole. Unutra\u0161njost je kru\u017ena. Trim vi\u0161e nije u upotrebi.<\/p><\/div><\/div><div class='content-column one_half last_column'><div style=\"padding-right:0px;padding-left:6px;\"><p>Die Kuppel des Trims ist zum Teil eingest\u00fcrzt. Anstelle des T\u00fcr\u00fcberlagers finden sich hier lediglich Steinplatten die bereits zum Kuppelaufbau geh\u00f6ren. Der Innenraum ist kreisrund. Der Trim wird nicht mehr genutzt<\/p><\/div><\/div><div class='clear_column'><\/div><div class='content-column one_half'><div style=\"padding-right:6px;\"><div id=\"attachment_73587\" style=\"width: 310px\" class=\"wp-caption aligncenter\"><img loading=\"lazy\" decoding=\"async\" aria-describedby=\"caption-attachment-73587\" class=\"size-medium wp-image-73587\" src=\"https:\/\/www.topohvar.at\/wp-content\/uploads\/2025\/11\/VK-TR-13-20-300x300.jpg\" alt=\"\" width=\"300\" height=\"300\" srcset=\"https:\/\/www.topohvar.at\/wp-content\/uploads\/2025\/11\/VK-TR-13-20-300x300.jpg 300w, https:\/\/www.topohvar.at\/wp-content\/uploads\/2025\/11\/VK-TR-13-20-150x150.jpg 150w, https:\/\/www.topohvar.at\/wp-content\/uploads\/2025\/11\/VK-TR-13-20.jpg 450w\" sizes=\"auto, (max-width: 300px) 100vw, 300px\" \/><p id=\"caption-attachment-73587\" class=\"wp-caption-text\">Ulaz \/ Eingang<\/p><\/div>\n<p>Dana 16.10.2025 trim VK-TR-13 je posje\u0107en i ustanovljeno je sljede\u0107e:<\/p>\n<p>Lokacija: \u0161uma<br \/>\nPodloga: nako\u0161ena<br \/>\nPovezan s: ure\u0111enom kamenom gomilom<br \/>\nUpotreba: ne koristi se<br \/>\nStanje: kupola se djelomi\u010dno sru\u0161ila<br \/>\nBroj stepenica trima: 1<br \/>\nDodatni kameni prsten: nema prstena<br \/>\nStepeni\u0161te: nema<br \/>\nOblik kamena: uglast<br \/>\nPodru\u010dje ispred ulaza: lako dostupno<br \/>\nOrijentacija ulaza: SI (60\u00b0)<br \/>\nPromjer trima (cm): 350<br \/>\nVisina trima (cm): ?<br \/>\nVisina stepenica (cm): stepenica 1: 140<br \/>\nDebljina zida (cm): 80<br \/>\n\u0160irina vrata (cm): 80<br \/>\nVisina vrata (cm): 110<br \/>\n\u0160irina unutra (cm): 180 &#8211; 190<br \/>\nVisina unutra (cm): ?<br \/>\nVolumen iznutra (m3): ?<br \/>\nNema ni\u0161e<\/p><\/div><\/div><div class='content-column one_half last_column'><div style=\"padding-right:0px;padding-left:6px;\"><div id=\"attachment_73588\" style=\"width: 310px\" class=\"wp-caption aligncenter\"><img loading=\"lazy\" decoding=\"async\" aria-describedby=\"caption-attachment-73588\" class=\"wp-image-73588 size-medium\" src=\"https:\/\/www.topohvar.at\/wp-content\/uploads\/2025\/11\/VK-TR-13-21-300x300.jpg\" alt=\"\" width=\"300\" height=\"300\" srcset=\"https:\/\/www.topohvar.at\/wp-content\/uploads\/2025\/11\/VK-TR-13-21-300x300.jpg 300w, https:\/\/www.topohvar.at\/wp-content\/uploads\/2025\/11\/VK-TR-13-21-150x150.jpg 150w, https:\/\/www.topohvar.at\/wp-content\/uploads\/2025\/11\/VK-TR-13-21.jpg 450w\" sizes=\"auto, (max-width: 300px) 100vw, 300px\" \/><p id=\"caption-attachment-73588\" class=\"wp-caption-text\">Pogled na sjever \/ Blick nach Norden<\/p><\/div>\n<p>Am 16.10.2025 wurde der Trim VK-TR-13 besucht und n\u00e4her untersucht:<\/p>\n<p>Standort: Wald<br \/>\nUntergrund: geneigt<br \/>\nVerbunden mit: Steinhaufen geordnet<br \/>\nNutzung: ungenutzt<br \/>\nZustand: Kuppel teilweise eingest\u00fcrzt<br \/>\nAnzahl der Trimstufen: 1<br \/>\nZus\u00e4tzlicher Steinring: kein Steinring<br \/>\nStiege: keine<br \/>\nSteinform: kantig<br \/>\nEingangsbereich: frei<br \/>\nEingangsseite: NO (60\u00b0)<br \/>\nTrimdurchmesser (cm): 350<br \/>\nTrimh\u00f6he (cm): ?<br \/>\nH\u00f6he der Trimstufen (cm): Stufe 1: 140<br \/>\nWandst\u00e4rke (cm): 80<br \/>\nT\u00fcrbreite (cm): 80<br \/>\nT\u00fcrh\u00f6he (cm): 110<br \/>\nInnenraumbreite (cm): 180 &#8211; 190<br \/>\nInnenraumh\u00f6he (cm): ?<br \/>\nRaumvolumen (m3): ?<br \/>\nKeine Nische<\/p><\/div><\/div><div class='clear_column'><\/div><\/p>\n<p><img loading=\"lazy\" decoding=\"async\" class=\"alignleft size-full wp-image-73540\" src=\"https:\/\/www.topohvar.at\/wp-content\/uploads\/2025\/11\/vk-tr-13-scan.jpg\" alt=\"\" width=\"900\" height=\"1371\" srcset=\"https:\/\/www.topohvar.at\/wp-content\/uploads\/2025\/11\/vk-tr-13-scan.jpg 900w, https:\/\/www.topohvar.at\/wp-content\/uploads\/2025\/11\/vk-tr-13-scan-197x300.jpg 197w, https:\/\/www.topohvar.at\/wp-content\/uploads\/2025\/11\/vk-tr-13-scan-672x1024.jpg 672w, https:\/\/www.topohvar.at\/wp-content\/uploads\/2025\/11\/vk-tr-13-scan-768x1170.jpg 768w\" sizes=\"auto, (max-width: 900px) 100vw, 900px\" \/><\/p>\n<p style=\"text-align: right;\"><span style=\"color: #3366ff;\"><a style=\"color: #3366ff;\" href=\"#seite_oben\">natrag na vrh \/ Seitenanfang<\/a><\/span><\/p>\n<hr \/>\n<p><strong>Linkovi \/ Links<\/strong><\/p>\n<p>&#8211;<\/p>\n","protected":false},"excerpt":{"rendered":"<p>Ime \/ Name Trim \u00bbVK-TR-13\u00ab Code: VK-TR-13\u00a0 \u00a0 \u00a0 \u00a0 \u00a0 \u00a0 \u00a0 \u00a0\u00a0 \u00a0 \u00a0 \u00a0 \u00a0 \u00a0 \u00a0 \u00a0 \u00a0 \u00a0\u00a0 Adresa \/ Adresse Vrisnik, ispod &#8222;\u010cesminove gl.&#8220; \/ unterhalb des &#8222;\u010cesminova gl.&#8220; Lokacija \/ Position Latitude: N &hellip; <a href=\"https:\/\/www.topohvar.at\/topo\/orte\/vk\/vk-tr-13-1\/\">Weiterlesen <span class=\"meta-nav\">&rarr;<\/span><\/a><\/p>\n","protected":false},"author":1,"featured_media":0,"parent":113,"menu_order":0,"comment_status":"closed","ping_status":"closed","template":"","meta":{"footnotes":""},"class_list":["post-72713","page","type-page","status-publish","hentry"],"_links":{"self":[{"href":"https:\/\/www.topohvar.at\/topo\/wp-json\/wp\/v2\/pages\/72713","targetHints":{"allow":["GET"]}}],"collection":[{"href":"https:\/\/www.topohvar.at\/topo\/wp-json\/wp\/v2\/pages"}],"about":[{"href":"https:\/\/www.topohvar.at\/topo\/wp-json\/wp\/v2\/types\/page"}],"author":[{"embeddable":true,"href":"https:\/\/www.topohvar.at\/topo\/wp-json\/wp\/v2\/users\/1"}],"replies":[{"embeddable":true,"href":"https:\/\/www.topohvar.at\/topo\/wp-json\/wp\/v2\/comments?post=72713"}],"version-history":[{"count":16,"href":"https:\/\/www.topohvar.at\/topo\/wp-json\/wp\/v2\/pages\/72713\/revisions"}],"predecessor-version":[{"id":73711,"href":"https:\/\/www.topohvar.at\/topo\/wp-json\/wp\/v2\/pages\/72713\/revisions\/73711"}],"up":[{"embeddable":true,"href":"https:\/\/www.topohvar.at\/topo\/wp-json\/wp\/v2\/pages\/113"}],"wp:attachment":[{"href":"https:\/\/www.topohvar.at\/topo\/wp-json\/wp\/v2\/media?parent=72713"}],"curies":[{"name":"wp","href":"https:\/\/api.w.org\/{rel}","templated":true}]}}