{"id":72841,"date":"2025-10-23T12:02:54","date_gmt":"2025-10-23T10:02:54","guid":{"rendered":"https:\/\/www.topohvar.at\/topo\/?page_id=72841"},"modified":"2025-12-01T10:04:48","modified_gmt":"2025-12-01T09:04:48","slug":"gj-tr-g1-1","status":"publish","type":"page","link":"https:\/\/www.topohvar.at\/topo\/orte\/gj\/gj-tr-g1-1\/","title":{"rendered":"GDINJ &#8211; Trim \u00bbGJ-TR-G1\u00ab"},"content":{"rendered":"<p><a name=\"seite_oben\"><\/a><br \/>\n<strong><img loading=\"lazy\" decoding=\"async\" class=\"aligncenter wp-image-72842 size-full\" src=\"https:\/\/www.topohvar.at\/wp-content\/uploads\/2025\/10\/GJ-TR-G1-01.jpg\" alt=\"\" width=\"1080\" height=\"530\" srcset=\"https:\/\/www.topohvar.at\/wp-content\/uploads\/2025\/10\/GJ-TR-G1-01.jpg 1080w, https:\/\/www.topohvar.at\/wp-content\/uploads\/2025\/10\/GJ-TR-G1-01-300x147.jpg 300w, https:\/\/www.topohvar.at\/wp-content\/uploads\/2025\/10\/GJ-TR-G1-01-1024x503.jpg 1024w, https:\/\/www.topohvar.at\/wp-content\/uploads\/2025\/10\/GJ-TR-G1-01-768x377.jpg 768w\" sizes=\"auto, (max-width: 1080px) 100vw, 1080px\" \/><\/strong><\/p>\n<p><strong>Ime \/ Name<br \/>\n<\/strong>Trim \u00bbGJ-TR-G1\u00ab<\/p>\n<p><strong>Code: <\/strong>GJ-TR-G1\u00a0 \u00a0 \u00a0 \u00a0 \u00a0 \u00a0 \u00a0 \u00a0 \u00a0 \u00a0 \u00a0 \u00a0 \u00a0 \u00a0 <a href=\"https:\/\/www.topohvar.at\/orte\/gj\/gj-tr-00-1\/\"><img loading=\"lazy\" decoding=\"async\" class=\"alignnone wp-image-12300 size-full\" src=\"https:\/\/www.topohvar.at\/wp-content\/uploads\/2018\/09\/push-vor-30.jpg\" alt=\"\" width=\"61\" height=\"30\" \/><\/a>\u00a0<strong><a href=\"https:\/\/www.topohvar.at\/orte\/gj\/gj-tr-f9-1\/\"><img loading=\"lazy\" decoding=\"async\" class=\"alignnone wp-image-533 size-full\" src=\"https:\/\/www.topohvar.at\/wp-content\/uploads\/2018\/07\/push-l-30.jpg\" alt=\"\" width=\"61\" height=\"30\" \/><\/a> <a href=\"https:\/\/www.topohvar.at\/orte\/gj\/\"><img loading=\"lazy\" decoding=\"async\" class=\"alignnone wp-image-535 size-full\" src=\"https:\/\/www.topohvar.at\/wp-content\/uploads\/2018\/07\/push-o-30.jpg\" alt=\"\" width=\"61\" height=\"30\" \/><\/a> <a href=\"https:\/\/www.topohvar.at\/orte\/gj\/gj-tr-f8-1\/\"><img loading=\"lazy\" decoding=\"async\" class=\"alignnone wp-image-536 size-full\" src=\"https:\/\/www.topohvar.at\/wp-content\/uploads\/2018\/07\/push-r-30.jpg\" alt=\"\" width=\"61\" height=\"30\" \/><\/a><\/strong><\/p>\n<hr \/>\n<p><strong>Adresa \/ Adresse<br \/>\n<\/strong>Gdinj, Dugi Dolac<\/p>\n<p><strong>Lokacija \/ Position<a href=\"https:\/\/maps.app.goo.gl\/tpqfLpd3ZKrcfd24A\"><img loading=\"lazy\" decoding=\"async\" class=\"alignright wp-image-72843\" src=\"https:\/\/www.topohvar.at\/wp-content\/uploads\/2025\/10\/4358.jpg\" alt=\"\" width=\"134\" height=\"100\" \/><\/a><br \/>\n<\/strong><a href=\"https:\/\/maps.app.goo.gl\/tpqfLpd3ZKrcfd24A\"><span style=\"color: #3366ff;\">Latitude: N 43,13103\u00b0\u00a0 \u00a0Longitude: E 16,92692\u00b0<\/span><\/a> <strong><br \/>\n<\/strong>Visina \/ H\u00f6he: 315 m<\/p>\n<p><strong>Katastarska \u010destica \/ Grundst\u00fccke<br \/>\n<\/strong>3762, 3763<div class='content-column one_half'><div style=\"padding-right:6px;\"><p><strong>Datum snimanja \/ Erfassungsdatum<br \/>\n<\/strong>18.10.2025 11:50:00<\/p>\n<hr \/>\n<p><strong>Informacije<\/strong><\/p>\n<p>U svibnju 2025. godine, na jugozapadnom rubu Dugog Dolaza otkriven je ovaj zanimljivi poljoprivredni kompleks koji se sastoji od 13 trime, od kojih neki imaju mala dvori\u0161ta, kamene ku\u0107e, 4 gumna i razne kamene zidove. Podru\u010dje je obraslo \u0161ikarom i te\u0161ko dostupno.<\/p><\/div><\/div><div class='content-column one_half last_column'><div style=\"padding-right:0px;padding-left:6px;\"><p><strong>Stupanj za\u0161tite \/ Schutzstellung<br \/>\n<\/strong>&#8211;<\/p>\n<hr \/>\n<p><strong>Info<\/strong><\/p>\n<p>Im Mai 2025 wurde am s\u00fcdwestlichem Ortsrand von Dugi Dolaz dieses interessante landwirtschaftliche Gemenge aus 13 Trims, zum Teil mit kleinen Vorh\u00f6fen, Steinh\u00e4usern, 4 Dreschb\u00f6den und diversen Steinmauern gefunden. Der Bereich ist mit Gestr\u00fcpp bewachsen und schwer zug\u00e4nglich.<\/p><\/div><\/div><div class='clear_column'><\/div><\/p>\n<p><img loading=\"lazy\" decoding=\"async\" class=\"aligncenter wp-image-72821 size-full\" style=\"font-size: 16px;\" src=\"https:\/\/www.topohvar.at\/wp-content\/uploads\/2025\/10\/gj-areal-123AB.jpg\" alt=\"\" width=\"1080\" height=\"667\" srcset=\"https:\/\/www.topohvar.at\/wp-content\/uploads\/2025\/10\/gj-areal-123AB.jpg 1080w, https:\/\/www.topohvar.at\/wp-content\/uploads\/2025\/10\/gj-areal-123AB-300x185.jpg 300w, https:\/\/www.topohvar.at\/wp-content\/uploads\/2025\/10\/gj-areal-123AB-1024x632.jpg 1024w, https:\/\/www.topohvar.at\/wp-content\/uploads\/2025\/10\/gj-areal-123AB-768x474.jpg 768w\" sizes=\"auto, (max-width: 1080px) 100vw, 1080px\" \/><\/p>\n<div class='content-column one_third'><div style=\"padding-right:6px;\"><p><strong>TRIMI:<\/strong><br \/>\n1\u00a0 &#8211;\u00a0 trim <a href=\"https:\/\/www.topohvar.at\/topo\/orte\/gj\/gj-tr-f8-1\/\">GJ-TR-F8<\/a><br \/>\n2\u00a0 &#8211;\u00a0 trim <a href=\"https:\/\/www.topohvar.at\/topo\/orte\/gj\/gj-tr-f9-1\/\">GJ-TR-F9<\/a><br \/>\n3\u00a0 &#8211;\u00a0 trim GJ-TR-G1<br \/>\n4\u00a0 &#8211;\u00a0 trim <a href=\"https:\/\/www.topohvar.at\/topo\/orte\/gj\/gj-tr-e9-1\/\">GJ-TR-E9<\/a><br \/>\n5\u00a0 &#8211;\u00a0 trim <a href=\"https:\/\/www.topohvar.at\/topo\/orte\/gj\/gj-tr-f1-1\/\">GJ-TR-F1<\/a><br \/>\n6\u00a0 &#8211;\u00a0 trim <a href=\"https:\/\/www.topohvar.at\/topo\/orte\/gj\/gj-tr-f2-1\/\">GJ-TR-F2<\/a><\/p><\/div><\/div><div class='content-column one_third'><div style=\"padding-right:6px;\"><p>7\u00a0 &#8211;\u00a0 trim <a href=\"https:\/\/www.topohvar.at\/topo\/orte\/gj\/gj-tr-f0-1\/\">GJ-TR-F0<\/a><br \/>\n8\u00a0 &#8211;\u00a0 trim <a href=\"https:\/\/www.topohvar.at\/topo\/orte\/gj\/gj-tr-g2-1\/\">GJ-TR-G2<\/a><br \/>\n9\u00a0 &#8211;\u00a0 trim <a href=\"https:\/\/www.topohvar.at\/topo\/orte\/gj\/gj-tr-f4-1\/\">GJ-TR-F4<\/a><br \/>\n10 &#8211; trim <a href=\"https:\/\/www.topohvar.at\/topo\/orte\/gj\/gj-tr-f3-1\/\">GJ-TR-F3<\/a><br \/>\n11 &#8211; trim <a href=\"https:\/\/www.topohvar.at\/topo\/orte\/gj\/gj-tr-f5-1\/\">GJ-TR-F5<\/a><br \/>\n12 &#8211; trim <a href=\"https:\/\/www.topohvar.at\/topo\/orte\/gj\/gj-tr-f6-1\/\">GJ-TR-F6<\/a><br \/>\n13 &#8211; trim <a href=\"https:\/\/www.topohvar.at\/topo\/orte\/gj\/gj-tr-f7-1\/\">GJ-TR-F7<\/a><\/p><\/div><\/div><div class='content-column one_third last_column'><div style=\"padding-right:0px;padding-left:6px;\"><p><strong>GUMNA:<br \/>\n<\/strong>A &#8211; gumno <a href=\"https:\/\/www.topohvar.at\/topo\/orte\/gj\/gj-ob-16-1\/\">GJ-OB-16<\/a><br \/>\nB &#8211; gumno <a href=\"https:\/\/www.topohvar.at\/topo\/orte\/gj\/gj-ob-17-1\/\">GJ-OB-17<\/a><br \/>\nC &#8211; gumno <a href=\"https:\/\/www.topohvar.at\/topo\/orte\/gj\/gj-ob-02-1\/\">GJ-OB-02<\/a><br \/>\nD &#8211; gumno <a href=\"https:\/\/www.topohvar.at\/topo\/orte\/gj\/gj-ob-18-1\/\">GJ-OB-18<\/a><\/p><\/div><\/div><div class='clear_column'><\/div><\/p>\n<hr \/>\n<div class='content-column one_half'><div style=\"padding-right:6px;\"><p>Trim na sjeveru ovog poljoprivrednog podru\u010dja grani\u010di s lijeve strane s velikom, uredno slo\u017eenom hrpom kamenja koja tvori gumno. Stra\u017enja strana grani\u010di s prednjim vrtom od malog trima GJ-TR-F9.<\/p><\/div><\/div><div class='content-column one_half last_column'><div style=\"padding-right:0px;padding-left:6px;\"><p>Der Trim im Norden dieses landwirtschaftlichen Gemenges grenzt mit seiner linken Seite an einem gro\u00dfen geordneten Steinhaufen der einen Dreschplatz beinhaltet. Mit seiner R\u00fcckseite grenzt er an den Vorhof des kleinen Trims GJ-TR-F9.<\/p><\/div><\/div><div class='clear_column'><\/div><div class='content-column one_half'><div style=\"padding-right:6px;\"><p>Lijevo od ulaza, obrubljiva\u010d je o\u0161te\u0107en. Veliki broj sru\u0161enog kamenja prekriva pod malog dvori\u0161ta ispred ulaza. Pod gotovo kvadratne unutra\u0161njosti je neravan i ispresijecan stjenovitim grebenima. Trim se vi\u0161e ne koristi.<\/p><\/div><\/div><div class='content-column one_half last_column'><div style=\"padding-right:0px;padding-left:6px;\"><p>Links vom Eingang ist der Trim besch\u00e4digt. Eine gro\u00dfe Menge abgest\u00fcrzter Steine bedecken den Boden des kleinen Hofs vor dem Eingang. Der Boden des ann\u00e4hernd quadratischen Innenraums ist nicht eben und von Felsrippen durchzogen. Der Trim wird nicht mehr genutzt.<\/p><\/div><\/div><div class='clear_column'><\/div><div class='content-column one_half'><div style=\"padding-right:6px;\"><div id=\"attachment_73600\" style=\"width: 310px\" class=\"wp-caption aligncenter\"><img loading=\"lazy\" decoding=\"async\" aria-describedby=\"caption-attachment-73600\" class=\"size-medium wp-image-73600\" src=\"https:\/\/www.topohvar.at\/wp-content\/uploads\/2025\/11\/GJ-TR-G1-20-300x300.jpg\" alt=\"\" width=\"300\" height=\"300\" srcset=\"https:\/\/www.topohvar.at\/wp-content\/uploads\/2025\/11\/GJ-TR-G1-20-300x300.jpg 300w, https:\/\/www.topohvar.at\/wp-content\/uploads\/2025\/11\/GJ-TR-G1-20-150x150.jpg 150w, https:\/\/www.topohvar.at\/wp-content\/uploads\/2025\/11\/GJ-TR-G1-20.jpg 450w\" sizes=\"auto, (max-width: 300px) 100vw, 300px\" \/><p id=\"caption-attachment-73600\" class=\"wp-caption-text\">Ulaz \/ Eingang<\/p><\/div>\n<p>Dana 18.10.2025 trim GJ-TR-G1 je posje\u0107en i ustanovljeno je sljede\u0107e:<\/p>\n<p>Lokacija: poljoprivredni sklop<br \/>\nPodloga: ravna<br \/>\nPovezan s: ure\u0111enom kamenom gomilom , preddvori\u0161te<br \/>\nUpotreba: ne koristi se<br \/>\nStanje: dijelovi su se sru\u0161ili<br \/>\nBroj stepenica trima: 1<br \/>\nDodatni kameni prsten: nema prstena<br \/>\nStepeni\u0161te: nema<br \/>\nOblik kamena: uglast<br \/>\nPodru\u010dje ispred ulaza: kamenito<br \/>\nOrijentacija ulaza: J (190\u00b0)<br \/>\nPromjer trima (cm): 370<br \/>\nVisina trima (cm): 215<br \/>\nVisina stepenica (cm): stepenica 1: 160<br \/>\nDebljina zida (cm): 90<br \/>\n\u0160irina vrata (cm): 60<br \/>\nVisina vrata (cm): 110<br \/>\n\u0160irina unutra (cm): 180 &#8211; 190<br \/>\nVisina unutra (cm): 200<br \/>\nVolumen iznutra (m3): 3,8<br \/>\nNema ni\u0161e<\/p><\/div><\/div><div class='content-column one_half last_column'><div style=\"padding-right:0px;padding-left:6px;\"><div id=\"attachment_73601\" style=\"width: 310px\" class=\"wp-caption aligncenter\"><img loading=\"lazy\" decoding=\"async\" aria-describedby=\"caption-attachment-73601\" class=\"wp-image-73601 size-medium\" src=\"https:\/\/www.topohvar.at\/wp-content\/uploads\/2025\/11\/GJ-TR-G1-21-300x300.jpg\" alt=\"\" width=\"300\" height=\"300\" srcset=\"https:\/\/www.topohvar.at\/wp-content\/uploads\/2025\/11\/GJ-TR-G1-21-300x300.jpg 300w, https:\/\/www.topohvar.at\/wp-content\/uploads\/2025\/11\/GJ-TR-G1-21-150x150.jpg 150w, https:\/\/www.topohvar.at\/wp-content\/uploads\/2025\/11\/GJ-TR-G1-21.jpg 450w\" sizes=\"auto, (max-width: 300px) 100vw, 300px\" \/><p id=\"caption-attachment-73601\" class=\"wp-caption-text\">Desna strana trima \/ rechte Seite des Trims<\/p><\/div>\n<p>Am 18.10.2025 wurde der Trim GJ-TR-G1 besucht und n\u00e4her untersucht:<\/p>\n<p>Standort: landwirtsch. Gemenge<br \/>\nUntergrund: eben<br \/>\nVerbunden mit: Steinhaufen geordnet , Vorhof<br \/>\nNutzung: ungenutzt<br \/>\nZustand: Teile abgest\u00fcrzt<br \/>\nAnzahl der Trimstufen: 1<br \/>\nZus\u00e4tzlicher Steinring: kein Steinring<br \/>\nStiege: keine<br \/>\nSteinform: kantig<br \/>\nEingangsbereich: Steine<br \/>\nEingangsseite: S (190\u00b0)<br \/>\nTrimdurchmesser (cm): 370<br \/>\nTrimh\u00f6he (cm): 215<br \/>\nH\u00f6he der Trimstufen (cm): Stufe 1: 160<br \/>\nWandst\u00e4rke (cm): 90<br \/>\nT\u00fcrbreite (cm): 60<br \/>\nT\u00fcrh\u00f6he (cm): 110<br \/>\nInnenraumbreite (cm): 180 &#8211; 190<br \/>\nInnenraumh\u00f6he (cm): 200<br \/>\nRaumvolumen (m3): 3,8<br \/>\nKeine Nische<\/p><\/div><\/div><div class='clear_column'><\/div><\/p>\n<p><img loading=\"lazy\" decoding=\"async\" class=\"alignleft size-full wp-image-73509\" src=\"https:\/\/www.topohvar.at\/wp-content\/uploads\/2025\/11\/gj-tr-g1-scan.jpg\" alt=\"\" width=\"900\" height=\"1173\" srcset=\"https:\/\/www.topohvar.at\/wp-content\/uploads\/2025\/11\/gj-tr-g1-scan.jpg 900w, https:\/\/www.topohvar.at\/wp-content\/uploads\/2025\/11\/gj-tr-g1-scan-230x300.jpg 230w, https:\/\/www.topohvar.at\/wp-content\/uploads\/2025\/11\/gj-tr-g1-scan-786x1024.jpg 786w, https:\/\/www.topohvar.at\/wp-content\/uploads\/2025\/11\/gj-tr-g1-scan-768x1001.jpg 768w\" sizes=\"auto, (max-width: 900px) 100vw, 900px\" \/><\/p>\n<p style=\"text-align: right;\"><span style=\"color: #3366ff;\"><a style=\"color: #3366ff;\" href=\"#seite_oben\">natrag na vrh \/ Seitenanfang<\/a><\/span><\/p>\n<hr \/>\n<p><strong>Linkovi \/ Links<\/strong><\/p>\n<p>&#8211;<\/p>\n","protected":false},"excerpt":{"rendered":"<p>Ime \/ Name Trim \u00bbGJ-TR-G1\u00ab Code: GJ-TR-G1\u00a0 \u00a0 \u00a0 \u00a0 \u00a0 \u00a0 \u00a0 \u00a0 \u00a0 \u00a0 \u00a0 \u00a0 \u00a0 \u00a0 \u00a0 Adresa \/ Adresse Gdinj, Dugi Dolac Lokacija \/ Position Latitude: N 43,13103\u00b0\u00a0 \u00a0Longitude: E 16,92692\u00b0 Visina \/ H\u00f6he: 315 &hellip; <a href=\"https:\/\/www.topohvar.at\/topo\/orte\/gj\/gj-tr-g1-1\/\">Weiterlesen <span class=\"meta-nav\">&rarr;<\/span><\/a><\/p>\n","protected":false},"author":1,"featured_media":0,"parent":72,"menu_order":0,"comment_status":"closed","ping_status":"closed","template":"","meta":{"footnotes":""},"class_list":["post-72841","page","type-page","status-publish","hentry"],"_links":{"self":[{"href":"https:\/\/www.topohvar.at\/topo\/wp-json\/wp\/v2\/pages\/72841","targetHints":{"allow":["GET"]}}],"collection":[{"href":"https:\/\/www.topohvar.at\/topo\/wp-json\/wp\/v2\/pages"}],"about":[{"href":"https:\/\/www.topohvar.at\/topo\/wp-json\/wp\/v2\/types\/page"}],"author":[{"embeddable":true,"href":"https:\/\/www.topohvar.at\/topo\/wp-json\/wp\/v2\/users\/1"}],"replies":[{"embeddable":true,"href":"https:\/\/www.topohvar.at\/topo\/wp-json\/wp\/v2\/comments?post=72841"}],"version-history":[{"count":11,"href":"https:\/\/www.topohvar.at\/topo\/wp-json\/wp\/v2\/pages\/72841\/revisions"}],"predecessor-version":[{"id":73723,"href":"https:\/\/www.topohvar.at\/topo\/wp-json\/wp\/v2\/pages\/72841\/revisions\/73723"}],"up":[{"embeddable":true,"href":"https:\/\/www.topohvar.at\/topo\/wp-json\/wp\/v2\/pages\/72"}],"wp:attachment":[{"href":"https:\/\/www.topohvar.at\/topo\/wp-json\/wp\/v2\/media?parent=72841"}],"curies":[{"name":"wp","href":"https:\/\/api.w.org\/{rel}","templated":true}]}}