{"id":72848,"date":"2025-10-23T12:11:35","date_gmt":"2025-10-23T10:11:35","guid":{"rendered":"https:\/\/www.topohvar.at\/topo\/?page_id=72848"},"modified":"2025-12-01T10:04:21","modified_gmt":"2025-12-01T09:04:21","slug":"gj-tr-f9-1","status":"publish","type":"page","link":"https:\/\/www.topohvar.at\/topo\/orte\/gj\/gj-tr-f9-1\/","title":{"rendered":"GDINJ &#8211; Trim \u00bbGJ-TR-F9\u00ab"},"content":{"rendered":"<p><a name=\"seite_oben\"><\/a><br \/>\n<strong><img loading=\"lazy\" decoding=\"async\" class=\"aligncenter wp-image-72849 size-full\" src=\"https:\/\/www.topohvar.at\/wp-content\/uploads\/2025\/10\/GJ-TR-F9-01.jpg\" alt=\"\" width=\"1080\" height=\"530\" srcset=\"https:\/\/www.topohvar.at\/wp-content\/uploads\/2025\/10\/GJ-TR-F9-01.jpg 1080w, https:\/\/www.topohvar.at\/wp-content\/uploads\/2025\/10\/GJ-TR-F9-01-300x147.jpg 300w, https:\/\/www.topohvar.at\/wp-content\/uploads\/2025\/10\/GJ-TR-F9-01-1024x503.jpg 1024w, https:\/\/www.topohvar.at\/wp-content\/uploads\/2025\/10\/GJ-TR-F9-01-768x377.jpg 768w\" sizes=\"auto, (max-width: 1080px) 100vw, 1080px\" \/><\/strong><\/p>\n<p><strong>Ime \/ Name<br \/>\n<\/strong>Trim \u00bbGJ-TR-F9\u00ab<\/p>\n<p><strong>Code: <\/strong>GJ-TR-F9\u00a0 \u00a0 \u00a0 \u00a0 \u00a0 \u00a0 \u00a0 \u00a0 \u00a0 \u00a0 \u00a0 \u00a0 \u00a0 \u00a0 <a href=\"https:\/\/www.topohvar.at\/orte\/gj\/gj-tr-00-1\/\"><img loading=\"lazy\" decoding=\"async\" class=\"alignnone wp-image-12300 size-full\" src=\"https:\/\/www.topohvar.at\/wp-content\/uploads\/2018\/09\/push-vor-30.jpg\" alt=\"\" width=\"61\" height=\"30\" \/><\/a>\u00a0<strong><a href=\"https:\/\/www.topohvar.at\/orte\/gj\/gj-tr-72-1\/\"><img loading=\"lazy\" decoding=\"async\" class=\"alignnone wp-image-533 size-full\" src=\"https:\/\/www.topohvar.at\/wp-content\/uploads\/2018\/07\/push-l-30.jpg\" alt=\"\" width=\"61\" height=\"30\" \/><\/a> <a href=\"https:\/\/www.topohvar.at\/orte\/gj\/\"><img loading=\"lazy\" decoding=\"async\" class=\"alignnone wp-image-535 size-full\" src=\"https:\/\/www.topohvar.at\/wp-content\/uploads\/2018\/07\/push-o-30.jpg\" alt=\"\" width=\"61\" height=\"30\" \/><\/a> <a href=\"https:\/\/www.topohvar.at\/orte\/gj\/gj-tr-g1-1\/\"><img loading=\"lazy\" decoding=\"async\" class=\"alignnone wp-image-536 size-full\" src=\"https:\/\/www.topohvar.at\/wp-content\/uploads\/2018\/07\/push-r-30.jpg\" alt=\"\" width=\"61\" height=\"30\" \/><\/a><\/strong><\/p>\n<hr \/>\n<p><strong>Adresa \/ Adresse<br \/>\n<\/strong>Gdinj, Dugi Dolac<\/p>\n<p><strong>Lokacija \/ Position<a href=\"https:\/\/maps.app.goo.gl\/8dPZiwV5uzk5Wwkp7\"><img loading=\"lazy\" decoding=\"async\" class=\"alignright wp-image-72843\" src=\"https:\/\/www.topohvar.at\/wp-content\/uploads\/2025\/10\/4358.jpg\" alt=\"\" width=\"134\" height=\"100\" \/><\/a><br \/>\n<\/strong><a href=\"https:\/\/maps.app.goo.gl\/8dPZiwV5uzk5Wwkp7\"><span style=\"color: #3366ff;\">Latitude: N 43,13108\u00b0\u00a0 \u00a0Longitude: E 16,92694\u00b0<\/span><\/a> <strong><br \/>\n<\/strong>Visina \/ H\u00f6he: 315 m<\/p>\n<p><strong>Katastarska \u010destica \/ Grundst\u00fccke<br \/>\n<\/strong>3763<div class='content-column one_half'><div style=\"padding-right:6px;\"><p><strong>Datum snimanja \/ Erfassungsdatum<br \/>\n<\/strong>18.10.2025 11:10:00<\/p>\n<hr \/>\n<p><strong>Informacije<\/strong><\/p>\n<p>U svibnju 2025. godine, na jugozapadnom rubu Dugog Dolaza otkriven je ovaj zanimljivi poljoprivredni kompleks koji se sastoji od 13 trime, od kojih neki imaju mala dvori\u0161ta, kamene ku\u0107e, 4 gumna i razne kamene zidove. Podru\u010dje je obraslo \u0161ikarom i te\u0161ko dostupno.<\/p><\/div><\/div><div class='content-column one_half last_column'><div style=\"padding-right:0px;padding-left:6px;\"><p><strong>Stupanj za\u0161tite \/ Schutzstellung<br \/>\n<\/strong>&#8211;<\/p>\n<hr \/>\n<p><strong>Info<\/strong><\/p>\n<p>Im Mai 2025 wurde am s\u00fcdwestlichem Ortsrand von Dugi Dolaz dieses interessante landwirtschaftliche Gemenge aus 13 Trims, zum Teil mit kleinen Vorh\u00f6fen, Steinh\u00e4usern, 4 Dreschb\u00f6den und diversen Steinmauern gefunden. Der Bereich ist mit Gestr\u00fcpp bewachsen und schwer zug\u00e4nglich.<\/p><\/div><\/div><div class='clear_column'><\/div><\/p>\n<p><img loading=\"lazy\" decoding=\"async\" class=\"aligncenter wp-image-72821 size-full\" style=\"font-size: 16px;\" src=\"https:\/\/www.topohvar.at\/wp-content\/uploads\/2025\/10\/gj-areal-123AB.jpg\" alt=\"\" width=\"1080\" height=\"667\" srcset=\"https:\/\/www.topohvar.at\/wp-content\/uploads\/2025\/10\/gj-areal-123AB.jpg 1080w, https:\/\/www.topohvar.at\/wp-content\/uploads\/2025\/10\/gj-areal-123AB-300x185.jpg 300w, https:\/\/www.topohvar.at\/wp-content\/uploads\/2025\/10\/gj-areal-123AB-1024x632.jpg 1024w, https:\/\/www.topohvar.at\/wp-content\/uploads\/2025\/10\/gj-areal-123AB-768x474.jpg 768w\" sizes=\"auto, (max-width: 1080px) 100vw, 1080px\" \/><\/p>\n<div class='content-column one_third'><div style=\"padding-right:6px;\"><p><strong>TRIMI:<\/strong><br \/>\n1\u00a0 &#8211;\u00a0 trim <a href=\"https:\/\/www.topohvar.at\/topo\/orte\/gj\/gj-tr-f8-1\/\">GJ-TR-F8<\/a><br \/>\n2\u00a0 &#8211;\u00a0 trim GJ-TR-F9<br \/>\n3\u00a0 &#8211;\u00a0 trim <a href=\"https:\/\/www.topohvar.at\/topo\/orte\/gj\/gj-tr-g1-1\/\">GJ-TR-G1<\/a><br \/>\n4\u00a0 &#8211;\u00a0 trim <a href=\"https:\/\/www.topohvar.at\/topo\/orte\/gj\/gj-tr-e9-1\/\">GJ-TR-E9<\/a><br \/>\n5\u00a0 &#8211;\u00a0 trim <a href=\"https:\/\/www.topohvar.at\/topo\/orte\/gj\/gj-tr-f1-1\/\">GJ-TR-F1<\/a><br \/>\n6\u00a0 &#8211;\u00a0 trim <a href=\"https:\/\/www.topohvar.at\/topo\/orte\/gj\/gj-tr-f2-1\/\">GJ-TR-F2<\/a><\/p><\/div><\/div><div class='content-column one_third'><div style=\"padding-right:6px;\"><p>7\u00a0 &#8211;\u00a0 trim <a href=\"https:\/\/www.topohvar.at\/topo\/orte\/gj\/gj-tr-f0-1\/\">GJ-TR-F0<\/a><br \/>\n8\u00a0 &#8211;\u00a0 trim <a href=\"https:\/\/www.topohvar.at\/topo\/orte\/gj\/gj-tr-g2-1\/\">GJ-TR-G2<\/a><br \/>\n9\u00a0 &#8211;\u00a0 trim <a href=\"https:\/\/www.topohvar.at\/topo\/orte\/gj\/gj-tr-f4-1\/\">GJ-TR-F4<\/a><br \/>\n10 &#8211; trim <a href=\"https:\/\/www.topohvar.at\/topo\/orte\/gj\/gj-tr-f3-1\/\">GJ-TR-F3<\/a><br \/>\n11 &#8211; trim <a href=\"https:\/\/www.topohvar.at\/topo\/orte\/gj\/gj-tr-f5-1\/\">GJ-TR-F5<\/a><br \/>\n12 &#8211; trim <a href=\"https:\/\/www.topohvar.at\/topo\/orte\/gj\/gj-tr-f6-1\/\">GJ-TR-F6<\/a><br \/>\n13 &#8211; trim <a href=\"https:\/\/www.topohvar.at\/topo\/orte\/gj\/gj-tr-f7-1\/\">GJ-TR-F7<\/a><\/p><\/div><\/div><div class='content-column one_third last_column'><div style=\"padding-right:0px;padding-left:6px;\"><p><strong>GUMNA:<br \/>\n<\/strong>A &#8211; gumno <a href=\"https:\/\/www.topohvar.at\/topo\/orte\/gj\/gj-ob-16-1\/\">GJ-OB-16<\/a><br \/>\nB &#8211; gumno <a href=\"https:\/\/www.topohvar.at\/topo\/orte\/gj\/gj-ob-17-1\/\">GJ-OB-17<\/a><br \/>\nC &#8211; gumno <a href=\"https:\/\/www.topohvar.at\/topo\/orte\/gj\/gj-ob-02-1\/\">GJ-OB-02<\/a><br \/>\nD &#8211; gumno <a href=\"https:\/\/www.topohvar.at\/topo\/orte\/gj\/gj-ob-18-1\/\">GJ-OB-18<\/a><\/p><\/div><\/div><div class='clear_column'><\/div><\/p>\n<hr \/>\n<div class='content-column one_half'><div style=\"padding-right:6px;\"><p>Vrlo mali trim nalazi se na sjevernom rubu ovog poljoprivrednog podru\u010dja. Njegovo predvori\u0161te grani\u010di s juga s velikom, urednom hrpom kamenja koja sadr\u017ei gumno (GJ-OB-16), kao i trim GJ-TR-G1.<\/p><\/div><\/div><div class='content-column one_half last_column'><div style=\"padding-right:0px;padding-left:6px;\"><p>Der sehr kleine Trim befindet sich am Nordrand dieses landwirtschaftlichen Gemenges . Sein Vorhof grenzt mit im S\u00fcden an einem gro\u00dfen geordneten Steinhaufen der einen Dreschplatz (GJ-OB-16) beinhaltet sowie an den Trim GJ-TR-G1.<\/p><\/div><\/div><div class='clear_column'><\/div><div class='content-column one_half'><div style=\"padding-right:6px;\"><p>Nekoliko kamenih blokova tvori niske zidove trima, na koje su naslagane velike kamene plo\u010de koje stvaraju nisku kupolu. Vrlo nizak ulaz vodi u malu unutra\u0161njost, koja je visoka samo oko 1 metar. Trim se vi\u0161e ne koristi.<\/p><\/div><\/div><div class='content-column one_half last_column'><div style=\"padding-right:0px;padding-left:6px;\"><p>Einige wenige Steinbl\u00f6cke bilden die niedrigen W\u00e4nde des Trims, auf die gro\u00dfe Steinplatten zu einer niedrigen Kuppel geschichtet sind. Durch den sehr niedrigen Eingang gelangt man in den kleinen, nur etwa 1 Meter hohen Innenraum. Der Trim wird nicht mehr genutzt.<\/p><\/div><\/div><div class='clear_column'><\/div><div class='content-column one_half'><div style=\"padding-right:6px;\"><div id=\"attachment_73605\" style=\"width: 310px\" class=\"wp-caption aligncenter\"><img loading=\"lazy\" decoding=\"async\" aria-describedby=\"caption-attachment-73605\" class=\"size-medium wp-image-73605\" src=\"https:\/\/www.topohvar.at\/wp-content\/uploads\/2025\/11\/GJ-TR-F9-20-300x300.jpg\" alt=\"\" width=\"300\" height=\"300\" srcset=\"https:\/\/www.topohvar.at\/wp-content\/uploads\/2025\/11\/GJ-TR-F9-20-300x300.jpg 300w, https:\/\/www.topohvar.at\/wp-content\/uploads\/2025\/11\/GJ-TR-F9-20-150x150.jpg 150w, https:\/\/www.topohvar.at\/wp-content\/uploads\/2025\/11\/GJ-TR-F9-20.jpg 450w\" sizes=\"auto, (max-width: 300px) 100vw, 300px\" \/><p id=\"caption-attachment-73605\" class=\"wp-caption-text\">Ulaz \/ Eingang<\/p><\/div>\n<p>Dana 18.10.2025 trim GJ-TR-F9 je posje\u0107en i ustanovljeno je sljede\u0107e:<\/p>\n<p>Lokacija: poljoprivredni sklop<br \/>\nPodloga: ravna<br \/>\nPovezan s: kamenim zidom , preddvori\u0161te<br \/>\nUpotreba: ne koristi se<br \/>\nStanje: dijelovi su se sru\u0161ili<br \/>\nBroj stepenica trima: 1<br \/>\nDodatni kameni prsten: nema prstena<br \/>\nStepeni\u0161te: nema<br \/>\nOblik kamena: mje\u0161ovit<br \/>\nPodru\u010dje ispred ulaza: lako dostupno<br \/>\nOrijentacija ulaza: Z (270\u00b0)<br \/>\nPromjer trima (cm): 230<br \/>\nVisina trima (cm): 130<br \/>\nVisina stepenica (cm): stepenica 1: 90<br \/>\nDebljina zida (cm): 50<br \/>\n\u0160irina vrata (cm): 50<br \/>\nVisina vrata (cm): 55<br \/>\n\u0160irina unutra (cm): 100 &#8211; 130<br \/>\nVisina unutra (cm): 120<br \/>\nVolumen iznutra (m3): 0,8<br \/>\nNema ni\u0161e<\/p><\/div><\/div><div class='content-column one_half last_column'><div style=\"padding-right:0px;padding-left:6px;\"><div id=\"attachment_73606\" style=\"width: 310px\" class=\"wp-caption aligncenter\"><img loading=\"lazy\" decoding=\"async\" aria-describedby=\"caption-attachment-73606\" class=\"size-medium wp-image-73606\" src=\"https:\/\/www.topohvar.at\/wp-content\/uploads\/2025\/11\/GJ-TR-F9-21-300x300.jpg\" alt=\"\" width=\"300\" height=\"300\" srcset=\"https:\/\/www.topohvar.at\/wp-content\/uploads\/2025\/11\/GJ-TR-F9-21-300x300.jpg 300w, https:\/\/www.topohvar.at\/wp-content\/uploads\/2025\/11\/GJ-TR-F9-21-150x150.jpg 150w, https:\/\/www.topohvar.at\/wp-content\/uploads\/2025\/11\/GJ-TR-F9-21.jpg 450w\" sizes=\"auto, (max-width: 300px) 100vw, 300px\" \/><p id=\"caption-attachment-73606\" class=\"wp-caption-text\">Krov trima \/ Trimdach<\/p><\/div>\n<p>Am 18.10.2025 wurde der Trim GJ-TR-F9 besucht und n\u00e4her untersucht:<\/p>\n<p>Standort: landwirtsch. Gemenge<br \/>\nUntergrund: eben<br \/>\nVerbunden mit: Steinmauer , Vorhof<br \/>\nNutzung: ungenutzt<br \/>\nZustand: Teile abgest\u00fcrzt<br \/>\nAnzahl der Trimstufen: 1<br \/>\nZus\u00e4tzlicher Steinring: kein Steinring<br \/>\nStiege: keine<br \/>\nSteinform: gemischt<br \/>\nEingangsbereich: frei<br \/>\nEingangsseite: W (270\u00b0)<br \/>\nTrimdurchmesser (cm): 230<br \/>\nTrimh\u00f6he (cm): 130<br \/>\nH\u00f6he der Trimstufen (cm): Stufe 1: 90<br \/>\nWandst\u00e4rke (cm): 50<br \/>\nT\u00fcrbreite (cm): 50<br \/>\nT\u00fcrh\u00f6he (cm): 55<br \/>\nInnenraumbreite (cm): 100 &#8211; 130<br \/>\nInnenraumh\u00f6he (cm): 120<br \/>\nRaumvolumen (m3): 0,8<br \/>\nKeine Nische<\/p><\/div><\/div><div class='clear_column'><\/div><\/p>\n<p><img loading=\"lazy\" decoding=\"async\" class=\"alignleft size-full wp-image-73504\" src=\"https:\/\/www.topohvar.at\/wp-content\/uploads\/2025\/11\/gj-tr-f9-scan.jpg\" alt=\"\" width=\"900\" height=\"1276\" srcset=\"https:\/\/www.topohvar.at\/wp-content\/uploads\/2025\/11\/gj-tr-f9-scan.jpg 900w, https:\/\/www.topohvar.at\/wp-content\/uploads\/2025\/11\/gj-tr-f9-scan-212x300.jpg 212w, https:\/\/www.topohvar.at\/wp-content\/uploads\/2025\/11\/gj-tr-f9-scan-722x1024.jpg 722w, https:\/\/www.topohvar.at\/wp-content\/uploads\/2025\/11\/gj-tr-f9-scan-768x1089.jpg 768w\" sizes=\"auto, (max-width: 900px) 100vw, 900px\" \/><\/p>\n<p style=\"text-align: right;\"><span style=\"color: #3366ff;\"><a style=\"color: #3366ff;\" href=\"#seite_oben\">natrag na vrh \/ Seitenanfang<\/a><\/span><\/p>\n<hr \/>\n<p><strong>Linkovi \/ Links<\/strong><\/p>\n<p>&#8211;<\/p>\n","protected":false},"excerpt":{"rendered":"<p>Ime \/ Name Trim \u00bbGJ-TR-F9\u00ab Code: GJ-TR-F9\u00a0 \u00a0 \u00a0 \u00a0 \u00a0 \u00a0 \u00a0 \u00a0 \u00a0 \u00a0 \u00a0 \u00a0 \u00a0 \u00a0 \u00a0 Adresa \/ Adresse Gdinj, Dugi Dolac Lokacija \/ Position Latitude: N 43,13108\u00b0\u00a0 \u00a0Longitude: E 16,92694\u00b0 Visina \/ H\u00f6he: 315 &hellip; <a href=\"https:\/\/www.topohvar.at\/topo\/orte\/gj\/gj-tr-f9-1\/\">Weiterlesen <span class=\"meta-nav\">&rarr;<\/span><\/a><\/p>\n","protected":false},"author":1,"featured_media":0,"parent":72,"menu_order":0,"comment_status":"closed","ping_status":"closed","template":"","meta":{"footnotes":""},"class_list":["post-72848","page","type-page","status-publish","hentry"],"_links":{"self":[{"href":"https:\/\/www.topohvar.at\/topo\/wp-json\/wp\/v2\/pages\/72848","targetHints":{"allow":["GET"]}}],"collection":[{"href":"https:\/\/www.topohvar.at\/topo\/wp-json\/wp\/v2\/pages"}],"about":[{"href":"https:\/\/www.topohvar.at\/topo\/wp-json\/wp\/v2\/types\/page"}],"author":[{"embeddable":true,"href":"https:\/\/www.topohvar.at\/topo\/wp-json\/wp\/v2\/users\/1"}],"replies":[{"embeddable":true,"href":"https:\/\/www.topohvar.at\/topo\/wp-json\/wp\/v2\/comments?post=72848"}],"version-history":[{"count":11,"href":"https:\/\/www.topohvar.at\/topo\/wp-json\/wp\/v2\/pages\/72848\/revisions"}],"predecessor-version":[{"id":73722,"href":"https:\/\/www.topohvar.at\/topo\/wp-json\/wp\/v2\/pages\/72848\/revisions\/73722"}],"up":[{"embeddable":true,"href":"https:\/\/www.topohvar.at\/topo\/wp-json\/wp\/v2\/pages\/72"}],"wp:attachment":[{"href":"https:\/\/www.topohvar.at\/topo\/wp-json\/wp\/v2\/media?parent=72848"}],"curies":[{"name":"wp","href":"https:\/\/api.w.org\/{rel}","templated":true}]}}