{"id":73047,"date":"2025-10-27T16:58:21","date_gmt":"2025-10-27T15:58:21","guid":{"rendered":"https:\/\/www.topohvar.at\/topo\/?page_id=73047"},"modified":"2025-12-03T17:34:47","modified_gmt":"2025-12-03T16:34:47","slug":"je-ip-05-1","status":"publish","type":"page","link":"https:\/\/www.topohvar.at\/topo\/orte\/je\/je-ip-05-1\/","title":{"rendered":"JELSA &#8211; Informativna plo\u010da \u00bbInntravel\u00ab"},"content":{"rendered":"<p><a name=\"seite_oben\"><\/a><br \/>\n<strong><img loading=\"lazy\" decoding=\"async\" class=\"alignleft wp-image-73051 size-full\" src=\"https:\/\/www.topohvar.at\/wp-content\/uploads\/2025\/10\/JE-IP-05-00.jpg\" alt=\"\" width=\"1080\" height=\"530\" srcset=\"https:\/\/www.topohvar.at\/wp-content\/uploads\/2025\/10\/JE-IP-05-00.jpg 1080w, https:\/\/www.topohvar.at\/wp-content\/uploads\/2025\/10\/JE-IP-05-00-300x147.jpg 300w, https:\/\/www.topohvar.at\/wp-content\/uploads\/2025\/10\/JE-IP-05-00-1024x503.jpg 1024w, https:\/\/www.topohvar.at\/wp-content\/uploads\/2025\/10\/JE-IP-05-00-768x377.jpg 768w\" sizes=\"auto, (max-width: 1080px) 100vw, 1080px\" \/><\/strong><\/p>\n<p><strong>Ime \/ Name<br \/>\n<\/strong>Informativna plo\u010da \/ Infotafel \u00bbInntravel\u00ab<\/p>\n<p><strong>Code: <\/strong>JE-IP-05\u00a0 \u00a0 \u00a0 \u00a0 \u00a0 \u00a0 \u00a0 \u00a0 \u00a0 \u00a0 \u00a0 \u00a0 \u00a0 \u00a0 \u00a0 \u00a0 \u00a0 \u00a0 \u00a0 \u00a0\u00a0<strong> <a href=\"https:\/\/www.topohvar.at\/orte\/je\/je-ip-03-1\/\"><img loading=\"lazy\" decoding=\"async\" class=\"alignnone wp-image-533 size-full\" src=\"https:\/\/www.topohvar.at\/wp-content\/uploads\/2018\/07\/push-l-30.jpg\" alt=\"\" width=\"61\" height=\"30\" \/><\/a> <a href=\"https:\/\/www.topohvar.at\/orte\/je\/\"><img loading=\"lazy\" decoding=\"async\" class=\"alignnone wp-image-535 size-full\" src=\"https:\/\/www.topohvar.at\/wp-content\/uploads\/2018\/07\/push-o-30.jpg\" alt=\"\" width=\"61\" height=\"30\" \/><\/a> <a href=\"https:\/\/www.topohvar.at\/orte\/je\/je-ip-01-1\/\"><img loading=\"lazy\" decoding=\"async\" class=\"alignnone wp-image-536 size-full\" src=\"https:\/\/www.topohvar.at\/wp-content\/uploads\/2018\/07\/push-r-30.jpg\" alt=\"\" width=\"61\" height=\"30\" \/><\/a>\u00a0<a href=\"https:\/\/www.topohvar.at\/orte\/je\/je-is-04-1\/\"><img loading=\"lazy\" decoding=\"async\" class=\"alignnone wp-image-12299 size-full\" src=\"https:\/\/www.topohvar.at\/wp-content\/uploads\/2018\/09\/push-next-30.jpg\" alt=\"\" width=\"61\" height=\"30\" \/><\/a><\/strong><\/p>\n<hr \/>\n<p><strong>Adresa \/ Adresse<br \/>\n<\/strong>Jelsa, ju\u017eno od grada \/ s\u00fcdlich des Ortes<\/p>\n<p><strong>Lokacija \/ Position<a href=\"https:\/\/maps.app.goo.gl\/5XqCK954oKMPFE1GA\"><img loading=\"lazy\" decoding=\"async\" class=\"alignright wp-image-73053\" src=\"https:\/\/www.topohvar.at\/wp-content\/uploads\/2025\/10\/4366.jpg\" alt=\"\" width=\"134\" height=\"100\" \/><\/a><br \/>\n<\/strong><a href=\"https:\/\/maps.app.goo.gl\/5XqCK954oKMPFE1GA\"><span style=\"color: #3366ff;\">Latitude: N 43,15485\u00b0\u00a0 \u00a0Longitude: E 16,69541\u00b0 <\/span><\/a><strong><br \/>\n<\/strong>Visina \/ H\u00f6he: 78 m<\/p>\n<p><strong>Katastarska \u010destica <\/strong><strong>\/ Grundst\u00fccke<br \/>\n<\/strong>5598<div class='content-column one_half'><div style=\"padding-right:6px;\"><p><strong>Datum snimanja \/ Erfassungsdatum<br \/>\n<\/strong>11.10.2025 12:28:27<\/p>\n<hr \/>\n<p><strong>Informacije<\/strong><\/p>\n<p>Na rubu staze ju\u017eno od Jelse nalazi se informativna plo\u010da sa sljede\u0107im tekstom na hrvatskom i engleskom jeziku:<\/p><\/div><\/div><div class='content-column one_half last_column'><div style=\"padding-right:0px;padding-left:6px;\"><p><strong>Stupanj za\u0161tite<\/strong><strong> \/ Schutzstellung<br \/>\n<\/strong>&#8211;<\/p>\n<hr \/>\n<p><strong>Info<\/strong><\/p>\n<p>Am Rande eines Weges s\u00fcdlich von Jelsa steht eine Infotafel mit folgendem kroatischen und englischen Text:<\/p><\/div><\/div><div class='clear_column'><\/div><div class='content-column one_third'><div style=\"padding-right:6px;\"><h2 style=\"text-align: center;\"><strong>Inntravel<\/strong><\/h2>\n<p>Obnova ple\u0161a\u010dkih staza financirana je u sklopu projekta Revival of Historical Path with Circular Technology and Tradition, uz podr\u0161ku Zaklade za okoli\u0161 dalmatinskih otoka (DIEF) i financiranju Inntravela.<\/p><\/div><\/div><div class='content-column one_third'><div style=\"padding-right:6px;\"><h2 style=\"text-align: center;\"><strong>Inntravel<\/strong><\/h2>\n<p>Restoration of pedestrian paths is funded as part of the projekt Revival of Historical Path with Circular Technology and Tradition, supported by the Dalmatian Islands Environment Foundation (DIEF) and funded by Inntravel.<\/p><\/div><\/div><div class='content-column one_third last_column'><div style=\"padding-right:0px;padding-left:6px;\"><h2 style=\"text-align: center;\"><strong>Inntravel<\/strong><\/h2>\n<p>Die Wiederherstellung von Fu\u00dfwegen wird im Rahmen des Projekts \u201eWiederbelebung historischer Wege mit Kreislauftechnologie und Tradition\u201c finanziert, das von der Dalmatian Islands Environment Foundation (DIEF) unterst\u00fctzt und von Inntravel<\/p><\/div><\/div><div class='clear_column'><\/div><div class='content-column one_third'><div style=\"padding-right:6px;\"><p style=\"text-align: center;\"><strong>moj \u0161koj<\/strong><br \/>\nUdruga za odrzivi razvoj zajednice finanziert wird.<\/p><\/div><\/div><div class='content-column one_third'><div style=\"padding-right:6px;\"><p style=\"text-align: center;\"><strong>moj \u0161koj <\/strong>(my island)<br \/>\nAssociation for Sustainable Community Development<\/p><\/div><\/div><div class='content-column one_third last_column'><div style=\"padding-right:0px;padding-left:6px;\"><p style=\"text-align: center;\"><strong>moj \u0161koj <\/strong>(meine Insel)<br \/>\nVerein f\u00fcr nachhaltige Gemeindeentwicklung<\/p><\/div><\/div><div class='clear_column'><\/div><\/p>\n<p style=\"text-align: right;\"><span style=\"color: #3366ff;\"><a style=\"color: #3366ff;\" href=\"#seite_oben\">natrag na vrh \/ Seitenanfang<\/a><\/span><\/p>\n<hr \/>\n<p><strong>Linkovi \/ Links<\/strong><\/p>\n<p><span style=\"color: #3366ff;\">&#8211;<\/span><\/p>\n","protected":false},"excerpt":{"rendered":"<p>Ime \/ Name Informativna plo\u010da \/ Infotafel \u00bbInntravel\u00ab Code: JE-IP-05\u00a0 \u00a0 \u00a0 \u00a0 \u00a0 \u00a0 \u00a0 \u00a0 \u00a0 \u00a0 \u00a0 \u00a0 \u00a0 \u00a0 \u00a0 \u00a0 \u00a0 \u00a0 \u00a0 \u00a0\u00a0 \u00a0 Adresa \/ Adresse Jelsa, ju\u017eno od grada \/ s\u00fcdlich des &hellip; <a href=\"https:\/\/www.topohvar.at\/topo\/orte\/je\/je-ip-05-1\/\">Weiterlesen <span class=\"meta-nav\">&rarr;<\/span><\/a><\/p>\n","protected":false},"author":1,"featured_media":0,"parent":85,"menu_order":0,"comment_status":"closed","ping_status":"closed","template":"","meta":{"footnotes":""},"class_list":["post-73047","page","type-page","status-publish","hentry"],"_links":{"self":[{"href":"https:\/\/www.topohvar.at\/topo\/wp-json\/wp\/v2\/pages\/73047","targetHints":{"allow":["GET"]}}],"collection":[{"href":"https:\/\/www.topohvar.at\/topo\/wp-json\/wp\/v2\/pages"}],"about":[{"href":"https:\/\/www.topohvar.at\/topo\/wp-json\/wp\/v2\/types\/page"}],"author":[{"embeddable":true,"href":"https:\/\/www.topohvar.at\/topo\/wp-json\/wp\/v2\/users\/1"}],"replies":[{"embeddable":true,"href":"https:\/\/www.topohvar.at\/topo\/wp-json\/wp\/v2\/comments?post=73047"}],"version-history":[{"count":8,"href":"https:\/\/www.topohvar.at\/topo\/wp-json\/wp\/v2\/pages\/73047\/revisions"}],"predecessor-version":[{"id":73817,"href":"https:\/\/www.topohvar.at\/topo\/wp-json\/wp\/v2\/pages\/73047\/revisions\/73817"}],"up":[{"embeddable":true,"href":"https:\/\/www.topohvar.at\/topo\/wp-json\/wp\/v2\/pages\/85"}],"wp:attachment":[{"href":"https:\/\/www.topohvar.at\/topo\/wp-json\/wp\/v2\/media?parent=73047"}],"curies":[{"name":"wp","href":"https:\/\/api.w.org\/{rel}","templated":true}]}}