{"id":73099,"date":"2025-10-28T16:31:07","date_gmt":"2025-10-28T15:31:07","guid":{"rendered":"https:\/\/www.topohvar.at\/topo\/?page_id=73099"},"modified":"2026-02-12T18:15:24","modified_gmt":"2026-02-12T17:15:24","slug":"je-ob-10-1","status":"publish","type":"page","link":"https:\/\/www.topohvar.at\/topo\/orte\/je\/je-ob-10-1\/","title":{"rendered":"JELSA &#8211; Objekt \u00bbmeteorolo\u0161ka stanica\u00ab"},"content":{"rendered":"<p><a name=\"seite_oben\"><\/a><br \/>\n<strong><img loading=\"lazy\" decoding=\"async\" class=\"alignleft wp-image-73100 size-large\" src=\"https:\/\/www.topohvar.at\/wp-content\/uploads\/2025\/10\/JE-OB-10-01-1024x503.jpg\" alt=\"\" width=\"640\" height=\"314\" srcset=\"https:\/\/www.topohvar.at\/wp-content\/uploads\/2025\/10\/JE-OB-10-01-1024x503.jpg 1024w, https:\/\/www.topohvar.at\/wp-content\/uploads\/2025\/10\/JE-OB-10-01-300x147.jpg 300w, https:\/\/www.topohvar.at\/wp-content\/uploads\/2025\/10\/JE-OB-10-01-768x377.jpg 768w, https:\/\/www.topohvar.at\/wp-content\/uploads\/2025\/10\/JE-OB-10-01.jpg 1080w\" sizes=\"auto, (max-width: 640px) 100vw, 640px\" \/><\/strong><\/p>\n<p><strong>Ime \/ Name<br \/>\n<\/strong>Objekt \u00bbmeteorolo\u0161ka stanica\u00ab \/ Meteorologische Station<\/p>\n<p><strong>Code: <\/strong>JE-OB-10\u00a0 \u00a0 \u00a0 \u00a0 \u00a0 \u00a0 \u00a0 \u00a0 \u00a0 \u00a0 \u00a0 \u00a0 \u00a0 \u00a0 \u00a0 \u00a0 \u00a0 \u00a0 \u00a0 \u00a0 <strong><a href=\"https:\/\/www.topohvar.at\/orte\/je\/je-og-01-1\/\"><img loading=\"lazy\" decoding=\"async\" class=\"alignnone wp-image-12300 size-full\" src=\"https:\/\/www.topohvar.at\/wp-content\/uploads\/2018\/09\/push-vor-30.jpg\" alt=\"\" width=\"61\" height=\"30\" \/><\/a>\u00a0<a href=\"https:\/\/www.topohvar.at\/orte\/je\/je-ob-09-1\/\"><img loading=\"lazy\" decoding=\"async\" class=\"alignnone wp-image-533 size-full\" src=\"https:\/\/www.topohvar.at\/wp-content\/uploads\/2018\/07\/push-l-30.jpg\" alt=\"\" width=\"61\" height=\"30\" \/><\/a> <a href=\"https:\/\/www.topohvar.at\/orte\/je\/\"><img loading=\"lazy\" decoding=\"async\" class=\"alignnone wp-image-535 size-full\" src=\"https:\/\/www.topohvar.at\/wp-content\/uploads\/2018\/07\/push-o-30.jpg\" alt=\"\" width=\"61\" height=\"30\" \/><\/a> <a href=\"https:\/\/www.topohvar.at\/orte\/je\/je-ob-08-1\/\"><img loading=\"lazy\" decoding=\"async\" class=\"alignnone wp-image-536 size-full\" src=\"https:\/\/www.topohvar.at\/wp-content\/uploads\/2018\/07\/push-r-30.jpg\" alt=\"\" width=\"61\" height=\"30\" \/><\/a>\u00a0<a href=\"https:\/\/www.topohvar.at\/orte\/je\/je-os-01-1\/\"><img loading=\"lazy\" decoding=\"async\" class=\"alignnone wp-image-12299 size-full\" src=\"https:\/\/www.topohvar.at\/wp-content\/uploads\/2018\/09\/push-next-30.jpg\" alt=\"\" width=\"61\" height=\"30\" \/><\/a>\u00a0\u00a0<\/strong><\/p>\n<hr \/>\n<p><strong>Adresa \/ Adresse<br \/>\n<\/strong>Jelsa, ju\u017eno od grada \/ s\u00fcdlich des Ortes<\/p>\n<p><strong>Lokacija \/ Position<a href=\"https:\/\/maps.app.goo.gl\/AZceoGNj33brXxuE7\"><img loading=\"lazy\" decoding=\"async\" class=\"alignright wp-image-73102\" src=\"https:\/\/www.topohvar.at\/wp-content\/uploads\/2025\/10\/4374.jpg\" alt=\"\" width=\"134\" height=\"100\" \/><\/a><br \/>\n<\/strong><a href=\"https:\/\/maps.app.goo.gl\/AZceoGNj33brXxuE7\"><span style=\"color: #3366ff;\">Latitude: N 43,15668\u00b0\u00a0 \u00a0Longitude: E 16,69548\u00b0 <\/span><\/a><strong><br \/>\n<\/strong>Visina \/ H\u00f6he: 83 m<\/p>\n<p><strong>Katastarska \u010destica \/ Grundst\u00fccke<br \/>\n<\/strong>1756\/1<div class='content-column one_half'><div style=\"padding-right:6px;\"><p><strong>Datum snimanja \/ Erfassungsdatum<br \/>\n<\/strong>11.10.2025 12:39:00<\/p><\/div><\/div><div class='content-column one_half last_column'><div style=\"padding-right:0px;padding-left:6px;\"><p><strong>Stupanj za\u0161tite \/ Schutzstellung<br \/>\n<\/strong>&#8211;<\/p><\/div><\/div><div class='clear_column'><\/div><\/p>\n<p><img loading=\"lazy\" decoding=\"async\" class=\"alignleft wp-image-73101 size-full\" src=\"https:\/\/www.topohvar.at\/wp-content\/uploads\/2025\/10\/JE-OB-10-02.jpg\" alt=\"\" width=\"640\" height=\"485\" srcset=\"https:\/\/www.topohvar.at\/wp-content\/uploads\/2025\/10\/JE-OB-10-02.jpg 640w, https:\/\/www.topohvar.at\/wp-content\/uploads\/2025\/10\/JE-OB-10-02-300x227.jpg 300w\" sizes=\"auto, (max-width: 640px) 100vw, 640px\" \/><\/p>\n<p>&nbsp;<\/p>\n<div class='content-column one_half'><div style=\"padding-right:6px;\"><p><strong>Informacije<\/strong><\/p>\n<p>\u0160iroj javnosti nije poznato da je meteorolo\u0161ka postaja u Jelsi pu\u0161tena u rad ve\u0107 1963. godine. Od 1952. do 1963. djelovala je kao ki\u0161omjerna postaja, a zahvaljuju\u0107i dugogodi\u0161njoj, predanoj i vi\u0161e puta nagra\u0111ivanoj motriteljici Perici Hulji\u0107 i danas svakodnevno \u0161alje svoje podatke u DHMZ.<br \/>\nPrva motriteljica na klimatolo\u0161koj postaji bila je Vinka Hulji\u0107, koja je radila do 1977. godine.<\/p><\/div><\/div><div class='content-column one_half last_column'><div style=\"padding-right:0px;padding-left:6px;\"><p><strong>Info<\/strong><\/p>\n<p>Es ist der breiten \u00d6ffentlichkeit wenig bekannt, dass eine meteorologische Station in Jelsa schon 1963 in Betrieb genommen wurde. Von 1952 bis 1963 arbeitete sie als reine Regenmessstation und sendet dank der langj\u00e4hrigen, engagierten und mehrfach ausgezeichneten Beobachterin Perica Hulji\u0107 bis heute t\u00e4glich ihre Daten an den DHMZ. Die erste Beobachterin an der klimatologischen Station war Vinka Hulji\u0107, die bis 1977 t\u00e4tig war.<\/p><\/div><\/div><div class='clear_column'><\/div><div class='content-column one_half'><div style=\"padding-right:6px;\"><p>Program motrenja klimatolo\u0161ke postaje Jelsa obuhva\u0107a mjerenje temperature zraka i relativne vla\u017enosti, ja\u010dine i smjera vjetra te vidljivosti \u2013 tri puta dnevno, u 7, 14 i 21 sat po standardnom vremenu.<\/p><\/div><\/div><div class='content-column one_half last_column'><div style=\"padding-right:0px;padding-left:6px;\"><p>Das Beobachtungsprogramm der klimatologischen Station Jelsa umfasst die Messung von Lufttemperatur und relativer Luftfeuchtigkeit, Windst\u00e4rke und -richtung, sowie Sichtweite\u00a0 \u2013 dreimal t\u00e4glich, um 7, 14 und 21 Uhr Standardzeit.<\/p><\/div><\/div><div class='clear_column'><\/div><div class='content-column one_half'><div style=\"padding-right:6px;\"><p>Ina\u010de, klima otoka Hvara po K\u00f6ppenovoj klasifikaciji je Csa, sredozemna klima s vru\u0107im ljetom, osim na podru\u010dju vi\u0161ih dijelova otoka koji imaju klimu Csb, sredozemnu klimu s toplim ljetom.<\/p><\/div><\/div><div class='content-column one_half last_column'><div style=\"padding-right:0px;padding-left:6px;\"><p>Nach der K\u00f6ppen\u2011Klassifikation weist die Insel Hvar \u00fcberwiegend das Klima Csa auf, ein mediterranes Klima mit hei\u00dfem Sommer; nur die h\u00f6her gelegenen Teile der Insel geh\u00f6ren zum Klima Csb, einem mediterranen Klima mit warmem Sommer.<\/p><\/div><\/div><div class='clear_column'><\/div><\/p>\n<p style=\"text-align: right;\"><span style=\"color: #3366ff;\"><a style=\"color: #3366ff;\" href=\"#seite_oben\">natrag na vrh \/ Seitenanfang<\/a><\/span><\/p>\n<hr \/>\n<p><strong>Linkovi \/ Links<\/strong><\/p>\n<p><span style=\"color: #3366ff;\">&#8211;<\/span><\/p>\n","protected":false},"excerpt":{"rendered":"<p>Ime \/ Name Objekt \u00bbmeteorolo\u0161ka stanica\u00ab \/ Meteorologische Station Code: JE-OB-10\u00a0 \u00a0 \u00a0 \u00a0 \u00a0 \u00a0 \u00a0 \u00a0 \u00a0 \u00a0 \u00a0 \u00a0 \u00a0 \u00a0 \u00a0 \u00a0 \u00a0 \u00a0 \u00a0 \u00a0 \u00a0 \u00a0\u00a0\u00a0 Adresa \/ Adresse Jelsa, ju\u017eno od grada \/ &hellip; <a href=\"https:\/\/www.topohvar.at\/topo\/orte\/je\/je-ob-10-1\/\">Weiterlesen <span class=\"meta-nav\">&rarr;<\/span><\/a><\/p>\n","protected":false},"author":1,"featured_media":0,"parent":85,"menu_order":0,"comment_status":"closed","ping_status":"closed","template":"","meta":{"footnotes":""},"class_list":["post-73099","page","type-page","status-publish","hentry"],"_links":{"self":[{"href":"https:\/\/www.topohvar.at\/topo\/wp-json\/wp\/v2\/pages\/73099","targetHints":{"allow":["GET"]}}],"collection":[{"href":"https:\/\/www.topohvar.at\/topo\/wp-json\/wp\/v2\/pages"}],"about":[{"href":"https:\/\/www.topohvar.at\/topo\/wp-json\/wp\/v2\/types\/page"}],"author":[{"embeddable":true,"href":"https:\/\/www.topohvar.at\/topo\/wp-json\/wp\/v2\/users\/1"}],"replies":[{"embeddable":true,"href":"https:\/\/www.topohvar.at\/topo\/wp-json\/wp\/v2\/comments?post=73099"}],"version-history":[{"count":7,"href":"https:\/\/www.topohvar.at\/topo\/wp-json\/wp\/v2\/pages\/73099\/revisions"}],"predecessor-version":[{"id":73971,"href":"https:\/\/www.topohvar.at\/topo\/wp-json\/wp\/v2\/pages\/73099\/revisions\/73971"}],"up":[{"embeddable":true,"href":"https:\/\/www.topohvar.at\/topo\/wp-json\/wp\/v2\/pages\/85"}],"wp:attachment":[{"href":"https:\/\/www.topohvar.at\/topo\/wp-json\/wp\/v2\/media?parent=73099"}],"curies":[{"name":"wp","href":"https:\/\/api.w.org\/{rel}","templated":true}]}}