{"id":73180,"date":"2025-11-01T16:21:44","date_gmt":"2025-11-01T15:21:44","guid":{"rendered":"https:\/\/www.topohvar.at\/topo\/?page_id=73180"},"modified":"2025-12-02T08:00:46","modified_gmt":"2025-12-02T07:00:46","slug":"za-tr-c7-1","status":"publish","type":"page","link":"https:\/\/www.topohvar.at\/topo\/orte\/za\/za-tr-c7-1\/","title":{"rendered":"ZASTRA\u017dI\u0160\u0106E &#8211; Trim (ku\u010der) \u00bbZA-TR-C7\u00ab"},"content":{"rendered":"<p><a name=\"seite_oben\"><\/a><br \/>\n<strong><img loading=\"lazy\" decoding=\"async\" class=\"alignleft wp-image-73181 size-full\" src=\"https:\/\/www.topohvar.at\/wp-content\/uploads\/2025\/11\/za-tr-c7-01.jpg\" alt=\"\" width=\"1080\" height=\"530\" srcset=\"https:\/\/www.topohvar.at\/wp-content\/uploads\/2025\/11\/za-tr-c7-01.jpg 1080w, https:\/\/www.topohvar.at\/wp-content\/uploads\/2025\/11\/za-tr-c7-01-300x147.jpg 300w, https:\/\/www.topohvar.at\/wp-content\/uploads\/2025\/11\/za-tr-c7-01-1024x503.jpg 1024w, https:\/\/www.topohvar.at\/wp-content\/uploads\/2025\/11\/za-tr-c7-01-768x377.jpg 768w\" sizes=\"auto, (max-width: 1080px) 100vw, 1080px\" \/><\/strong><\/p>\n<p><strong>Ime \/ Name<br \/>\n<\/strong>Trim \u00bbZA-TR-C7\u00ab<\/p>\n<p><strong>Code: <\/strong>ZA-TR-C7\u00a0 \u00a0 \u00a0 \u00a0 \u00a0 \u00a0 \u00a0 \u00a0 \u00a0 \u00a0 \u00a0 \u00a0 \u00a0 \u00a0 <a href=\"https:\/\/www.topohvar.at\/orte\/za\/za-tr-00-00\/\"><img loading=\"lazy\" decoding=\"async\" class=\"alignnone wp-image-12300 size-full\" src=\"https:\/\/www.topohvar.at\/wp-content\/uploads\/2018\/09\/push-vor-30.jpg\" alt=\"\" width=\"61\" height=\"30\" \/><\/a>\u00a0<strong><a href=\"https:\/\/www.topohvar.at\/orte\/za\/za-tr-51-1\/\"><img loading=\"lazy\" decoding=\"async\" class=\"alignnone wp-image-533 size-full\" src=\"https:\/\/www.topohvar.at\/wp-content\/uploads\/2018\/07\/push-l-30.jpg\" alt=\"\" width=\"61\" height=\"30\" \/><\/a> <a href=\"https:\/\/www.topohvar.at\/orte\/za\/\"><img loading=\"lazy\" decoding=\"async\" class=\"alignnone wp-image-535 size-full\" src=\"https:\/\/www.topohvar.at\/wp-content\/uploads\/2018\/07\/push-o-30.jpg\" alt=\"\" width=\"61\" height=\"30\" \/><\/a> <a href=\"https:\/\/www.topohvar.at\/orte\/za\/za-tr-59-1\/\"><img loading=\"lazy\" decoding=\"async\" class=\"alignnone wp-image-536 size-full\" src=\"https:\/\/www.topohvar.at\/wp-content\/uploads\/2018\/07\/push-r-30.jpg\" alt=\"\" width=\"61\" height=\"30\" \/><\/a><\/strong><\/p>\n<hr \/>\n<p><strong>Adresa \/ Adresse<br \/>\n<\/strong>Zastra\u017ei\u0161\u0107e, izme\u0111u Grudca i Dugog Dolca \/ zwischen Grudac und Dugo Dolac<\/p>\n<p><strong>Lokacija \/ Position<a href=\"https:\/\/maps.app.goo.gl\/uBvJ5BAQx7vT4gmm9\"><img loading=\"lazy\" decoding=\"async\" class=\"alignright wp-image-73182\" src=\"https:\/\/www.topohvar.at\/wp-content\/uploads\/2025\/11\/4382.jpg\" alt=\"\" width=\"134\" height=\"100\" \/><\/a><br \/>\n<\/strong><a href=\"https:\/\/maps.app.goo.gl\/uBvJ5BAQx7vT4gmm9\"><span style=\"color: #3366ff;\">Latitude: N 43,13212\u00b0\u00a0 \u00a0Longitude: E 16,87402\u00b0<\/span><\/a> <strong><br \/>\n<\/strong>Visina \/ H\u00f6he: 225 m<\/p>\n<p><strong>Katastarska \u010destica \/ Grundst\u00fccke<br \/>\n<\/strong>2471\/161<div class='content-column one_half'><div style=\"padding-right:6px;\"><p><strong>Datum snimanja \/ Erfassungsdatum<br \/>\n<\/strong>01.11.2025 09:00:00<\/p>\n<hr \/>\n<p><strong>Informacije<\/strong><\/p>\n<p>Dvostupanjski trim nalazi se na glavnoj cesti DC 116 izme\u0111u sela Grundac i Dugi Dolac. Integrirana je u suhozid i te\u0161ko je o\u0161te\u0107ena na prednjoj strani. Na stra\u017enjoj strani je oja\u010dan kamenim prstenom. Sru\u0161eno kamenje ometa pristup kru\u017enoj unutra\u0161njosti. Trim je prona\u0111en na Google Maps.<\/p><\/div><\/div><div class='content-column one_half last_column'><div style=\"padding-right:0px;padding-left:6px;\"><p><strong>Stupanj za\u0161tite \/ Schutzstellung<br \/>\n<\/strong>&#8211;<\/p>\n<hr \/>\n<p><strong>Info<\/strong><\/p>\n<p>Der zweistufige Trim befindet sich an der Hauptstra\u00dfe DC 116 zwischen den D\u00f6rfern Grundac und Dugi Dolac. Er ist in eine Trockensteinmauer integriert und an seiner Vorderseite schwer besch\u00e4digt. An der R\u00fcckseite wird er durch einen Steinring verst\u00e4rkt. Abgest\u00fcrzte Steine behindern den Zugang in das kreisrunde Innere. Der Trim wurde in Google Maps gefunden.<\/p><\/div><\/div><div class='clear_column'><\/div><div class='content-column one_half'><div style=\"padding-right:6px;\"><div id=\"attachment_73664\" style=\"width: 310px\" class=\"wp-caption aligncenter\"><img loading=\"lazy\" decoding=\"async\" aria-describedby=\"caption-attachment-73664\" class=\"size-medium wp-image-73664\" src=\"https:\/\/www.topohvar.at\/wp-content\/uploads\/2025\/11\/za-tr-c7-20-300x300.jpg\" alt=\"\" width=\"300\" height=\"300\" srcset=\"https:\/\/www.topohvar.at\/wp-content\/uploads\/2025\/11\/za-tr-c7-20-300x300.jpg 300w, https:\/\/www.topohvar.at\/wp-content\/uploads\/2025\/11\/za-tr-c7-20-150x150.jpg 150w, https:\/\/www.topohvar.at\/wp-content\/uploads\/2025\/11\/za-tr-c7-20.jpg 450w\" sizes=\"auto, (max-width: 300px) 100vw, 300px\" \/><p id=\"caption-attachment-73664\" class=\"wp-caption-text\">Ulaz \/ Eingang<\/p><\/div>\n<p>Dana 01.11.2025 trim ZA-TR-C7 je posje\u0107en i ustanovljeno je sljede\u0107e:<\/p>\n<p>Lokacija: grmlje<br \/>\nPodloga: ravna<br \/>\nPovezan s: kamenim zidom<br \/>\nUpotreba: ne koristi se<br \/>\nStanje: dijelovi su se sru\u0161ili<br \/>\nBroj stepenica trima: 2<br \/>\nDodatni kameni prsten: prsten djelomi\u010dno<br \/>\nStepeni\u0161te: nema<br \/>\nOblik kamena: uglast<br \/>\nPodru\u010dje ispred ulaza: kamenito<br \/>\nOrijentacija ulaza: Z (290\u00b0)<br \/>\nPromjer trima (cm): 430<br \/>\nVisina trima (cm): 330<br \/>\nVisina stepenica (cm): stepenica 1: 220<br \/>\nstepenica 2: 290<br \/>\nDebljina zida (cm): 100<br \/>\n\u0160irina vrata (cm): 75<br \/>\nVisina vrata (cm): 00.01.1900<br \/>\n\u0160irina unutra (cm): 230<br \/>\nVisina unutra (cm): 280<br \/>\nVolumen iznutra (m3): 6,9<br \/>\nNema ni\u0161e<\/p><\/div><\/div><div class='content-column one_half last_column'><div style=\"padding-right:0px;padding-left:6px;\"><div id=\"attachment_73665\" style=\"width: 310px\" class=\"wp-caption aligncenter\"><img loading=\"lazy\" decoding=\"async\" aria-describedby=\"caption-attachment-73665\" class=\"size-medium wp-image-73665\" src=\"https:\/\/www.topohvar.at\/wp-content\/uploads\/2025\/11\/za-tr-c7-21-300x300.jpg\" alt=\"\" width=\"300\" height=\"300\" srcset=\"https:\/\/www.topohvar.at\/wp-content\/uploads\/2025\/11\/za-tr-c7-21-300x300.jpg 300w, https:\/\/www.topohvar.at\/wp-content\/uploads\/2025\/11\/za-tr-c7-21-150x150.jpg 150w, https:\/\/www.topohvar.at\/wp-content\/uploads\/2025\/11\/za-tr-c7-21.jpg 450w\" sizes=\"auto, (max-width: 300px) 100vw, 300px\" \/><p id=\"caption-attachment-73665\" class=\"wp-caption-text\">Pogled na sjever \/ Blick nach Norden<\/p><\/div>\n<p>Am 01.11.2025 wurde der Trim ZA-TR-C7 besucht und n\u00e4her untersucht:<\/p>\n<p>Standort: Buschwerk<br \/>\nUntergrund: eben<br \/>\nVerbunden mit: Steinmauer<br \/>\nNutzung: ungenutzt<br \/>\nZustand: Teile abgest\u00fcrzt<br \/>\nAnzahl der Trimstufen: 2<br \/>\nZus\u00e4tzlicher Steinring: Steinring teilweise<br \/>\nStiege: keine<br \/>\nSteinform: kantig<br \/>\nEingangsbereich: Steine<br \/>\nEingangsseite: W (290\u00b0)<br \/>\nTrimdurchmesser (cm): 430<br \/>\nTrimh\u00f6he (cm): 330<br \/>\nH\u00f6he der Trimstufen (cm): Stufe 1: 220 , Stufe 2: 290<br \/>\nWandst\u00e4rke (cm): 100<br \/>\nT\u00fcrbreite (cm): 75<br \/>\nT\u00fcrh\u00f6he (cm): 105<br \/>\nInnenraumbreite (cm): 230<br \/>\nInnenraumh\u00f6he (cm): 280<br \/>\nRaumvolumen (m3): 6,9<br \/>\nKeine Nische<\/p><\/div><\/div><div class='clear_column'><\/div><\/p>\n<p><img loading=\"lazy\" decoding=\"async\" class=\"alignleft size-full wp-image-73546\" src=\"https:\/\/www.topohvar.at\/wp-content\/uploads\/2025\/11\/za-tr-c7-scan.jpg\" alt=\"\" width=\"900\" height=\"1298\" srcset=\"https:\/\/www.topohvar.at\/wp-content\/uploads\/2025\/11\/za-tr-c7-scan.jpg 900w, https:\/\/www.topohvar.at\/wp-content\/uploads\/2025\/11\/za-tr-c7-scan-208x300.jpg 208w, https:\/\/www.topohvar.at\/wp-content\/uploads\/2025\/11\/za-tr-c7-scan-710x1024.jpg 710w, https:\/\/www.topohvar.at\/wp-content\/uploads\/2025\/11\/za-tr-c7-scan-768x1108.jpg 768w\" sizes=\"auto, (max-width: 900px) 100vw, 900px\" \/><\/p>\n<p style=\"text-align: right;\"><a href=\"#seite_oben\">natrag na vrh \/ Seitenanfang<\/a><\/p>\n<hr \/>\n<p><strong>Linkovi \/ Links<\/strong><\/p>\n<p>&#8211;<\/p>\n","protected":false},"excerpt":{"rendered":"<p>Ime \/ Name Trim \u00bbZA-TR-C7\u00ab Code: ZA-TR-C7\u00a0 \u00a0 \u00a0 \u00a0 \u00a0 \u00a0 \u00a0 \u00a0 \u00a0 \u00a0 \u00a0 \u00a0 \u00a0 \u00a0 \u00a0 Adresa \/ Adresse Zastra\u017ei\u0161\u0107e, izme\u0111u Grudca i Dugog Dolca \/ zwischen Grudac und Dugo Dolac Lokacija \/ Position Latitude: &hellip; <a href=\"https:\/\/www.topohvar.at\/topo\/orte\/za\/za-tr-c7-1\/\">Weiterlesen <span class=\"meta-nav\">&rarr;<\/span><\/a><\/p>\n","protected":false},"author":1,"featured_media":0,"parent":115,"menu_order":0,"comment_status":"closed","ping_status":"closed","template":"","meta":{"footnotes":""},"class_list":["post-73180","page","type-page","status-publish","hentry"],"_links":{"self":[{"href":"https:\/\/www.topohvar.at\/topo\/wp-json\/wp\/v2\/pages\/73180","targetHints":{"allow":["GET"]}}],"collection":[{"href":"https:\/\/www.topohvar.at\/topo\/wp-json\/wp\/v2\/pages"}],"about":[{"href":"https:\/\/www.topohvar.at\/topo\/wp-json\/wp\/v2\/types\/page"}],"author":[{"embeddable":true,"href":"https:\/\/www.topohvar.at\/topo\/wp-json\/wp\/v2\/users\/1"}],"replies":[{"embeddable":true,"href":"https:\/\/www.topohvar.at\/topo\/wp-json\/wp\/v2\/comments?post=73180"}],"version-history":[{"count":12,"href":"https:\/\/www.topohvar.at\/topo\/wp-json\/wp\/v2\/pages\/73180\/revisions"}],"predecessor-version":[{"id":73754,"href":"https:\/\/www.topohvar.at\/topo\/wp-json\/wp\/v2\/pages\/73180\/revisions\/73754"}],"up":[{"embeddable":true,"href":"https:\/\/www.topohvar.at\/topo\/wp-json\/wp\/v2\/pages\/115"}],"wp:attachment":[{"href":"https:\/\/www.topohvar.at\/topo\/wp-json\/wp\/v2\/media?parent=73180"}],"curies":[{"name":"wp","href":"https:\/\/api.w.org\/{rel}","templated":true}]}}