{"id":73984,"date":"2026-03-15T10:40:03","date_gmt":"2026-03-15T09:40:03","guid":{"rendered":"https:\/\/www.topohvar.at\/topo\/?page_id=73984"},"modified":"2026-03-15T12:20:09","modified_gmt":"2026-03-15T11:20:09","slug":"sg-op-lj-1","status":"publish","type":"page","link":"https:\/\/www.topohvar.at\/topo\/orte\/sg\/sg-op-lj-1\/","title":{"rendered":"STARI GRAD &#8211; Objekt \u00bbupojna jama (LJ)\u00ab"},"content":{"rendered":"<p><a name=\"seite_oben\"><\/a><br \/>\n<img loading=\"lazy\" decoding=\"async\" class=\"alignleft wp-image-73987 size-full\" src=\"https:\/\/www.topohvar.at\/wp-content\/uploads\/2026\/03\/SG-op-lj-1.jpg\" alt=\"\" width=\"1080\" height=\"530\" srcset=\"https:\/\/www.topohvar.at\/wp-content\/uploads\/2026\/03\/SG-op-lj-1.jpg 1080w, https:\/\/www.topohvar.at\/wp-content\/uploads\/2026\/03\/SG-op-lj-1-300x147.jpg 300w, https:\/\/www.topohvar.at\/wp-content\/uploads\/2026\/03\/SG-op-lj-1-1024x503.jpg 1024w, https:\/\/www.topohvar.at\/wp-content\/uploads\/2026\/03\/SG-op-lj-1-768x377.jpg 768w\" sizes=\"auto, (max-width: 1080px) 100vw, 1080px\" \/><\/p>\n<p><strong>Ime \/ Name<br \/>\n<\/strong>Objekt \u00bbupojna jama\u00ab\/ Sickergrube<\/p>\n<p><strong>Code: <\/strong>SG-OP-LJ\u00a0 \u00a0 \u00a0 \u00a0 \u00a0 \u00a0 \u00a0 \u00a0 \u00a0 \u00a0 \u00a0 \u00a0 \u00a0 \u00a0 \u00a0 \u00a0 \u00a0 \u00a0 <strong>\u00a0<a href=\"https:\/\/www.topohvar.at\/orte\/sg\/sg-op-54-1\/\"><img loading=\"lazy\" decoding=\"async\" class=\"alignnone wp-image-533 size-full\" src=\"https:\/\/www.topohvar.at\/wp-content\/uploads\/2018\/07\/push-l-30.jpg\" alt=\"\" width=\"61\" height=\"30\" \/><\/a> <a href=\"https:\/\/www.topohvar.at\/orte\/sg\/\"><img loading=\"lazy\" decoding=\"async\" class=\"alignnone wp-image-535 size-full\" src=\"https:\/\/www.topohvar.at\/wp-content\/uploads\/2018\/07\/push-o-30.jpg\" alt=\"\" width=\"61\" height=\"30\" \/><\/a> <a href=\"https:\/\/www.topohvar.at\/orte\/sg\/sg-op-lc-1\/\"><img loading=\"lazy\" decoding=\"async\" class=\"alignnone wp-image-536 size-full\" src=\"https:\/\/www.topohvar.at\/wp-content\/uploads\/2018\/07\/push-r-30.jpg\" alt=\"\" width=\"61\" height=\"30\" \/><\/a><\/strong><\/p>\n<hr \/>\n<p><strong>Adresa \/ Adresse<br \/>\n<\/strong>Stari Grad, Lug<\/p>\n<p><strong>Lokacija \/ Position <img loading=\"lazy\" decoding=\"async\" class=\"wp-image-387 size-full alignright\" src=\"https:\/\/www.topohvar.at\/wp-content\/uploads\/2018\/07\/00-00-00-1.jpg\" alt=\"\" width=\"114\" height=\"56\" \/><br \/>\n<\/strong><span style=\"color: #3366ff;\">Latitude: N 43,19\u00b0\u00a0 \u00a0Longitude: E 16,62\u00b0 <\/span><strong><br \/>\n<\/strong>Visina \/ H\u00f6he: &#8211; m<\/p>\n<p><strong>Katastarska \u010destica \/ Grundst\u00fccke<br \/>\n<\/strong>&#8211;<div class='content-column one_half'><div style=\"padding-right:6px;\"><p><strong>Datum snimanja \/ Erfassungsdatum<br \/>\n<\/strong>28.02.2026 16:59:00<\/p>\n<hr \/>\n<p><strong>Informacije<\/strong><\/p>\n<p>\u010cis\u0107enjem zapu\u0161tenih parcela, na predjelu Lug, iza\u0161la je na vidjelo upojna jama iz doba Austro-Ugarske, koja je bila obrasla u \u0161umu i potpuno zaboravljena. Ovo je mali doprinos sje\u0107anju na nekada\u0161cnji \u017eivot i upravljanju poljem. Ina\u010de, ova upojna jama nalazi se na najni\u017eoj koti u Starogradskom polju.<\/p><\/div><\/div><div class='content-column one_half last_column'><div style=\"padding-right:0px;padding-left:6px;\"><p><strong>Stupanj za\u0161tite \/ Schutzstellung<br \/>\n<\/strong>&#8211;<\/p>\n<hr \/>\n<p><strong>Info<\/strong><\/p>\n<p>Durch das S\u00e4ubern verwilderter Parzellen im Bereich Lug kam eine Sickergrube aus der Zeit der \u00d6sterreichisch-Ungarischen Monarchie zum Vorschein, die vollst\u00e4ndig zugewachsen und v\u00f6llig in Vergessenheit geraten war. Dies ist ein kleiner Beitrag zur Erinnerung an das fr\u00fchere Leben und die Bewirtschaftung des Feldes. \u00dcbrigens befindet sich diese Sickergrube am tiefsten Punkt des Starograder Feldes.<\/p><\/div><\/div><div class='clear_column'><\/div><div class='content-column one_half'><div style=\"padding-right:6px;\"><p style=\"text-align: center;\"><em>(Izvor: Facebook, Javna ustanova Agencija za upravljanje Starogradskim poljem)<\/em><\/p><\/div><\/div><div class='content-column one_half last_column'><div style=\"padding-right:0px;padding-left:6px;\"><p style=\"text-align: center;\"><em>(Quelle: Facebook, Javna ustanova Agencija za upravljanje Starogradskim poljem)<\/em><\/p><\/div><\/div><div class='clear_column'><\/div><\/p>\n<p><img loading=\"lazy\" decoding=\"async\" class=\"alignleft size-full wp-image-73988\" src=\"https:\/\/www.topohvar.at\/wp-content\/uploads\/2026\/03\/sg-op-lj-2.jpg\" alt=\"\" width=\"1080\" height=\"514\" srcset=\"https:\/\/www.topohvar.at\/wp-content\/uploads\/2026\/03\/sg-op-lj-2.jpg 1080w, https:\/\/www.topohvar.at\/wp-content\/uploads\/2026\/03\/sg-op-lj-2-300x143.jpg 300w, https:\/\/www.topohvar.at\/wp-content\/uploads\/2026\/03\/sg-op-lj-2-1024x487.jpg 1024w, https:\/\/www.topohvar.at\/wp-content\/uploads\/2026\/03\/sg-op-lj-2-768x366.jpg 768w\" sizes=\"auto, (max-width: 1080px) 100vw, 1080px\" \/><\/p>\n<p style=\"text-align: right;\"><span style=\"color: #3366ff;\"><a style=\"color: #3366ff;\" href=\"#seite_oben\">natrag na vrh \/ Seitenanfang<\/a><\/span><\/p>\n<hr \/>\n<p><strong>Linkovi \/ Links<\/strong><\/p>\n<p><span style=\"color: #3366ff;\">&#8211;<br \/>\n<\/span><\/p>\n","protected":false},"excerpt":{"rendered":"<p>Ime \/ Name Objekt \u00bbupojna jama\u00ab\/ Sickergrube Code: SG-OP-LJ\u00a0 \u00a0 \u00a0 \u00a0 \u00a0 \u00a0 \u00a0 \u00a0 \u00a0 \u00a0 \u00a0 \u00a0 \u00a0 \u00a0 \u00a0 \u00a0 \u00a0 \u00a0 \u00a0 Adresa \/ Adresse Stari Grad, Lug Lokacija \/ Position Latitude: N 43,19\u00b0\u00a0 \u00a0Longitude: &hellip; <a href=\"https:\/\/www.topohvar.at\/topo\/orte\/sg\/sg-op-lj-1\/\">Weiterlesen <span class=\"meta-nav\">&rarr;<\/span><\/a><\/p>\n","protected":false},"author":1,"featured_media":0,"parent":99,"menu_order":0,"comment_status":"closed","ping_status":"closed","template":"","meta":{"footnotes":""},"class_list":["post-73984","page","type-page","status-publish","hentry"],"_links":{"self":[{"href":"https:\/\/www.topohvar.at\/topo\/wp-json\/wp\/v2\/pages\/73984","targetHints":{"allow":["GET"]}}],"collection":[{"href":"https:\/\/www.topohvar.at\/topo\/wp-json\/wp\/v2\/pages"}],"about":[{"href":"https:\/\/www.topohvar.at\/topo\/wp-json\/wp\/v2\/types\/page"}],"author":[{"embeddable":true,"href":"https:\/\/www.topohvar.at\/topo\/wp-json\/wp\/v2\/users\/1"}],"replies":[{"embeddable":true,"href":"https:\/\/www.topohvar.at\/topo\/wp-json\/wp\/v2\/comments?post=73984"}],"version-history":[{"count":7,"href":"https:\/\/www.topohvar.at\/topo\/wp-json\/wp\/v2\/pages\/73984\/revisions"}],"predecessor-version":[{"id":74008,"href":"https:\/\/www.topohvar.at\/topo\/wp-json\/wp\/v2\/pages\/73984\/revisions\/74008"}],"up":[{"embeddable":true,"href":"https:\/\/www.topohvar.at\/topo\/wp-json\/wp\/v2\/pages\/99"}],"wp:attachment":[{"href":"https:\/\/www.topohvar.at\/topo\/wp-json\/wp\/v2\/media?parent=73984"}],"curies":[{"name":"wp","href":"https:\/\/api.w.org\/{rel}","templated":true}]}}