{"id":7424,"date":"2018-08-25T05:17:17","date_gmt":"2018-08-25T03:17:17","guid":{"rendered":"https:\/\/www.topohvar.at\/?page_id=7424"},"modified":"2021-12-09T10:03:26","modified_gmt":"2021-12-09T09:03:26","slug":"sv-aa-00-1","status":"publish","type":"page","link":"https:\/\/www.topohvar.at\/topo\/orte\/sv\/sv-aa-00-1\/","title":{"rendered":"SVIR\u010cE &#8211; Selo \u00bbSvir\u010de\u00ab"},"content":{"rendered":"<p><a name=\"seite_oben\"><\/a><br \/>\n<strong><img loading=\"lazy\" decoding=\"async\" class=\"alignnone wp-image-7376 size-large\" src=\"https:\/\/www.topohvar.at\/wp-content\/uploads\/2018\/08\/sv-tg-00-0-1024x503.jpg\" alt=\"\" width=\"640\" height=\"314\" srcset=\"https:\/\/www.topohvar.at\/wp-content\/uploads\/2018\/08\/sv-tg-00-0-1024x503.jpg 1024w, https:\/\/www.topohvar.at\/wp-content\/uploads\/2018\/08\/sv-tg-00-0-300x147.jpg 300w, https:\/\/www.topohvar.at\/wp-content\/uploads\/2018\/08\/sv-tg-00-0-768x377.jpg 768w, https:\/\/www.topohvar.at\/wp-content\/uploads\/2018\/08\/sv-tg-00-0.jpg 1080w\" sizes=\"auto, (max-width: 640px) 100vw, 640px\" \/><\/strong><\/p>\n<p><strong>Ime \/ Name<br \/>\n<\/strong>Selo \u00bbSvir\u010de\u00ab<\/p>\n<p><strong>Code: <\/strong>SV-AA-00\u00a0 \u00a0 \u00a0 \u00a0 \u00a0 \u00a0 \u00a0 \u00a0 \u00a0 \u00a0 \u00a0 \u00a0 \u00a0<strong>\u00a0 \u00a0 \u00a0 \u00a0 \u00a0\u00a0 \u00a0 \u00a0 <a href=\"https:\/\/www.topohvar.at\/topo\/orte\/sv\/sv-ai-01-1\/\"><img loading=\"lazy\" decoding=\"async\" class=\"alignnone wp-image-533 size-full\" src=\"https:\/\/www.topohvar.at\/wp-content\/uploads\/2018\/07\/push-l-30.jpg\" alt=\"\" width=\"61\" height=\"30\" \/><\/a> <a href=\"https:\/\/www.topohvar.at\/orte\/sv\/\"><img loading=\"lazy\" decoding=\"async\" class=\"alignnone wp-image-535 size-full\" src=\"https:\/\/www.topohvar.at\/wp-content\/uploads\/2018\/07\/push-o-30.jpg\" alt=\"\" width=\"61\" height=\"30\" \/><\/a>\u00a0<a href=\"https:\/\/www.topohvar.at\/orte\/sv\/sv-aa-06-1\/\"><img loading=\"lazy\" decoding=\"async\" class=\"alignnone wp-image-536 size-full\" src=\"https:\/\/www.topohvar.at\/wp-content\/uploads\/2018\/07\/push-r-30.jpg\" alt=\"\" width=\"61\" height=\"30\" \/><\/a><\/strong><\/p>\n<hr \/>\n<p><strong>Adresa \/ Adresse<br \/>\n<\/strong>Svir\u0107e<\/p>\n<p><strong>Lokacija <\/strong><strong>\/ Position<a href=\"https:\/\/goo.gl\/maps\/DJw52Z4LCBLEi1cj8\"><img loading=\"lazy\" decoding=\"async\" class=\"alignright wp-image-7636\" src=\"https:\/\/www.topohvar.at\/wp-content\/uploads\/2018\/08\/0787.jpg\" alt=\"\" width=\"134\" height=\"100\" \/><\/a><br \/>\n<\/strong><span style=\"color: #3366ff;\"><a style=\"color: #3366ff;\" href=\"https:\/\/goo.gl\/maps\/DJw52Z4LCBLEi1cj8\">Latitude: N 43,15888\u00b0\u00a0 \u00a0 Longitude: E 16,64452\u00b0\u00a0<\/a><\/span><strong><br \/>\n<\/strong>Visina \/ H\u00f6he: 110 m<\/p>\n<p><strong>Katastarska \u010destica<\/strong><strong> \/ Grundst\u00fccke<br \/>\n<\/strong>&#8211;<div class='content-column one_half'><div style=\"padding-right:6px;\"><p><strong>Datum snimanja \/ Erfassungsdatum<br \/>\n<\/strong>20.05.2016 15:00:00<\/p>\n<hr \/>\n<p><strong>Informacije<\/strong><\/p>\n<p>Svir\u010de nastalo istodobno kad i Vrbanj, s kojim ga spaja kratka cesta preko brda.<\/p><\/div><\/div><div class='content-column one_half last_column'><div style=\"padding-right:0px;padding-left:6px;\"><p><strong>Stupanj za\u0161tite <\/strong><strong>\/ Schutzstellung<br \/>\n<\/strong>&#8211;<\/p>\n<hr \/>\n<p><strong>Info<\/strong><\/p>\n<p>Svir\u010de bildete sich zur gleichen Zeit wie Vrbanj, mit dem es durch einen kurzen Weg \u00fcber den H\u00fcgel verbunden ist.<\/p><\/div><\/div><div class='clear_column'><\/div><div class='content-column one_half'><div style=\"padding-right:6px;\"><p>Ime je mno\u017einski oblik. Dva su mi\u0161ljenja o nastanku Svira\u010da i o tom imenu. Prvo mi\u0161ljenje je da su Svir\u010de nastale kada se nekoliko pastira odvojilo od mati\u010dnog mjesta Vrbanja. Prema legendi oni su svirali i pjevali oko dana\u0161njih Svira\u010da i tu se nastanili. Drugo mi\u0161ljenje je da su Svir\u010de nastale kod izvora vode jer svir zna\u010di voda, a postoji jedan manji izvor u Svir\u010dima.<\/p><\/div><\/div><div class='content-column one_half last_column'><div style=\"padding-right:0px;padding-left:6px;\"><p>Der Name ist eine Pluralform. Es gibt zwei Meinungen \u00fcber die Entstehung und seinen Namen. Die erste ist, dass Svir\u010de entstand, nachdem mehrere Hirten ihren Heimatort Vrbanj verlie\u00dfen. Der Legende nach spielten und sangen im Bereich des heutigen Svir\u010de und lie\u00dfen sich dort nieder. Andere meinen, dass Svir\u010de an einer Quelle entstand, weil \u201esvir\u201c Wasser bedeutet, und es gibt hier eine kleinere Quelle.<\/p><\/div><\/div><div class='clear_column'><\/div><div class='content-column one_half'><div style=\"padding-right:6px;\"><p>Smje\u0161teno je na uzvi\u0161enju s ju\u017ene strane Starigradskog polja. Spominje se ve\u0107 u hvarskom Statutu iz 1331. g. Sastoji se od tri dijela: starog sela, cjelina ku\u0107a Cari\u0107 i utvr\u00f1enog kompleksa \u0160imuni\u0107a. Ova porodica se spominje u 15. st. Za ratova s Turcima u 17. st. dobija naslov contea, a primljeni su u hvarske patricije 1796.<\/p><\/div><\/div><div class='content-column one_half last_column'><div style=\"padding-right:0px;padding-left:6px;\"><p>Svir\u010de befindet sich auf einer Erhebung an der S\u00fcdseite des Starigrader-Feldes und wird bereits im Hvarer Statut von 1331 erw\u00e4hnt. Es besteht aus drei Teilen: dem alten Dorf, dem H\u00e4userkomplex Cari\u0107 und dem befestigten Komplex \u0160imuni\u0107. Diese Familie wird bereits im 15. Jh. erw\u00e4hnt. F\u00fcr die K\u00e4mpfe mit den T\u00fcrken im 17. Jahrhundert erhielt sie den Grafentitel und wurde 1796 in das Patriarchat von Hvar aufgenommen.<\/p><\/div><\/div><div class='clear_column'><\/div><div class='content-column one_half'><div style=\"padding-right:6px;\"><p>Dana\u0161nji Svir\u010dani su potomci prastanovnika Varbanja koji su i osnovali Varbonj a dana\u0161nji Varbanjani su uglavnom potomci doseljenika sa kopna u prvom valu doseljavanja krajem 14. i po\u010detkom 15. st.<\/p><\/div><\/div><div class='content-column one_half last_column'><div style=\"padding-right:0px;padding-left:6px;\"><p>Die heutigen Svir\u010daner sind Nachkommen der alten Bev\u00f6lkerung aus Vrbanj, die die Ortschaft Varbonj (Vrbanj) gr\u00fcndeten. Die Vrbanjer sind vor allem Nachkommen von Einwanderern aus dem Festland, die in der ersten Welle der Einwanderung im sp\u00e4ten 14. und fr\u00fchen 15. Jahrhundert sich hier ansiedelten.<\/p><\/div><\/div><div class='clear_column'><\/div><div class='content-column one_half'><div style=\"padding-right:6px;\"><p>U sredi\u0161njem dijelu Svira\u010da pjacete, uske ulice, kamene ku\u0107e, zanimljivioarhitektonski ambijenti daju lijepi prikaz stoljetnog razvoja mjesta.<\/p><\/div><\/div><div class='content-column one_half last_column'><div style=\"padding-right:0px;padding-left:6px;\"><p>Der zentrale Teil von Svira\u010de bietet mi seinen engen Gassen und Steinh\u00e4usern, einen interessanten architektonischen Einblick in die jahrhundertealte Entwicklung des Ortes.<\/p><\/div><\/div><div class='clear_column'><\/div><div class='content-column one_half'><div style=\"padding-right:6px;\"><p>Izdanak je sela Vrbanja, s kojim je \u010dinio zajedni\u010dku \u017eupu do 1690. g. kada se odvaja i dobija samostalnu \u017eupu sv. Magdalene.<\/p><\/div><\/div><div class='content-column one_half last_column'><div style=\"padding-right:0px;padding-left:6px;\"><p>Mit dem Dorf Vrbanj hatte Svir\u010de bis 1690 eine gemeinsame Pfarre, bis es die eigene Pfarre der hl. Magdalena wurde.<\/p><\/div><\/div><div class='clear_column'><\/div><\/p>\n<p><img loading=\"lazy\" decoding=\"async\" class=\"aligncenter size-large wp-image-29831\" src=\"https:\/\/www.topohvar.at\/wp-content\/uploads\/2020\/01\/sv-aa-01-5-1024x503.jpg\" alt=\"\" width=\"640\" height=\"314\" srcset=\"https:\/\/www.topohvar.at\/wp-content\/uploads\/2020\/01\/sv-aa-01-5-1024x503.jpg 1024w, https:\/\/www.topohvar.at\/wp-content\/uploads\/2020\/01\/sv-aa-01-5-300x147.jpg 300w, https:\/\/www.topohvar.at\/wp-content\/uploads\/2020\/01\/sv-aa-01-5-768x377.jpg 768w, https:\/\/www.topohvar.at\/wp-content\/uploads\/2020\/01\/sv-aa-01-5.jpg 1080w\" sizes=\"auto, (max-width: 640px) 100vw, 640px\" \/><\/p>\n<div class='content-column one_half'><div style=\"padding-right:6px;\"><p>Danas Svir\u010de spada u najprosperitetnija sela na otoku, \u010dijem napretku pridonosi i nekoliko proizvo\u0111a\u010da vrhunskih vina te moderna uljara za preradu maslina.<\/p><\/div><\/div><div class='content-column one_half last_column'><div style=\"padding-right:0px;padding-left:6px;\"><p>Heute ist Svir\u010de eines der fruchtbarsten D\u00f6rfer der Insel, mit mehreren erstklassigen Weinproduzenten und moderner Olivenverarbeitung.<\/p><\/div><\/div><div class='clear_column'><\/div><div class='content-column one_half'><div style=\"padding-right:6px;\"><p>Dane blagdana:<\/p>\n<p>Sv. Dorotija &#8211; Svir\u010de 06.02.<br \/>\nGospa od Karmela &#8211; Svir\u010de (zavjitni svetac) 16.07<br \/>\nSv. Ilija &#8211; Svir\u010de (za\u0161titnik mjesta) 20.07.<br \/>\nSv.Mandalina &#8211; Svir\u010de 22.07.<\/p><\/div><\/div><div class='content-column one_half last_column'><div style=\"padding-right:0px;padding-left:6px;\"><p>Feiertage:<\/p>\n<p>Hl. Dorothea &#8211; Svir\u010de 06.02.<br \/>\nUnsere Liebe Frau vom Berg Carmel &#8211; Svir\u010de (eine tapfere Heilige) 16.07.<br \/>\nHl. Elias &#8211; Svir\u010de (Schutzherr des Ortes) 20.07.<br \/>\nHl. Magdalena &#8211; Svir\u010de 22.07.<\/p><\/div><\/div><div class='clear_column'><\/div><div class='content-column one_half'><div style=\"padding-right:6px;\"><p>Ruralna cjelina Svir\u010de je kulturno-povijesna cjelina. Oznaka za\u0161tite: Zakona o za\u0161titi i o\u010duvanju kulturnih dobara, ve\u0107 se \u0161tite kroz va\u017ee\u0107u prostorno\u2013 plansku dokumentaciju<\/p><\/div><\/div><div class='content-column one_half last_column'><div style=\"padding-right:0px;padding-left:6px;\"><p>Die l\u00e4ndliche Einheit Svir\u010de ist ein kulturhistorisches Ensemble. Die gesetzlichen Grundlagen zum Schutz und zur Erhaltung des Kulturgutes sind durch g\u00fcltige Raumplanungsdokumente gegeben.<\/p><\/div><\/div><div class='clear_column'><\/div><\/p>\n<p style=\"text-align: right;\"><span style=\"color: #3366ff;\"><a style=\"color: #3366ff;\" href=\"#seite_oben\">natrag na vrh \/ Seitenanfang<\/a><\/span><\/p>\n<hr \/>\n<p><strong>Linkovi \/ Links<\/strong><\/p>\n<p>&#8211;<\/p>\n","protected":false},"excerpt":{"rendered":"<p>Ime \/ Name Selo \u00bbSvir\u010de\u00ab Code: SV-AA-00\u00a0 \u00a0 \u00a0 \u00a0 \u00a0 \u00a0 \u00a0 \u00a0 \u00a0 \u00a0 \u00a0 \u00a0 \u00a0\u00a0 \u00a0 \u00a0 \u00a0 \u00a0\u00a0 \u00a0 \u00a0 \u00a0 Adresa \/ Adresse Svir\u0107e Lokacija \/ Position Latitude: N 43,15888\u00b0\u00a0 \u00a0 Longitude: E 16,64452\u00b0\u00a0 &hellip; <a href=\"https:\/\/www.topohvar.at\/topo\/orte\/sv\/sv-aa-00-1\/\">Weiterlesen <span class=\"meta-nav\">&rarr;<\/span><\/a><\/p>\n","protected":false},"author":1,"featured_media":0,"parent":106,"menu_order":0,"comment_status":"closed","ping_status":"closed","template":"","meta":{"footnotes":""},"class_list":["post-7424","page","type-page","status-publish","hentry"],"_links":{"self":[{"href":"https:\/\/www.topohvar.at\/topo\/wp-json\/wp\/v2\/pages\/7424","targetHints":{"allow":["GET"]}}],"collection":[{"href":"https:\/\/www.topohvar.at\/topo\/wp-json\/wp\/v2\/pages"}],"about":[{"href":"https:\/\/www.topohvar.at\/topo\/wp-json\/wp\/v2\/types\/page"}],"author":[{"embeddable":true,"href":"https:\/\/www.topohvar.at\/topo\/wp-json\/wp\/v2\/users\/1"}],"replies":[{"embeddable":true,"href":"https:\/\/www.topohvar.at\/topo\/wp-json\/wp\/v2\/comments?post=7424"}],"version-history":[{"count":22,"href":"https:\/\/www.topohvar.at\/topo\/wp-json\/wp\/v2\/pages\/7424\/revisions"}],"predecessor-version":[{"id":54955,"href":"https:\/\/www.topohvar.at\/topo\/wp-json\/wp\/v2\/pages\/7424\/revisions\/54955"}],"up":[{"embeddable":true,"href":"https:\/\/www.topohvar.at\/topo\/wp-json\/wp\/v2\/pages\/106"}],"wp:attachment":[{"href":"https:\/\/www.topohvar.at\/topo\/wp-json\/wp\/v2\/media?parent=7424"}],"curies":[{"name":"wp","href":"https:\/\/api.w.org\/{rel}","templated":true}]}}