{"id":7437,"date":"2018-08-25T05:34:05","date_gmt":"2018-08-25T03:34:05","guid":{"rendered":"https:\/\/www.topohvar.at\/?page_id=7437"},"modified":"2021-12-09T10:07:28","modified_gmt":"2021-12-09T09:07:28","slug":"sv-ck-02-1","status":"publish","type":"page","link":"https:\/\/www.topohvar.at\/topo\/orte\/sv\/sv-ck-02-1\/","title":{"rendered":"SVIR\u010cE &#8211; Crkvica \u00bbSv. Josipa\u00ab"},"content":{"rendered":"<p><a name=\"seite_oben\"><\/a><br \/>\n<strong><img loading=\"lazy\" decoding=\"async\" class=\"alignnone wp-image-7326 size-large\" src=\"https:\/\/www.topohvar.at\/wp-content\/uploads\/2018\/08\/sv-ck-02-0-1024x503.jpg\" alt=\"\" width=\"640\" height=\"314\" srcset=\"https:\/\/www.topohvar.at\/wp-content\/uploads\/2018\/08\/sv-ck-02-0-1024x503.jpg 1024w, https:\/\/www.topohvar.at\/wp-content\/uploads\/2018\/08\/sv-ck-02-0-300x147.jpg 300w, https:\/\/www.topohvar.at\/wp-content\/uploads\/2018\/08\/sv-ck-02-0-768x377.jpg 768w, https:\/\/www.topohvar.at\/wp-content\/uploads\/2018\/08\/sv-ck-02-0.jpg 1080w\" sizes=\"auto, (max-width: 640px) 100vw, 640px\" \/><\/strong><\/p>\n<p><strong>Ime \/ Name<br \/>\n<\/strong>Crkvica \u00bbSv. Josipa\u00ab \/ Die kleine Kirche des hl. Josef<\/p>\n<p><strong>Code: <\/strong>SV-CK-02\u00a0 \u00a0 \u00a0 \u00a0 \u00a0 \u00a0 \u00a0 \u00a0<strong>\u00a0 \u00a0 \u00a0 \u00a0 \u00a0 \u00a0 \u00a0 \u00a0 \u00a0 \u00a0<a href=\"https:\/\/www.topohvar.at\/orte\/sv\/sv-ck-01-1\/\"><img loading=\"lazy\" decoding=\"async\" class=\"alignnone wp-image-533 size-full\" src=\"https:\/\/www.topohvar.at\/wp-content\/uploads\/2018\/07\/push-l-30.jpg\" alt=\"\" width=\"61\" height=\"30\" \/><\/a>\u00a0<a href=\"https:\/\/www.topohvar.at\/orte\/sv\/\"><img loading=\"lazy\" decoding=\"async\" class=\"alignnone wp-image-535 size-full\" src=\"https:\/\/www.topohvar.at\/wp-content\/uploads\/2018\/07\/push-o-30.jpg\" alt=\"\" width=\"61\" height=\"30\" \/><\/a>\u00a0<a href=\"https:\/\/www.topohvar.at\/orte\/sv\/sv-ci-01-1\/\"><img loading=\"lazy\" decoding=\"async\" class=\"alignnone wp-image-536 size-full\" src=\"https:\/\/www.topohvar.at\/wp-content\/uploads\/2018\/07\/push-r-30.jpg\" alt=\"\" width=\"61\" height=\"30\" \/><\/a><\/strong><\/p>\n<hr \/>\n<p><strong>Adresa \/ Adresse<br \/>\n<\/strong>Svir\u0107e,<\/p>\n<p><strong>Lokacija<\/strong><strong> \/ Position<a href=\"https:\/\/goo.gl\/maps\/WXaK5id9FRrHYLDP9\"><img loading=\"lazy\" decoding=\"async\" class=\"alignright wp-image-7679\" src=\"https:\/\/www.topohvar.at\/wp-content\/uploads\/2018\/08\/0789.jpg\" alt=\"\" width=\"134\" height=\"100\" \/><\/a><br \/>\n<\/strong><span style=\"color: #3366ff;\"><a style=\"color: #3366ff;\" href=\"https:\/\/goo.gl\/maps\/WXaK5id9FRrHYLDP9\">Latitude: N 43,15867\u00b0\u00a0 \u00a0 Longitude: E 16,64403\u00b0<\/a>\u00a0<\/span><strong><br \/>\n<\/strong>Visina \/ H\u00f6he: 112 m<\/p>\n<p><strong>Katastarska \u010destica<\/strong><strong> \/ Grundst\u00fccke<br \/>\n<\/strong>*167, 3783<div class='content-column one_half'><div style=\"padding-right:6px;\"><p><strong>Datum snimanja \/ Erfassungsdatum<br \/>\n<\/strong>12.05.2013 11:55:50<\/p>\n<hr \/>\n<p><strong>Informacije<\/strong><\/p>\n<p>U jugozapadnom dijelu naselja Svir\u010de, uz lokalni put koji vodi prema Vrbanju, izgra\u0111en je stambeni sklop \u00ab\u0160imuni\u0107a dvori\u00bb u sklopu kojega je i crkva sv. Josipa. Crkvu je 1671. godine sagradio kanonik Nikola \u0160imuni\u0107 sa svojom bra\u0107om (napis u nadvratniku vrata crkve). U \u0160imuni\u0107a dvorima su tijekom XVII. i XVIII. stolje\u0107a redovito odsijedali hvarski biskupi prilikom kanonskih pohoda Svir\u010dima.<\/p><\/div><\/div><div class='content-column one_half last_column'><div style=\"padding-right:0px;padding-left:6px;\"><p><strong>Stupanj za\u0161tite<\/strong><strong> \/ Schutzstellung<br \/>\n<\/strong>Z-5611, P-862<\/p>\n<hr \/>\n<p><strong>Info<\/strong><\/p>\n<p>Im s\u00fcdwestlichen Teil der Siedlung Svir\u010de steht entlang des Weges nach Vrbanj der Wohnkomplex \u201e\u0160imuni\u0107a dvori\u201c, in dem sich die Kirche des hl. Josef befindet. Die Kirche wurde 1671 vom Kanoniker Nicholas \u0160imuni\u0107 und seinen Br\u00fcdern erbaut (Inschrift am T\u00fcrsturz der Kirchent\u00fcr). W\u00e4hrend des 17. und 18. Jahrhunderts verweilten die Bisch\u00f6fe von Hvar regelm\u00e4\u00dfig w\u00e4hrend der kanonischen Besuche auch in Svir\u010de.<\/p><\/div><\/div><div class='clear_column'><\/div><div class='content-column one_half'><div style=\"padding-right:6px;\"><p>Crkva sv. Josipa pravokutnog je tlocrta, bez apside. Gra\u0111ena je priklesanim kamenom u mortu, a na sjevernom, zapadnom i ju\u017enom pro\u010delju vidljivi su tragovi nadogradnje. Na glavnom, isto\u010dnom pro\u010delju je portal sa polukru\u017enom profiliranom lunetom u kojoj je postavljena u kamenu izra\u0111ena rusti\u010dna glava sv. Josipa. Na nadvratniku je uklesana godina gradnje i natpis: \u00ab1671. ovi tempal bi sagradjen od bratje pokojnega Petra \u0160imuni\u0107\u00bb U zabatu glavnog pro\u010delja izvorno je stajala trodijelna kamena preslica, koja se uru\u0161ila, pa je 1969. godine zamijenjena novom, kamenom jednodijelnom preslicom.<\/p><\/div><\/div><div class='content-column one_half last_column'><div style=\"padding-right:0px;padding-left:6px;\"><p>Die Kirche zum hl. Josef hat einen rechteckiger Grundriss und keine Apsis. Die W\u00e4nde wurden aus behauenen Steinen gemauert, an der Nord-, West- und S\u00fcdfassade sind Spuren des ihres Aufbaus erkennbar. An der Hauptfassade (Ostfassade) befindet sich das Portal mit einer halbkreisf\u00f6rmigen L\u00fcnette mit dem rustikalen Kopf des hl. Josef. Auf dem Sturz ist das Baujahr und die Inschrift eingraviert: \u00ab1671. Diese Kirche wurde von den Br\u00fcdern des verstorbenen Petar Simuni\u0107 gebaut\u201c. Der Giebel der Hauptfassade hatte urspr\u00fcnglich ein dreibogiges T\u00fcrmchen das aber 1969 einst\u00fcrzte und durch eine neues einbogiges ersetzt wurde.<\/p><\/div><\/div><div class='clear_column'><\/div><div class='content-column one_half'><div style=\"padding-right:6px;\"><p>Registra kilzutnih dobara Republike Hrvartske br. 03\/2012, lista za\u0161ti\u0107enih kulturnih dobara:<br \/>\nBroj registra: Z-5611<br \/>\nRje\u0161enje: 13.4.2012<\/p><\/div><\/div><div class='content-column one_half last_column'><div style=\"padding-right:0px;padding-left:6px;\"><p>Register der Kulturg\u00fcter der Republik Kroatien Nr. 02\/2016, Liste der gesch\u00fctzten Kulturg\u00fcter:<br \/>\nRegistrierungsnummer: Z-5611<br \/>\nEntscheidung vom: 13.4.2012<\/p><\/div><\/div><div class='clear_column'><\/div><\/p>\n<p style=\"text-align: right;\"><span style=\"color: #3366ff;\"><a style=\"color: #3366ff;\" href=\"#seite_oben\">natrag na vrh \/ Seitenanfang<\/a><\/span><\/p>\n<hr \/>\n<p><strong>Linkovi \/ Links<\/strong><\/p>\n<p><span style=\"color: #3366ff;\"><a style=\"color: #3366ff;\" href=\"https:\/\/www.topohvar.at\/orte\/sv\/sv-tg-04-1\/\">Ku\u0107a \u0160imuni\u0107a \/ Haus \u0160imuni\u0107<\/a>\u00a0\u00a0<\/span><br \/>\n<span style=\"color: #3366ff;\"><a style=\"color: #3366ff;\" href=\"https:\/\/www.topohvar.at\/orte\/sv\/sv-in-01-1\/\">Napis u nadvratniku vrata \/ Inschrift am T\u00fcrsturz<\/a>\u00a0\u00a0<\/span><\/p>\n","protected":false},"excerpt":{"rendered":"<p>Ime \/ Name Crkvica \u00bbSv. Josipa\u00ab \/ Die kleine Kirche des hl. Josef Code: SV-CK-02\u00a0 \u00a0 \u00a0 \u00a0 \u00a0 \u00a0 \u00a0 \u00a0\u00a0 \u00a0 \u00a0 \u00a0 \u00a0 \u00a0 \u00a0 \u00a0 \u00a0 \u00a0\u00a0\u00a0 Adresa \/ Adresse Svir\u0107e, Lokacija \/ Position Latitude: N &hellip; <a href=\"https:\/\/www.topohvar.at\/topo\/orte\/sv\/sv-ck-02-1\/\">Weiterlesen <span class=\"meta-nav\">&rarr;<\/span><\/a><\/p>\n","protected":false},"author":1,"featured_media":0,"parent":106,"menu_order":0,"comment_status":"closed","ping_status":"closed","template":"","meta":{"footnotes":""},"class_list":["post-7437","page","type-page","status-publish","hentry"],"_links":{"self":[{"href":"https:\/\/www.topohvar.at\/topo\/wp-json\/wp\/v2\/pages\/7437","targetHints":{"allow":["GET"]}}],"collection":[{"href":"https:\/\/www.topohvar.at\/topo\/wp-json\/wp\/v2\/pages"}],"about":[{"href":"https:\/\/www.topohvar.at\/topo\/wp-json\/wp\/v2\/types\/page"}],"author":[{"embeddable":true,"href":"https:\/\/www.topohvar.at\/topo\/wp-json\/wp\/v2\/users\/1"}],"replies":[{"embeddable":true,"href":"https:\/\/www.topohvar.at\/topo\/wp-json\/wp\/v2\/comments?post=7437"}],"version-history":[{"count":13,"href":"https:\/\/www.topohvar.at\/topo\/wp-json\/wp\/v2\/pages\/7437\/revisions"}],"predecessor-version":[{"id":54960,"href":"https:\/\/www.topohvar.at\/topo\/wp-json\/wp\/v2\/pages\/7437\/revisions\/54960"}],"up":[{"embeddable":true,"href":"https:\/\/www.topohvar.at\/topo\/wp-json\/wp\/v2\/pages\/106"}],"wp:attachment":[{"href":"https:\/\/www.topohvar.at\/topo\/wp-json\/wp\/v2\/media?parent=7437"}],"curies":[{"name":"wp","href":"https:\/\/api.w.org\/{rel}","templated":true}]}}