{"id":7455,"date":"2018-08-25T05:50:21","date_gmt":"2018-08-25T03:50:21","guid":{"rendered":"https:\/\/www.topohvar.at\/?page_id=7455"},"modified":"2023-06-08T17:25:48","modified_gmt":"2023-06-08T15:25:48","slug":"sv-cp-07-1","status":"publish","type":"page","link":"https:\/\/www.topohvar.at\/topo\/orte\/sv\/sv-cp-07-1\/","title":{"rendered":"SVIR\u010cE &#8211; Kapela \u00bbSv. Nikole od Planine\u00ab"},"content":{"rendered":"<p><strong><img loading=\"lazy\" decoding=\"async\" class=\"alignnone wp-image-7333 size-large\" src=\"https:\/\/www.topohvar.at\/wp-content\/uploads\/2018\/08\/SV-CP-07-0-1024x503.jpg\" alt=\"\" width=\"640\" height=\"314\" srcset=\"https:\/\/www.topohvar.at\/wp-content\/uploads\/2018\/08\/SV-CP-07-0-1024x503.jpg 1024w, https:\/\/www.topohvar.at\/wp-content\/uploads\/2018\/08\/SV-CP-07-0-300x147.jpg 300w, https:\/\/www.topohvar.at\/wp-content\/uploads\/2018\/08\/SV-CP-07-0-768x377.jpg 768w, https:\/\/www.topohvar.at\/wp-content\/uploads\/2018\/08\/SV-CP-07-0.jpg 1080w\" sizes=\"auto, (max-width: 640px) 100vw, 640px\" \/><\/strong><\/p>\n<p><strong>Ime \/ Name<br \/>\n<\/strong>Kapela \u00bbSv. Nikole od Planine\u00ab \/ Kapelle des hl. Nikolaus am Berg<\/p>\n<p><strong>Code: <\/strong>SV-CP-07\u00a0 \u00a0 \u00a0 \u00a0 \u00a0 \u00a0 \u00a0 \u00a0 \u00a0 \u00a0 \u00a0 \u00a0 \u00a0<strong>\u00a0 \u00a0 \u00a0 \u00a0 \u00a0<a href=\"https:\/\/www.topohvar.at\/orte\/sv\/sv-cp-08-1\/\"><img loading=\"lazy\" decoding=\"async\" class=\"alignnone wp-image-533 size-full\" src=\"https:\/\/www.topohvar.at\/wp-content\/uploads\/2018\/07\/push-l-30.jpg\" alt=\"\" width=\"61\" height=\"30\" \/><\/a>\u00a0<a href=\"https:\/\/www.topohvar.at\/orte\/sv\/\"><img loading=\"lazy\" decoding=\"async\" class=\"alignnone wp-image-535 size-full\" src=\"https:\/\/www.topohvar.at\/wp-content\/uploads\/2018\/07\/push-o-30.jpg\" alt=\"\" width=\"61\" height=\"30\" \/><\/a>\u00a0<a href=\"https:\/\/www.topohvar.at\/orte\/sv\/sv-cp-01-1\/\"><img loading=\"lazy\" decoding=\"async\" class=\"alignnone wp-image-536 size-full\" src=\"https:\/\/www.topohvar.at\/wp-content\/uploads\/2018\/07\/push-r-30.jpg\" alt=\"\" width=\"61\" height=\"30\" \/><\/a><\/strong><\/p>\n<hr \/>\n<p><strong>Adresa \/ Adresse<br \/>\n<\/strong><\/p>\n<p>Svir\u010de,\u00a0Sv. Nikole od Planine \/ St. Nikolaus am Berg<\/p>\n<p><strong>Lokalna polo\u017eaj \/ Position<a href=\"https:\/\/goo.gl\/maps\/RdwW8B8PhnDczWjA9\"><img loading=\"lazy\" decoding=\"async\" class=\"alignright wp-image-7726\" src=\"https:\/\/www.topohvar.at\/wp-content\/uploads\/2018\/08\/0796.jpg\" alt=\"\" width=\"134\" height=\"100\" \/><\/a><br \/>\n<\/strong><span style=\"color: #3366ff;\"><a style=\"color: #3366ff;\" href=\"https:\/\/goo.gl\/maps\/RdwW8B8PhnDczWjA9\">Latitude: N 43,14412\u00b0\u00a0 \u00a0 Longitude: E 16,59830\u00b0\u00a0<\/a><\/span><strong><br \/>\n<\/strong>Visina \/ H\u00f6he: 623 m<\/p>\n<p><strong>Zemlji\u0161te \/ Grundst\u00fccke<br \/>\n<\/strong>*90<div class='content-column one_half'><div style=\"padding-right:6px;\"><p><strong>Datum snimanja \/ Erfassungsdatum<br \/>\n<\/strong>14.05.2013 11:40:41<\/p>\n<hr \/>\n<p><strong>Informacije<\/strong><\/p>\n<p>Kapelu su sagradili stanovnici Vrbanj i Svir\u010de krajem 15. stolje\u0107a uz pomo\u0107 brodogradili\u0161ta iz Vrboske. Prema povijesti, u izgradnju kapelice bio je uklju\u010den i Matija Ivani\u0107, vo\u0111a hvarskog ustanka i rock zvijezda povijesti otoka. Nekoliko je puta bio o\u0161te\u0107en udarom groma (nije ni \u010dudo s obzirom na situaciju) i svaki put je obnovljen.<\/p><\/div><\/div><div class='content-column one_half last_column'><div style=\"padding-right:0px;padding-left:6px;\"><p><strong>Za\u0161titni polo\u017eaj \/ Schutzstellung<br \/>\n<\/strong>Z-4947<\/p>\n<hr \/>\n<p><strong>Info<\/strong><\/p>\n<p>Eine Kapelle wurde Ende des 15. Jahrhunderts von den Einwohnern von Vrbanj und Svir\u010de mithilfe von Schiffseignern aus Vrboska gebaut. Der Geschichte nach war selbst Matija Ivani\u0107, Anf\u00fchrer des Hvarer Aufstands und Rockstar der Inselgeschichte, am Bau der Kapelle beteiligt. Sie wurde mehrmals durch Blitzeinschl\u00e4ge besch\u00e4digt (eigentlich kein Wunder, wenn man die Lage bedenkt) und jedes Mal wieder aufgebaut.<\/p><\/div><\/div><div class='clear_column'><\/div><div class='content-column one_half'><div style=\"padding-right:6px;\"><p>Kapela sv. Nikole od Planine nalazi se na 626 m nadmorske visine na istoimenom, najvi\u0161em vrhu Hvara, \u010dije se stijene strmo uzdi\u017eu iz mora na ju\u017enoj strani otoka. Dio je planinskog lanca, \u010diji se najvi\u0161i vrhovi prote\u017eu od Zavale do Svete Nedjelje. Svir\u010de le\u017ei sjeverno od vrha Svetog Nikole, a Sveta Nedjelja na jugu. To je tre\u0107i najvi\u0161i oto\u010dki vrh u Hrvatskoj koji ga je nadma\u0161io samo Vidova Gora na Bra\u010du i Sis na Cresu.<\/p><\/div><\/div><div class='content-column one_half last_column'><div style=\"padding-right:0px;padding-left:6px;\"><p>Die Kapelle des hl. Nikolaus vom Berg befindet sich 626 m \u00fcber dem Meeresspiegel auf dem gleichnamigen, h\u00f6chsten Gipfel der Insel Hvar, dessen Felsen auf der S\u00fcdseite der Insel steil aus dem Meer ragen. Er ist Teil einer Bergkette, deren h\u00f6chste Gipfel sich von Zavala bis Sveta Nedjelja erstrecken. N\u00f6rdlich des Gipfels Hl. Nikolaus liegt Svir\u010de, s\u00fcdlich davon Sveta Nedjelja. Es handelt sich um den dritth\u00f6chsten Inselgipfel in Kroatien, \u00fcbertroffen nur von Vidova Gora auf Bra\u010d und Sis auf Cres.<\/p><\/div><\/div><div class='clear_column'><\/div><div class='content-column one_half'><div style=\"padding-right:6px;\"><p>Dana\u0161nja kapela datira iz 19. stolje\u0107a. Gra\u0111ena od priklesanog kamena, pravokutnog je tlocrta, dvostre\u0161nog krovi\u0161ta pokrivenog kamenom plo\u010dom, presvo\u0111ena je ba\u010dvastim svodom. Na stariju gra\u0111evinu naknadno je dogra\u0111en trijem, prilikom obnove krajem 20. stolje\u0107a nad trijemom postavljeno je drveno dvostre\u0161no krovi\u0161te te su crkva i trijem zajedno zakrovljeni.<\/p><\/div><\/div><div class='content-column one_half last_column'><div style=\"padding-right:0px;padding-left:6px;\"><p>Die heutige Kapelle stammt aus dem 19. Jahrhundert. Sie besteht aus behauenen Steinen, hat einen rechteckigen Grundriss, ein Satteldach, das mit Steinplatten gedeckt ist, und ein Tonnengew\u00f6lbe. Ein offener Vorraum wurde sp\u00e4ter zu dem \u00e4lteren Geb\u00e4ude hinzugef\u00fcgt. Ende des 20. Jahrhunderts wurde ein Satteldach \u00fcber dem Vorraum errichtet und gemeinsam mit der Kapelle neu gedeckt.<\/p><\/div><\/div><div class='clear_column'><\/div><div class='content-column one_half'><div style=\"padding-right:6px;\"><p>Na jednostavnom kamenom oltaru nalazi se restaurirani kameni kip sv. Nikole.\u00a0 Spomeni\u010dki vrijedan \u200bkip sv. Nikole potje\u010de s kraja XVIII. stolje\u0107a, djelo je nepoznatog majstora, a krasi oltar crkvice podignute njemu u \u010dast, na kojem stoji od 1770. godine.<\/p><\/div><\/div><div class='content-column one_half last_column'><div style=\"padding-right:0px;padding-left:6px;\"><p>Auf dem einfachen Steinaltar befindet sich eine restaurierte Steinstatue des hl. Nikolaus.\u00a0Die wertvolle Statue stammt aus dem Ende des 18. Jahrhunderts, ist das Werk eines unbekannten Meisters und schm\u00fcckt den Altar der ihm zu Ehren errichteten kleinen Kirche seit dem Jahr 1770.<\/p><\/div><\/div><div class='clear_column'><\/div><div class='content-column one_half'><div style=\"padding-right:6px;\"><p>Izniman zna\u010daj crkve je \u0161to se vezuje uz ime Matije Ivani\u0107a u kojem neki povjesni\u010dari prepoznaju Matija Ivani\u0107a, vo\u0111u pu\u010dkog ustanka, a drugi njegovog djeda.<\/p><\/div><\/div><div class='content-column one_half last_column'><div style=\"padding-right:0px;padding-left:6px;\"><p>Die au\u00dfergew\u00f6hnliche Bedeutung der Kirche besteht darin, dass sie mit dem Namen Matij Ivani\u0107 zusammenh\u00e4ngt, in dem einige Historiker Matij Ivani\u0107, den Anf\u00fchrer des Volksaufstands von Hvar, und andere dessen Gro\u00dfvater zu erkennen glauben.<\/p><\/div><\/div><div class='clear_column'><\/div><div class='content-column one_half'><div style=\"padding-right:6px;\"><p>Registar kulturnih dobara Republike Hrvatske br. 01\/2011.<br \/>\nDatum tiskanog izdanja: 04. 08. 2011.<br \/>\nBroj registra: Z-4947.<\/p><\/div><\/div><div class='content-column one_half last_column'><div style=\"padding-right:0px;padding-left:6px;\"><p>Register der Kulturg\u00fcter der Republik Kroatien Nr. 01\/2011.<br \/>\nVer\u00f6ffentlichungsdatum: 04. 08. 2011.<br \/>\nRegistriernummer Z-4947.<\/p><\/div><\/div><div class='clear_column'><\/div><\/p>\n<hr \/>\n<p><strong>Linkovi \/ Links<\/strong><\/p>\n<p><span style=\"color: #3366ff;\"><strong><a style=\"color: #3366ff;\" href=\"https:\/\/www.topohvar.at\/topo\/orte\/vj\/vj-tg-08-1\/\">Mehr \u00fcber <\/a><a style=\"color: #3366ff;\" href=\"https:\/\/www.topohvar.at\/topo\/orte\/vj\/vj-tg-08-1\/\">Matij Ivani\u0107<\/a><a style=\"color: #3366ff;\" href=\"https:\/\/www.topohvar.at\/topo\/orte\/vj\/vj-tg-08-1\/\">\u00a0\/ vi\u0161e o Matiji Ivani\u0107u<\/a><\/strong><\/span><\/p>\n<p><a style=\"color: #3366ff;\" href=\"https:\/\/www.topohvar.at\/orte\/hv\/hv-ci-03-1\/\">Hvar &#8211; Pri\u010da o Hvarskom Svetom Kri\u017ei\u0107u \/\u00a0\u00a0die Geschichte vom Heiligen Kreuz in Hvar<\/a><br \/>\n<a href=\"https:\/\/www.topohvar.at\/topo\/orte\/hv\/hv-is-12-1\/\"><span style=\"color: #3366ff;\">Hvar &#8211; Spomen plo\u010da \u00bbMatij Ivani\u0107\u00ab \/ Gedenktafel \u00bbMatij Ivani\u0107\u00ab<\/span><\/a><span style=\"color: #3366ff;\">\u00a0<\/span><br \/>\n<span style=\"color: #3366ff;\"><a style=\"color: #3366ff;\" href=\"https:\/\/www.topohvar.at\/topo\/orte\/hv\/hv-ci-03\/\">Hvar &#8211; Crkva \u00bbGospa Anuncijata\u00ab \/ Kirche Maria Verk\u00fcndigung<\/a>\u00a0<\/span><\/p>\n<p><span style=\"color: #3366ff;\"><a style=\"color: #3366ff;\" href=\"https:\/\/www.topohvar.at\/topo\/orte\/je\/je-is-05-1\/\">Jelsa &#8211; Spomen plo\u010da \u00bb\u0106eta Matij Ivani\u0107\u00ab \/ Gedenktafel Partisaneneinheit Matij Ivani\u0107<\/a>\u00a0<\/span><\/p>\n<p><span style=\"color: #3366ff;\"><a style=\"color: #3366ff;\" href=\"https:\/\/www.topohvar.at\/topo\/orte\/sg\/sg-is-08-2\/\">Stari Grad &#8211; Spomen plo\u010da \u00bbMatij Ivani\u0107, napad 1510\u00ab\/ Gedenktafel an den Aufstand des\u00a0Matij Ivani\u0107 im Jahr 1510<\/a><\/span><\/p>\n<p><span style=\"color: #3366ff;\"><a style=\"color: #3366ff;\" href=\"https:\/\/www.topohvar.at\/topo\/orte\/vj\/vj-is-03-1\/\">Vrbanj &#8211; Spomen plo\u010da \u00bbKu\u010da Matij Ivani\u0107a\u00ab \/ Gedenktafel Haus Matij Ivani\u0107<\/a>\u00a0<\/span><br \/>\n<span style=\"color: #3366ff;\"><a style=\"color: #3366ff;\" href=\"https:\/\/www.topohvar.at\/topo\/orte\/vj\/vj-tg-01-1\/\">Vrbanj &#8211; Ku\u0107a \u00bbDom Matij Ivani\u0107\u00ab \/ Kulturhaus Matij Ivani\u0107<\/a>\u00a0<\/span><br \/>\n<span style=\"color: #3366ff;\"><a style=\"color: #3366ff;\" href=\"https:\/\/www.topohvar.at\/topo\/orte\/vj\/vj-is-06-1\/\">Vrbanj &#8211; Spomen plo\u010da \u00bbMatij Ivani\u0107, na 444-tu godisnjicu pu\u010dana\u00ab \/ Gedenktafel Matij Ivani\u0107, zum 444. Jahrestag des Aufstandes<\/a>\u00a0<\/span><br \/>\n<span style=\"color: #3366ff;\"><a style=\"color: #3366ff;\" href=\"https:\/\/www.topohvar.at\/topo\/orte\/vj\/vj-is-05-1\/\">Vrbanj &#8211; Spomen plo\u010da \u00bbMatij Ivani\u0107, na 500-tu godisnjicu pu\u010dana\u00ab \/ Gedenktafel Matij Ivani\u0107, zum 500. Jahrestag des Aufstandes<\/a>\u00a0<\/span><br \/>\n<span style=\"color: #3366ff;\"><a style=\"color: #3366ff;\" href=\"https:\/\/www.topohvar.at\/topo\/orte\/vj\/vj-pu-01-1\/\">Vrbanj &#8211; Objekt \u00bbPut Matija Ivani\u0107a\u00ab \/ Ivani\u0107-Weg<\/a>\u00a0<\/span><br \/>\n<span style=\"color: #3366ff;\"><a style=\"color: #3366ff;\" href=\"https:\/\/www.topohvar.at\/topo\/orte\/vj\/vj-ip-01-1\/\">Vrbanj &#8211; Informativna plo\u010da \u00bbPut Matija Ivani\u0107a\u00ab \/ Infotafel Ivani\u0107-Weg<\/a><\/span><\/p>\n<p><span style=\"color: #3366ff;\"><a style=\"color: #3366ff;\" href=\"https:\/\/www.topohvar.at\/topo\/orte\/va\/va-tg-05-1\/\">Vrboska &#8211; Ku\u0107a \u00bbMatije Ivani\u0107a\u00ab \/ Haus des\u00a0Matij Ivani\u0107<\/a>\u00a0<\/span><br \/>\n<span style=\"color: #3366ff;\"><a style=\"color: #3366ff;\" href=\"https:\/\/www.topohvar.at\/topo\/orte\/va\/va-is-02-1\/\">Vrboska &#8211; Spomen plo\u010da \u00bbKu\u0107a Matije Ivani\u0107a\u00ab \/ Gedenktafel Haus des Matij Ivani\u0107<\/a><\/span><\/p>\n","protected":false},"excerpt":{"rendered":"<p>Ime \/ Name Kapela \u00bbSv. Nikole od Planine\u00ab \/ Kapelle des hl. Nikolaus am Berg Code: SV-CP-07\u00a0 \u00a0 \u00a0 \u00a0 \u00a0 \u00a0 \u00a0 \u00a0 \u00a0 \u00a0 \u00a0 \u00a0 \u00a0\u00a0 \u00a0 \u00a0 \u00a0 \u00a0\u00a0\u00a0 Adresa \/ Adresse Svir\u010de,\u00a0Sv. Nikole od Planine &hellip; <a href=\"https:\/\/www.topohvar.at\/topo\/orte\/sv\/sv-cp-07-1\/\">Weiterlesen <span class=\"meta-nav\">&rarr;<\/span><\/a><\/p>\n","protected":false},"author":1,"featured_media":0,"parent":106,"menu_order":0,"comment_status":"closed","ping_status":"closed","template":"","meta":{"footnotes":""},"class_list":["post-7455","page","type-page","status-publish","hentry"],"_links":{"self":[{"href":"https:\/\/www.topohvar.at\/topo\/wp-json\/wp\/v2\/pages\/7455","targetHints":{"allow":["GET"]}}],"collection":[{"href":"https:\/\/www.topohvar.at\/topo\/wp-json\/wp\/v2\/pages"}],"about":[{"href":"https:\/\/www.topohvar.at\/topo\/wp-json\/wp\/v2\/types\/page"}],"author":[{"embeddable":true,"href":"https:\/\/www.topohvar.at\/topo\/wp-json\/wp\/v2\/users\/1"}],"replies":[{"embeddable":true,"href":"https:\/\/www.topohvar.at\/topo\/wp-json\/wp\/v2\/comments?post=7455"}],"version-history":[{"count":17,"href":"https:\/\/www.topohvar.at\/topo\/wp-json\/wp\/v2\/pages\/7455\/revisions"}],"predecessor-version":[{"id":62908,"href":"https:\/\/www.topohvar.at\/topo\/wp-json\/wp\/v2\/pages\/7455\/revisions\/62908"}],"up":[{"embeddable":true,"href":"https:\/\/www.topohvar.at\/topo\/wp-json\/wp\/v2\/pages\/106"}],"wp:attachment":[{"href":"https:\/\/www.topohvar.at\/topo\/wp-json\/wp\/v2\/media?parent=7455"}],"curies":[{"name":"wp","href":"https:\/\/api.w.org\/{rel}","templated":true}]}}