{"id":74849,"date":"2026-05-03T09:47:13","date_gmt":"2026-05-03T07:47:13","guid":{"rendered":"https:\/\/www.topohvar.at\/topo\/?page_id=74849"},"modified":"2026-05-03T14:32:09","modified_gmt":"2026-05-03T12:32:09","slug":"sg-ip-26-1","status":"publish","type":"page","link":"https:\/\/www.topohvar.at\/topo\/orte\/sg\/sg-ip-26-1\/","title":{"rendered":"STARI GRAD &#8211; Informativna plo\u010da \u00bbVila rustica Mirak\u00ab"},"content":{"rendered":"<p><a name=\"seite_oben\"><\/a><br \/>\n<img loading=\"lazy\" decoding=\"async\" class=\"alignleft wp-image-74851 size-full\" src=\"https:\/\/www.topohvar.at\/wp-content\/uploads\/2026\/05\/sg-ip-01-1.jpg\" alt=\"\" width=\"1080\" height=\"530\" srcset=\"https:\/\/www.topohvar.at\/wp-content\/uploads\/2026\/05\/sg-ip-01-1.jpg 1080w, https:\/\/www.topohvar.at\/wp-content\/uploads\/2026\/05\/sg-ip-01-1-300x147.jpg 300w, https:\/\/www.topohvar.at\/wp-content\/uploads\/2026\/05\/sg-ip-01-1-1024x503.jpg 1024w, https:\/\/www.topohvar.at\/wp-content\/uploads\/2026\/05\/sg-ip-01-1-768x377.jpg 768w\" sizes=\"auto, (max-width: 1080px) 100vw, 1080px\" \/><\/p>\n<p><strong>Ime \/ Name<br \/>\n<\/strong>Informativna plo\u010da \u00bbVila rustica Mirak\u00ab \/ Infotafel\u00a0 &#8211; Villa rustica Mirak<\/p>\n<p><strong>Code: <\/strong>SG-IP-26\u00a0 \u00a0 \u00a0 \u00a0 \u00a0 \u00a0 \u00a0 \u00a0 \u00a0 \u00a0 \u00a0 \u00a0 \u00a0 \u00a0 \u00a0 \u00a0 \u00a0 \u00a0 <strong><a href=\"https:\/\/www.topohvar.at\/orte\/sg\/sg-ip-20-1\/\"><img loading=\"lazy\" decoding=\"async\" class=\"alignnone wp-image-533 size-full\" src=\"https:\/\/www.topohvar.at\/wp-content\/uploads\/2018\/07\/push-l-30.jpg\" alt=\"\" width=\"61\" height=\"30\" \/><\/a> <a href=\"https:\/\/www.topohvar.at\/orte\/sg\/\"><img loading=\"lazy\" decoding=\"async\" class=\"alignnone wp-image-535 size-full\" src=\"https:\/\/www.topohvar.at\/wp-content\/uploads\/2018\/07\/push-o-30.jpg\" alt=\"\" width=\"61\" height=\"30\" \/><\/a> <a href=\"https:\/\/www.topohvar.at\/orte\/sg\/sg-ip-19-1\/\"><img loading=\"lazy\" decoding=\"async\" class=\"alignnone wp-image-536 size-full\" src=\"https:\/\/www.topohvar.at\/wp-content\/uploads\/2018\/07\/push-r-30.jpg\" alt=\"\" width=\"61\" height=\"30\" \/><\/a>\u00a0<a href=\"https:\/\/www.topohvar.at\/orte\/sg\/sg-is-19-2\/\"><img loading=\"lazy\" decoding=\"async\" class=\"alignnone wp-image-12299 size-full\" src=\"https:\/\/www.topohvar.at\/wp-content\/uploads\/2018\/09\/push-next-30.jpg\" alt=\"\" width=\"61\" height=\"30\" \/><\/a>\u00a0<\/strong><\/p>\n<hr \/>\n<p><strong>Adresa \/ Adresse<br \/>\n<\/strong>Stari Grad, polje, Slovci<\/p>\n<p><strong>Lokacija \/ Position<a href=\"https:\/\/maps.app.goo.gl\/m11cSEHwzFXPArp59\"><img loading=\"lazy\" decoding=\"async\" class=\"alignright wp-image-74850\" src=\"https:\/\/www.topohvar.at\/wp-content\/uploads\/2026\/05\/4459-300x225.jpg\" alt=\"\" width=\"145\" height=\"109\" srcset=\"https:\/\/www.topohvar.at\/wp-content\/uploads\/2026\/05\/4459-300x225.jpg 300w, https:\/\/www.topohvar.at\/wp-content\/uploads\/2026\/05\/4459-1024x768.jpg 1024w, https:\/\/www.topohvar.at\/wp-content\/uploads\/2026\/05\/4459-768x576.jpg 768w, https:\/\/www.topohvar.at\/wp-content\/uploads\/2026\/05\/4459-1536x1152.jpg 1536w, https:\/\/www.topohvar.at\/wp-content\/uploads\/2026\/05\/4459.jpg 1759w\" sizes=\"auto, (max-width: 145px) 100vw, 145px\" \/><\/a><br \/>\n<\/strong><a href=\"https:\/\/maps.app.goo.gl\/m11cSEHwzFXPArp59\"><span style=\"color: #3366ff;\">Latitude: N 43,18571\u00b0\u00a0 \u00a0Longitude: E 16,63051\u00b0 <\/span><\/a><strong><br \/>\n<\/strong>Visina \/ H\u00f6he: 18 m<\/p>\n<p><strong>Katastarska \u010destica \/ Grundst\u00fccke<br \/>\n<\/strong>&#8211;<div class='content-column one_half'><div style=\"padding-right:6px;\"><p><strong>Datum snimanja \/ Erfassungsdatum<br \/>\n<\/strong>27.04.2026 15:09:00<\/p>\n<hr \/>\n<p><strong>Informacije<\/strong><\/p>\n<p>Ispred arheolo\u0161kog nalazi\u0161ta vile rustike Mirak nalazi se ova informativna plo\u010da. Na njoj je na hrvatskom i engleskom jeziku navedeno:<\/p><\/div><\/div><div class='content-column one_half last_column'><div style=\"padding-right:0px;padding-left:6px;\"><p><strong>Stupanj za\u0161tite \/ Schutzstellung<br \/>\n<\/strong>&#8211;<\/p>\n<hr \/>\n<p><strong>Info<\/strong><\/p>\n<p>Vor der Ausgrabungsst\u00e4tte der Villa rustica Mirak steht diese Infotafel. Darauf ist in kroatischer und englischer Sprache vermerkt:<\/p><\/div><\/div><div class='clear_column'><\/div><div class='content-column one_third'><div style=\"padding-right:6px;\"><p><em>Vila rustica Mirak<\/em> jedan je od dragocjenih ostataka rimske arhitekture u Starogradsko polju. Ova gospodarsko-ladanjska gra\u0111evina smje\u0161tena je na blago povi\u0161enom polo\u017eaju, \u0161to je omogu\u0107avalo kon trolu imanja i osiguravalo pristup vodi, potput bunara ili vodotoka. Nalazi se neposrednoj blizini jedine lokve u polju \u2013 Dra\u010device, \u010dime se nagla\u0161ava njezin strate\u0161ki zna\u010daj.<\/p><\/div><\/div><div class='content-column one_third'><div style=\"padding-right:6px;\"><p><em>Villa Rustica Mirak<\/em> is an important remnant of Roman architecture on Stari Grad Plain. This agrarian-residential structure is set on a slightly elevated site. Which afforded a good view of the state and secure access to water from both a well and a watercourse. Its strategic importance is further underlined by its immediate proximity to the field\u00b4s sole water pool, Dra\u010devica.<\/p><\/div><\/div><div class='content-column one_third last_column'><div style=\"padding-right:0px;padding-left:6px;\"><p>Die <em>villa rustica<\/em> <em>Mirak<\/em> ist eines der wertvollen Relikte r\u00f6mischer Architektur im Starograder Feld. Dieses Wirtschafts\u2011 und Landgutgeb\u00e4ude befindet sich auf einer leicht erh\u00f6hten Position, was die Kontrolle \u00fcber das Anwesen erleichterte und den Zugang zu Wasser \u2013 etwa \u00fcber einen Brunnen oder einen Wasserlauf \u2013 sicherstellte. Es liegt in unmittelbarer N\u00e4he der einzigen Wasserstelle im Feld, der Dra\u010device, was seine strategische Bedeutung zus\u00e4tzlich unterstreicht.<\/p><\/div><\/div><div class='clear_column'><\/div><div class='content-column one_third'><div style=\"padding-right:6px;\"><p>Sa\u010duvani zidovi dose\u017eu visinu do dva metra, a isto\u010dni zid s kontraforama ukazuje na postojanje prostorija za gospodarsku namjenu. U tim prostorijama otkriveni su ulomci kermike, kerami\u010dki vr\u010devi, bron\u010dana kari\u010dica te ulomak tegule s pe\u010datom radionice Pansiana. Uz otkri\u0107a mozaika i obzidanu rupu s hidrofobnom \u017ebukom, vjerojatno spremi\u0161te za \u017eitarice ili grahorice, ostaci vile rustike pri\u010daju pri\u010du o svakodnevnom \u017eivotu i poslovnim aktivnostima u razdoblju rimske antike.<\/p><\/div><\/div><div class='content-column one_third'><div style=\"padding-right:6px;\"><p>The surviving walls reach up to two meters in height, and the eastern wall, featuring couterforts, indicates the presence of rooms used for economic purposes. Within these spaces, archaeologists have uncovered fragments of pottery,ceramic jugs, a small bronze vessel, and a piece of roof tile bearing the seal of Pansiana workshop.Alongside discoveries of mosaics and an enclosed pit lined with water-frepellent plaster (probably once a storehouse for grain or pulses), the remains of this villa rustica offer a vivid insight into everyday life and commercial activities during the Roman period.<\/p><\/div><\/div><div class='content-column one_third last_column'><div style=\"padding-right:0px;padding-left:6px;\"><p>Die erhaltenen Mauern erreichen eine H\u00f6he von bis zu zwei Metern, und die Ostwand mit ihren Strebepfeilern weist auf das Vorhandensein von R\u00e4umen mit wirtschaftlicher Funktion hin. In diesen R\u00e4umen wurden Keramikfragmente, keramische Kr\u00fcge, ein bronzener Ring sowie ein Fragment einer <em>tegula<\/em> mit dem Stempel der Werkstatt <em>Pansiana<\/em> entdeckt. Zusammen mit den Funden eines Mosaiks und einer ausgemauerten Grube mit wasserabweisendem Putz \u2013 vermutlich ein Speicher f\u00fcr Getreide oder H\u00fclsenfr\u00fcchte \u2013 erz\u00e4hlen die \u00dcberreste der <em>villa rustica<\/em> die Geschichte des Alltags und der wirtschaftlichen Aktivit\u00e4ten in der r\u00f6mischen Antike.<\/p><\/div><\/div><div class='clear_column'><\/div><\/p>\n<p style=\"text-align: right;\"><a href=\"#seite_oben\">natrag na vrh \/ Seitenanfang<\/a><\/p>\n<hr \/>\n<p><strong>Linkovi \/ Links<\/strong><\/p>\n<p><span style=\"color: #3366ff;\"><a style=\"color: #3366ff;\" href=\"https:\/\/www.topohvar.at\/topo\/orte\/sg\/sg-po-25-1\/\">Anti\u010dko nazali\u0161te \u00bbVila rustika \u2013 Mirak\u00ab \/ Antike Fundstelle, r\u00f6mische Villa Rustica Mirak<\/a><\/span><\/p>\n","protected":false},"excerpt":{"rendered":"<p>Ime \/ Name Informativna plo\u010da \u00bbVila rustica Mirak\u00ab \/ Infotafel\u00a0 &#8211; Villa rustica Mirak Code: SG-IP-26\u00a0 \u00a0 \u00a0 \u00a0 \u00a0 \u00a0 \u00a0 \u00a0 \u00a0 \u00a0 \u00a0 \u00a0 \u00a0 \u00a0 \u00a0 \u00a0 \u00a0 \u00a0 \u00a0\u00a0 Adresa \/ Adresse Stari Grad, polje, &hellip; <a href=\"https:\/\/www.topohvar.at\/topo\/orte\/sg\/sg-ip-26-1\/\">Weiterlesen <span class=\"meta-nav\">&rarr;<\/span><\/a><\/p>\n","protected":false},"author":1,"featured_media":0,"parent":99,"menu_order":0,"comment_status":"closed","ping_status":"closed","template":"","meta":{"footnotes":""},"class_list":["post-74849","page","type-page","status-publish","hentry"],"_links":{"self":[{"href":"https:\/\/www.topohvar.at\/topo\/wp-json\/wp\/v2\/pages\/74849","targetHints":{"allow":["GET"]}}],"collection":[{"href":"https:\/\/www.topohvar.at\/topo\/wp-json\/wp\/v2\/pages"}],"about":[{"href":"https:\/\/www.topohvar.at\/topo\/wp-json\/wp\/v2\/types\/page"}],"author":[{"embeddable":true,"href":"https:\/\/www.topohvar.at\/topo\/wp-json\/wp\/v2\/users\/1"}],"replies":[{"embeddable":true,"href":"https:\/\/www.topohvar.at\/topo\/wp-json\/wp\/v2\/comments?post=74849"}],"version-history":[{"count":8,"href":"https:\/\/www.topohvar.at\/topo\/wp-json\/wp\/v2\/pages\/74849\/revisions"}],"predecessor-version":[{"id":74879,"href":"https:\/\/www.topohvar.at\/topo\/wp-json\/wp\/v2\/pages\/74849\/revisions\/74879"}],"up":[{"embeddable":true,"href":"https:\/\/www.topohvar.at\/topo\/wp-json\/wp\/v2\/pages\/99"}],"wp:attachment":[{"href":"https:\/\/www.topohvar.at\/topo\/wp-json\/wp\/v2\/media?parent=74849"}],"curies":[{"name":"wp","href":"https:\/\/api.w.org\/{rel}","templated":true}]}}