{"id":7517,"date":"2018-08-25T06:41:24","date_gmt":"2018-08-25T04:41:24","guid":{"rendered":"https:\/\/www.topohvar.at\/?page_id=7517"},"modified":"2020-04-01T08:52:59","modified_gmt":"2020-04-01T06:52:59","slug":"sv-mo-01-1","status":"publish","type":"page","link":"https:\/\/www.topohvar.at\/topo\/orte\/sv\/sv-mo-01-1\/","title":{"rendered":"SVIR\u010cE &#8211; Spomenik palim borcima NOR-a"},"content":{"rendered":"<p><strong><img loading=\"lazy\" decoding=\"async\" class=\"alignnone wp-image-7365 size-large\" src=\"https:\/\/www.topohvar.at\/wp-content\/uploads\/2018\/08\/SV-MO-01-0-1024x503.jpg\" alt=\"\" width=\"640\" height=\"314\" srcset=\"https:\/\/www.topohvar.at\/wp-content\/uploads\/2018\/08\/SV-MO-01-0-1024x503.jpg 1024w, https:\/\/www.topohvar.at\/wp-content\/uploads\/2018\/08\/SV-MO-01-0-300x147.jpg 300w, https:\/\/www.topohvar.at\/wp-content\/uploads\/2018\/08\/SV-MO-01-0-768x377.jpg 768w, https:\/\/www.topohvar.at\/wp-content\/uploads\/2018\/08\/SV-MO-01-0.jpg 1080w\" sizes=\"auto, (max-width: 640px) 100vw, 640px\" \/><\/strong><\/p>\n<p><strong>Ime \/ Name<br \/>\n<\/strong>Spomenik palim borcima NOR-a \/ Denkmal f\u00fcr die Gefallenen des Nationalen Befreiungskampfes<\/p>\n<p><strong>Code: <\/strong>SV-MO-01\u00a0 \u00a0 \u00a0 \u00a0 \u00a0 \u00a0 \u00a0 \u00a0<strong>\u00a0 \u00a0 \u00a0 \u00a0 \u00a0 \u00a0 \u00a0 \u00a0 \u00a0 \u00a0<a href=\"https:\/\/www.topohvar.at\/orte\/sv\/sv-mo-03-1\/\"><img loading=\"lazy\" decoding=\"async\" class=\"alignnone wp-image-533 size-full\" src=\"https:\/\/www.topohvar.at\/wp-content\/uploads\/2018\/07\/push-l-30.jpg\" alt=\"\" width=\"61\" height=\"30\" \/><\/a>\u00a0<a href=\"https:\/\/www.topohvar.at\/orte\/sv\/\"><img loading=\"lazy\" decoding=\"async\" class=\"alignnone wp-image-535 size-full\" src=\"https:\/\/www.topohvar.at\/wp-content\/uploads\/2018\/07\/push-o-30.jpg\" alt=\"\" width=\"61\" height=\"30\" \/><\/a>\u00a0<a href=\"https:\/\/www.topohvar.at\/orte\/sv\/sv-mo-02-1\/\"><img loading=\"lazy\" decoding=\"async\" class=\"alignnone wp-image-536 size-full\" src=\"https:\/\/www.topohvar.at\/wp-content\/uploads\/2018\/07\/push-r-30.jpg\" alt=\"\" width=\"61\" height=\"30\" \/><\/a><\/strong><\/p>\n<hr \/>\n<p><strong>Adresa \/ Adresse<br \/>\n<\/strong>Svir\u010de,\u00a0na ulazu u mjesto \/ am Ortsanfang<\/p>\n<p><strong>Lokalna polo\u017eaj \/ Position<a href=\"https:\/\/goo.gl\/maps\/TRitfBVq2AVE3bY4A\"><img loading=\"lazy\" decoding=\"async\" class=\"alignright wp-image-7844\" src=\"https:\/\/www.topohvar.at\/wp-content\/uploads\/2018\/08\/0811.jpg\" alt=\"\" width=\"134\" height=\"100\" \/><\/a><br \/>\n<\/strong><span style=\"color: #3366ff;\"><a style=\"color: #3366ff;\" href=\"https:\/\/goo.gl\/maps\/TRitfBVq2AVE3bY4A\">Latitude: N 43,16037\u00b0\u00a0 \u00a0 Longitude: E 16,65090\u00b0\u00a0<\/a><\/span><strong><br \/>\n<\/strong>Visina \/ H\u00f6he: 76 m<\/p>\n<p><strong>Zemlji\u0161te \/ Grundst\u00fccke<br \/>\n<\/strong>4074<div class='content-column one_half'><div style=\"padding-right:6px;\"><p><strong>Datum snimanja \/ Erfassungsdatum<br \/>\n<\/strong>22.05.2013 11:08:59<\/p>\n<hr \/>\n<p><strong>Informacije<\/strong><\/p>\n<p>Spomenik se nalazi uz cestu, na ulazu u mjesto. Okru\u017een je nasadima cvije\u0107a i borovom \u0161umom, te tako tvori manji spomen park. Sredi\u0161nji dio jest skulptura, visine 7 metara, postavljena na kvadrati\u010dnom postolju, te izlivena u bijelom betonu. Skulptura je suvremenog oblika i izraza, sa postolja se uzdi\u017ee masivni nepravilni te rusti\u010dno izvedeni stup, koji se u gornjem dijelu pro\u0161iruje i ra\u010dva u tri, prema unutra savinuta kraka.<\/p><\/div><\/div><div class='content-column one_half last_column'><div style=\"padding-right:0px;padding-left:6px;\"><p><strong>Za\u0161titni polo\u017eaj \/ Schutzstellung<br \/>\n<\/strong>&#8211;<\/p>\n<hr \/>\n<p><strong>Info<\/strong><\/p>\n<p>Das Denkmal befindet sich neben der Stra\u00dfe am Ortseingang. Es wird von Blumenbeeten von Pinien umgeben und bildet mit ihnen einen kleineren Gedenkpark. Der zentrale Teil ist eine Skulptur auf einem quadratischen Podest mit einer H\u00f6he von 7 Metern. Sie ist aus wei\u00dfem Beton gegossen. Die Skulptur von zeitgen\u00f6ssischer Form und Ausdruck, steigt von dem Sockel als unregelm\u00e4\u00dfige rustikale S\u00e4ule auf, erweitert sich im oberen Teil und teilt sich in drei, nach innen gebogenen Arme.<\/p><\/div><\/div><div class='clear_column'><\/div><div class='content-column one_half'><div style=\"padding-right:6px;\"><p>Izliven u betonu, dovr\u0161en u ljeto 1982. godinena ulazu u mjesto, spomenik se je uklopio u trendove javne spomeni\u010dke skulpturetih godina, tretiraju\u0107i znamen na Drugi svjetski rat na na\u010din asocijativne apstrakcije,simboli\u010dke monumentalizacije koja je s pravom u novije vrijeme prepoznata usvijetu kao originalan doprinos tada\u0161nje jugoslavenske \u201erevolucionarne umjetnosti\u201d.<\/p><\/div><\/div><div class='content-column one_half last_column'><div style=\"padding-right:0px;padding-left:6px;\"><p>Das in Beton gegossene Denkmal, das im Sommer 1982 als Eingang zum Gel\u00e4nde fertiggestellt wurde, entspricht den Trends der \u00f6ffentlichen Monumentalskulptur und behandelt das Denkmal f\u00fcr den Zweiten Weltkrieg auf assoziative Abstraktion, eine symbolische Monumentalisierung, die von der Welt zu Recht als urspr\u00fcnglicher Beitrag anerkannt wurde. die damalige &#8222;revolution\u00e4re Kunst&#8220; Jugoslawiens.<\/p><\/div><\/div><div class='clear_column'><\/div><div class='content-column one_half'><div style=\"padding-right:6px;\"><p>Spomenik je postavljen od strane Mjesne organizacije SUBNOR-a, te mje\u0161tana Svira\u010da, 27.7.1982. godine. utor spomenika je akademski kirpar Di. Niko Vrankovi\u0107.<\/p><\/div><\/div><div class='content-column one_half last_column'><div style=\"padding-right:0px;padding-left:6px;\"><p>Das Denkmal wurde von der lokalen Organisation der Vereinigung der Soldaten des Nationalen Befreiungskampfes und den Bewohnern von Svir\u010de am 27. Juli 1982 errichtet. Geschaffen hat das Denkmal der akademische Bildhauer Di. Niko Vrankovi\u0107.<\/p><\/div><\/div><div class='clear_column'><\/div><div class='content-column one_half'><div style=\"padding-right:6px;\"><p>No, Vrankovi\u0107 jeprije svega fotograf i kao takav prepoznat na doma\u0107oj umjetni\u010dkoj sceni, a broj od 150 izlo\u017ebi u zemlji i inozemstvu i pedesetak nagrada, \u010dine ga zamjetnijim u toj disciplinii legitimira u znatno ve\u0107oj mjeri nego kiparstvo. Osim fotogra\ufb01jom i kiparstvom,Vrankovi\u0107 se bavio pedago\u0161kim radom, slikarstvom, primijenjenom<\/p><\/div><\/div><div class='content-column one_half last_column'><div style=\"padding-right:0px;padding-left:6px;\"><p>Vrankovic ist jedoch in erster Linie Fotograf und als solcher in der heimischen Kunstszene anerkannt. Die Zahl von 150 Ausstellungen im In- und Ausland und etwa f\u00fcnfzig Auszeichnungen machen ihn in dieser Disziplin viel sichtbarer als die Skulptur. Neben Fotografie und Skulptur besch\u00e4ftigte sich Vrankovi\u0107 mit p\u00e4dagogischer Arbeit, Malerei und angewandter Kunst.<\/p><\/div><\/div><div class='clear_column'><\/div><div class='content-column one_half'><div style=\"padding-right:6px;\"><p>No, Vrankovi\u0107, umjetnik, dakle, s relativno skromnom kiparskom popudbinom, autor jenajisticajnije hvarske javne skulpture, sedam i pol metara visokog Spomenika palimborcima NOR-a u rodnom mjestu Svir\u010du.<\/p><\/div><\/div><div class='content-column one_half last_column'><div style=\"padding-right:0px;padding-left:6px;\"><p>Vrankovi\u0107, ein K\u00fcnstler mit einem relativ bescheidenen skulpturalen Angebot, ist jedoch Sch\u00f6pfer einer der auff\u00e4lligsten \u00f6ffentlichen Skulpturen von Hvar, einem siebeneinhalb Meter hohen Denkmal f\u00fcr die im Nationalen Befreiungskampf Gefallenen seines Heimatortes Svir\u010de.<\/p><\/div><\/div><div class='clear_column'><\/div><\/p>\n<hr \/>\n<div class='content-column one_half'><div style=\"padding-right:6px;\"><p>Natpis:<\/p>\n<p>ZA SPOMEN POGINULIMA &#8211; NA PONOS \u017dIVIMA<\/p><\/div><\/div><div class='content-column one_half last_column'><div style=\"padding-right:0px;padding-left:6px;\"><p>Inschrift:<\/p>\n<p>Zum Gedenken der Gefallenen &#8211; zum Stolz der Lebenden<\/p><\/div><\/div><div class='clear_column'><\/div><div class='content-column one_half'><div style=\"padding-right:6px;\"><p>Do spomeniika se nalazi kri\u017e i spomen plo\u010da s imenima poginulili boraca mjesta.<br \/>\n<span style=\"color: #ffffff;\">.<\/span><\/p>\n<p style=\"text-align: right;\">POGINULI ZA SLOBODU<\/p><\/div><\/div><div class='content-column one_half last_column'><div style=\"padding-right:0px;padding-left:6px;\"><p>Beim Denkmal befindet sich ein Kreuz und eine Gedenktafel mit den Namen der gefallenen Soldaten des Ortes.<\/p>\n<p>Gefallen f\u00fcr die Freiheit<\/p><\/div><\/div><div class='clear_column'><\/div><\/p>\n<p style=\"text-align: center;\">JAKOV BALI\u0106<br \/>\nLJUBOMIR BALI\u0106<br \/>\nANTUN BO\u017dIKOVI\u0106<br \/>\nLUKA BO\u017dIKOVI\u0106<br \/>\nDRAGO CARI\u0106<br \/>\nDINKO MAKIANI\u0106<br \/>\nDRAGO MAKIANI\u0106<br \/>\nFRANO MAKIANI\u0106<br \/>\nSTJEPAN A. MAKIANI\u0106<br \/>\nVINKO MATIJEVI\u0106<br \/>\nJAKOV MILATI\u0106<br \/>\nJOSIP MILATI\u0106<br \/>\nNIKOLA MILATI\u0106<br \/>\nFRANO PLENKOVI\u0106<br \/>\nJAKOV PLENKOVI\u0106<\/p>\n<hr \/>\n<p><strong>Linkovi \/ Links<\/strong><\/p>\n<p>&#8211;<\/p>\n","protected":false},"excerpt":{"rendered":"<p>Ime \/ Name Spomenik palim borcima NOR-a \/ Denkmal f\u00fcr die Gefallenen des Nationalen Befreiungskampfes Code: SV-MO-01\u00a0 \u00a0 \u00a0 \u00a0 \u00a0 \u00a0 \u00a0 \u00a0\u00a0 \u00a0 \u00a0 \u00a0 \u00a0 \u00a0 \u00a0 \u00a0 \u00a0 \u00a0\u00a0\u00a0 Adresa \/ Adresse Svir\u010de,\u00a0na ulazu u mjesto &hellip; <a href=\"https:\/\/www.topohvar.at\/topo\/orte\/sv\/sv-mo-01-1\/\">Weiterlesen <span class=\"meta-nav\">&rarr;<\/span><\/a><\/p>\n","protected":false},"author":1,"featured_media":0,"parent":106,"menu_order":0,"comment_status":"closed","ping_status":"closed","template":"","meta":{"footnotes":""},"class_list":["post-7517","page","type-page","status-publish","hentry"],"_links":{"self":[{"href":"https:\/\/www.topohvar.at\/topo\/wp-json\/wp\/v2\/pages\/7517","targetHints":{"allow":["GET"]}}],"collection":[{"href":"https:\/\/www.topohvar.at\/topo\/wp-json\/wp\/v2\/pages"}],"about":[{"href":"https:\/\/www.topohvar.at\/topo\/wp-json\/wp\/v2\/types\/page"}],"author":[{"embeddable":true,"href":"https:\/\/www.topohvar.at\/topo\/wp-json\/wp\/v2\/users\/1"}],"replies":[{"embeddable":true,"href":"https:\/\/www.topohvar.at\/topo\/wp-json\/wp\/v2\/comments?post=7517"}],"version-history":[{"count":11,"href":"https:\/\/www.topohvar.at\/topo\/wp-json\/wp\/v2\/pages\/7517\/revisions"}],"predecessor-version":[{"id":34569,"href":"https:\/\/www.topohvar.at\/topo\/wp-json\/wp\/v2\/pages\/7517\/revisions\/34569"}],"up":[{"embeddable":true,"href":"https:\/\/www.topohvar.at\/topo\/wp-json\/wp\/v2\/pages\/106"}],"wp:attachment":[{"href":"https:\/\/www.topohvar.at\/topo\/wp-json\/wp\/v2\/media?parent=7517"}],"curies":[{"name":"wp","href":"https:\/\/api.w.org\/{rel}","templated":true}]}}