{"id":752,"date":"2018-07-27T06:14:40","date_gmt":"2018-07-27T04:14:40","guid":{"rendered":"https:\/\/www.topohvar.at\/?page_id=752"},"modified":"2023-12-10T18:27:33","modified_gmt":"2023-12-10T17:27:33","slug":"bo-tr-05-2","status":"publish","type":"page","link":"https:\/\/www.topohvar.at\/topo\/orte\/bo\/bo-tr-05-2\/","title":{"rendered":"BOGOMOLJE &#8211; Trim BO-TR-05"},"content":{"rendered":"<p><a name=\"seite_oben\"><\/a><br \/>\n<strong><img loading=\"lazy\" decoding=\"async\" class=\"alignnone wp-image-21167 size-large\" src=\"https:\/\/www.topohvar.at\/wp-content\/uploads\/2019\/04\/bo-tr-05-11-1024x503.jpg\" alt=\"\" width=\"640\" height=\"314\" srcset=\"https:\/\/www.topohvar.at\/wp-content\/uploads\/2019\/04\/bo-tr-05-11-1024x503.jpg 1024w, https:\/\/www.topohvar.at\/wp-content\/uploads\/2019\/04\/bo-tr-05-11-300x147.jpg 300w, https:\/\/www.topohvar.at\/wp-content\/uploads\/2019\/04\/bo-tr-05-11-768x377.jpg 768w, https:\/\/www.topohvar.at\/wp-content\/uploads\/2019\/04\/bo-tr-05-11.jpg 1080w\" sizes=\"auto, (max-width: 640px) 100vw, 640px\" \/><\/strong><\/p>\n<p><strong>Ime \/ Name<br \/>\n<\/strong>Trim BO-TR-05<\/p>\n<p><strong>Code: <\/strong>BO-TR-05\u00a0 \u00a0 \u00a0 \u00a0 \u00a0 \u00a0 \u00a0 \u00a0 \u00a0 \u00a0 \u00a0 \u00a0 \u00a0 \u00a0 <a href=\"https:\/\/www.topohvar.at\/orte\/bo\/bo-tr-00-1\/\"><img loading=\"lazy\" decoding=\"async\" class=\"alignnone wp-image-12300 size-full\" src=\"https:\/\/www.topohvar.at\/wp-content\/uploads\/2018\/09\/push-vor-30.jpg\" alt=\"\" width=\"61\" height=\"30\" \/><\/a>\u00a0<strong><a href=\"https:\/\/www.topohvar.at\/orte\/bo\/bo-tr-04-2\/\"><img loading=\"lazy\" decoding=\"async\" class=\"alignnone wp-image-533 size-full\" src=\"https:\/\/www.topohvar.at\/wp-content\/uploads\/2018\/07\/push-l-30.jpg\" alt=\"\" width=\"61\" height=\"30\" \/><\/a> <a href=\"https:\/\/www.topohvar.at\/orte\/bo\/\"><img loading=\"lazy\" decoding=\"async\" class=\"alignnone wp-image-535 size-full\" src=\"https:\/\/www.topohvar.at\/wp-content\/uploads\/2018\/07\/push-o-30.jpg\" alt=\"\" width=\"61\" height=\"30\" \/><\/a> <a href=\"https:\/\/www.topohvar.at\/orte\/bo\/bo-tr-06-2\/\"><img loading=\"lazy\" decoding=\"async\" class=\"alignnone wp-image-536 size-full\" src=\"https:\/\/www.topohvar.at\/wp-content\/uploads\/2018\/07\/push-r-30.jpg\" alt=\"\" width=\"61\" height=\"30\" \/><\/a><\/strong><\/p>\n<hr \/>\n<p><strong>Adresa \/ Adresse<br \/>\n<\/strong>Na putu prema U. Smokvine \/ am Fahrweg zur Bucht Smokvine<\/p>\n<p><strong>Lokacija \/ Position<a href=\"https:\/\/goo.gl\/maps\/SZoQjvPxMU67BQra9\"><img loading=\"lazy\" decoding=\"async\" class=\"alignright wp-image-480\" src=\"https:\/\/www.topohvar.at\/wp-content\/uploads\/2018\/07\/0028.jpg\" alt=\"\" width=\"133\" height=\"100\" \/><\/a><br \/>\n<\/strong><a href=\"https:\/\/goo.gl\/maps\/SZoQjvPxMU67BQra9\">Latitude: N 43,12749\u00b0\u00a0 \u00a0Longitude: E 17,02115\u00b0<\/a> <strong><br \/>\n<\/strong>Visina \/ H\u00f6he: 225 m<\/p>\n<p><strong>Katastarska \u010destica \/ Grundst\u00fccke<br \/>\n<\/strong>3915<div class='content-column one_half'><div style=\"padding-right:6px;\"><p><strong>Datum snimanja \/ Erfassungsdatum<br \/>\n<\/strong>27.10.2014 10:41:35<\/p>\n<hr \/>\n<p><strong>Informacije<\/strong><\/p>\n<p>Pored prili\u010dno velikog trimu, prilazni put je bio na\u0161uti, tako da je nivo trima sada oko 20 cm ispod toga.\u00a0Tlo u podru\u010dju trima je prili\u010dno stjenovito.\u00a0Vrlo zarasli ulaz ukazuje da se trim vi\u0161e ne koristi. Ulazni prostor i unutra\u0161njost izra\u0111eni su od vrlo plitkog materijala, dok je s vanjske strane kori\u0161ten i ve\u0107i kutni kamenja.\u00a0Na desnoj strani trima, konzolni kamenja vodi do krova.<\/p><\/div><\/div><div class='content-column one_half last_column'><div style=\"padding-right:0px;padding-left:6px;\"><p><strong>Stupanj za\u0161tite \/ Schutzstellung<br \/>\n<\/strong>&#8211;<\/p>\n<hr \/>\n<p><strong>Info<\/strong><\/p>\n<p>Neben dem ziemlich gro\u00dfen Trim wurde eine Fahrstra\u00dfe aufgesch\u00fcttet, sodass das Niveau des Trims jetzt ca. 20 cm unter dieser liegt. Der Boden im Bereich des Trims ist ziemlich felsig. Der sehr verwachsene Eingang deutet darauf hin, dass der Trim nicht mehr genutzt wird. Der Eingangsbereich und das Innere sind aus sehr plattigen Material gefertigt, w\u00e4hrend au\u00dfen auch gr\u00f6\u00dferes kantiges Gestein verwendet wurde. An der rechten Seite des Trims f\u00fchren Kragsteine zum Dach.<\/p><\/div><\/div><div class='clear_column'><\/div><div class='content-column one_half'><div style=\"padding-right:6px;\"><div id=\"attachment_21453\" style=\"width: 310px\" class=\"wp-caption aligncenter\"><img loading=\"lazy\" decoding=\"async\" aria-describedby=\"caption-attachment-21453\" class=\"wp-image-21453 size-full\" src=\"https:\/\/www.topohvar.at\/wp-content\/uploads\/2019\/04\/bo-tr-05-14.jpg\" alt=\"\" width=\"300\" height=\"300\" srcset=\"https:\/\/www.topohvar.at\/wp-content\/uploads\/2019\/04\/bo-tr-05-14.jpg 300w, https:\/\/www.topohvar.at\/wp-content\/uploads\/2019\/04\/bo-tr-05-14-150x150.jpg 150w\" sizes=\"auto, (max-width: 300px) 100vw, 300px\" \/><p id=\"caption-attachment-21453\" class=\"wp-caption-text\">stjenovita okolina \/ das felsige Umfeld<\/p><\/div>\n<p>Dana 25.03.2019 trim je posje\u0107en i ustanovljeno je sljede\u0107e:<\/p>\n<p>Lokacija: maslinik<br \/>\nPodloga: stjenovita<br \/>\nPovezan s: nije povezan, samostoje\u0107i, izoliran<br \/>\nUpotreba: ne koristi se<br \/>\nStanje: dobro sa\u010duvan<br \/>\nBroj stepenica trima: 2<br \/>\nDodatni kameni prsten: nema kamenog prstena<br \/>\nStepeni\u0161te: konzolne stepenice<br \/>\nOblik kamena: mje\u0161ovit<br \/>\nPodru\u010dje ispred ulaza: zaraslo<br \/>\nOrijentacija ulaza: I (100\u00b0)<br \/>\nPromjer trima (cm): 520<br \/>\nVisina trima (cm): 310<br \/>\nVisina stepenica (cm): stepenica 1: 160, stepenica 2: 230<br \/>\nDebljina zida (cm): 90<br \/>\n\u0160irina vrata (cm): 95<br \/>\nVisina vrata (cm): 110<br \/>\n\u0160irina unutra (cm): 300 &#8211; 340<br \/>\nVisina unutra (cm): 280<br \/>\nVolumen iznutra (m3): 12,92<br \/>\nNi\u0161a 1 (P\/\u0160\/V\/D) (cm): 110 \/ 20 \/ 20 \/ 30<\/p><\/div><\/div><div class='content-column one_half last_column'><div style=\"padding-right:0px;padding-left:6px;\"><div id=\"attachment_21452\" style=\"width: 310px\" class=\"wp-caption aligncenter\"><img loading=\"lazy\" decoding=\"async\" aria-describedby=\"caption-attachment-21452\" class=\"wp-image-21452 size-full\" src=\"https:\/\/www.topohvar.at\/wp-content\/uploads\/2019\/04\/bo-tr-05-10.jpg\" alt=\"\" width=\"300\" height=\"300\" srcset=\"https:\/\/www.topohvar.at\/wp-content\/uploads\/2019\/04\/bo-tr-05-10.jpg 300w, https:\/\/www.topohvar.at\/wp-content\/uploads\/2019\/04\/bo-tr-05-10-150x150.jpg 150w\" sizes=\"auto, (max-width: 300px) 100vw, 300px\" \/><p id=\"caption-attachment-21452\" class=\"wp-caption-text\">Ulaz \/ Eingang<\/p><\/div>\n<p>AAm 25.03.2019 wurde der Trim besucht und n\u00e4her untersucht:<\/p>\n<p>Standort: Olivenhain<br \/>\nUntergrund: Fels<br \/>\nVerbunden mit: freistehend<br \/>\nNutzung: ungenutzt<br \/>\nZustand: gut erhalten<br \/>\nAnzahl der Trimstufen: 2<br \/>\nZus\u00e4tzlicher Steinring: kein Steinring<br \/>\nStiege: Kragsteine<br \/>\nSteinform: gemischt<br \/>\nEingangsbereich: verwachsen<br \/>\nEingangsseite: O (100\u00b0)<br \/>\nTrimdurchmesser (cm): 520<br \/>\nTrimh\u00f6he (cm): 310<br \/>\nH\u00f6he der Trimstufen (cm): Stufe 1: 160, Stufe 2: 230<br \/>\nWandst\u00e4rke (cm): 90<br \/>\nT\u00fcrbreite (cm): 95<br \/>\nT\u00fcrh\u00f6he (cm): 110<br \/>\nInnenraumbreite (cm): 300 &#8211; 340<br \/>\nInnenraumh\u00f6he (cm): 280<br \/>\nRaumvolumen (m3): 12,92<br \/>\nNische 1 (P\/B\/H\/T) (cm): 110 \/ 20 \/ 20 \/ 30<\/p><\/div><\/div><div class='clear_column'><\/div><br \/>\n<img loading=\"lazy\" decoding=\"async\" class=\"alignnone size-full wp-image-21320\" src=\"https:\/\/www.topohvar.at\/wp-content\/uploads\/2019\/04\/bo-tr-05-sca.jpg\" alt=\"\" width=\"600\" height=\"899\" srcset=\"https:\/\/www.topohvar.at\/wp-content\/uploads\/2019\/04\/bo-tr-05-sca.jpg 600w, https:\/\/www.topohvar.at\/wp-content\/uploads\/2019\/04\/bo-tr-05-sca-200x300.jpg 200w\" sizes=\"auto, (max-width: 600px) 100vw, 600px\" \/><\/p>\n<p style=\"text-align: right;\"><a href=\"#seite_oben\">natrag na vrh \/ Seitenanfang<\/a><\/p>\n<hr \/>\n<p><strong>Linkovi \/ Links<\/strong><\/p>\n<p>&#8211;<\/p>\n","protected":false},"excerpt":{"rendered":"<p>Ime \/ Name Trim BO-TR-05 Code: BO-TR-05\u00a0 \u00a0 \u00a0 \u00a0 \u00a0 \u00a0 \u00a0 \u00a0 \u00a0 \u00a0 \u00a0 \u00a0 \u00a0 \u00a0 \u00a0 Adresa \/ Adresse Na putu prema U. Smokvine \/ am Fahrweg zur Bucht Smokvine Lokacija \/ Position Latitude: N &hellip; <a href=\"https:\/\/www.topohvar.at\/topo\/orte\/bo\/bo-tr-05-2\/\">Weiterlesen <span class=\"meta-nav\">&rarr;<\/span><\/a><\/p>\n","protected":false},"author":1,"featured_media":0,"parent":63,"menu_order":0,"comment_status":"closed","ping_status":"closed","template":"","meta":{"footnotes":""},"class_list":["post-752","page","type-page","status-publish","hentry"],"_links":{"self":[{"href":"https:\/\/www.topohvar.at\/topo\/wp-json\/wp\/v2\/pages\/752","targetHints":{"allow":["GET"]}}],"collection":[{"href":"https:\/\/www.topohvar.at\/topo\/wp-json\/wp\/v2\/pages"}],"about":[{"href":"https:\/\/www.topohvar.at\/topo\/wp-json\/wp\/v2\/types\/page"}],"author":[{"embeddable":true,"href":"https:\/\/www.topohvar.at\/topo\/wp-json\/wp\/v2\/users\/1"}],"replies":[{"embeddable":true,"href":"https:\/\/www.topohvar.at\/topo\/wp-json\/wp\/v2\/comments?post=752"}],"version-history":[{"count":15,"href":"https:\/\/www.topohvar.at\/topo\/wp-json\/wp\/v2\/pages\/752\/revisions"}],"predecessor-version":[{"id":65311,"href":"https:\/\/www.topohvar.at\/topo\/wp-json\/wp\/v2\/pages\/752\/revisions\/65311"}],"up":[{"embeddable":true,"href":"https:\/\/www.topohvar.at\/topo\/wp-json\/wp\/v2\/pages\/63"}],"wp:attachment":[{"href":"https:\/\/www.topohvar.at\/topo\/wp-json\/wp\/v2\/media?parent=752"}],"curies":[{"name":"wp","href":"https:\/\/api.w.org\/{rel}","templated":true}]}}