{"id":7553,"date":"2018-08-25T07:13:58","date_gmt":"2018-08-25T05:13:58","guid":{"rendered":"https:\/\/www.topohvar.at\/?page_id=7553"},"modified":"2024-11-02T18:14:01","modified_gmt":"2024-11-02T17:14:01","slug":"sv-tg-07-1","status":"publish","type":"page","link":"https:\/\/www.topohvar.at\/topo\/orte\/sv\/sv-tg-07-1\/","title":{"rendered":"SVIR\u010cE &#8211; Sklop ku\u0107a \u00bbVrankovi\u0107\u00ab"},"content":{"rendered":"<p><a name=\"seite_oben\"><\/a><br \/>\n<strong><img loading=\"lazy\" decoding=\"async\" class=\"alignnone wp-image-7381 size-large\" src=\"https:\/\/www.topohvar.at\/wp-content\/uploads\/2018\/08\/sv-tg-07-0-1024x503.jpg\" alt=\"\" width=\"640\" height=\"314\" srcset=\"https:\/\/www.topohvar.at\/wp-content\/uploads\/2018\/08\/sv-tg-07-0-1024x503.jpg 1024w, https:\/\/www.topohvar.at\/wp-content\/uploads\/2018\/08\/sv-tg-07-0-300x147.jpg 300w, https:\/\/www.topohvar.at\/wp-content\/uploads\/2018\/08\/sv-tg-07-0-768x377.jpg 768w, https:\/\/www.topohvar.at\/wp-content\/uploads\/2018\/08\/sv-tg-07-0.jpg 1080w\" sizes=\"auto, (max-width: 640px) 100vw, 640px\" \/><\/strong><\/p>\n<p><strong>Ime \/ Name<br \/>\n<\/strong>Sklop ku\u0107a \u00bbVrankovi\u0107\u00ab<\/p>\n<p><strong>Code: <\/strong>SV-TG-07\u00a0 \u00a0 \u00a0 \u00a0 \u00a0 \u00a0 \u00a0 \u00a0<strong>\u00a0 \u00a0 \u00a0 \u00a0 \u00a0 \u00a0 \u00a0 \u00a0 \u00a0 \u00a0<a href=\"https:\/\/www.topohvar.at\/orte\/sv\/sv-tg-04-1\/\"><img loading=\"lazy\" decoding=\"async\" class=\"alignnone wp-image-533 size-full\" src=\"https:\/\/www.topohvar.at\/wp-content\/uploads\/2018\/07\/push-l-30.jpg\" alt=\"\" width=\"61\" height=\"30\" \/><\/a>\u00a0<a href=\"https:\/\/www.topohvar.at\/orte\/sv\/\"><img loading=\"lazy\" decoding=\"async\" class=\"alignnone wp-image-535 size-full\" src=\"https:\/\/www.topohvar.at\/wp-content\/uploads\/2018\/07\/push-o-30.jpg\" alt=\"\" width=\"61\" height=\"30\" \/><\/a>\u00a0<a href=\"https:\/\/www.topohvar.at\/orte\/sv\/sv-tg-01-1\/\"><img loading=\"lazy\" decoding=\"async\" class=\"alignnone wp-image-536 size-full\" src=\"https:\/\/www.topohvar.at\/wp-content\/uploads\/2018\/07\/push-r-30.jpg\" alt=\"\" width=\"61\" height=\"30\" \/><\/a><\/strong><\/p>\n<hr \/>\n<p><strong>Adresa \/ Adresse<br \/>\n<\/strong>Svir\u010de<\/p>\n<p><strong>Lokalna polo\u017eaj \/ Position<img loading=\"lazy\" decoding=\"async\" class=\"wp-image-387 size-full alignright\" src=\"https:\/\/www.topohvar.at\/wp-content\/uploads\/2018\/07\/00-00-00-1.jpg\" alt=\"\" width=\"114\" height=\"56\" \/><br \/>\n<\/strong>Latitude: N 43,00000\u00b0\u00a0 \u00a0 Longitude: E 16,00000\u00b0\u00a0<strong><br \/>\n<\/strong>Visina \/ H\u00f6he: &#8211; m<\/p>\n<p><strong>Zemlji\u0161te \/ Grundst\u00fccke<br \/>\n<\/strong>&#8211;<div class='content-column one_half'><div style=\"padding-right:6px;\"><p><strong>Datum snimanja \/ Erfassungsdatum<br \/>\n<\/strong>19.10.2018 10:20:00<\/p>\n<hr \/>\n<p><strong>Informacije<\/strong><\/p>\n<p>Kod Vrankovi\u0107a u Svir\u010du: u zid ku\u0107e ugra\u0111eni su portreti graditelja Ivana Vrankovi\u0107a (skroz desno), njegova dva brata Jakova i Marina i \u017eene Lucije. Ivan Vrankovi\u0107 bio je glava obiteljske zajednice koja je imala poljoprivredne posjede, a uz to je trgovinom trgovinom stekao prili\u010dan imetak.<\/p><\/div><\/div><div class='content-column one_half last_column'><div style=\"padding-right:0px;padding-left:6px;\"><p><strong>Za\u0161titni polo\u017eaj \/ Schutzstellung<br \/>\n<\/strong>&#8211;<\/p>\n<hr \/>\n<p><strong>Info<\/strong><\/p>\n<p>Im Haus des Vrankovi\u0107 sind in der Hausmauer die Portr\u00e4ts des Erbauers Johann Vrankovi\u0107 (rechts), seiner beiden Br\u00fcder Jakob und Marina sowie seiner Frau Luzia eingebaut. Ivan Vrankovi\u0107 war das Haupt einer Familiengemeinde, die landwirtschaftliche Grundst\u00fccke besa\u00df, und dar\u00fcber hinaus als Kaufmann einen betr\u00e4chtlichen Reichtum erwarb.<\/p><\/div><\/div><div class='clear_column'><\/div><div class='content-column one_half'><div style=\"padding-right:6px;\"><p>Osim ku\u0107e, izgradio je i trime na vi\u0161e lokaliteta od kojih je najpoznatiji sklop Vrankovi\u0107a trimi na lokalitetu u gomile kod ceste Jelsa-Svir\u010de.<\/p><\/div><\/div><div class='content-column one_half last_column'><div style=\"padding-right:0px;padding-left:6px;\"><p>Neben diesem Haus errichtete er auch Trims an mehreren Stellen, von denen der Trim-Haufen an der Stra\u00dfe Jelsa-Svir\u010de am bekanntesten ist.<\/p><\/div><\/div><div class='clear_column'><\/div><div class='content-column one_half'><div style=\"padding-right:6px;\"><p><em>Informacije su dopunjene \u201eizvje\u0161taj sa jesenskog vikend terena na otoku Hvaru 22. i 23. studenog 2014. \u2013 <span style=\"color: #3366ff;\"><a style=\"color: #3366ff;\" href=\"https:\/\/www.dragodid.org\/sa-antunom-vrankovicem-u-lovu-na-trime\/\">S Antunom Vrankovi\u0107em u lovu na trime<\/a><\/span>\u201d<\/em><\/p><\/div><\/div><div class='content-column one_half last_column'><div style=\"padding-right:0px;padding-left:6px;\"><p><em>Die Infos wurden erg\u00e4nzt durch einen \u201eBericht vom Herbstwochenende auf der Insel Hvar am 22. und 23. November 2014 \u2013 <span style=\"color: #3366ff;\"><a style=\"color: #3366ff;\" href=\"https:\/\/www.dragodid.org\/sa-antunom-vrankovicem-u-lovu-na-trime\/\">Mit Antun Vrankovi\u0107 auf der Jagd nach Trims<\/a><\/span>\u201c<\/em><\/p><\/div><\/div><div class='clear_column'><\/div><\/p>\n<p style=\"text-align: right;\"><span style=\"color: #3366ff;\"><a style=\"color: #3366ff;\" href=\"#seite_oben\">natrag na vrh \/ Seitenanfang<\/a><\/span><\/p>\n<hr \/>\n<p><strong>Linkovi \/ Links<\/strong><\/p>\n<p><span style=\"color: #3366ff;\"><a style=\"color: #3366ff;\" href=\"https:\/\/www.topohvar.at\/orte\/sv\/sv-ir-01-1\/\">Dva reljefa bra\u0107e Vrankovi\u0107a \/ Zwei Reliefs der Br\u00fcder\u00a0Vrankovi\u0107<\/a>\u00a0<\/span><br \/>\n<span style=\"color: #3366ff;\"><a style=\"color: #3366ff;\" href=\"https:\/\/www.topohvar.at\/orte\/sv\/sv-mo-03-1\/\">Biste \u00bbIvana Vrankovi\u0107a i \u017eene Lucije\u00ab \/ B\u00fcsten von Johann\u00a0 Vrankovi\u0107 und Ehefrau Luzia<\/a><\/span><\/p>\n<p><span style=\"color: #3366ff;\"><a style=\"color: #3366ff;\" href=\"https:\/\/www.topohvar.at\/orte\/vk\/vk-tr-04-1\/\">Vrisnik:\u00a0 \u00a0 \u00a0 \u00a0 Trim \u00bbVK-TR-04\u00ab (Trim Vrankovi\u0107a &#8211; &#8222;u gomile&#8220;)<\/a>\u00a0<\/span><br \/>\n<span style=\"color: #3366ff;\"><a style=\"color: #3366ff;\" href=\"https:\/\/www.topohvar.at\/orte\/sv\/sv-tr-10-1\/\">Svir\u010de:\u00a0 \u00a0 \u00a0 \u00a0 \u00a0Trim \u00bbSV-TR-10\u00ab (Veliki trim Vrankovi\u0107-Plon\u010dini)<\/a>\u00a0<\/span><br \/>\n<span style=\"color: #3366ff;\"><a style=\"color: #3366ff;\" href=\"https:\/\/www.topohvar.at\/orte\/sg\/sg-tr-41-1\/\">Stari Grad:\u00a0 \u00a0Trim \u00bbSG-TR-41\u00ab (Trim Ivana Vrankovi\u0107a na Munja\u010di)<\/a>\u00a0<\/span><\/p>\n<p>&nbsp;<\/p>\n","protected":false},"excerpt":{"rendered":"<p>Ime \/ Name Sklop ku\u0107a \u00bbVrankovi\u0107\u00ab Code: SV-TG-07\u00a0 \u00a0 \u00a0 \u00a0 \u00a0 \u00a0 \u00a0 \u00a0\u00a0 \u00a0 \u00a0 \u00a0 \u00a0 \u00a0 \u00a0 \u00a0 \u00a0 \u00a0\u00a0\u00a0 Adresa \/ Adresse Svir\u010de Lokalna polo\u017eaj \/ Position Latitude: N 43,00000\u00b0\u00a0 \u00a0 Longitude: E 16,00000\u00b0\u00a0 Visina &hellip; <a href=\"https:\/\/www.topohvar.at\/topo\/orte\/sv\/sv-tg-07-1\/\">Weiterlesen <span class=\"meta-nav\">&rarr;<\/span><\/a><\/p>\n","protected":false},"author":1,"featured_media":0,"parent":106,"menu_order":0,"comment_status":"closed","ping_status":"closed","template":"","meta":{"footnotes":""},"class_list":["post-7553","page","type-page","status-publish","hentry"],"_links":{"self":[{"href":"https:\/\/www.topohvar.at\/topo\/wp-json\/wp\/v2\/pages\/7553","targetHints":{"allow":["GET"]}}],"collection":[{"href":"https:\/\/www.topohvar.at\/topo\/wp-json\/wp\/v2\/pages"}],"about":[{"href":"https:\/\/www.topohvar.at\/topo\/wp-json\/wp\/v2\/types\/page"}],"author":[{"embeddable":true,"href":"https:\/\/www.topohvar.at\/topo\/wp-json\/wp\/v2\/users\/1"}],"replies":[{"embeddable":true,"href":"https:\/\/www.topohvar.at\/topo\/wp-json\/wp\/v2\/comments?post=7553"}],"version-history":[{"count":18,"href":"https:\/\/www.topohvar.at\/topo\/wp-json\/wp\/v2\/pages\/7553\/revisions"}],"predecessor-version":[{"id":69838,"href":"https:\/\/www.topohvar.at\/topo\/wp-json\/wp\/v2\/pages\/7553\/revisions\/69838"}],"up":[{"embeddable":true,"href":"https:\/\/www.topohvar.at\/topo\/wp-json\/wp\/v2\/pages\/106"}],"wp:attachment":[{"href":"https:\/\/www.topohvar.at\/topo\/wp-json\/wp\/v2\/media?parent=7553"}],"curies":[{"name":"wp","href":"https:\/\/api.w.org\/{rel}","templated":true}]}}