{"id":7563,"date":"2018-08-25T07:22:23","date_gmt":"2018-08-25T05:22:23","guid":{"rendered":"https:\/\/www.topohvar.at\/?page_id=7563"},"modified":"2024-06-05T17:41:55","modified_gmt":"2024-06-05T15:41:55","slug":"sv-tr-05-1","status":"publish","type":"page","link":"https:\/\/www.topohvar.at\/topo\/orte\/sv\/sv-tr-05-1\/","title":{"rendered":"SVIR\u010cE &#8211; Trim \u00bbSV-TR-05\u00ab"},"content":{"rendered":"<p><a name=\"seite_oben\"><\/a><br \/>\n<strong><img loading=\"lazy\" decoding=\"async\" class=\"alignnone wp-image-7386 size-large\" src=\"https:\/\/www.topohvar.at\/wp-content\/uploads\/2018\/08\/sv-tr-05-0-1024x503.jpg\" alt=\"\" width=\"640\" height=\"314\" srcset=\"https:\/\/www.topohvar.at\/wp-content\/uploads\/2018\/08\/sv-tr-05-0-1024x503.jpg 1024w, https:\/\/www.topohvar.at\/wp-content\/uploads\/2018\/08\/sv-tr-05-0-300x147.jpg 300w, https:\/\/www.topohvar.at\/wp-content\/uploads\/2018\/08\/sv-tr-05-0-768x377.jpg 768w, https:\/\/www.topohvar.at\/wp-content\/uploads\/2018\/08\/sv-tr-05-0.jpg 1080w\" sizes=\"auto, (max-width: 640px) 100vw, 640px\" \/><\/strong><\/p>\n<p><strong>Ime \/ Name<br \/>\n<\/strong>Trim\u00bbSV-TR-05\u00ab<\/p>\n<p><strong>Code: <\/strong>SV-TR-05\u00a0 \u00a0 \u00a0 \u00a0 \u00a0 \u00a0 \u00a0 \u00a0<strong>\u00a0 \u00a0 \u00a0 \u00a0 \u00a0 \u00a0 \u00a0 \u00a0 \u00a0 <a href=\"https:\/\/www.topohvar.at\/orte\/sv\/sv-tr-00-1\/\"><img loading=\"lazy\" decoding=\"async\" class=\"alignnone wp-image-12300 size-full\" src=\"https:\/\/www.topohvar.at\/wp-content\/uploads\/2018\/09\/push-vor-30.jpg\" alt=\"\" width=\"61\" height=\"30\" \/><\/a> <a href=\"https:\/\/www.topohvar.at\/orte\/sv\/sv-tr-45-1\/\"><img loading=\"lazy\" decoding=\"async\" class=\"alignnone wp-image-533 size-full\" src=\"https:\/\/www.topohvar.at\/wp-content\/uploads\/2018\/07\/push-l-30.jpg\" alt=\"\" width=\"61\" height=\"30\" \/><\/a>\u00a0<a href=\"https:\/\/www.topohvar.at\/orte\/sv\/\"><img loading=\"lazy\" decoding=\"async\" class=\"alignnone wp-image-535 size-full\" src=\"https:\/\/www.topohvar.at\/wp-content\/uploads\/2018\/07\/push-o-30.jpg\" alt=\"\" width=\"61\" height=\"30\" \/><\/a>\u00a0<a href=\"https:\/\/www.topohvar.at\/orte\/sv\/sv-tr-35-1\/\"><img loading=\"lazy\" decoding=\"async\" class=\"alignnone wp-image-536 size-full\" src=\"https:\/\/www.topohvar.at\/wp-content\/uploads\/2018\/07\/push-r-30.jpg\" alt=\"\" width=\"61\" height=\"30\" \/><\/a><\/strong><\/p>\n<hr \/>\n<p><strong>Adresa \/ Adresse<br \/>\n<\/strong>Svir\u010de, put Dol &#8211; Sv. Nikola<\/p>\n<p><strong>Lokacija \/ Position<a href=\"https:\/\/goo.gl\/maps\/wbCc9qCczvAyZMLT6\"><img loading=\"lazy\" decoding=\"async\" class=\"alignright wp-image-7951\" src=\"https:\/\/www.topohvar.at\/wp-content\/uploads\/2018\/08\/1519.jpg\" alt=\"\" width=\"134\" height=\"100\" \/><\/a><br \/>\n<\/strong><a href=\"https:\/\/goo.gl\/maps\/wbCc9qCczvAyZMLT6\">Latitude: N 43,15173\u00b0\u00a0 \u00a0 Longitude: E 16,59412\u00b0\u00a0<\/a><strong><br \/>\n<\/strong>Visina \/ H\u00f6he: 437 m<\/p>\n<p><strong>Katastarska \u010destica \/ Grundst\u00fccke<br \/>\n<\/strong>*264<div class='content-column one_half'><div style=\"padding-right:6px;\"><p><strong>Datum snimanja \/ Erfassungsdatum<br \/>\n<\/strong>26.05.2017 11:26:37<\/p>\n<hr \/>\n<p><strong>Informacije<\/strong><\/p>\n<p>Veliki trim nalazi se ispod ceste od Dola preko Borovika do Sv. Nikola. S desne strane zaglavljen je u stjenovitoj planinskoj padini. Kupola je samo djelomi\u010dno vidljiva na desnoj strani, ostatak se sru\u0161io. Ulaz je s prednje strane neobi\u010dno daleko desno. Unutra\u0161njost ima visinsku razliku od \u00bd m zbog stepenica na stijeni, tu je i zidna ni\u0161a.<\/p><\/div><\/div><div class='content-column one_half last_column'><div style=\"padding-right:0px;padding-left:6px;\"><p><strong>Stupanj za\u0161tite \/ Schutzstellung<br \/>\n<\/strong>&#8211;<\/p>\n<hr \/>\n<p><strong>Info<\/strong><\/p>\n<p>Der gro\u00dfe Trim befindet sich unterhalb der Stra\u00dfe die von Dol \u00fcber Borovik nach Sv. Nikola f\u00fchrt. Mit seiner rechten Seite steckt er im felsigen Berghang. Seine Kuppel ist nur an der rechten Seite ansatzweise zu erkennen, der Rest ist eingest\u00fcrzt. Der Eingang befindet sich ungew\u00f6hnlich weit rechts an der Vorderseite. Der Innenraum weist durch eine Felsstufe einen H\u00f6henunterschied von \u00bd m auf, hier findet sich auch eine Wandnische.<\/p><\/div><\/div><div class='clear_column'><\/div><div class='content-column one_half'><div style=\"padding-right:6px;\"><div id=\"attachment_24848\" style=\"width: 310px\" class=\"wp-caption aligncenter\"><img loading=\"lazy\" decoding=\"async\" aria-describedby=\"caption-attachment-24848\" class=\"size-full wp-image-24848\" src=\"https:\/\/www.topohvar.at\/wp-content\/uploads\/2019\/12\/sv-tr-05-20.jpg\" alt=\"\" width=\"300\" height=\"300\" srcset=\"https:\/\/www.topohvar.at\/wp-content\/uploads\/2019\/12\/sv-tr-05-20.jpg 300w, https:\/\/www.topohvar.at\/wp-content\/uploads\/2019\/12\/sv-tr-05-20-150x150.jpg 150w\" sizes=\"auto, (max-width: 300px) 100vw, 300px\" \/><p id=\"caption-attachment-24848\" class=\"wp-caption-text\">Ulaz \/ Eingang<\/p><\/div>\n<p>Dana 13.10.2019 trim je posje\u0107en i ustanovljeno je sljede\u0107e:<\/p>\n<p>Lokacija: grmlje<br \/>\nPodloga: stjenovita<br \/>\nPovezan s: nije povezan, samostoje\u0107i, izoliran<br \/>\nUpotreba: ne koristi se<br \/>\nStanje: Kupola se sru\u0161ila<br \/>\nBroj stepenica trima: ?<br \/>\nDodatni kameni prsten: nema kamenog prstena<br \/>\nStepeni\u0161te: nema<br \/>\nOblik kamena: zaokru\u017een<br \/>\nPodru\u010dje ispred ulaza: za\u0161ti\u0107eno<br \/>\nOrijentacija ulaza: I (100\u00b0)<br \/>\nPromjer trima (cm): 530<br \/>\nVisina trima (cm): ?<br \/>\nVisina stepenica (cm): stepenica 1: ?<br \/>\nDebljina zida (cm): 95<br \/>\n\u0160irina vrata (cm): 80<br \/>\nVisina vrata (cm): 135<br \/>\n\u0160irina unutra (cm): 330 &#8211; 340<br \/>\nVisina unutra (cm): ?<br \/>\nVolumen iznutra (m3): ?<br \/>\nNi\u0161a 1 (P\/\u0160\/V\/D) (cm): 0 \/ 40 \/ 50 \/ 50<\/p><\/div><\/div><div class='content-column one_half last_column'><div style=\"padding-right:0px;padding-left:6px;\"><div id=\"attachment_24849\" style=\"width: 310px\" class=\"wp-caption aligncenter\"><img loading=\"lazy\" decoding=\"async\" aria-describedby=\"caption-attachment-24849\" class=\"size-full wp-image-24849\" src=\"https:\/\/www.topohvar.at\/wp-content\/uploads\/2019\/12\/sv-tr-05-24.jpg\" alt=\"\" width=\"300\" height=\"300\" srcset=\"https:\/\/www.topohvar.at\/wp-content\/uploads\/2019\/12\/sv-tr-05-24.jpg 300w, https:\/\/www.topohvar.at\/wp-content\/uploads\/2019\/12\/sv-tr-05-24-150x150.jpg 150w\" sizes=\"auto, (max-width: 300px) 100vw, 300px\" \/><p id=\"caption-attachment-24849\" class=\"wp-caption-text\">Pogled na sjeveroistok \/ Blick nach Nordost<\/p><\/div>\n<p>Am 13.10.2019 wurde der Trim besucht und n\u00e4her untersucht:<\/p>\n<p>Standort: Buschwerk<br \/>\nUntergrund: Fels<br \/>\nVerbunden mit: freistehend<br \/>\nNutzung: ungenutzt<br \/>\nZustand: Kuppel fehlt<br \/>\nAnzahl der Trimstufen: ?<br \/>\nZus\u00e4tzlicher Steinring: kein Steinring<br \/>\nStiege: keine<br \/>\nSteinform: rundlich<br \/>\nEingangsbereich: gesch\u00fctzt<br \/>\nEingangsseite: O (100\u00b0)<br \/>\nTrimdurchmesser (cm): 530<br \/>\nTrimh\u00f6he (cm): ?<br \/>\nH\u00f6he der Trimstufen (cm): Stufe 1: ?<br \/>\nWandst\u00e4rke (cm): 95<br \/>\nT\u00fcrbreite (cm): 80<br \/>\nT\u00fcrh\u00f6he (cm): 135<br \/>\nInnenraumbreite (cm): 330 &#8211; 340<br \/>\nInnenraumh\u00f6he (cm): ?<br \/>\nRaumvolumen (m3): ?<br \/>\nNische 1 (P\/B\/H\/T) (cm): 0 \/ 40 \/ 50 \/ 50<\/p><\/div><\/div><div class='clear_column'><\/div><\/p>\n<p><img loading=\"lazy\" decoding=\"async\" class=\"aligncenter size-full wp-image-24847\" src=\"https:\/\/www.topohvar.at\/wp-content\/uploads\/2019\/12\/sv-tr-05-sc.jpg\" alt=\"\" width=\"600\" height=\"913\" srcset=\"https:\/\/www.topohvar.at\/wp-content\/uploads\/2019\/12\/sv-tr-05-sc.jpg 600w, https:\/\/www.topohvar.at\/wp-content\/uploads\/2019\/12\/sv-tr-05-sc-197x300.jpg 197w\" sizes=\"auto, (max-width: 600px) 100vw, 600px\" \/><\/p>\n<p style=\"text-align: right;\"><a href=\"#seite_oben\">natrag na vrh \/ Seitenanfang<\/a><\/p>\n<hr \/>\n<p><strong>Linkovi \/ Links<\/strong><\/p>\n<p>&#8211;<\/p>\n","protected":false},"excerpt":{"rendered":"<p>Ime \/ Name Trim\u00bbSV-TR-05\u00ab Code: SV-TR-05\u00a0 \u00a0 \u00a0 \u00a0 \u00a0 \u00a0 \u00a0 \u00a0\u00a0 \u00a0 \u00a0 \u00a0 \u00a0 \u00a0 \u00a0 \u00a0 \u00a0 \u00a0\u00a0 Adresa \/ Adresse Svir\u010de, put Dol &#8211; Sv. Nikola Lokacija \/ Position Latitude: N 43,15173\u00b0\u00a0 \u00a0 Longitude: E &hellip; <a href=\"https:\/\/www.topohvar.at\/topo\/orte\/sv\/sv-tr-05-1\/\">Weiterlesen <span class=\"meta-nav\">&rarr;<\/span><\/a><\/p>\n","protected":false},"author":1,"featured_media":0,"parent":106,"menu_order":0,"comment_status":"closed","ping_status":"closed","template":"","meta":{"footnotes":""},"class_list":["post-7563","page","type-page","status-publish","hentry"],"_links":{"self":[{"href":"https:\/\/www.topohvar.at\/topo\/wp-json\/wp\/v2\/pages\/7563","targetHints":{"allow":["GET"]}}],"collection":[{"href":"https:\/\/www.topohvar.at\/topo\/wp-json\/wp\/v2\/pages"}],"about":[{"href":"https:\/\/www.topohvar.at\/topo\/wp-json\/wp\/v2\/types\/page"}],"author":[{"embeddable":true,"href":"https:\/\/www.topohvar.at\/topo\/wp-json\/wp\/v2\/users\/1"}],"replies":[{"embeddable":true,"href":"https:\/\/www.topohvar.at\/topo\/wp-json\/wp\/v2\/comments?post=7563"}],"version-history":[{"count":15,"href":"https:\/\/www.topohvar.at\/topo\/wp-json\/wp\/v2\/pages\/7563\/revisions"}],"predecessor-version":[{"id":68139,"href":"https:\/\/www.topohvar.at\/topo\/wp-json\/wp\/v2\/pages\/7563\/revisions\/68139"}],"up":[{"embeddable":true,"href":"https:\/\/www.topohvar.at\/topo\/wp-json\/wp\/v2\/pages\/106"}],"wp:attachment":[{"href":"https:\/\/www.topohvar.at\/topo\/wp-json\/wp\/v2\/media?parent=7563"}],"curies":[{"name":"wp","href":"https:\/\/api.w.org\/{rel}","templated":true}]}}