{"id":7605,"date":"2018-08-25T07:53:38","date_gmt":"2018-08-25T05:53:38","guid":{"rendered":"https:\/\/www.topohvar.at\/?page_id=7605"},"modified":"2021-12-01T16:08:36","modified_gmt":"2021-12-01T15:08:36","slug":"sv-tr-30-1","status":"publish","type":"page","link":"https:\/\/www.topohvar.at\/topo\/orte\/sv\/sv-tr-30-1\/","title":{"rendered":"SVIR\u010cE &#8211; Trim \u00bbSV-TR-30 (ju\u017eni od dva trima)\u00ab"},"content":{"rendered":"<p><a name=\"seite_oben\"><\/a><br \/>\n<strong><img loading=\"lazy\" decoding=\"async\" class=\"alignnone wp-image-7407 size-large\" src=\"https:\/\/www.topohvar.at\/wp-content\/uploads\/2018\/08\/sv-tr-30-0-1024x503.jpg\" alt=\"\" width=\"640\" height=\"314\" srcset=\"https:\/\/www.topohvar.at\/wp-content\/uploads\/2018\/08\/sv-tr-30-0-1024x503.jpg 1024w, https:\/\/www.topohvar.at\/wp-content\/uploads\/2018\/08\/sv-tr-30-0-300x147.jpg 300w, https:\/\/www.topohvar.at\/wp-content\/uploads\/2018\/08\/sv-tr-30-0-768x377.jpg 768w, https:\/\/www.topohvar.at\/wp-content\/uploads\/2018\/08\/sv-tr-30-0.jpg 1080w\" sizes=\"auto, (max-width: 640px) 100vw, 640px\" \/><\/strong><\/p>\n<p><strong>Ime \/ Name<br \/>\n<\/strong>Trim \u00bbSV-TR-30 (ju\u017eni od dva trima)\u00ab<\/p>\n<p><strong>Code: <\/strong>SV-TR-30\u00a0 \u00a0 \u00a0 \u00a0 \u00a0 \u00a0 \u00a0 \u00a0<strong>\u00a0 \u00a0 \u00a0 \u00a0 \u00a0 \u00a0 \u00a0 \u00a0 \u00a0 <a href=\"https:\/\/www.topohvar.at\/orte\/sv\/sv-tr-00-1\/\"><img loading=\"lazy\" decoding=\"async\" class=\"alignnone wp-image-12300 size-full\" src=\"https:\/\/www.topohvar.at\/wp-content\/uploads\/2018\/09\/push-vor-30.jpg\" alt=\"\" width=\"61\" height=\"30\" \/><\/a> <a href=\"https:\/\/www.topohvar.at\/orte\/sv\/sv-tr-29-1\/\"><img loading=\"lazy\" decoding=\"async\" class=\"alignnone wp-image-533 size-full\" src=\"https:\/\/www.topohvar.at\/wp-content\/uploads\/2018\/07\/push-l-30.jpg\" alt=\"\" width=\"61\" height=\"30\" \/><\/a>\u00a0<a href=\"https:\/\/www.topohvar.at\/orte\/sv\/\"><img loading=\"lazy\" decoding=\"async\" class=\"alignnone wp-image-535 size-full\" src=\"https:\/\/www.topohvar.at\/wp-content\/uploads\/2018\/07\/push-o-30.jpg\" alt=\"\" width=\"61\" height=\"30\" \/><\/a>\u00a0<a href=\"https:\/\/www.topohvar.at\/orte\/sv\/sv-tr-31-1\/\"><img loading=\"lazy\" decoding=\"async\" class=\"alignnone wp-image-536 size-full\" src=\"https:\/\/www.topohvar.at\/wp-content\/uploads\/2018\/07\/push-r-30.jpg\" alt=\"\" width=\"61\" height=\"30\" \/><\/a><\/strong><\/p>\n<hr \/>\n<p><strong>Adresa \/ Adresse<br \/>\n<\/strong>Svir\u010de, Poljica<\/p>\n<p><strong>Lokacija \/ Position<a href=\"https:\/\/goo.gl\/maps\/FrKuuXoogvJBYvQr6\"><img loading=\"lazy\" decoding=\"async\" class=\"alignright wp-image-8027\" src=\"https:\/\/www.topohvar.at\/wp-content\/uploads\/2018\/08\/0820.jpg\" alt=\"\" width=\"133\" height=\"100\" \/><\/a><br \/>\n<\/strong><a href=\"https:\/\/goo.gl\/maps\/FrKuuXoogvJBYvQr6\">Latitude: N 43,14350\u00b0\u00a0 \u00a0 Longitude: E 16,60767\u00b0\u00a0<\/a><strong><br \/>\n<\/strong>Visina \/ H\u00f6he: 487 m<\/p>\n<p><strong>Katastarska \u010destica \/ Grundst\u00fccke<br \/>\n<\/strong>2022, 2024\/2<div class='content-column one_half'><div style=\"padding-right:6px;\"><p><strong>Datum snimanja \/ Erfassungsdatum<br \/>\n<\/strong>07.05.2015 12:18:46<\/p>\n<hr \/>\n<p><strong>Informacije<\/strong><\/p>\n<p>Prili\u010dno u sredini Poljica nalazi se grupa od pet trime (SV-TR-26-SV-TR-30). Dvije od ovih trime na isto\u010dnom kraju grupe nalaze se to\u010dno na pje\u0161a\u010dkoj stazi. Ju\u017eni trim integriran je u kameni zid. O\u0161te\u0107en je i ima rupu u kupoli.<\/p><\/div><\/div><div class='content-column one_half last_column'><div style=\"padding-right:0px;padding-left:6px;\"><p><strong>Stupanj za\u0161tite \/ Schutzstellung<br \/>\n<\/strong>&#8211;<\/p>\n<hr \/>\n<p><strong>Info<\/strong><\/p>\n<p>Ziemlich in der Mitte von Poljica befindet sich eine Gruppe von f\u00fcnf Trims (SV-TR-26 \u2013 SV-TR-30). Zwei dieser Trims am Ostende der Gruppe stehen direkt an einem Fu\u00dfpfad. Der s\u00fcdliche der beiden ist in einer Steinmauer integriert. Er ist besch\u00e4digt und in der Kuppel klafft ein Loch.<\/p><\/div><\/div><div class='clear_column'><\/div><div class='content-column one_half'><div style=\"padding-right:6px;\"><div id=\"attachment_51028\" style=\"width: 310px\" class=\"wp-caption aligncenter\"><img loading=\"lazy\" decoding=\"async\" aria-describedby=\"caption-attachment-51028\" class=\"size-medium wp-image-51028\" src=\"https:\/\/www.topohvar.at\/wp-content\/uploads\/2021\/08\/sv-tr-30-22-300x300.jpg\" alt=\"\" width=\"300\" height=\"300\" srcset=\"https:\/\/www.topohvar.at\/wp-content\/uploads\/2021\/08\/sv-tr-30-22-300x300.jpg 300w, https:\/\/www.topohvar.at\/wp-content\/uploads\/2021\/08\/sv-tr-30-22-150x150.jpg 150w, https:\/\/www.topohvar.at\/wp-content\/uploads\/2021\/08\/sv-tr-30-22.jpg 450w\" sizes=\"auto, (max-width: 300px) 100vw, 300px\" \/><p id=\"caption-attachment-51028\" class=\"wp-caption-text\">Ulaz \/ Eingang<\/p><\/div><\/div><\/div><div class='content-column one_half last_column'><div style=\"padding-right:0px;padding-left:6px;\"><div id=\"attachment_51029\" style=\"width: 310px\" class=\"wp-caption aligncenter\"><img loading=\"lazy\" decoding=\"async\" aria-describedby=\"caption-attachment-51029\" class=\"size-medium wp-image-51029\" src=\"https:\/\/www.topohvar.at\/wp-content\/uploads\/2021\/08\/sv-tr-30-24-300x300.jpg\" alt=\"\" width=\"300\" height=\"300\" srcset=\"https:\/\/www.topohvar.at\/wp-content\/uploads\/2021\/08\/sv-tr-30-24-300x300.jpg 300w, https:\/\/www.topohvar.at\/wp-content\/uploads\/2021\/08\/sv-tr-30-24-150x150.jpg 150w, https:\/\/www.topohvar.at\/wp-content\/uploads\/2021\/08\/sv-tr-30-24.jpg 450w\" sizes=\"auto, (max-width: 300px) 100vw, 300px\" \/><p id=\"caption-attachment-51029\" class=\"wp-caption-text\">Isto\u010dna strana \/ Ostseite<\/p><\/div><\/div><\/div><div class='clear_column'><\/div><div class='content-column one_half'><div style=\"padding-right:6px;\"><\/p>\n<p>Dana\t24.04.2021\ttrim SV-TR-30 je posje\u0107en i ustanovljeno je sljede\u0107e:\t<\/p>\n<p>Lokacija: \tlivada, pa\u0161njak<br \/>\nPodloga: \travna<br \/>\nPovezan s: \tkamenim zidom<br \/>\nUpotreba: \tne koristi se<br \/>\nStanje: \tdijelovi su se sru\u0161ili<br \/>\nBroj stepenica trima:\t1<br \/>\nDodatni kameni prsten: \tnema kamenog prstena<br \/>\nStepeni\u0161te: \tnema<br \/>\nOblik kamena: \tuglast<br \/>\nPodru\u010dje ispred ulaza: \tlako dostupno<br \/>\nOrijentacija ulaza: \tZ (270\u00b0)<br \/>\nPromjer trima (cm): \t360<br \/>\nVisina trima (cm): \t210<br \/>\nVisina stepenica (cm): \tstepenica 1: 160<br \/>\nDebljina zida (cm): \t75<br \/>\n\u0160irina vrata (cm): \t90<br \/>\nVisina vrata (cm): \t100<br \/>\n\u0160irina unutra (cm):\t220 &#8211; 210<br \/>\nVisina unutra (cm): \t200<br \/>\nVolumen iznutra (m3): \t4,85<br \/>\nNi\u0161a 1 (P\/\u0160\/V\/D) (cm): \t65 \/ 50 \/ 30 \/ 40\t\t<\/p><\/div><\/div><div class='content-column one_half last_column'><div style=\"padding-right:0px;padding-left:6px;\"><\/p>\n<p>Am\t24.04.2021\twurde der Trim SV-TR-30 besucht und n\u00e4her untersucht:\t<\/p>\n<p>Standort: \tWiese, Weide<br \/>\nUntergrund: \teben<br \/>\nVerbunden mit: \tSteinmauer<br \/>\nNutzung: \tungenutzt<br \/>\nZustand: \tTeile abgest\u00fcrzt<br \/>\nAnzahl der Trimstufen:\t1<br \/>\nZus\u00e4tzlicher Steinring: \tkein Steinring<br \/>\nStiege: \tkeine<br \/>\nSteinform: \tkantig<br \/>\nEingangsbereich: \tfrei<br \/>\nEingangsseite:\tW (270\u00b0)<br \/>\nTrimdurchmesser (cm): \t360<br \/>\nTrimh\u00f6he (cm): \t210<br \/>\nH\u00f6he der Trimstufen (cm): \tStufe 1: 160<br \/>\nWandst\u00e4rke (cm): \t75<br \/>\nT\u00fcrbreite (cm): \t90<br \/>\nT\u00fcrh\u00f6he (cm): \t100<br \/>\nInnenraumbreite (cm):\t220 &#8211; 210<br \/>\nInnenraumh\u00f6he (cm): \t200<br \/>\nRaumvolumen (m3): \t4,85<br \/>\nNische 1 (P\/B\/H\/T) (cm): \t65 \/ 50 \/ 30 \/ 40\t\t<\/p><\/div><\/div><div class='clear_column'><\/div>\t\t\t<\/p>\n<p><img loading=\"lazy\" decoding=\"async\" class=\"aligncenter size-full wp-image-51030\" src=\"https:\/\/www.topohvar.at\/wp-content\/uploads\/2021\/08\/sv-tr-30-scan.jpg\" alt=\"\" width=\"600\" height=\"917\" srcset=\"https:\/\/www.topohvar.at\/wp-content\/uploads\/2021\/08\/sv-tr-30-scan.jpg 600w, https:\/\/www.topohvar.at\/wp-content\/uploads\/2021\/08\/sv-tr-30-scan-196x300.jpg 196w\" sizes=\"auto, (max-width: 600px) 100vw, 600px\" \/><\/p>\n<p style=\"text-align: right;\"><a href=\"#seite_oben\">natrag na vrh \/ Seitenanfang<\/a><\/p>\n<hr \/>\n<p><strong>Linkovi \/ Links<\/strong><\/p>\n<p><span style=\"color: #3366ff;\"><a style=\"color: #3366ff;\" href=\"https:\/\/www.topohvar.at\/orte\/sv\/sv-tr-29-1\/\">Sjeverni \/ n\u00f6rdlicher Trim (SV-TR-29)<\/a><\/span><\/p>\n","protected":false},"excerpt":{"rendered":"<p>Ime \/ Name Trim \u00bbSV-TR-30 (ju\u017eni od dva trima)\u00ab Code: SV-TR-30\u00a0 \u00a0 \u00a0 \u00a0 \u00a0 \u00a0 \u00a0 \u00a0\u00a0 \u00a0 \u00a0 \u00a0 \u00a0 \u00a0 \u00a0 \u00a0 \u00a0 \u00a0\u00a0 Adresa \/ Adresse Svir\u010de, Poljica Lokacija \/ Position Latitude: N 43,14350\u00b0\u00a0 \u00a0 Longitude: &hellip; <a href=\"https:\/\/www.topohvar.at\/topo\/orte\/sv\/sv-tr-30-1\/\">Weiterlesen <span class=\"meta-nav\">&rarr;<\/span><\/a><\/p>\n","protected":false},"author":1,"featured_media":0,"parent":106,"menu_order":0,"comment_status":"closed","ping_status":"closed","template":"","meta":{"footnotes":""},"class_list":["post-7605","page","type-page","status-publish","hentry"],"_links":{"self":[{"href":"https:\/\/www.topohvar.at\/topo\/wp-json\/wp\/v2\/pages\/7605","targetHints":{"allow":["GET"]}}],"collection":[{"href":"https:\/\/www.topohvar.at\/topo\/wp-json\/wp\/v2\/pages"}],"about":[{"href":"https:\/\/www.topohvar.at\/topo\/wp-json\/wp\/v2\/types\/page"}],"author":[{"embeddable":true,"href":"https:\/\/www.topohvar.at\/topo\/wp-json\/wp\/v2\/users\/1"}],"replies":[{"embeddable":true,"href":"https:\/\/www.topohvar.at\/topo\/wp-json\/wp\/v2\/comments?post=7605"}],"version-history":[{"count":13,"href":"https:\/\/www.topohvar.at\/topo\/wp-json\/wp\/v2\/pages\/7605\/revisions"}],"predecessor-version":[{"id":54157,"href":"https:\/\/www.topohvar.at\/topo\/wp-json\/wp\/v2\/pages\/7605\/revisions\/54157"}],"up":[{"embeddable":true,"href":"https:\/\/www.topohvar.at\/topo\/wp-json\/wp\/v2\/pages\/106"}],"wp:attachment":[{"href":"https:\/\/www.topohvar.at\/topo\/wp-json\/wp\/v2\/media?parent=7605"}],"curies":[{"name":"wp","href":"https:\/\/api.w.org\/{rel}","templated":true}]}}