{"id":7609,"date":"2018-08-25T07:56:11","date_gmt":"2018-08-25T05:56:11","guid":{"rendered":"https:\/\/www.topohvar.at\/?page_id=7609"},"modified":"2021-12-01T16:11:06","modified_gmt":"2021-12-01T15:11:06","slug":"sv-tr-32-1","status":"publish","type":"page","link":"https:\/\/www.topohvar.at\/topo\/orte\/sv\/sv-tr-32-1\/","title":{"rendered":"SVIR\u010cE &#8211; Trim \u00bbSV-TR-32\u00ab"},"content":{"rendered":"<p><a name=\"seite_oben\"><\/a><br \/>\n<strong><img loading=\"lazy\" decoding=\"async\" class=\"aligncenter wp-image-51014 size-full\" src=\"https:\/\/www.topohvar.at\/wp-content\/uploads\/2021\/08\/sv-tr-32-20.jpg\" alt=\"\" width=\"1080\" height=\"530\" srcset=\"https:\/\/www.topohvar.at\/wp-content\/uploads\/2021\/08\/sv-tr-32-20.jpg 1080w, https:\/\/www.topohvar.at\/wp-content\/uploads\/2021\/08\/sv-tr-32-20-300x147.jpg 300w, https:\/\/www.topohvar.at\/wp-content\/uploads\/2021\/08\/sv-tr-32-20-1024x503.jpg 1024w, https:\/\/www.topohvar.at\/wp-content\/uploads\/2021\/08\/sv-tr-32-20-768x377.jpg 768w\" sizes=\"auto, (max-width: 1080px) 100vw, 1080px\" \/><\/strong><\/p>\n<p><strong>Ime \/ Name<br \/>\n<\/strong>Trim \u00bbSV-TR-32\u00ab<\/p>\n<p><strong>Code: <\/strong>SV-TR-32\u00a0 \u00a0 \u00a0 \u00a0 \u00a0 \u00a0 \u00a0 \u00a0<strong>\u00a0 \u00a0 \u00a0 \u00a0 \u00a0 \u00a0 \u00a0 \u00a0 \u00a0 <a href=\"https:\/\/www.topohvar.at\/orte\/sv\/sv-tr-00-1\/\"><img loading=\"lazy\" decoding=\"async\" class=\"alignnone wp-image-12300 size-full\" src=\"https:\/\/www.topohvar.at\/wp-content\/uploads\/2018\/09\/push-vor-30.jpg\" alt=\"\" width=\"61\" height=\"30\" \/><\/a> <a href=\"https:\/\/www.topohvar.at\/orte\/sv\/sv-tr-31-1\/\"><img loading=\"lazy\" decoding=\"async\" class=\"alignnone wp-image-533 size-full\" src=\"https:\/\/www.topohvar.at\/wp-content\/uploads\/2018\/07\/push-l-30.jpg\" alt=\"\" width=\"61\" height=\"30\" \/><\/a>\u00a0<a href=\"https:\/\/www.topohvar.at\/orte\/sv\/\"><img loading=\"lazy\" decoding=\"async\" class=\"alignnone wp-image-535 size-full\" src=\"https:\/\/www.topohvar.at\/wp-content\/uploads\/2018\/07\/push-o-30.jpg\" alt=\"\" width=\"61\" height=\"30\" \/><\/a>\u00a0<a href=\"https:\/\/www.topohvar.at\/orte\/sv\/sv-tr-33-1\/\"><img loading=\"lazy\" decoding=\"async\" class=\"alignnone wp-image-536 size-full\" src=\"https:\/\/www.topohvar.at\/wp-content\/uploads\/2018\/07\/push-r-30.jpg\" alt=\"\" width=\"61\" height=\"30\" \/><\/a><\/strong><\/p>\n<hr \/>\n<p><strong>Adresa \/ Adresse<br \/>\n<\/strong>Svir\u010de, Poljica<\/p>\n<p><strong>Lokacija \/ Position<a href=\"https:\/\/goo.gl\/maps\/Cnvu4EthP2hPS5Qw9\"><img loading=\"lazy\" decoding=\"async\" class=\"alignright wp-image-8038\" src=\"https:\/\/www.topohvar.at\/wp-content\/uploads\/2018\/08\/0822.jpg\" alt=\"\" width=\"133\" height=\"100\" \/><\/a><br \/>\n<\/strong><a href=\"https:\/\/goo.gl\/maps\/Cnvu4EthP2hPS5Qw9\">Latitude: N 43,14342\u00b0\u00a0 \u00a0 Longitude: E 16,60901\u00b0\u00a0<\/a><strong><br \/>\n<\/strong>Visina \/ H\u00f6he: 475 m<\/p>\n<p><strong>Katastarska \u010destica \/ Grundst\u00fccke<br \/>\n<\/strong>2036\/2<div class='content-column one_half'><div style=\"padding-right:6px;\"><p><strong>Datum snimanja \/ Erfassungsdatum<br \/>\n<\/strong>07.05.2015 12:08:13<\/p>\n<hr \/>\n<p><strong>Informacije<\/strong><\/p>\n<p>Trim se nalazi prili\u010dno usred Poljica. Lijeva mu je strana zaglavljena u stjenovitoj padini. Iznad nadvratnicu nalazi se zidna ni\u0161a. Pristup unutra\u0161njosti bio je zatrpan. Nepravilan oblik unutra\u0161njosti djelomi\u010dno je odre\u0111en stijenkama. Trim je malo o\u0161te\u0107en i vi\u0161e se ne koristi.<\/p><\/div><\/div><div class='content-column one_half last_column'><div style=\"padding-right:0px;padding-left:6px;\"><p><strong>Stupanj za\u0161tite \/ Schutzstellung<br \/>\n<\/strong>&#8211;<\/p>\n<hr \/>\n<p><strong>Info<\/strong><\/p>\n<p>Der Trim befindet sich ziemlich in der Mitte von Poljica. Er steckt mit seiner linken Seite im felsigen Abhang. \u00dcber dem T\u00fcr\u00fcberlager findet sich eine Wandnische. Der Zugang zum Innenraum war verwachsen. Die unregelm\u00e4\u00dfige Form des Innenraumes wird zum Teil durch Felsw\u00e4nde bestimmt. Der Trim ist leicht besch\u00e4digt und wird nicht mehr genutzt.<\/p><\/div><\/div><div class='clear_column'><\/div><div class='content-column one_half'><div style=\"padding-right:6px;\"><div id=\"attachment_51015\" style=\"width: 310px\" class=\"wp-caption aligncenter\"><img loading=\"lazy\" decoding=\"async\" aria-describedby=\"caption-attachment-51015\" class=\"size-medium wp-image-51015\" src=\"https:\/\/www.topohvar.at\/wp-content\/uploads\/2021\/08\/sv-tr-32-21-300x300.jpg\" alt=\"\" width=\"300\" height=\"300\" srcset=\"https:\/\/www.topohvar.at\/wp-content\/uploads\/2021\/08\/sv-tr-32-21-300x300.jpg 300w, https:\/\/www.topohvar.at\/wp-content\/uploads\/2021\/08\/sv-tr-32-21-150x150.jpg 150w, https:\/\/www.topohvar.at\/wp-content\/uploads\/2021\/08\/sv-tr-32-21.jpg 450w\" sizes=\"auto, (max-width: 300px) 100vw, 300px\" \/><p id=\"caption-attachment-51015\" class=\"wp-caption-text\">Ulaz \/ Eingang<\/p><\/div><\/div><\/div><div class='content-column one_half last_column'><div style=\"padding-right:0px;padding-left:6px;\"><div id=\"attachment_51016\" style=\"width: 310px\" class=\"wp-caption aligncenter\"><img loading=\"lazy\" decoding=\"async\" aria-describedby=\"caption-attachment-51016\" class=\"size-medium wp-image-51016\" src=\"https:\/\/www.topohvar.at\/wp-content\/uploads\/2021\/08\/sv-tr-32-23-300x300.jpg\" alt=\"\" width=\"300\" height=\"300\" srcset=\"https:\/\/www.topohvar.at\/wp-content\/uploads\/2021\/08\/sv-tr-32-23-300x300.jpg 300w, https:\/\/www.topohvar.at\/wp-content\/uploads\/2021\/08\/sv-tr-32-23-150x150.jpg 150w, https:\/\/www.topohvar.at\/wp-content\/uploads\/2021\/08\/sv-tr-32-23.jpg 450w\" sizes=\"auto, (max-width: 300px) 100vw, 300px\" \/><p id=\"caption-attachment-51016\" class=\"wp-caption-text\">Sjeverna strana \/ Nordseite<\/p><\/div><\/div><\/div><div class='clear_column'><\/div><div class='content-column one_half'><div style=\"padding-right:6px;\"><\/p>\n<p>Dana\t24.04.2021\ttrim SV-TR-32 je posje\u0107en i ustanovljeno je sljede\u0107e:\t<\/p>\n<p>Lokacija: \tlivada, pa\u0161njak<br \/>\nPodloga: \tnako\u0161ena<br \/>\nPovezan s: \tnesre\u0111nom kamenom gomilom<br \/>\nUpotreba: \tmalo se koristi<br \/>\nStanje: \tdobro sa\u010duvan<br \/>\nBroj stepenica trima:\t1<br \/>\nDodatni kameni prsten: \tnema kamenog prstena<br \/>\nStepeni\u0161te: \tnema<br \/>\nOblik kamena: \tuglast<br \/>\nPodru\u010dje ispred ulaza: \tzaraslo<br \/>\nOrijentacija ulaza: \tJI (150\u00b0)<br \/>\nPromjer trima (cm): \t390<br \/>\nVisina trima (cm): \t240<br \/>\nVisina stepenica (cm): \tstepenica 1: 170<br \/>\nDebljina zida (cm): \t90<br \/>\n\u0160irina vrata (cm): \t70<br \/>\nVisina vrata (cm): \t80<br \/>\n\u0160irina unutra (cm):\t150 &#8211; 210<br \/>\nVisina unutra (cm): \t220<br \/>\nVolumen iznutra (m3): \t3,23<br \/>\nNema ni\u0161e\t\t\t<\/p><\/div><\/div><div class='content-column one_half last_column'><div style=\"padding-right:0px;padding-left:6px;\"><\/p>\n<p>Am\t24.04.2021\twurde der Trim SV-TR-32 besucht und n\u00e4her untersucht:\t<\/p>\n<p>Standort: \tWiese, Weide<br \/>\nUntergrund: \tgeneigt<br \/>\nVerbunden mit: \tSteinhaufen ungeordnet<br \/>\nNutzung: \tkaum genutzt<br \/>\nZustand: \tgut erhalten<br \/>\nAnzahl der Trimstufen:\t1<br \/>\nZus\u00e4tzlicher Steinring: \tkein Steinring<br \/>\nStiege: \tkeine<br \/>\nSteinform: \tkantig<br \/>\nEingangsbereich: \tverwachsen<br \/>\nEingangsseite:\tSO (150\u00b0)<br \/>\nTrimdurchmesser (cm): \t390<br \/>\nTrimh\u00f6he (cm): \t240<br \/>\nH\u00f6he der Trimstufen (cm): \tStufe 1: 170<br \/>\nWandst\u00e4rke (cm): \t90<br \/>\nT\u00fcrbreite (cm): \t70<br \/>\nT\u00fcrh\u00f6he (cm): \t80<br \/>\nInnenraumbreite (cm):\t150 &#8211; 210<br \/>\nInnenraumh\u00f6he (cm): \t220<br \/>\nRaumvolumen (m3): \t3,23<br \/>\nKeine Nische\t\t\t<\/p><\/div><\/div><div class='clear_column'><\/div>\t\t\t<\/p>\n<p><img loading=\"lazy\" decoding=\"async\" class=\"aligncenter size-full wp-image-51018\" src=\"https:\/\/www.topohvar.at\/wp-content\/uploads\/2021\/08\/sv-tr-32-scan.jpg\" alt=\"\" width=\"600\" height=\"924\" srcset=\"https:\/\/www.topohvar.at\/wp-content\/uploads\/2021\/08\/sv-tr-32-scan.jpg 600w, https:\/\/www.topohvar.at\/wp-content\/uploads\/2021\/08\/sv-tr-32-scan-195x300.jpg 195w\" sizes=\"auto, (max-width: 600px) 100vw, 600px\" \/><\/p>\n<p style=\"text-align: right;\"><a href=\"#seite_oben\">natrag na vrh \/ Seitenanfang<\/a><\/p>\n<hr \/>\n<p><strong>Linkovi \/ Links<\/strong><\/p>\n<p>&#8211;<\/p>\n","protected":false},"excerpt":{"rendered":"<p>Ime \/ Name Trim \u00bbSV-TR-32\u00ab Code: SV-TR-32\u00a0 \u00a0 \u00a0 \u00a0 \u00a0 \u00a0 \u00a0 \u00a0\u00a0 \u00a0 \u00a0 \u00a0 \u00a0 \u00a0 \u00a0 \u00a0 \u00a0 \u00a0\u00a0 Adresa \/ Adresse Svir\u010de, Poljica Lokacija \/ Position Latitude: N 43,14342\u00b0\u00a0 \u00a0 Longitude: E 16,60901\u00b0\u00a0 Visina \/ &hellip; <a href=\"https:\/\/www.topohvar.at\/topo\/orte\/sv\/sv-tr-32-1\/\">Weiterlesen <span class=\"meta-nav\">&rarr;<\/span><\/a><\/p>\n","protected":false},"author":1,"featured_media":0,"parent":106,"menu_order":0,"comment_status":"closed","ping_status":"closed","template":"","meta":{"footnotes":""},"class_list":["post-7609","page","type-page","status-publish","hentry"],"_links":{"self":[{"href":"https:\/\/www.topohvar.at\/topo\/wp-json\/wp\/v2\/pages\/7609","targetHints":{"allow":["GET"]}}],"collection":[{"href":"https:\/\/www.topohvar.at\/topo\/wp-json\/wp\/v2\/pages"}],"about":[{"href":"https:\/\/www.topohvar.at\/topo\/wp-json\/wp\/v2\/types\/page"}],"author":[{"embeddable":true,"href":"https:\/\/www.topohvar.at\/topo\/wp-json\/wp\/v2\/users\/1"}],"replies":[{"embeddable":true,"href":"https:\/\/www.topohvar.at\/topo\/wp-json\/wp\/v2\/comments?post=7609"}],"version-history":[{"count":12,"href":"https:\/\/www.topohvar.at\/topo\/wp-json\/wp\/v2\/pages\/7609\/revisions"}],"predecessor-version":[{"id":54159,"href":"https:\/\/www.topohvar.at\/topo\/wp-json\/wp\/v2\/pages\/7609\/revisions\/54159"}],"up":[{"embeddable":true,"href":"https:\/\/www.topohvar.at\/topo\/wp-json\/wp\/v2\/pages\/106"}],"wp:attachment":[{"href":"https:\/\/www.topohvar.at\/topo\/wp-json\/wp\/v2\/media?parent=7609"}],"curies":[{"name":"wp","href":"https:\/\/api.w.org\/{rel}","templated":true}]}}