{"id":7611,"date":"2018-08-25T07:57:39","date_gmt":"2018-08-25T05:57:39","guid":{"rendered":"https:\/\/www.topohvar.at\/?page_id=7611"},"modified":"2023-12-04T16:00:42","modified_gmt":"2023-12-04T15:00:42","slug":"sv-tr-33-1","status":"publish","type":"page","link":"https:\/\/www.topohvar.at\/topo\/orte\/sv\/sv-tr-33-1\/","title":{"rendered":"SVIR\u010cE &#8211; Trim \u00bbSV-TR-33\u00ab"},"content":{"rendered":"<p><a name=\"seite_oben\"><\/a><br \/>\n<strong><img loading=\"lazy\" decoding=\"async\" class=\"alignnone wp-image-7410 size-large\" src=\"https:\/\/www.topohvar.at\/wp-content\/uploads\/2018\/08\/sv-tr-33-0-1024x503.jpg\" alt=\"\" width=\"640\" height=\"314\" srcset=\"https:\/\/www.topohvar.at\/wp-content\/uploads\/2018\/08\/sv-tr-33-0-1024x503.jpg 1024w, https:\/\/www.topohvar.at\/wp-content\/uploads\/2018\/08\/sv-tr-33-0-300x147.jpg 300w, https:\/\/www.topohvar.at\/wp-content\/uploads\/2018\/08\/sv-tr-33-0-768x377.jpg 768w, https:\/\/www.topohvar.at\/wp-content\/uploads\/2018\/08\/sv-tr-33-0.jpg 1080w\" sizes=\"auto, (max-width: 640px) 100vw, 640px\" \/><\/strong><\/p>\n<p><strong>Ime \/ Name<br \/>\n<\/strong>Trim \u00bbSV-TR-33\u00ab<\/p>\n<p><strong>Code: <\/strong>SV-TR-33\u00a0 \u00a0 \u00a0 \u00a0 \u00a0 \u00a0 \u00a0 \u00a0<strong>\u00a0 \u00a0 \u00a0 \u00a0 \u00a0 \u00a0 \u00a0 \u00a0 \u00a0 <a href=\"https:\/\/www.topohvar.at\/orte\/sv\/sv-tr-00-1\/\"><img loading=\"lazy\" decoding=\"async\" class=\"alignnone wp-image-12300 size-full\" src=\"https:\/\/www.topohvar.at\/wp-content\/uploads\/2018\/09\/push-vor-30.jpg\" alt=\"\" width=\"61\" height=\"30\" \/><\/a> <a href=\"https:\/\/www.topohvar.at\/orte\/sv\/sv-tr-32-1\/\"><img loading=\"lazy\" decoding=\"async\" class=\"alignnone wp-image-533 size-full\" src=\"https:\/\/www.topohvar.at\/wp-content\/uploads\/2018\/07\/push-l-30.jpg\" alt=\"\" width=\"61\" height=\"30\" \/><\/a>\u00a0<a href=\"https:\/\/www.topohvar.at\/orte\/sv\/\"><img loading=\"lazy\" decoding=\"async\" class=\"alignnone wp-image-535 size-full\" src=\"https:\/\/www.topohvar.at\/wp-content\/uploads\/2018\/07\/push-o-30.jpg\" alt=\"\" width=\"61\" height=\"30\" \/><\/a>\u00a0<a href=\"https:\/\/www.topohvar.at\/orte\/sv\/sv-tr-34-1\/\"><img loading=\"lazy\" decoding=\"async\" class=\"alignnone wp-image-536 size-full\" src=\"https:\/\/www.topohvar.at\/wp-content\/uploads\/2018\/07\/push-r-30.jpg\" alt=\"\" width=\"61\" height=\"30\" \/><\/a><\/strong><\/p>\n<hr \/>\n<p><strong>Adresa \/ Adresse<br \/>\n<\/strong>Svir\u010de, Poljica<\/p>\n<p><strong>Lokacija \/ Position<a href=\"https:\/\/goo.gl\/maps\/9mWPjb37NHojSvaeA\"><img loading=\"lazy\" decoding=\"async\" class=\"alignright wp-image-8041\" src=\"https:\/\/www.topohvar.at\/wp-content\/uploads\/2018\/08\/1757.jpg\" alt=\"\" width=\"134\" height=\"100\" \/><\/a><br \/>\n<\/strong><a href=\"https:\/\/goo.gl\/maps\/9mWPjb37NHojSvaeA\">Latitude: N 43,14252\u00b0\u00a0 \u00a0 Longitude: E 16,60955\u00b0\u00a0<\/a><strong><br \/>\n<\/strong>Visina \/ H\u00f6he: 479 m<\/p>\n<p><strong>Katastarska \u010destica \/ Grundst\u00fccke<br \/>\n<\/strong>1975\/2<div class='content-column one_half'><div style=\"padding-right:6px;\"><p><strong>Datum snimanja \/ Erfassungsdatum<br \/>\n<\/strong>18.05.2018 10:28:26<\/p>\n<hr \/>\n<p><strong>Informacije<\/strong><\/p>\n<p>Nedaleko od prekrasne dvostruke trime (SV-TR-35) u Poljicima nalaze se ostaci jo\u0161 jedne trime koji mo\u017eda nije dovr\u0161en. Zidovi su samo do visine vrata, kupola potpuno nedostaje. Pristup okruglom interijeru obrastao je.<\/p><\/div><\/div><div class='content-column one_half last_column'><div style=\"padding-right:0px;padding-left:6px;\"><p><strong>Stupanj za\u0161tite \/ Schutzstellung<br \/>\n<\/strong>&#8211;<\/p>\n<hr \/>\n<p><strong>Info<\/strong><\/p>\n<p>Unweit des sch\u00f6nen Doppeltrim (SV-TR-35) in Poljica befinden sich die Reste eines weiteren Trims, der m\u00f6glicherweise nicht fertig gestellt wurde. Die W\u00e4nde sind nur noch bis in T\u00fcrh\u00f6he vorhanden, die Kuppel fehlt zur G\u00e4nze. Der Zugang zum runden Innenraum ist verwachsen.<\/p><\/div><\/div><div class='clear_column'><\/div><\/p>\n<hr \/>\n<div class='content-column one_half'><div style=\"padding-right:6px;\"><p>Dana 23.04.2021 trim SV-TR-33 je posje\u0107en i ustanovljeno je sljede\u0107e:<\/p>\n<p>Lokacija: livada, pa\u0161njak<br \/>\nPodloga: padina<br \/>\nPovezan s: nije povezan, samostoje\u0107i, izoliran<br \/>\nUpotreba: ne koristi se<br \/>\nStanje: kupola se sru\u0161ila<br \/>\nBroj stepenica trima: ?<br \/>\nDodatni kameni prsten: nema kamenog prstena<br \/>\nStepeni\u0161te: nema<br \/>\nOblik kamena: uglast<br \/>\nPodru\u010dje ispred ulaza: zaraslo<br \/>\nOrijentacija ulaza: I (90\u00b0)<br \/>\nPromjer trima (cm): 440<br \/>\nVisina trima (cm): ?<br \/>\nVisina stepenica (cm): stepenica 1: ?<br \/>\nDebljina zida (cm): 95<br \/>\n\u0160irina vrata (cm): 60<br \/>\nVisina vrata (cm): ?<br \/>\n\u0160irina unutra (cm): 240 &#8211; 250<br \/>\nVisina unutra (cm): ?<br \/>\nVolumen iznutra (m3): ?<br \/>\nNema ni\u0161e<\/p><\/div><\/div><div class='content-column one_half last_column'><div style=\"padding-right:0px;padding-left:6px;\"><p>Am 23.04.2021 wurde der Trim SV-TR-33 besucht und n\u00e4her untersucht:<\/p>\n<p>Standort: Wiese, Weide<br \/>\nUntergrund: Hanglage<br \/>\nVerbunden mit: freistehend<br \/>\nNutzung: ungenutzt<br \/>\nZustand: Kuppel fehlt<br \/>\nAnzahl der Trimstufen: ?<br \/>\nZus\u00e4tzlicher Steinring: kein Steinring<br \/>\nStiege: keine<br \/>\nSteinform: kantig<br \/>\nEingangsbereich: verwachsen<br \/>\nEingangsseite: O (90\u00b0)<br \/>\nTrimdurchmesser (cm): 440<br \/>\nTrimh\u00f6he (cm): ?<br \/>\nH\u00f6he der Trimstufen (cm): Stufe 1: ?<br \/>\nWandst\u00e4rke (cm): 95<br \/>\nT\u00fcrbreite (cm): 60<br \/>\nT\u00fcrh\u00f6he (cm): ?<br \/>\nInnenraumbreite (cm): 240 &#8211; 250<br \/>\nInnenraumh\u00f6he (cm): ?<br \/>\nRaumvolumen (m3): ?<br \/>\nKeine Nische<\/p><\/div><\/div><div class='clear_column'><\/div><\/p>\n<p><img loading=\"lazy\" decoding=\"async\" class=\"aligncenter size-full wp-image-51008\" src=\"https:\/\/www.topohvar.at\/wp-content\/uploads\/2021\/08\/sv-tr-33-scan.jpg\" alt=\"\" width=\"600\" height=\"919\" srcset=\"https:\/\/www.topohvar.at\/wp-content\/uploads\/2021\/08\/sv-tr-33-scan.jpg 600w, https:\/\/www.topohvar.at\/wp-content\/uploads\/2021\/08\/sv-tr-33-scan-196x300.jpg 196w\" sizes=\"auto, (max-width: 600px) 100vw, 600px\" \/><\/p>\n<p style=\"text-align: right;\"><a href=\"#seite_oben\">natrag na vrh \/ Seitenanfang<\/a><\/p>\n<hr \/>\n<p><strong>Linkovi \/ Links<\/strong><\/p>\n<p>&#8211;<\/p>\n","protected":false},"excerpt":{"rendered":"<p>Ime \/ Name Trim \u00bbSV-TR-33\u00ab Code: SV-TR-33\u00a0 \u00a0 \u00a0 \u00a0 \u00a0 \u00a0 \u00a0 \u00a0\u00a0 \u00a0 \u00a0 \u00a0 \u00a0 \u00a0 \u00a0 \u00a0 \u00a0 \u00a0\u00a0 Adresa \/ Adresse Svir\u010de, Poljica Lokacija \/ Position Latitude: N 43,14252\u00b0\u00a0 \u00a0 Longitude: E 16,60955\u00b0\u00a0 Visina \/ &hellip; <a href=\"https:\/\/www.topohvar.at\/topo\/orte\/sv\/sv-tr-33-1\/\">Weiterlesen <span class=\"meta-nav\">&rarr;<\/span><\/a><\/p>\n","protected":false},"author":1,"featured_media":0,"parent":106,"menu_order":0,"comment_status":"closed","ping_status":"closed","template":"","meta":{"footnotes":""},"class_list":["post-7611","page","type-page","status-publish","hentry"],"_links":{"self":[{"href":"https:\/\/www.topohvar.at\/topo\/wp-json\/wp\/v2\/pages\/7611","targetHints":{"allow":["GET"]}}],"collection":[{"href":"https:\/\/www.topohvar.at\/topo\/wp-json\/wp\/v2\/pages"}],"about":[{"href":"https:\/\/www.topohvar.at\/topo\/wp-json\/wp\/v2\/types\/page"}],"author":[{"embeddable":true,"href":"https:\/\/www.topohvar.at\/topo\/wp-json\/wp\/v2\/users\/1"}],"replies":[{"embeddable":true,"href":"https:\/\/www.topohvar.at\/topo\/wp-json\/wp\/v2\/comments?post=7611"}],"version-history":[{"count":21,"href":"https:\/\/www.topohvar.at\/topo\/wp-json\/wp\/v2\/pages\/7611\/revisions"}],"predecessor-version":[{"id":65202,"href":"https:\/\/www.topohvar.at\/topo\/wp-json\/wp\/v2\/pages\/7611\/revisions\/65202"}],"up":[{"embeddable":true,"href":"https:\/\/www.topohvar.at\/topo\/wp-json\/wp\/v2\/pages\/106"}],"wp:attachment":[{"href":"https:\/\/www.topohvar.at\/topo\/wp-json\/wp\/v2\/media?parent=7611"}],"curies":[{"name":"wp","href":"https:\/\/api.w.org\/{rel}","templated":true}]}}