{"id":7617,"date":"2018-08-25T08:01:59","date_gmt":"2018-08-25T06:01:59","guid":{"rendered":"https:\/\/www.topohvar.at\/?page_id=7617"},"modified":"2021-12-01T16:22:53","modified_gmt":"2021-12-01T15:22:53","slug":"sv-tr-36-1","status":"publish","type":"page","link":"https:\/\/www.topohvar.at\/topo\/orte\/sv\/sv-tr-36-1\/","title":{"rendered":"SVIR\u010cE &#8211; Trim \u00bbSV-TR-36\u00ab"},"content":{"rendered":"<p><a name=\"seite_oben\"><\/a><br \/>\n<strong><img loading=\"lazy\" decoding=\"async\" class=\"aligncenter wp-image-50992 size-full\" src=\"https:\/\/www.topohvar.at\/wp-content\/uploads\/2021\/08\/sv-tr-36-11.jpg\" alt=\"\" width=\"1080\" height=\"530\" srcset=\"https:\/\/www.topohvar.at\/wp-content\/uploads\/2021\/08\/sv-tr-36-11.jpg 1080w, https:\/\/www.topohvar.at\/wp-content\/uploads\/2021\/08\/sv-tr-36-11-300x147.jpg 300w, https:\/\/www.topohvar.at\/wp-content\/uploads\/2021\/08\/sv-tr-36-11-1024x503.jpg 1024w, https:\/\/www.topohvar.at\/wp-content\/uploads\/2021\/08\/sv-tr-36-11-768x377.jpg 768w\" sizes=\"auto, (max-width: 1080px) 100vw, 1080px\" \/><\/strong><\/p>\n<p><strong>Ime \/ Name<br \/>\n<\/strong>Trim \u00bbSV-TR-36\u00ab<\/p>\n<p><strong>Code: <\/strong>SV-TR-36\u00a0 \u00a0 \u00a0 \u00a0 \u00a0 \u00a0 \u00a0 \u00a0<strong>\u00a0 \u00a0 \u00a0 \u00a0 \u00a0 \u00a0 \u00a0 \u00a0 \u00a0 <a href=\"https:\/\/www.topohvar.at\/orte\/sv\/sv-tr-00-1\/\"><img loading=\"lazy\" decoding=\"async\" class=\"alignnone wp-image-12300 size-full\" src=\"https:\/\/www.topohvar.at\/wp-content\/uploads\/2018\/09\/push-vor-30.jpg\" alt=\"\" width=\"61\" height=\"30\" \/><\/a> <a href=\"https:\/\/www.topohvar.at\/orte\/sv\/sv-tr-34-1\/\"><img loading=\"lazy\" decoding=\"async\" class=\"alignnone wp-image-533 size-full\" src=\"https:\/\/www.topohvar.at\/wp-content\/uploads\/2018\/07\/push-l-30.jpg\" alt=\"\" width=\"61\" height=\"30\" \/><\/a>\u00a0<a href=\"https:\/\/www.topohvar.at\/orte\/sv\/\"><img loading=\"lazy\" decoding=\"async\" class=\"alignnone wp-image-535 size-full\" src=\"https:\/\/www.topohvar.at\/wp-content\/uploads\/2018\/07\/push-o-30.jpg\" alt=\"\" width=\"61\" height=\"30\" \/><\/a>\u00a0<a href=\"https:\/\/www.topohvar.at\/orte\/sv\/sv-tr-37-1\/\"><img loading=\"lazy\" decoding=\"async\" class=\"alignnone wp-image-536 size-full\" src=\"https:\/\/www.topohvar.at\/wp-content\/uploads\/2018\/07\/push-r-30.jpg\" alt=\"\" width=\"61\" height=\"30\" \/><\/a><\/strong><\/p>\n<hr \/>\n<p><strong>Adresa \/ Adresse<br \/>\n<\/strong>Svir\u010de, Poljica, Jagodnarski Dolac<\/p>\n<p><strong>Lokacija \/ Position<a href=\"https:\/\/goo.gl\/maps\/2228Srp4h6vCg67U7\"><img loading=\"lazy\" decoding=\"async\" class=\"alignright wp-image-8053\" src=\"https:\/\/www.topohvar.at\/wp-content\/uploads\/2018\/08\/0824.jpg\" alt=\"\" width=\"133\" height=\"100\" \/><\/a><br \/>\n<\/strong><a href=\"https:\/\/goo.gl\/maps\/2228Srp4h6vCg67U7\">Latitude: N 43,14277\u00b0\u00a0 \u00a0 Longitude: E 16,61125\u00b0\u00a0<\/a><strong><br \/>\n<\/strong>Visina \/ H\u00f6he: 460 m<\/p>\n<p><strong>Katastarska \u010destica \/ Grundst\u00fccke<br \/>\n<\/strong>2056\/1<div class='content-column one_half'><div style=\"padding-right:6px;\"><p><strong>Datum snimanja \/ Erfassungsdatum<br \/>\n<\/strong>07.05.2015 11:45:23<\/p>\n<hr \/>\n<p><strong>Informacije<\/strong><\/p>\n<p>Velika hrpa kamenja pridru\u017euje se stra\u017enjoj strani jednostupanjska trima u Poljicima, na podru\u010dju Jagodnarskog Dolca. Pristup unutra\u0161njosti bio je obrastao. Iznad ulaza napravljen je veliki otvor od velikih kamenih blokova. U okrugloj unutra\u0161njosti nalazi se zidna ni\u0161a blizu ulaza. Trim je u dobrom stanju, ali se vi\u0161e ne koristi.<\/p><\/div><\/div><div class='content-column one_half last_column'><div style=\"padding-right:0px;padding-left:6px;\"><p><strong>Stupanj za\u0161tite \/ Schutzstellung<br \/>\n<\/strong>&#8211;<\/p>\n<hr \/>\n<p><strong>Info<\/strong><\/p>\n<p>Ein gro\u00dfer Steinhaufen grenzt an die R\u00fcckseite des einstufigen Trims in Poljica, in der Gegend Jagodnarski Dolac. Der Zugang ins Innere war verwachsen. \u00dcber dem aus gro\u00dfen Steinbl\u00f6cken gebildeten Eingang wurde eine kleine \u00d6ffnung frei gelassen. Im runden Innenraum befindet sich, nahe des Einganges, eine Wandnische. Der Trim ist gut erhalten, wird aber nicht mehr genutzt.<\/p><\/div><\/div><div class='clear_column'><\/div><div class='content-column one_half'><div style=\"padding-right:6px;\"><div id=\"attachment_50993\" style=\"width: 310px\" class=\"wp-caption aligncenter\"><img loading=\"lazy\" decoding=\"async\" aria-describedby=\"caption-attachment-50993\" class=\"size-medium wp-image-50993\" src=\"https:\/\/www.topohvar.at\/wp-content\/uploads\/2021\/08\/sv-tr-36-12-300x300.jpg\" alt=\"\" width=\"300\" height=\"300\" srcset=\"https:\/\/www.topohvar.at\/wp-content\/uploads\/2021\/08\/sv-tr-36-12-300x300.jpg 300w, https:\/\/www.topohvar.at\/wp-content\/uploads\/2021\/08\/sv-tr-36-12-150x150.jpg 150w, https:\/\/www.topohvar.at\/wp-content\/uploads\/2021\/08\/sv-tr-36-12.jpg 450w\" sizes=\"auto, (max-width: 300px) 100vw, 300px\" \/><p id=\"caption-attachment-50993\" class=\"wp-caption-text\">Ulaz \/ Eingang<\/p><\/div><\/div><\/div><div class='content-column one_half last_column'><div style=\"padding-right:0px;padding-left:6px;\"><div id=\"attachment_50994\" style=\"width: 310px\" class=\"wp-caption aligncenter\"><img loading=\"lazy\" decoding=\"async\" aria-describedby=\"caption-attachment-50994\" class=\"size-medium wp-image-50994\" src=\"https:\/\/www.topohvar.at\/wp-content\/uploads\/2021\/08\/sv-tr-36-15-300x300.jpg\" alt=\"\" width=\"300\" height=\"300\" srcset=\"https:\/\/www.topohvar.at\/wp-content\/uploads\/2021\/08\/sv-tr-36-15-300x300.jpg 300w, https:\/\/www.topohvar.at\/wp-content\/uploads\/2021\/08\/sv-tr-36-15-150x150.jpg 150w, https:\/\/www.topohvar.at\/wp-content\/uploads\/2021\/08\/sv-tr-36-15.jpg 450w\" sizes=\"auto, (max-width: 300px) 100vw, 300px\" \/><p id=\"caption-attachment-50994\" class=\"wp-caption-text\">Isto\u010dna strana \/ Ostseite<\/p><\/div><\/div><\/div><div class='clear_column'><\/div><div class='content-column one_half'><div style=\"padding-right:6px;\"><\/p>\n<p>Dana\t23.04.2021\ttrim SV-TR-36 je posje\u0107en i ustanovljeno je sljede\u0107e:\t<\/p>\n<p>Lokacija: \tlivada, pa\u0161njak<br \/>\nPodloga: \tnako\u0161ena<br \/>\nPovezan s: \ture\u0111enom kamenom gomilom<br \/>\nUpotreba: \tne koristi se<br \/>\nStanje: \tdijelovi su se sru\u0161ili<br \/>\nBroj stepenica trima:\t1<br \/>\nDodatni kameni prsten: \tnema kamenog prstena<br \/>\nStepeni\u0161te: \tnema<br \/>\nOblik kamena: \tuglast<br \/>\nPodru\u010dje ispred ulaza: \tzaraslo<br \/>\nOrijentacija ulaza: \tZ (270\u00b0)<br \/>\nPromjer trima (cm): \t350<br \/>\nVisina trima (cm): \t250<br \/>\nVisina stepenica (cm): \tstepenica 1: 140<br \/>\nDebljina zida (cm): \t75<br \/>\n\u0160irina vrata (cm): \t75<br \/>\nVisina vrata (cm): \t130<br \/>\n\u0160irina unutra (cm):\t210 &#8211; 200<br \/>\nVisina unutra (cm): \t240<br \/>\nVolumen iznutra (m3): \t4,94<br \/>\nNi\u0161a 1 (P\/\u0160\/V\/D) (cm): \t80 \/ 40 \/ 50 \/ 50\t\t<\/p><\/div><\/div><div class='content-column one_half last_column'><div style=\"padding-right:0px;padding-left:6px;\"><\/p>\n<p>Am\t23.04.2021\twurde der Trim SV-TR-36 besucht und n\u00e4her untersucht:\t<\/p>\n<p>Standort: \tWiese, Weide<br \/>\nUntergrund: \tgeneigt<br \/>\nVerbunden mit: \tSteinhaufen geordnet<br \/>\nNutzung: \tungenutzt<br \/>\nZustand: \tTeile abgest\u00fcrzt<br \/>\nAnzahl der Trimstufen:\t1<br \/>\nZus\u00e4tzlicher Steinring: \tkein Steinring<br \/>\nStiege: \tkeine<br \/>\nSteinform: \tkantig<br \/>\nEingangsbereich: \tverwachsen<br \/>\nEingangsseite:\tW (270\u00b0)<br \/>\nTrimdurchmesser (cm): \t350<br \/>\nTrimh\u00f6he (cm): \t250<br \/>\nH\u00f6he der Trimstufen (cm): \tStufe 1: 140<br \/>\nWandst\u00e4rke (cm): \t75<br \/>\nT\u00fcrbreite (cm): \t75<br \/>\nT\u00fcrh\u00f6he (cm): \t130<br \/>\nInnenraumbreite (cm):\t210 &#8211; 200<br \/>\nInnenraumh\u00f6he (cm): \t240<br \/>\nRaumvolumen (m3): \t4,94<br \/>\nNische 1 (P\/B\/H\/T) (cm): \t80 \/ 40 \/ 50 \/ 50\t\t<\/p><\/div><\/div><div class='clear_column'><\/div>\t\t\t<\/p>\n<p><img loading=\"lazy\" decoding=\"async\" class=\"aligncenter size-full wp-image-50995\" src=\"https:\/\/www.topohvar.at\/wp-content\/uploads\/2021\/08\/sv-tr-36-scan.jpg\" alt=\"\" width=\"600\" height=\"922\" srcset=\"https:\/\/www.topohvar.at\/wp-content\/uploads\/2021\/08\/sv-tr-36-scan.jpg 600w, https:\/\/www.topohvar.at\/wp-content\/uploads\/2021\/08\/sv-tr-36-scan-195x300.jpg 195w\" sizes=\"auto, (max-width: 600px) 100vw, 600px\" \/><\/p>\n<p style=\"text-align: right;\"><a href=\"#seite_oben\">natrag na vrh \/ Seitenanfa<\/a><a href=\"#seite_oben\">ng<\/a><\/p>\n<hr \/>\n<p><strong>Linkovi \/ Links<\/strong><\/p>\n<p>&#8211;<\/p>\n","protected":false},"excerpt":{"rendered":"<p>Ime \/ Name Trim \u00bbSV-TR-36\u00ab Code: SV-TR-36\u00a0 \u00a0 \u00a0 \u00a0 \u00a0 \u00a0 \u00a0 \u00a0\u00a0 \u00a0 \u00a0 \u00a0 \u00a0 \u00a0 \u00a0 \u00a0 \u00a0 \u00a0\u00a0 Adresa \/ Adresse Svir\u010de, Poljica, Jagodnarski Dolac Lokacija \/ Position Latitude: N 43,14277\u00b0\u00a0 \u00a0 Longitude: E 16,61125\u00b0\u00a0 &hellip; <a href=\"https:\/\/www.topohvar.at\/topo\/orte\/sv\/sv-tr-36-1\/\">Weiterlesen <span class=\"meta-nav\">&rarr;<\/span><\/a><\/p>\n","protected":false},"author":1,"featured_media":0,"parent":106,"menu_order":0,"comment_status":"closed","ping_status":"closed","template":"","meta":{"footnotes":""},"class_list":["post-7617","page","type-page","status-publish","hentry"],"_links":{"self":[{"href":"https:\/\/www.topohvar.at\/topo\/wp-json\/wp\/v2\/pages\/7617","targetHints":{"allow":["GET"]}}],"collection":[{"href":"https:\/\/www.topohvar.at\/topo\/wp-json\/wp\/v2\/pages"}],"about":[{"href":"https:\/\/www.topohvar.at\/topo\/wp-json\/wp\/v2\/types\/page"}],"author":[{"embeddable":true,"href":"https:\/\/www.topohvar.at\/topo\/wp-json\/wp\/v2\/users\/1"}],"replies":[{"embeddable":true,"href":"https:\/\/www.topohvar.at\/topo\/wp-json\/wp\/v2\/comments?post=7617"}],"version-history":[{"count":13,"href":"https:\/\/www.topohvar.at\/topo\/wp-json\/wp\/v2\/pages\/7617\/revisions"}],"predecessor-version":[{"id":54165,"href":"https:\/\/www.topohvar.at\/topo\/wp-json\/wp\/v2\/pages\/7617\/revisions\/54165"}],"up":[{"embeddable":true,"href":"https:\/\/www.topohvar.at\/topo\/wp-json\/wp\/v2\/pages\/106"}],"wp:attachment":[{"href":"https:\/\/www.topohvar.at\/topo\/wp-json\/wp\/v2\/media?parent=7617"}],"curies":[{"name":"wp","href":"https:\/\/api.w.org\/{rel}","templated":true}]}}