{"id":7623,"date":"2018-08-25T08:06:45","date_gmt":"2018-08-25T06:06:45","guid":{"rendered":"https:\/\/www.topohvar.at\/?page_id=7623"},"modified":"2024-09-05T16:49:26","modified_gmt":"2024-09-05T14:49:26","slug":"sv-tr-39-1","status":"publish","type":"page","link":"https:\/\/www.topohvar.at\/topo\/orte\/sv\/sv-tr-39-1\/","title":{"rendered":"SVIR\u010cE &#8211; Trim \u00bbSV-TR-39 (Krokota-trimi, zapadni od dva trima)\u00ab"},"content":{"rendered":"<p><a name=\"seite_oben\"><\/a><br \/>\n<strong><img loading=\"lazy\" decoding=\"async\" class=\"alignnone wp-image-7416 size-large\" src=\"https:\/\/www.topohvar.at\/wp-content\/uploads\/2018\/08\/SV-TR-39-0-1024x503.jpg\" alt=\"\" width=\"640\" height=\"314\" srcset=\"https:\/\/www.topohvar.at\/wp-content\/uploads\/2018\/08\/SV-TR-39-0-1024x503.jpg 1024w, https:\/\/www.topohvar.at\/wp-content\/uploads\/2018\/08\/SV-TR-39-0-300x147.jpg 300w, https:\/\/www.topohvar.at\/wp-content\/uploads\/2018\/08\/SV-TR-39-0-768x377.jpg 768w, https:\/\/www.topohvar.at\/wp-content\/uploads\/2018\/08\/SV-TR-39-0.jpg 1080w\" sizes=\"auto, (max-width: 640px) 100vw, 640px\" \/><\/strong><\/p>\n<p><strong>Ime \/ Name<br \/>\n<\/strong>Trim \u00bbSV-TR-39 (Krokota-trimi, zapadni od dva trima \/ westlicher von zwei Trims)\u00ab<\/p>\n<p><strong>Code: <\/strong>SV-TR-39\u00a0 \u00a0 \u00a0 \u00a0 \u00a0 \u00a0 \u00a0 \u00a0 \u00a0 \u00a0 \u00a0 \u00a0 \u00a0<strong>\u00a0 \u00a0 \u00a0 \u00a0 <a href=\"https:\/\/www.topohvar.at\/orte\/sv\/sv-tr-00-1\/\"><img loading=\"lazy\" decoding=\"async\" class=\"alignnone wp-image-12300 size-full\" src=\"https:\/\/www.topohvar.at\/wp-content\/uploads\/2018\/09\/push-vor-30.jpg\" alt=\"\" width=\"61\" height=\"30\" \/><\/a> <a href=\"https:\/\/www.topohvar.at\/orte\/sv\/sv-tr-38-1\/\"><img loading=\"lazy\" decoding=\"async\" class=\"alignnone wp-image-533 size-full\" src=\"https:\/\/www.topohvar.at\/wp-content\/uploads\/2018\/07\/push-l-30.jpg\" alt=\"\" width=\"61\" height=\"30\" \/><\/a>\u00a0<a href=\"https:\/\/www.topohvar.at\/orte\/sv\/\"><img loading=\"lazy\" decoding=\"async\" class=\"alignnone wp-image-535 size-full\" src=\"https:\/\/www.topohvar.at\/wp-content\/uploads\/2018\/07\/push-o-30.jpg\" alt=\"\" width=\"61\" height=\"30\" \/><\/a>\u00a0<a href=\"https:\/\/www.topohvar.at\/orte\/sv\/sv-tr-40-1\/\"><img loading=\"lazy\" decoding=\"async\" class=\"alignnone wp-image-536 size-full\" src=\"https:\/\/www.topohvar.at\/wp-content\/uploads\/2018\/07\/push-r-30.jpg\" alt=\"\" width=\"61\" height=\"30\" \/><\/a><\/strong><\/p>\n<hr \/>\n<p><strong>Adresa \/ Adresse<br \/>\n<\/strong>Svir\u010de, Poljica, Vorh<\/p>\n<p><strong>Lokacija \/ Position<a href=\"https:\/\/goo.gl\/maps\/AcDfB8a7FsCQqK6h9\"><img loading=\"lazy\" decoding=\"async\" class=\"alignright wp-image-8062\" src=\"https:\/\/www.topohvar.at\/wp-content\/uploads\/2018\/08\/1096.jpg\" alt=\"\" width=\"133\" height=\"100\" \/><\/a><br \/>\n<\/strong><a href=\"https:\/\/goo.gl\/maps\/AcDfB8a7FsCQqK6h9\">Latitude: N 43,14167\u00b0\u00a0 \u00a0 Longitude: E 16,61740\u00b0\u00a0<\/a><strong><br \/>\n<\/strong>Visina \/ H\u00f6he: 476 m<\/p>\n<p><strong>Katastarska \u010destica \/ Grundst\u00fccke<br \/>\n<\/strong>2266\/2<div class='content-column one_half'><div style=\"padding-right:6px;\"><p><strong>Datum snimanja \/ Erfassungsdatum<br \/>\n<\/strong>23.05.2016 11:47:49<\/p>\n<hr \/>\n<p><strong>Informacije<\/strong><\/p>\n<p>Krokota-trimi &#8211; prekrasna cjelina s dvije trime, kamenim zidovima, tor (?) i cisternom nalazi se u Poljicima (Vorh) na podru\u010dju Vorh. Dva su trimi povezani su zidom sa sjeverne strane. Zajedno s cisternam ovo stvara mali dvori\u0161te izme\u0111u trime. Trim se vjerojatno vi\u0161e ne koristi.<\/p><\/div><\/div><div class='content-column one_half last_column'><div style=\"padding-right:0px;padding-left:6px;\"><p><strong>Stupanj za\u0161tite \/ Schutzstellung<br \/>\n<\/strong>&#8211;<\/p>\n<hr \/>\n<p><strong>Info<\/strong><\/p>\n<p>Die Krokota-Trims &#8211; ein sch\u00f6nes Ensemble aus zwei Trims, Steinmauern, einem Zwerch (?) und einer Zisterne befindet sich in Poljica in der Gegend Vorh. Die zwei Trims sind an der Nordseite mit einer Mauer verbunden. Zusammen mit einer Zisterne wird so ein kleiner Vorhof zwischen den Trims gebildet. Die Trims werden vermutlich nicht mehr genutzt.<\/p><\/div><\/div><div class='clear_column'><\/div><div class='content-column one_half'><div style=\"padding-right:6px;\"><p>Zapadni, manji od dva trime ima dvije stupenje. Druga faza je malo o\u0161te\u0107ena s lijeve strane. Ravna kupola je stoga prili\u010dno tanka na ovom podru\u010dju. U gotovo kvadratnom interijeru nalaze se dvije zidne ni\u0161e, od kojih jedna vodi prema van.<\/p><\/div><\/div><div class='content-column one_half last_column'><div style=\"padding-right:0px;padding-left:6px;\"><p>Der westliche, kleinere der zwei Trims ist zweistufig. Die zweite Stufe ist an der linken Seite etwas besch\u00e4digt. Die flache Kuppel ist in diesem Bereich daher recht d\u00fcnn. In seinem fast quadratischen Innenraum finden sich zwei Wandnischen, wobei eine davon ins Freie f\u00fchrt.<\/p><\/div><\/div><div class='clear_column'><\/div><div class='content-column one_half'><div style=\"padding-right:6px;\"><div id=\"attachment_50974\" style=\"width: 310px\" class=\"wp-caption aligncenter\"><img loading=\"lazy\" decoding=\"async\" aria-describedby=\"caption-attachment-50974\" class=\"size-medium wp-image-50974\" src=\"https:\/\/www.topohvar.at\/wp-content\/uploads\/2021\/08\/sv-tr-39-12-300x300.jpg\" alt=\"\" width=\"300\" height=\"300\" srcset=\"https:\/\/www.topohvar.at\/wp-content\/uploads\/2021\/08\/sv-tr-39-12-300x300.jpg 300w, https:\/\/www.topohvar.at\/wp-content\/uploads\/2021\/08\/sv-tr-39-12-150x150.jpg 150w, https:\/\/www.topohvar.at\/wp-content\/uploads\/2021\/08\/sv-tr-39-12.jpg 450w\" sizes=\"auto, (max-width: 300px) 100vw, 300px\" \/><p id=\"caption-attachment-50974\" class=\"wp-caption-text\">Ulazna stranica \/ Eingangsseite<\/p><\/div><\/div><\/div><div class='content-column one_half last_column'><div style=\"padding-right:0px;padding-left:6px;\"><div id=\"attachment_50975\" style=\"width: 310px\" class=\"wp-caption aligncenter\"><img loading=\"lazy\" decoding=\"async\" aria-describedby=\"caption-attachment-50975\" class=\"size-medium wp-image-50975\" src=\"https:\/\/www.topohvar.at\/wp-content\/uploads\/2021\/08\/sv-tr-39-13-300x300.jpg\" alt=\"\" width=\"300\" height=\"300\" srcset=\"https:\/\/www.topohvar.at\/wp-content\/uploads\/2021\/08\/sv-tr-39-13-300x300.jpg 300w, https:\/\/www.topohvar.at\/wp-content\/uploads\/2021\/08\/sv-tr-39-13-150x150.jpg 150w, https:\/\/www.topohvar.at\/wp-content\/uploads\/2021\/08\/sv-tr-39-13.jpg 450w\" sizes=\"auto, (max-width: 300px) 100vw, 300px\" \/><p id=\"caption-attachment-50975\" class=\"wp-caption-text\">tankozidna kupola \/ d\u00fcnnwandige Kuppel<\/p><\/div><\/div><\/div><div class='clear_column'><\/div><div class='content-column one_half'><div style=\"padding-right:6px;\"><p>Dana 23.04.2021 trim SV-TR-39 je posje\u0107en i ustanovljeno je sljede\u0107e:<\/p>\n<p>Lokacija: livada, pa\u0161njak<br \/>\nPodloga: padina<br \/>\nPovezan s: kamenim zidom<br \/>\nUpotreba: u upotrebi<br \/>\nStanje: dijelovi su se sru\u0161ili<br \/>\nBroj stepenica trima: 2<br \/>\nDodatni kameni prsten: nema kamenog prstena<br \/>\nStepeni\u0161te: nema<br \/>\nOblik kamena: uglast<br \/>\nPodru\u010dje ispred ulaza: lako dostupno<br \/>\nOrijentacija ulaza: I (110\u00b0)<br \/>\nPromjer trima (cm): 360<br \/>\nVisina trima (cm): 260<br \/>\nVisina stepenica (cm): stepenica 1: 165 , stepenica 2: 195<br \/>\nDebljina zida (cm): 70<br \/>\n\u0160irina vrata (cm): 75<br \/>\nVisina vrata (cm): 120<br \/>\n\u0160irina unutra (cm): 200 &#8211; 220<br \/>\nVisina unutra (cm): 230<br \/>\nVolumen iznutra (m3): 5,39<br \/>\nNi\u0161a 1 (P\/\u0160\/V\/D) (cm): 120 \/ 20 \/ 15 \/ 80<br \/>\nni\u0161a 2 (P\/\u0160\/V\/D) (cm): 80 \/ 30 \/ 20 \/ 45<\/p><\/div><\/div><div class='content-column one_half last_column'><div style=\"padding-right:0px;padding-left:6px;\"><p>Am 23.04.2021 wurde der Trim SV-TR-39 besucht und n\u00e4her untersucht:<\/p>\n<p>Standort: Wiese, Weide<br \/>\nUntergrund: Hanglage<br \/>\nVerbunden mit: Steinmauer<br \/>\nNutzung: genutzt<br \/>\nZustand: Teile abgest\u00fcrzt<br \/>\nAnzahl der Trimstufen: 2<br \/>\nZus\u00e4tzlicher Steinring: kein Steinring<br \/>\nStiege: keine<br \/>\nSteinform: kantig<br \/>\nEingangsbereich: frei<br \/>\nEingangsseite: O (110\u00b0)<br \/>\nTrimdurchmesser (cm): 360<br \/>\nTrimh\u00f6he (cm): 260<br \/>\nH\u00f6he der Trimstufen (cm): Stufe 1: 165 , Stufe 2: 195<br \/>\nWandst\u00e4rke (cm): 70<br \/>\nT\u00fcrbreite (cm): 75<br \/>\nT\u00fcrh\u00f6he (cm): 120<br \/>\nInnenraumbreite (cm): 200 &#8211; 220<br \/>\nInnenraumh\u00f6he (cm): 230<br \/>\nRaumvolumen (m3): 5,39<br \/>\nNische 1 (P\/B\/H\/T) (cm): 120 \/ 20 \/ 15 \/ 80<br \/>\nNische 2 (P\/B\/H\/T) (cm): 80 \/ 30 \/ 20 \/ 45<\/p><\/div><\/div><div class='clear_column'><\/div><\/p>\n<p><img loading=\"lazy\" decoding=\"async\" class=\"aligncenter size-full wp-image-50976\" src=\"https:\/\/www.topohvar.at\/wp-content\/uploads\/2021\/08\/sv-tr-39-scan.jpg\" alt=\"\" width=\"600\" height=\"1050\" srcset=\"https:\/\/www.topohvar.at\/wp-content\/uploads\/2021\/08\/sv-tr-39-scan.jpg 600w, https:\/\/www.topohvar.at\/wp-content\/uploads\/2021\/08\/sv-tr-39-scan-171x300.jpg 171w, https:\/\/www.topohvar.at\/wp-content\/uploads\/2021\/08\/sv-tr-39-scan-585x1024.jpg 585w\" sizes=\"auto, (max-width: 600px) 100vw, 600px\" \/><\/p>\n<p style=\"text-align: right;\"><a href=\"#seite_oben\">natrag na vrh \/ Seitenanfa<\/a><a href=\"#seite_oben\">ng<\/a><\/p>\n<hr \/>\n<p><strong>Linkovi \/ Links<\/strong><\/p>\n<p><span style=\"color: #3366ff;\"><a style=\"color: #3366ff;\" href=\"https:\/\/www.topohvar.at\/orte\/sv\/sv-tr-40-1\/\">Tvojni trim \/ Doppeltrim \u00bbSV-TR-40 (isto\u010dni \/ \u00f6stlicher Trim)\u00ab<\/a><br \/>\n<a style=\"color: #3366ff;\" href=\"https:\/\/www.topohvar.at\/topo\/orte\/sv\/sv-op-00-0\/#op-17\">Objekt \u00bbGustirna uz trime SV-TR-39\/40\u00ab \/ Zisterne bei den Trims SV-TR-39\/40<\/a><br \/>\n<\/span><\/p>\n","protected":false},"excerpt":{"rendered":"<p>Ime \/ Name Trim \u00bbSV-TR-39 (Krokota-trimi, zapadni od dva trima \/ westlicher von zwei Trims)\u00ab Code: SV-TR-39\u00a0 \u00a0 \u00a0 \u00a0 \u00a0 \u00a0 \u00a0 \u00a0 \u00a0 \u00a0 \u00a0 \u00a0 \u00a0\u00a0 \u00a0 \u00a0 \u00a0 \u00a0\u00a0 Adresa \/ Adresse Svir\u010de, Poljica, Vorh Lokacija &hellip; <a href=\"https:\/\/www.topohvar.at\/topo\/orte\/sv\/sv-tr-39-1\/\">Weiterlesen <span class=\"meta-nav\">&rarr;<\/span><\/a><\/p>\n","protected":false},"author":1,"featured_media":0,"parent":106,"menu_order":0,"comment_status":"closed","ping_status":"closed","template":"","meta":{"footnotes":""},"class_list":["post-7623","page","type-page","status-publish","hentry"],"_links":{"self":[{"href":"https:\/\/www.topohvar.at\/topo\/wp-json\/wp\/v2\/pages\/7623","targetHints":{"allow":["GET"]}}],"collection":[{"href":"https:\/\/www.topohvar.at\/topo\/wp-json\/wp\/v2\/pages"}],"about":[{"href":"https:\/\/www.topohvar.at\/topo\/wp-json\/wp\/v2\/types\/page"}],"author":[{"embeddable":true,"href":"https:\/\/www.topohvar.at\/topo\/wp-json\/wp\/v2\/users\/1"}],"replies":[{"embeddable":true,"href":"https:\/\/www.topohvar.at\/topo\/wp-json\/wp\/v2\/comments?post=7623"}],"version-history":[{"count":19,"href":"https:\/\/www.topohvar.at\/topo\/wp-json\/wp\/v2\/pages\/7623\/revisions"}],"predecessor-version":[{"id":69582,"href":"https:\/\/www.topohvar.at\/topo\/wp-json\/wp\/v2\/pages\/7623\/revisions\/69582"}],"up":[{"embeddable":true,"href":"https:\/\/www.topohvar.at\/topo\/wp-json\/wp\/v2\/pages\/106"}],"wp:attachment":[{"href":"https:\/\/www.topohvar.at\/topo\/wp-json\/wp\/v2\/media?parent=7623"}],"curies":[{"name":"wp","href":"https:\/\/api.w.org\/{rel}","templated":true}]}}