{"id":7625,"date":"2018-08-25T08:08:04","date_gmt":"2018-08-25T06:08:04","guid":{"rendered":"https:\/\/www.topohvar.at\/?page_id=7625"},"modified":"2024-09-05T16:10:52","modified_gmt":"2024-09-05T14:10:52","slug":"sv-tr-40-1","status":"publish","type":"page","link":"https:\/\/www.topohvar.at\/topo\/orte\/sv\/sv-tr-40-1\/","title":{"rendered":"SVIR\u010cE &#8211; Trim \u00bbSV-TR-40 (Krokota-trimi, isto\u010dni od dva trima)\u00ab"},"content":{"rendered":"<p><a name=\"seite_oben\"><\/a><br \/>\n<strong><img loading=\"lazy\" decoding=\"async\" class=\"alignnone wp-image-7417 size-large\" src=\"https:\/\/www.topohvar.at\/wp-content\/uploads\/2018\/08\/SV-TR-40-0-1024x503.jpg\" alt=\"\" width=\"640\" height=\"314\" srcset=\"https:\/\/www.topohvar.at\/wp-content\/uploads\/2018\/08\/SV-TR-40-0-1024x503.jpg 1024w, https:\/\/www.topohvar.at\/wp-content\/uploads\/2018\/08\/SV-TR-40-0-300x147.jpg 300w, https:\/\/www.topohvar.at\/wp-content\/uploads\/2018\/08\/SV-TR-40-0-768x377.jpg 768w, https:\/\/www.topohvar.at\/wp-content\/uploads\/2018\/08\/SV-TR-40-0.jpg 1080w\" sizes=\"auto, (max-width: 640px) 100vw, 640px\" \/><\/strong><\/p>\n<p><strong>Ime \/ Name<br \/>\n<\/strong>Trim \u00bbSV-TR-40 (Krokota-trimi, isto\u010dni od dva trima \/ \u00f6stlicher von zwei Trims)\u00ab<\/p>\n<p><strong>Code: <\/strong>SV-TR-40\u00a0 \u00a0 \u00a0 \u00a0 \u00a0 \u00a0 \u00a0 \u00a0 \u00a0 \u00a0 \u00a0 \u00a0 \u00a0<strong>\u00a0 \u00a0 \u00a0 \u00a0 <a href=\"https:\/\/www.topohvar.at\/orte\/sv\/sv-tr-00-1\/\"><img loading=\"lazy\" decoding=\"async\" class=\"alignnone wp-image-12300 size-full\" src=\"https:\/\/www.topohvar.at\/wp-content\/uploads\/2018\/09\/push-vor-30.jpg\" alt=\"\" width=\"61\" height=\"30\" \/><\/a> <a href=\"https:\/\/www.topohvar.at\/orte\/sv\/sv-tr-39-1\/\"><img loading=\"lazy\" decoding=\"async\" class=\"alignnone wp-image-533 size-full\" src=\"https:\/\/www.topohvar.at\/wp-content\/uploads\/2018\/07\/push-l-30.jpg\" alt=\"\" width=\"61\" height=\"30\" \/><\/a>\u00a0<a href=\"https:\/\/www.topohvar.at\/orte\/sv\/\"><img loading=\"lazy\" decoding=\"async\" class=\"alignnone wp-image-535 size-full\" src=\"https:\/\/www.topohvar.at\/wp-content\/uploads\/2018\/07\/push-o-30.jpg\" alt=\"\" width=\"61\" height=\"30\" \/><\/a>\u00a0<a href=\"https:\/\/www.topohvar.at\/orte\/sv\/sv-tr-41-1\/\"><img loading=\"lazy\" decoding=\"async\" class=\"alignnone wp-image-536 size-full\" src=\"https:\/\/www.topohvar.at\/wp-content\/uploads\/2018\/07\/push-r-30.jpg\" alt=\"\" width=\"61\" height=\"30\" \/><\/a><\/strong><\/p>\n<hr \/>\n<p><strong>Adresa \/ Adresse<br \/>\n<\/strong>Svir\u010de, Poljica, Vorh<\/p>\n<p><strong>Lokacija \/ Position<a href=\"https:\/\/goo.gl\/maps\/faDM42a9N4azM4mw6\"><img loading=\"lazy\" decoding=\"async\" class=\"alignright wp-image-8062\" src=\"https:\/\/www.topohvar.at\/wp-content\/uploads\/2018\/08\/1096.jpg\" alt=\"\" width=\"133\" height=\"100\" \/><\/a><br \/>\n<\/strong><a href=\"https:\/\/goo.gl\/maps\/faDM42a9N4azM4mw6\">Latitude: N 43,14165\u00b0\u00a0 \u00a0 Longitude: E 16,61748\u00b0\u00a0<\/a><strong><br \/>\n<\/strong>Visina \/ H\u00f6he: 476 m<\/p>\n<p><strong>Katastarska \u010destica \/ Grundst\u00fccke<br \/>\n<\/strong>2266\/2<div class='content-column one_half'><div style=\"padding-right:6px;\"><p><strong>Datum snimanja \/ Erfassungsdatum<br \/>\n<\/strong>23.05.2016 11:48:50<\/p>\n<hr \/>\n<p><strong>Informacije<\/strong><\/p>\n<p>Krokota-trimi &#8211; prekrasna cjelina s dvije trime, kamenim zidovima, tor (?) i vodokotli\u0107em nalazi se u Poljicima na podru\u010dju \u010cesminove glave. Dva su trimi povezani su zidom sa sjeverne strane. Zajedno s cisternam ovo stvara mali dvori\u0161te izme\u0111u trime. Trim se vjerojatno vi\u0161e ne koristi.<\/p><\/div><\/div><div class='content-column one_half last_column'><div style=\"padding-right:0px;padding-left:6px;\"><p><strong>Stupanj za\u0161tite \/ Schutzstellung<br \/>\n<\/strong>&#8211;<\/p>\n<hr \/>\n<p><strong>Info<\/strong><\/p>\n<p>Die Krokota-Trims &#8211; ein sch\u00f6nes Ensemble aus zwei Trims, Steinmauern, einem Zwerch (?) und einer Zisterne befindet sich in Poljica in der Gegend \u010cesminova glava. Die zwei Trims sind an der Nordseite mit einer Mauer verbunden. Zusammen mit einer Zisterne wird so ein kleiner Vorhof zwischen den Trims gebildet. Die Trims werden vermutlich nicht mehr genutzt.<\/p><\/div><\/div><div class='clear_column'><\/div><div class='content-column one_half'><div style=\"padding-right:6px;\"><p>Isto\u010dna, ve\u0107a od dvije obloge je dvoslojna. Za razliku od drugog ukrasa kompleksa, njegova unutra\u0161njost ima vrlo visoke zidove (170 cm) i visoku kupolu. U podru\u010dju ulaza preko puta je postavljen niski, uski, kameni blok koji \u010dini prag. U gotovo \u010detvrtastom interijeru nalazi se zidna ni\u0161a, a desno od ulaza nalazi se kameno postolje koje je slu\u017eilo kao kamin. Unutarnji zidovi djelomi\u010dno su fugirani. Kameni zid spaja se s ju\u017enim zidom obloge i vodi u luku do vodokotli\u0107a i tako tvori jo\u0161 jedno malo dvori\u0161te (tor ?). Trim je dobro o\u010duvana.<\/p><\/div><\/div><div class='content-column one_half last_column'><div style=\"padding-right:0px;padding-left:6px;\"><p>Der \u00f6stlich, gr\u00f6\u00dfere der zwei Trims ist zweistufig. Im Gegensatz zum zweiten Trim der Anlage, hat sein Innenraum sehr hohe W\u00e4nde (170 cm) und eine hohe Kuppel. Im Bereich des Einganges wurde quer ein niedriger, schmaler, Steinblock platziert, der so eine Schwelle bildet. In dem fast quadratischen Innenraum befinden sich eine Wandnische und rechts neben dem Eingang ein Steinpodest, das als Feuerstelle diente. Die Innenw\u00e4nde sind zum Teil verfugt. An die S\u00fcdwand des Trims schlie\u00dft eine Steinmauer an, die im Bogen zur Zisterne f\u00fchrt und so einen weiteren kleinen Hof Zwerch (?) bildet. Der Trim ist gut erhalten.<\/p><\/div><\/div><div class='clear_column'><\/div><div class='content-column one_half'><div style=\"padding-right:6px;\"><div id=\"attachment_50978\" style=\"width: 310px\" class=\"wp-caption aligncenter\"><img loading=\"lazy\" decoding=\"async\" aria-describedby=\"caption-attachment-50978\" class=\"size-medium wp-image-50978\" src=\"https:\/\/www.topohvar.at\/wp-content\/uploads\/2021\/08\/sv-tr-40-12-300x300.jpg\" alt=\"\" width=\"300\" height=\"300\" srcset=\"https:\/\/www.topohvar.at\/wp-content\/uploads\/2021\/08\/sv-tr-40-12-300x300.jpg 300w, https:\/\/www.topohvar.at\/wp-content\/uploads\/2021\/08\/sv-tr-40-12-150x150.jpg 150w, https:\/\/www.topohvar.at\/wp-content\/uploads\/2021\/08\/sv-tr-40-12.jpg 450w\" sizes=\"auto, (max-width: 300px) 100vw, 300px\" \/><p id=\"caption-attachment-50978\" class=\"wp-caption-text\">Ulazna stranica \/ Eingangsseite<\/p><\/div><\/div><\/div><div class='content-column one_half last_column'><div style=\"padding-right:0px;padding-left:6px;\"><div id=\"attachment_50979\" style=\"width: 310px\" class=\"wp-caption aligncenter\"><img loading=\"lazy\" decoding=\"async\" aria-describedby=\"caption-attachment-50979\" class=\"size-medium wp-image-50979\" src=\"https:\/\/www.topohvar.at\/wp-content\/uploads\/2021\/08\/sv-tr-40-13-300x300.jpg\" alt=\"\" width=\"300\" height=\"300\" srcset=\"https:\/\/www.topohvar.at\/wp-content\/uploads\/2021\/08\/sv-tr-40-13-300x300.jpg 300w, https:\/\/www.topohvar.at\/wp-content\/uploads\/2021\/08\/sv-tr-40-13-150x150.jpg 150w, https:\/\/www.topohvar.at\/wp-content\/uploads\/2021\/08\/sv-tr-40-13.jpg 450w\" sizes=\"auto, (max-width: 300px) 100vw, 300px\" \/><p id=\"caption-attachment-50979\" class=\"wp-caption-text\">Kamin \/ Feuerstelle<\/p><\/div><\/div><\/div><div class='clear_column'><\/div><div class='content-column one_half'><div style=\"padding-right:6px;\"><p>Dana 23.04.2021 trim SV-TR-40 je posje\u0107en i ustanovljeno je sljede\u0107e:<\/p>\n<p>Lokacija: livada, pa\u0161njak<br \/>\nPodloga: padina<br \/>\nPovezan s: kamenim zidom<br \/>\nUpotreba: u upotrebi<br \/>\nStanje: dobro sa\u010duvan<br \/>\nBroj stepenica trima: 2<br \/>\nDodatni kameni prsten: nema kamenog prstena<br \/>\nStepeni\u0161te: nema<br \/>\nOblik kamena: uglast<br \/>\nPodru\u010dje ispred ulaza: lako dostupno<br \/>\nOrijentacija ulaza: Z (270\u00b0)<br \/>\nPromjer trima (cm): 450<br \/>\nVisina trima (cm): 240<br \/>\nVisina stepenica (cm): stepenica 1: 190 , stepenica 2: 280<br \/>\nDebljina zida (cm): 100<br \/>\n\u0160irina vrata (cm): 90<br \/>\nVisina vrata (cm): 125<br \/>\n\u0160irina unutra (cm): 250<br \/>\nVisina unutra (cm): 320<br \/>\nVolumen iznutra (m3): 10,13<br \/>\nNi\u0161a 1 (P\/\u0160\/V\/D) (cm): 100 \/ 45 \/ 35 \/ 40<\/p><\/div><\/div><div class='content-column one_half last_column'><div style=\"padding-right:0px;padding-left:6px;\"><p>Am 23.04.2021 wurde der Trim SV-TR-40 besucht und n\u00e4her untersucht:<\/p>\n<p>Standort: Wiese, Weide<br \/>\nUntergrund: Hanglage<br \/>\nVerbunden mit: Steinmauer<br \/>\nNutzung: genutzt<br \/>\nZustand: gut erhalten<br \/>\nAnzahl der Trimstufen: 2<br \/>\nZus\u00e4tzlicher Steinring: kein Steinring<br \/>\nStiege: keine<br \/>\nSteinform: kantig<br \/>\nEingangsbereich: frei<br \/>\nEingangsseite: W (270\u00b0)<br \/>\nTrimdurchmesser (cm): 450<br \/>\nTrimh\u00f6he (cm): 240<br \/>\nH\u00f6he der Trimstufen (cm): Stufe 1: 190 , Stufe 2: 280<br \/>\nWandst\u00e4rke (cm): 100<br \/>\nT\u00fcrbreite (cm): 90<br \/>\nT\u00fcrh\u00f6he (cm): 125<br \/>\nInnenraumbreite (cm): 250<br \/>\nInnenraumh\u00f6he (cm): 320<br \/>\nRaumvolumen (m3): 10,13<br \/>\nNische 1 (P\/B\/H\/T) (cm): 100 \/ 45 \/ 35 \/ 40<\/p><\/div><\/div><div class='clear_column'><\/div><\/p>\n<p><img loading=\"lazy\" decoding=\"async\" class=\"aligncenter size-full wp-image-50980\" src=\"https:\/\/www.topohvar.at\/wp-content\/uploads\/2021\/08\/sv-tr-40-scan.jpg\" alt=\"\" width=\"600\" height=\"1065\" srcset=\"https:\/\/www.topohvar.at\/wp-content\/uploads\/2021\/08\/sv-tr-40-scan.jpg 600w, https:\/\/www.topohvar.at\/wp-content\/uploads\/2021\/08\/sv-tr-40-scan-169x300.jpg 169w, https:\/\/www.topohvar.at\/wp-content\/uploads\/2021\/08\/sv-tr-40-scan-577x1024.jpg 577w\" sizes=\"auto, (max-width: 600px) 100vw, 600px\" \/><\/p>\n<p style=\"text-align: right;\"><a href=\"#seite_oben\">natrag na vrh \/ Seitenanfa<\/a><a href=\"#seite_oben\">ng<\/a><\/p>\n<hr \/>\n<p><strong>Linkovi \/ Links<\/strong><\/p>\n<p><span style=\"color: #3366ff;\"><a style=\"color: #3366ff;\" href=\"https:\/\/www.topohvar.at\/orte\/sv\/sv-tr-39-1\/\">Tvojni trim \/ Doppeltrim \u00bbSV-TR-39 (zapadni \/ westlicher Trim)\u00ab<\/a><br \/>\n<a style=\"color: #3366ff;\" href=\"https:\/\/www.topohvar.at\/topo\/orte\/sv\/sv-op-00-0\/#op-17\">Objekt \u00bbGustirna uz trime SV-TR-39\/40\u00ab \/ Zisterne bei den Trims SV-TR-39\/40<\/a><\/span><\/p>\n","protected":false},"excerpt":{"rendered":"<p>Ime \/ Name Trim \u00bbSV-TR-40 (Krokota-trimi, isto\u010dni od dva trima \/ \u00f6stlicher von zwei Trims)\u00ab Code: SV-TR-40\u00a0 \u00a0 \u00a0 \u00a0 \u00a0 \u00a0 \u00a0 \u00a0 \u00a0 \u00a0 \u00a0 \u00a0 \u00a0\u00a0 \u00a0 \u00a0 \u00a0 \u00a0\u00a0 Adresa \/ Adresse Svir\u010de, Poljica, Vorh Lokacija &hellip; <a href=\"https:\/\/www.topohvar.at\/topo\/orte\/sv\/sv-tr-40-1\/\">Weiterlesen <span class=\"meta-nav\">&rarr;<\/span><\/a><\/p>\n","protected":false},"author":1,"featured_media":0,"parent":106,"menu_order":0,"comment_status":"closed","ping_status":"closed","template":"","meta":{"footnotes":""},"class_list":["post-7625","page","type-page","status-publish","hentry"],"_links":{"self":[{"href":"https:\/\/www.topohvar.at\/topo\/wp-json\/wp\/v2\/pages\/7625","targetHints":{"allow":["GET"]}}],"collection":[{"href":"https:\/\/www.topohvar.at\/topo\/wp-json\/wp\/v2\/pages"}],"about":[{"href":"https:\/\/www.topohvar.at\/topo\/wp-json\/wp\/v2\/types\/page"}],"author":[{"embeddable":true,"href":"https:\/\/www.topohvar.at\/topo\/wp-json\/wp\/v2\/users\/1"}],"replies":[{"embeddable":true,"href":"https:\/\/www.topohvar.at\/topo\/wp-json\/wp\/v2\/comments?post=7625"}],"version-history":[{"count":17,"href":"https:\/\/www.topohvar.at\/topo\/wp-json\/wp\/v2\/pages\/7625\/revisions"}],"predecessor-version":[{"id":69581,"href":"https:\/\/www.topohvar.at\/topo\/wp-json\/wp\/v2\/pages\/7625\/revisions\/69581"}],"up":[{"embeddable":true,"href":"https:\/\/www.topohvar.at\/topo\/wp-json\/wp\/v2\/pages\/106"}],"wp:attachment":[{"href":"https:\/\/www.topohvar.at\/topo\/wp-json\/wp\/v2\/media?parent=7625"}],"curies":[{"name":"wp","href":"https:\/\/api.w.org\/{rel}","templated":true}]}}