{"id":7627,"date":"2018-08-25T08:10:01","date_gmt":"2018-08-25T06:10:01","guid":{"rendered":"https:\/\/www.topohvar.at\/?page_id=7627"},"modified":"2024-09-10T12:27:53","modified_gmt":"2024-09-10T10:27:53","slug":"sv-tr-41-1","status":"publish","type":"page","link":"https:\/\/www.topohvar.at\/topo\/orte\/sv\/sv-tr-41-1\/","title":{"rendered":"SVIR\u010cE &#8211; Trostruki trim \u00bbSV-TR-41 (trim Lu\u010di\u0107)\u00ab"},"content":{"rendered":"<p><a name=\"seite_oben\"><\/a><br \/>\n<strong><img loading=\"lazy\" decoding=\"async\" class=\"alignnone wp-image-7418 size-large\" src=\"https:\/\/www.topohvar.at\/wp-content\/uploads\/2018\/08\/sv-tr-41-0-1024x503.jpg\" alt=\"\" width=\"640\" height=\"314\" srcset=\"https:\/\/www.topohvar.at\/wp-content\/uploads\/2018\/08\/sv-tr-41-0-1024x503.jpg 1024w, https:\/\/www.topohvar.at\/wp-content\/uploads\/2018\/08\/sv-tr-41-0-300x147.jpg 300w, https:\/\/www.topohvar.at\/wp-content\/uploads\/2018\/08\/sv-tr-41-0-768x377.jpg 768w, https:\/\/www.topohvar.at\/wp-content\/uploads\/2018\/08\/sv-tr-41-0.jpg 1080w\" sizes=\"auto, (max-width: 640px) 100vw, 640px\" \/><\/strong><\/p>\n<p><strong>Ime \/ Name<br \/>\n<\/strong>Trostruki trim \/ Dreifachtrim \u00bbSV-TR-41 (trim Lu\u010di\u0107)\u00ab<\/p>\n<p><strong>Code: <\/strong>SV-TR-41\u00a0 \u00a0 \u00a0 \u00a0 \u00a0 \u00a0 \u00a0 \u00a0<strong>\u00a0 \u00a0 \u00a0 \u00a0 \u00a0 \u00a0 \u00a0 \u00a0 \u00a0 <a href=\"https:\/\/www.topohvar.at\/orte\/sv\/sv-tr-00-1\/\"><img loading=\"lazy\" decoding=\"async\" class=\"alignnone wp-image-12300 size-full\" src=\"https:\/\/www.topohvar.at\/wp-content\/uploads\/2018\/09\/push-vor-30.jpg\" alt=\"\" width=\"61\" height=\"30\" \/><\/a> <a href=\"https:\/\/www.topohvar.at\/orte\/sv\/sv-tr-40-1\/\"><img loading=\"lazy\" decoding=\"async\" class=\"alignnone wp-image-533 size-full\" src=\"https:\/\/www.topohvar.at\/wp-content\/uploads\/2018\/07\/push-l-30.jpg\" alt=\"\" width=\"61\" height=\"30\" \/><\/a>\u00a0<a href=\"https:\/\/www.topohvar.at\/orte\/sv\/\"><img loading=\"lazy\" decoding=\"async\" class=\"alignnone wp-image-535 size-full\" src=\"https:\/\/www.topohvar.at\/wp-content\/uploads\/2018\/07\/push-o-30.jpg\" alt=\"\" width=\"61\" height=\"30\" \/><\/a>\u00a0<a href=\"https:\/\/www.topohvar.at\/orte\/sv\/sv-tr-42-1\/\"><img loading=\"lazy\" decoding=\"async\" class=\"alignnone wp-image-536 size-full\" src=\"https:\/\/www.topohvar.at\/wp-content\/uploads\/2018\/07\/push-r-30.jpg\" alt=\"\" width=\"61\" height=\"30\" \/><\/a><\/strong><\/p>\n<hr \/>\n<p><strong>Adresa \/ Adresse<br \/>\n<\/strong>Svir\u010de, Paklina, \u010cesminova gl.<\/p>\n<p><strong>Lokacija \/ Position<a href=\"https:\/\/goo.gl\/maps\/pc1Sxh3kHMXA4cgA9\"><img loading=\"lazy\" decoding=\"async\" class=\"alignright wp-image-8079\" src=\"https:\/\/www.topohvar.at\/wp-content\/uploads\/2018\/08\/0830.jpg\" alt=\"\" width=\"133\" height=\"100\" \/><\/a><br \/>\n<\/strong><a href=\"https:\/\/goo.gl\/maps\/pc1Sxh3kHMXA4cgA9\">Latitude: N 43,14112\u00b0\u00a0 \u00a0 Longitude: E 16,62081\u00b0\u00a0<\/a><strong><br \/>\n<\/strong>Visina \/ H\u00f6he: 471 m<\/p>\n<p><strong>Katastarska \u010destica \/ Grundst\u00fccke<br \/>\n<\/strong>2288\/1<div class='content-column one_half'><div style=\"padding-right:6px;\"><p><strong>Datum snimanja \/ Erfassungsdatum<br \/>\n<\/strong>07.05.2015 11:05:56<\/p>\n<hr \/>\n<p><strong>Informacije<\/strong><\/p>\n<p>Trim je sagradila obitelj Vrankovi\u0107 krajem 19. stolje\u0107a. 1995. godine izmjerio ga je i potom opisao Jadran Kale prema razgovoru sa potomcima obitelji graditelja i vlasnika zemlji\u0161ta, Antunom Vrankovi\u0107em i Marinom Lu\u010di\u0107em.<\/p><\/div><\/div><div class='content-column one_half last_column'><div style=\"padding-right:0px;padding-left:6px;\"><p><strong>Stupanj za\u0161tite \/ Schutzstellung<br \/>\n<\/strong>&#8211;<\/p>\n<hr \/>\n<p><strong>Info<\/strong><\/p>\n<p>Der Trim wurde Ende des 19. Jh. von der Familie Vrankovi\u0107 errichtet. 1995 verma\u00df Jadran Kale den Trim und beschrieb ihn dann in einem Gespr\u00e4ch mit den Nachfahren der Erbauer und Besitzer Antun Vrankovi\u0107 und Marino Lu\u010di\u0107.<\/p><\/div><\/div><div class='clear_column'><\/div><div class='content-column one_half'><div style=\"padding-right:6px;\"><p>Kompleks zgrada se sastoji od dvori\u0161ta pred ulazima u prostorije, tri trima i gustirna u blizini. To su jedini trimi na Hvaru koji imaju prolaz izme\u0111u prostorija, i to izme\u0111u desnog, ve\u0107eg trima (trim B) i trima u pozadini (trim C) koji sa ova prednja dva \u010dini trolist. Tre\u0107i trim (Trim C) nije dovr\u0161en zbog obiteljskih razloga.\u00a0Po kazivanjima u obitelji Lu\u010di\u0107, svaki je od tri trima zasebno slu\u017eio kao kuhinja, spavaonica i \u0161tala.<\/p><\/div><\/div><div class='content-column one_half last_column'><div style=\"padding-right:0px;padding-left:6px;\"><p>Das Baukomplex besteht aus einem Hof vor den Eing\u00e4ngen der Trims, der drei Trims und einer Zisterne in der N\u00e4he. Das ist der einzige Trim auf Hvar, der einen Durchgang zwischen zwei R\u00e4umen hat, zwischen dem rechten, dem gr\u00f6\u00dferen (Trim B) und dem dahinter liegenden Trim (C), der mit den beiden vorderen eine Dreiereinheit bildet. Der dritte Trim (Trim C) wurde aus famili\u00e4ren Gr\u00fcnden nicht fertig gestellt. Den Erz\u00e4hlungen der Familie Lu\u010di\u0107 zufolge, diente jeder der drei Trims separat als K\u00fcche, Schlafraum und Stall.<\/p><\/div><\/div><div class='clear_column'><\/div><div class='content-column one_half'><div style=\"padding-right:6px;\"><p>Ispred trima je tor &#8211; tipi\u010dnim sto\u010darskim trimima. Tipi\u010dni vinogradarski trimi, za razliku od toga, uz sebe nemaju tor, nego gustirnu sa kamenicama. Sjeverni zid tora sa nutarnje strane ima blagi prevjes (nagnutost prema unutra), da stoka ne bi mogla na\u0107i upori\u0161te za presko\u010diti van. Oko 50 m sjeverozapadnije nalazi se gustirna s koritom za pravljenje galice.<\/p><\/div><\/div><div class='content-column one_half last_column'><div style=\"padding-right:0px;padding-left:6px;\"><p>Vor den drei Trims ist ein Pferch \u2013 also ein typischer Vieh-Trim. Typische Weinberg-Trims dagegen haben keinen Pferch, sondern eine Zisterne aus Steinen. Die n\u00f6rdliche Pferchwand hat einen leichten \u00dcberhang (nach innen geneigt), so dass das Vieh keine Basis findet herauszuklettern. Etwa 50 m weiter nordwestlich befindet sich eine Zisterne mit einem Trog zur Herstellung von Galica.<br \/><\/div><\/div><div class='clear_column'><\/div><\/p>\n<p style=\"text-align: center;\"><em>Izvor \/ Quelle: JADRAN KALE (magistarski rad); sklopovi nepravo svo\u0111enih gra\u0111evina na isto\u010dnoj obali jadrana 1997. \/sklop trima u predjelu Paklina nad Svir\u010dem (Hvar)<\/em><\/p>\n<hr \/>\n<div class='content-column one_half'><div style=\"padding-right:6px;\"><p>Dana 21.04.2021 trim SV-TR-41 je posje\u0107en i ustanovljeno je sljede\u0107e:<\/p><\/div><\/div><div class='content-column one_half last_column'><div style=\"padding-right:0px;padding-left:6px;\"><p>Am 21.04.2021 wurde der Trim SV-TR-41 besucht und n\u00e4her untersucht:<\/p><\/div><\/div><div class='clear_column'><\/div><\/p>\n<h3><strong>Trim A<\/strong><\/h3>\n<div class='content-column one_half'><div style=\"padding-right:6px;\"><div id=\"attachment_54174\" style=\"width: 310px\" class=\"wp-caption aligncenter\"><img loading=\"lazy\" decoding=\"async\" aria-describedby=\"caption-attachment-54174\" class=\"size-medium wp-image-54174\" src=\"https:\/\/www.topohvar.at\/wp-content\/uploads\/2021\/12\/sv-tr-41-a-1-300x300.jpg\" alt=\"\" width=\"300\" height=\"300\" srcset=\"https:\/\/www.topohvar.at\/wp-content\/uploads\/2021\/12\/sv-tr-41-a-1-300x300.jpg 300w, https:\/\/www.topohvar.at\/wp-content\/uploads\/2021\/12\/sv-tr-41-a-1-150x150.jpg 150w, https:\/\/www.topohvar.at\/wp-content\/uploads\/2021\/12\/sv-tr-41-a-1.jpg 450w\" sizes=\"auto, (max-width: 300px) 100vw, 300px\" \/><p id=\"caption-attachment-54174\" class=\"wp-caption-text\">Ulaz \/ Eingang<\/p><\/div>\n<p>Lokacija: livada, pa\u0161njak<br \/>\nPodloga: padina<br \/>\nPovezan s: drugim trimom<br \/>\nUpotreba: malo se koristi<br \/>\nStanje: dobro sa\u010duvan<br \/>\nBroj stepenica trima: 2<br \/>\nDodatni kameni prsten: nema kamenog prstena<br \/>\nStepeni\u0161te: nema<br \/>\nOblik kamena: uglast<br \/>\nPodru\u010dje ispred ulaza: lako dostupno<br \/>\nOrijentacija ulaza: Z (270\u00b0)<br \/>\nPromjer trima (cm): 390<br \/>\nVisina trima (cm): 310<br \/>\nVisina stepenica (cm): stepenica 1: 150 , stepenica 2: 250<br \/>\nDebljina zida (cm): 80<br \/>\n\u0160irina vrata (cm): 75<br \/>\nVisina vrata (cm): 125<br \/>\n\u0160irina unutra (cm): 200 &#8211; 230<br \/>\nVisina unutra (cm): 280<br \/>\nVolumen iznutra (m3): 6,48<br \/>\nNema ni\u0161e<\/p><\/div><\/div><div class='content-column one_half last_column'><div style=\"padding-right:0px;padding-left:6px;\"><div id=\"attachment_54173\" style=\"width: 310px\" class=\"wp-caption aligncenter\"><img loading=\"lazy\" decoding=\"async\" aria-describedby=\"caption-attachment-54173\" class=\"size-medium wp-image-54173\" src=\"https:\/\/www.topohvar.at\/wp-content\/uploads\/2021\/12\/sv-tr-41-a-2-300x300.jpg\" alt=\"\" width=\"300\" height=\"300\" srcset=\"https:\/\/www.topohvar.at\/wp-content\/uploads\/2021\/12\/sv-tr-41-a-2-300x300.jpg 300w, https:\/\/www.topohvar.at\/wp-content\/uploads\/2021\/12\/sv-tr-41-a-2-150x150.jpg 150w, https:\/\/www.topohvar.at\/wp-content\/uploads\/2021\/12\/sv-tr-41-a-2.jpg 450w\" sizes=\"auto, (max-width: 300px) 100vw, 300px\" \/><p id=\"caption-attachment-54173\" class=\"wp-caption-text\">Stra\u017enja strana \/ R\u00fcckseite<\/p><\/div>\n<p>Standort: Wiese, Weide<br \/>\nUntergrund: Hanglage<br \/>\nVerbunden mit: Trim<br \/>\nNutzung: kaum genutzt<br \/>\nZustand: gut erhalten<br \/>\nAnzahl der Trimstufen: 2<br \/>\nZus\u00e4tzlicher Steinring: kein Steinring<br \/>\nStiege: keine<br \/>\nSteinform: kantig<br \/>\nEingangsbereich: frei<br \/>\nEingangsseite: W (270\u00b0)<br \/>\nTrimdurchmesser (cm): 390<br \/>\nTrimh\u00f6he (cm): 310<br \/>\nH\u00f6he der Trimstufen (cm): Stufe 1: 150 , Stufe 2: 250<br \/>\nWandst\u00e4rke (cm): 80<br \/>\nT\u00fcrbreite (cm): 75<br \/>\nT\u00fcrh\u00f6he (cm): 125<br \/>\nInnenraumbreite (cm): 200 &#8211; 230<br \/>\nInnenraumh\u00f6he (cm): 280<br \/>\nRaumvolumen (m3): 6,48<br \/>\nKeine Nische<\/p><\/div><\/div><div class='clear_column'><\/div><\/p>\n<hr \/>\n<h3><strong>Trim B<\/strong><\/h3>\n<div class='content-column one_half'><div style=\"padding-right:6px;\"><div id=\"attachment_54172\" style=\"width: 310px\" class=\"wp-caption aligncenter\"><img loading=\"lazy\" decoding=\"async\" aria-describedby=\"caption-attachment-54172\" class=\"size-medium wp-image-54172\" src=\"https:\/\/www.topohvar.at\/wp-content\/uploads\/2021\/12\/sv-tr-41-b-1-300x300.jpg\" alt=\"\" width=\"300\" height=\"300\" srcset=\"https:\/\/www.topohvar.at\/wp-content\/uploads\/2021\/12\/sv-tr-41-b-1-300x300.jpg 300w, https:\/\/www.topohvar.at\/wp-content\/uploads\/2021\/12\/sv-tr-41-b-1-150x150.jpg 150w, https:\/\/www.topohvar.at\/wp-content\/uploads\/2021\/12\/sv-tr-41-b-1.jpg 450w\" sizes=\"auto, (max-width: 300px) 100vw, 300px\" \/><p id=\"caption-attachment-54172\" class=\"wp-caption-text\">Ulaz \/ Eingang<\/p><\/div>\n<p>Lokacija: livada, pa\u0161njak<br \/>\nPodloga: padina<br \/>\nPovezan s: drugim trimom , kamenim zidom<br \/>\nUpotreba: malo se koristi<br \/>\nStanje: dobro sa\u010duvan<br \/>\nBroj stepenica trima: 2<br \/>\nDodatni kameni prsten: nema kamenog prstena<br \/>\nStepeni\u0161te: nema<br \/>\nOblik kamena: uglast<br \/>\nPodru\u010dje ispred ulaza: lako dostupno<br \/>\nOrijentacija ulaza: SZ (300\u00b0)<br \/>\nPromjer trima (cm): 360<br \/>\nVisina trima (cm): 330<br \/>\nVisina stepenica (cm): stepenica 1: 230 , stepenica 2: 280<br \/>\nDebljina zida (cm): 80<br \/>\n\u0160irina vrata (cm): 60<br \/>\nVisina vrata (cm): 135<br \/>\n\u0160irina unutra (cm): 180 &#8211; 200<br \/>\nVisina unutra (cm): 290<br \/>\nVolumen iznutra (m3): 5,06<br \/>\nNema ni\u0161e<\/p><\/div><\/div><div class='content-column one_half last_column'><div style=\"padding-right:0px;padding-left:6px;\"><div id=\"attachment_54177\" style=\"width: 310px\" class=\"wp-caption aligncenter\"><img loading=\"lazy\" decoding=\"async\" aria-describedby=\"caption-attachment-54177\" class=\"size-medium wp-image-54177\" src=\"https:\/\/www.topohvar.at\/wp-content\/uploads\/2021\/12\/sv-tr-41-b-2-300x300.jpg\" alt=\"\" width=\"300\" height=\"300\" srcset=\"https:\/\/www.topohvar.at\/wp-content\/uploads\/2021\/12\/sv-tr-41-b-2-300x300.jpg 300w, https:\/\/www.topohvar.at\/wp-content\/uploads\/2021\/12\/sv-tr-41-b-2-150x150.jpg 150w, https:\/\/www.topohvar.at\/wp-content\/uploads\/2021\/12\/sv-tr-41-b-2.jpg 450w\" sizes=\"auto, (max-width: 300px) 100vw, 300px\" \/><p id=\"caption-attachment-54177\" class=\"wp-caption-text\">Ju\u017ena strana \/ S\u00fcdseite<\/p><\/div>\n<p>Standort: Wiese, Weide<br \/>\nUntergrund: Hanglage<br \/>\nVerbunden mit: Trim , Steinmauer<br \/>\nNutzung: kaum genutzt<br \/>\nZustand: gut erhalten<br \/>\nAnzahl der Trimstufen: 2<br \/>\nZus\u00e4tzlicher Steinring: kein Steinring<br \/>\nStiege: keine<br \/>\nSteinform: kantig<br \/>\nEingangsbereich: frei<br \/>\nEingangsseite: NW (300\u00b0)<br \/>\nTrimdurchmesser (cm): 360<br \/>\nTrimh\u00f6he (cm): 330<br \/>\nH\u00f6he der Trimstufen (cm): Stufe 1: 230 , Stufe 2: 280<br \/>\nWandst\u00e4rke (cm): 80<br \/>\nT\u00fcrbreite (cm): 60<br \/>\nT\u00fcrh\u00f6he (cm): 135<br \/>\nInnenraumbreite (cm): 180 &#8211; 200<br \/>\nInnenraumh\u00f6he (cm): 290<br \/>\nRaumvolumen (m3): 5,06<br \/>\nKeine Nische<\/p><\/div><\/div><div class='clear_column'><\/div><\/p>\n<hr \/>\n<h3><strong>Trim C<\/strong><\/h3>\n<div class='content-column one_half'><div style=\"padding-right:6px;\"><div id=\"attachment_54176\" style=\"width: 310px\" class=\"wp-caption aligncenter\"><img loading=\"lazy\" decoding=\"async\" aria-describedby=\"caption-attachment-54176\" class=\"size-medium wp-image-54176\" src=\"https:\/\/www.topohvar.at\/wp-content\/uploads\/2021\/12\/sv-tr-41-c-1-300x300.jpg\" alt=\"\" width=\"300\" height=\"300\" srcset=\"https:\/\/www.topohvar.at\/wp-content\/uploads\/2021\/12\/sv-tr-41-c-1-300x300.jpg 300w, https:\/\/www.topohvar.at\/wp-content\/uploads\/2021\/12\/sv-tr-41-c-1-150x150.jpg 150w, https:\/\/www.topohvar.at\/wp-content\/uploads\/2021\/12\/sv-tr-41-c-1.jpg 450w\" sizes=\"auto, (max-width: 300px) 100vw, 300px\" \/><p id=\"caption-attachment-54176\" class=\"wp-caption-text\">Ulaz \/ Eingang<\/p><\/div>\n<p>Lokacija: livada, pa\u0161njak<br \/>\nPodloga: padina<br \/>\nPovezan s: drugim trimom , kamenim zidom<br \/>\nUpotreba: ne koristi se<br \/>\nStanje: kupola se djelomi\u010dno sru\u0161ila<br \/>\nBroj stepenica trima: 1<br \/>\nDodatni kameni prsten: nema kamenog prstena<br \/>\nStepeni\u0161te: nema<br \/>\nOblik kamena: uglast<br \/>\nPodru\u010dje ispred ulaza: lako dostupno<br \/>\nOrijentacija ulaza: Z (260\u00b0)<br \/>\nPromjer trima (cm): 370<br \/>\nVisina trima (cm): ?<br \/>\nVisina stepenica (cm): stepenica 1: 150<br \/>\nDebljina zida (cm): 80<br \/>\n\u0160irina vrata (cm): 85<br \/>\nVisina vrata (cm): 115<br \/>\n\u0160irina unutra (cm): 190 &#8211; 210<br \/>\nVisina unutra (cm): ?<br \/>\nVolumen iznutra (m3): ?<br \/>\nNema ni\u0161e<\/p><\/div><\/div><div class='content-column one_half last_column'><div style=\"padding-right:0px;padding-left:6px;\"><div id=\"attachment_54175\" style=\"width: 310px\" class=\"wp-caption aligncenter\"><img loading=\"lazy\" decoding=\"async\" aria-describedby=\"caption-attachment-54175\" class=\"size-medium wp-image-54175\" src=\"https:\/\/www.topohvar.at\/wp-content\/uploads\/2021\/12\/sv-tr-41-c-2-300x300.jpg\" alt=\"\" width=\"300\" height=\"300\" srcset=\"https:\/\/www.topohvar.at\/wp-content\/uploads\/2021\/12\/sv-tr-41-c-2-300x300.jpg 300w, https:\/\/www.topohvar.at\/wp-content\/uploads\/2021\/12\/sv-tr-41-c-2-150x150.jpg 150w, https:\/\/www.topohvar.at\/wp-content\/uploads\/2021\/12\/sv-tr-41-c-2.jpg 450w\" sizes=\"auto, (max-width: 300px) 100vw, 300px\" \/><p id=\"caption-attachment-54175\" class=\"wp-caption-text\">Otvaranje kupole \/ Kuppel\u00f6ffnung<\/p><\/div>\n<p>Standort: Wiese, Weide<br \/>\nUntergrund: Hanglage<br \/>\nVerbunden mit: Trim , Steinmauer<br \/>\nNutzung: ungenutzt<br \/>\nZustand: Kuppel teilweise eingest\u00fcrzt<br \/>\nAnzahl der Trimstufen: 1<br \/>\nZus\u00e4tzlicher Steinring: kein Steinring<br \/>\nStiege: keine<br \/>\nSteinform: kantig<br \/>\nEingangsbereich: frei<br \/>\nEingangsseite: W (260\u00b0)<br \/>\nTrimdurchmesser (cm): 370<br \/>\nTrimh\u00f6he (cm): ?<br \/>\nH\u00f6he der Trimstufen (cm): Stufe 1: 150<br \/>\nWandst\u00e4rke (cm): 80<br \/>\nT\u00fcrbreite (cm): 85<br \/>\nT\u00fcrh\u00f6he (cm): 115<br \/>\nInnenraumbreite (cm): 190 &#8211; 210<br \/>\nInnenraumh\u00f6he (cm): ?<br \/>\nRaumvolumen (m3): ?<br \/>\nKeine Nische<\/p><\/div><\/div><div class='clear_column'><\/div><\/p>\n<p><img loading=\"lazy\" decoding=\"async\" class=\"aligncenter size-full wp-image-54170\" src=\"https:\/\/www.topohvar.at\/wp-content\/uploads\/2021\/12\/sv-tr-41-scan.jpg\" alt=\"\" width=\"640\" height=\"1323\" srcset=\"https:\/\/www.topohvar.at\/wp-content\/uploads\/2021\/12\/sv-tr-41-scan.jpg 640w, https:\/\/www.topohvar.at\/wp-content\/uploads\/2021\/12\/sv-tr-41-scan-145x300.jpg 145w, https:\/\/www.topohvar.at\/wp-content\/uploads\/2021\/12\/sv-tr-41-scan-495x1024.jpg 495w\" sizes=\"auto, (max-width: 640px) 100vw, 640px\" \/><\/p>\n<p style=\"text-align: right;\"><a href=\"#seite_oben\">natrag na vrh \/ Seitenanfa<\/a><a href=\"#seite_oben\">ng<\/a><\/p>\n<hr \/>\n<p><strong>Linkovi \/ Links<\/strong><\/p>\n<p>Gustirna SV-OP-D9 \/ Zisterene SV-OP-D9 (noch nicht inventarisiert)<\/p>\n","protected":false},"excerpt":{"rendered":"<p>Ime \/ Name Trostruki trim \/ Dreifachtrim \u00bbSV-TR-41 (trim Lu\u010di\u0107)\u00ab Code: SV-TR-41\u00a0 \u00a0 \u00a0 \u00a0 \u00a0 \u00a0 \u00a0 \u00a0\u00a0 \u00a0 \u00a0 \u00a0 \u00a0 \u00a0 \u00a0 \u00a0 \u00a0 \u00a0\u00a0 Adresa \/ Adresse Svir\u010de, Paklina, \u010cesminova gl. Lokacija \/ Position Latitude: N &hellip; <a href=\"https:\/\/www.topohvar.at\/topo\/orte\/sv\/sv-tr-41-1\/\">Weiterlesen <span class=\"meta-nav\">&rarr;<\/span><\/a><\/p>\n","protected":false},"author":1,"featured_media":0,"parent":106,"menu_order":0,"comment_status":"closed","ping_status":"closed","template":"","meta":{"footnotes":""},"class_list":["post-7627","page","type-page","status-publish","hentry"],"_links":{"self":[{"href":"https:\/\/www.topohvar.at\/topo\/wp-json\/wp\/v2\/pages\/7627","targetHints":{"allow":["GET"]}}],"collection":[{"href":"https:\/\/www.topohvar.at\/topo\/wp-json\/wp\/v2\/pages"}],"about":[{"href":"https:\/\/www.topohvar.at\/topo\/wp-json\/wp\/v2\/types\/page"}],"author":[{"embeddable":true,"href":"https:\/\/www.topohvar.at\/topo\/wp-json\/wp\/v2\/users\/1"}],"replies":[{"embeddable":true,"href":"https:\/\/www.topohvar.at\/topo\/wp-json\/wp\/v2\/comments?post=7627"}],"version-history":[{"count":19,"href":"https:\/\/www.topohvar.at\/topo\/wp-json\/wp\/v2\/pages\/7627\/revisions"}],"predecessor-version":[{"id":69612,"href":"https:\/\/www.topohvar.at\/topo\/wp-json\/wp\/v2\/pages\/7627\/revisions\/69612"}],"up":[{"embeddable":true,"href":"https:\/\/www.topohvar.at\/topo\/wp-json\/wp\/v2\/pages\/106"}],"wp:attachment":[{"href":"https:\/\/www.topohvar.at\/topo\/wp-json\/wp\/v2\/media?parent=7627"}],"curies":[{"name":"wp","href":"https:\/\/api.w.org\/{rel}","templated":true}]}}