{"id":766,"date":"2018-07-27T06:29:54","date_gmt":"2018-07-27T04:29:54","guid":{"rendered":"https:\/\/www.topohvar.at\/?page_id=766"},"modified":"2024-07-06T16:19:00","modified_gmt":"2024-07-06T14:19:00","slug":"bo-aa-00-2","status":"publish","type":"page","link":"https:\/\/www.topohvar.at\/topo\/orte\/bo\/bo-aa-00-2\/","title":{"rendered":"BOGOMOLJE &#8211; Selo \u00bbBogomolje\u00ab"},"content":{"rendered":"<p><a name=\"seite_oben\"><\/a><br \/>\n<strong><img loading=\"lazy\" decoding=\"async\" class=\"aligncenter wp-image-36421 size-full\" src=\"https:\/\/www.topohvar.at\/wp-content\/uploads\/2020\/04\/bo-aa-00-1.jpg\" alt=\"\" width=\"1080\" height=\"530\" srcset=\"https:\/\/www.topohvar.at\/wp-content\/uploads\/2020\/04\/bo-aa-00-1.jpg 1080w, https:\/\/www.topohvar.at\/wp-content\/uploads\/2020\/04\/bo-aa-00-1-300x147.jpg 300w, https:\/\/www.topohvar.at\/wp-content\/uploads\/2020\/04\/bo-aa-00-1-1024x503.jpg 1024w, https:\/\/www.topohvar.at\/wp-content\/uploads\/2020\/04\/bo-aa-00-1-768x377.jpg 768w\" sizes=\"auto, (max-width: 1080px) 100vw, 1080px\" \/><\/strong><\/p>\n<p><strong>Ime \/ Name<br \/>\n<\/strong>Selo \u00bbBogomolje\u00ab<\/p>\n<p><strong>Code: <\/strong>BO-AA-00\u00a0 \u00a0 \u00a0 \u00a0 \u00a0 \u00a0 \u00a0 \u00a0 \u00a0 \u00a0 \u00a0 \u00a0 \u00a0 \u00a0 \u00a0 \u00a0 \u00a0 \u00a0 \u00a0 \u00a0\u00a0<strong> <a href=\"https:\/\/www.topohvar.at\/topo\/orte\/bo\/bo-am-01-2\/\"><img loading=\"lazy\" decoding=\"async\" class=\"alignnone wp-image-533 size-full\" src=\"https:\/\/www.topohvar.at\/wp-content\/uploads\/2018\/07\/push-l-30.jpg\" alt=\"\" width=\"61\" height=\"30\" \/><\/a> <a href=\"https:\/\/www.topohvar.at\/orte\/bo\/\"><img loading=\"lazy\" decoding=\"async\" class=\"alignnone wp-image-535 size-full\" src=\"https:\/\/www.topohvar.at\/wp-content\/uploads\/2018\/07\/push-o-30.jpg\" alt=\"\" width=\"61\" height=\"30\" \/><\/a> <a href=\"https:\/\/www.topohvar.at\/orte\/bo\/bo-aa-01-2\/\"><img loading=\"lazy\" decoding=\"async\" class=\"alignnone wp-image-536 size-full\" src=\"https:\/\/www.topohvar.at\/wp-content\/uploads\/2018\/07\/push-r-30.jpg\" alt=\"\" width=\"61\" height=\"30\" \/><\/a> <a href=\"https:\/\/www.topohvar.at\/topo\/orte\/bo\/bo-au-10-1\/\"><img loading=\"lazy\" decoding=\"async\" class=\"alignnone wp-image-12299 size-full\" src=\"https:\/\/www.topohvar.at\/wp-content\/uploads\/2018\/09\/push-next-30.jpg\" alt=\"\" width=\"61\" height=\"30\" \/><\/a><\/strong><\/p>\n<hr \/>\n<p><strong>Adresa \/ Adresse<br \/>\n<\/strong>Bogomolje<\/p>\n<p><strong>Lokacija \/ Position<\/strong><strong><a href=\"https:\/\/goo.gl\/maps\/Qk6ph5wpps3vZrXJ6\"><img loading=\"lazy\" decoding=\"async\" class=\"alignright wp-image-36422\" src=\"https:\/\/www.topohvar.at\/wp-content\/uploads\/2020\/04\/2606.jpg\" alt=\"\" width=\"133\" height=\"100\" \/><\/a><br \/>\n<\/strong><span style=\"color: #3366ff;\"><a style=\"color: #3366ff;\" href=\"https:\/\/goo.gl\/maps\/Qk6ph5wpps3vZrXJ6\">Latitude: N 43,13088\u00b0\u00a0 \u00a0Longitude: E 16,99238\u00b0 <\/a><\/span><strong><br \/>\n<\/strong>Visina \/ H\u00f6he: 230 m<\/p>\n<p><strong>Katastarska \u010destica \/ Grundst\u00fccke<br \/>\n<\/strong>&#8211;<div class='content-column one_half'><div style=\"padding-right:6px;\"><p><strong>Datum snimanja \/ Erfassungsdatum<br \/>\n<\/strong>26.05.2013 15:00:00<\/p>\n<hr \/>\n<p><strong>Informacije<\/strong><\/p>\n<p>Selo Bogomolje nalazi se na visoravni isto\u010dnog dijela otoka Hvara i se sastoji od nekoliko zaseoka: Glava (Maslinova), Jerkov Dvor, Ra\u010devinja i Selo.\u00a0Ovdje se govori \u0161tokavski i osje\u0107a se mentalitet kopna.\u00a0 Mjesto je prostrano a sastoji se od vi\u0161e zaseoka povezanih u jedinstvenu cjelinu \u010diji se stanovnici uglavnom bave uzgojem tradicionalnih kultura-maslinarstvom i vinogradarstvom.<\/p><\/div><\/div><div class='content-column one_half last_column'><div style=\"padding-right:0px;padding-left:6px;\"><p><strong>Stupanj za\u0161tite \/ Schutzstellung<br \/>\n<\/strong>&#8211;<\/p>\n<hr \/>\n<p><strong>Info<\/strong><\/p>\n<p>Das Dorf Bogomolje liegt auf der Hochebene des \u00f6stlichen Teils der Insel Hvar und besteht aus den Weilern: Glava (Maslinova), Jerkov Dvor, Ra\u010devinja und Selo. Hier begegnet man schon den Dialekt und die Mentalit\u00e4t des Festlandes.\u00a0Der Ort ist ger\u00e4umig und besteht aus mehreren Weilern, die zu einer Einheit verbunden sind und dessen Bewohner sich haupts\u00e4chlich mit der Pflege traditioneller Kulturen befassen &#8211;\u00a0 mit dem Oliven- und Weinbau.<\/p><\/div><\/div><div class='clear_column'><\/div><div class='content-column one_half'><div style=\"padding-right:6px;\"><p>Prvi spomen naselja Bogomolje je iz 1489. godine iz dokumenta kojom Hvarska komuna daje u zakup zemlji\u0161te vlasteli Paladini\u0107 u uvali Veprinova, izme\u0111u Gdinja i Bogomolje (\u201einfra Gdin et Bogomoglia\u201c).<\/p><\/div><\/div><div class='content-column one_half last_column'><div style=\"padding-right:0px;padding-left:6px;\"><p>Die erste Erw\u00e4hnung von Bogomolje stammt aus einem Dokument aud dem Jahr 1489, wo die Gemeinde Hvar das Land des Adeligen Paladini\u0107 in der Bucht von Veprinova zwischen Gdinj und Bogomolje (&#8222;infra Gdin et Bogomoglia&#8220;) pachtet.<\/p><\/div><\/div><div class='clear_column'><\/div><div class='content-column one_half'><div style=\"padding-right:6px;\"><p>Bogomolje je nastalo u 16. stolje\u0107u kao pastirsko naselje, ali je ja\u010di dolazak pu\u010danstva s kopna nastupio u 17. stolje\u0107u kada se narod sklanjao od Turaka. Spominje se u Valierovoj vizitaciji 1579. godine, kad zajedno s Gdinjem ima sto sedamdeset du\u0161a od pri\u010desti i jo\u0161 neposve\u0107enu crkvu sv. Marije. Od 1601. godine spominje se u sastavu \u017eupe Gdinj, a od 1745. godine postaje samostalna \u017eupa. Od te godine vodi se mati\u010dna knjiga rodenih, dok su se knjige vjen\u010danih i umrlih po\u010dele voditi tek 1754. godine.<\/p><\/div><\/div><div class='content-column one_half last_column'><div style=\"padding-right:0px;padding-left:6px;\"><p>Bogomolje ist im 16. Jh. als Hirtensiedlung entstanden. Ein st\u00e4rkerer Zuzug von Menschen fand im 17. Jahrhundert statt, als vom Festland die Menschen vor den T\u00fcrken flohen. Es wird 1579 anl\u00e4sslich eines Besuches es Bischofs Valier erw\u00e4hnt, wo zusammen mit Bogomolje 170 Seelen die Kommunion in der noch intakten Kirche zur hl. Maria empfingen. Seit 1601 wurde es gemeinsam mit der Pfarre Gdinj erw\u00e4hnt und seit 1745 eine unabh\u00e4ngige Pfarre. Seit jenem Jahr wurden die Geburten verzeichnet, w\u00e4hrend Verheiratete und Verstorbene erst ab dem Jahr 1754 vermerkt wurden.<\/p><\/div><\/div><div class='clear_column'><\/div><div class='content-column one_half'><div style=\"padding-right:6px;\"><p>Prema biskupskim vizitacijama 1588. godine Bogomolje i Gdinj imaju oko dvije stotine i trideset du\u0161a od pri\u010desti a samo Bogomolje ima \u010detrdeset dimova. Tek od 1751. godine spominje se zasebno i tada naselje broji sto devedeset a 1764. dvije stotine i trideset stanovnika.<\/p><\/div><\/div><div class='content-column one_half last_column'><div style=\"padding-right:0px;padding-left:6px;\"><p>Laut dem Bischofsbesuch vom Jahre 1588 haben Bogomolje und Gdinj etwa zweihundertsechzig Seelen die die Kommunion empfangen, und Bogomolje hat nur vierzig D\u00e4cher. Erst ab 1751 wird Bogomolje separat erw\u00e4hnt und z\u00e4hlt dann einhundertneunzig und im Jahre 1764 zweihundertdrei\u00dfig Einwohner.<\/p><\/div><\/div><div class='clear_column'><\/div><div class='content-column one_half'><div style=\"padding-right:6px;\"><p>Vrijedan spomenik sakralne arhitekture u mjestu je mala barokna \u017eupna crkva koja potje\u010de iz 17. stolje\u0107a. Ju\u017eno od crkve vodi cesta do Jerkov dvora gdje stoji stara ku\u0107a, kuhinja, kru\u0161na pe\u0107, sve sagra\u0111eno 1898. god. U ku\u0107i se \u010duva i zbirka fosila.<\/p><\/div><\/div><div class='content-column one_half last_column'><div style=\"padding-right:0px;padding-left:6px;\"><p>Ein wertvolles Denkmal der Sakralarchitektur im Ort ist eine kleine barocke Pfarrkirche aus dem 17. Jahrhundert. S\u00fcdlich der Kirche f\u00fchrt die Stra\u00dfe zum Jerkov-Hof, einem alten Haus mit K\u00fcche und Backofen die alle im Jahr 1898 gebaut wurden. Das Haus beherbergt auch eine Fossiliensammlung.<\/p><\/div><\/div><div class='clear_column'><\/div><div class='content-column one_half'><div style=\"padding-right:6px;\"><p>Mjesto je interesantno i s etnografskog stajali\u0161ta jer su se u izvornom obliku tokom vremena uspjeli sa\u010duvati platoi koji su slu\u017eili za vr\u0161enje \u017eita, ali i zbog specifi\u010dne mje\u0161avine dijalekata kojim se u govoru slu\u017ee stanovnici Bogomolja.<\/p><\/div><\/div><div class='content-column one_half last_column'><div style=\"padding-right:0px;padding-left:6px;\"><p>Der Ort ist auch aus ethnographischer Sicht interessant, da es gelang, die Hochebene, die dem Getreideanbau diente ihn ihrer urspr\u00fcnglichen Form zu erhalten, aber auch wegen der spezifischen Dialektmischung, die von den Einwohnern von Bogomolja gesprochen wurde<\/p><\/div><\/div><div class='clear_column'><\/div><div class='content-column one_half'><div style=\"padding-right:6px;\"><p>Mjesna luka nalazi se na sjevernoj strani u uvali Bristova udaljenoj od centra mjesta 3 km.<\/p><\/div><\/div><div class='content-column one_half last_column'><div style=\"padding-right:0px;padding-left:6px;\"><p>Der \u00f6rtliche Hafen liegt an der Nordseite in der Bucht von Bristova, 3 km vom Ortszentrum entfernt.<\/p><\/div><\/div><div class='clear_column'><\/div><div class='content-column one_half'><div style=\"padding-right:6px;\"><p>Bogomolje tako\u0111er \u010duva etnografsko blago otoka u zanimljivim narodnim no\u0161njama.<\/p><\/div><\/div><div class='content-column one_half last_column'><div style=\"padding-right:0px;padding-left:6px;\"><p>Bogomolje verwahrt auch einen ethnographischen Schatz der Insel &#8211; seine interessanten Volkstrachten.<\/p><\/div><\/div><div class='clear_column'><\/div><div class='content-column one_half'><div style=\"padding-right:6px;\"><p>Na podru\u010dju Bogomolja otkriven je i velik broj \u0161pilja u kojima su na\u0111eni tragovi starih kultura.<\/p><\/div><\/div><div class='content-column one_half last_column'><div style=\"padding-right:0px;padding-left:6px;\"><p>In Bogomolje wurden weiters zahlreiche H\u00f6hlen gefunden, in denen Spuren alter Kulturen entdeckt wurden.<\/p><\/div><\/div><div class='clear_column'><\/div><div class='content-column one_third'><div style=\"padding-right:6px;\"><p>Grb s prikazom Navje\u0161enja na pe\u010datu biv\u0161e bogomoljske op\u0107ine\u00a0Bogomolje koju su tada \u010dinila naselja Bogomolje, Gdinj i Selca.<\/p><\/div><\/div><div class='content-column one_third'><div style=\"padding-right:6px;\"><p><img loading=\"lazy\" decoding=\"async\" class=\"aligncenter wp-image-42619\" src=\"https:\/\/www.topohvar.at\/wp-content\/uploads\/2020\/10\/bo-ir-01-2.jpg\" alt=\"\" width=\"205\" height=\"212\" srcset=\"https:\/\/www.topohvar.at\/wp-content\/uploads\/2020\/10\/bo-ir-01-2.jpg 436w, https:\/\/www.topohvar.at\/wp-content\/uploads\/2020\/10\/bo-ir-01-2-291x300.jpg 291w\" sizes=\"auto, (max-width: 205px) 100vw, 205px\" \/><\/p><\/div><\/div><div class='content-column one_third last_column'><div style=\"padding-right:0px;padding-left:6px;\"><p>Das Wappen mit der Verk\u00fcndigung Marias auf dem Siegel der ehemaligen Gemeinde Bogomolje die seinerzeit aus den Siedlungen Bogomolje, Gdinj und Selca bestand.<\/p><\/div><\/div><div class='clear_column'><\/div><\/p>\n<p style=\"text-align: right;\"><a href=\"#seite_oben\">natrag na vrh \/ Seitenanfang<\/a><\/p>\n<hr \/>\n<p><strong>Linkovi \/ Links<\/strong><\/p>\n<p><span style=\"color: #3366ff;\"><a style=\"color: #3366ff;\" href=\"https:\/\/www.topohvar.at\/topo\/bo-aa-01-2\/\">Selo \u00bbRa\u010devinja\u00ab<\/a><br \/>\n<\/span><span style=\"color: #3366ff;\"><a style=\"color: #3366ff;\" href=\"https:\/\/www.topohvar.at\/topo\/bo-aa-02-2\/\">Ruralna cjelina \u00bbJerkov Dvor\u00ab<\/a><\/span><br \/>\n<span style=\"color: #3366ff;\"><a style=\"color: #3366ff;\" href=\"https:\/\/www.topohvar.at\/topo\/bo-aa-03-2\/\">Selo \u00bbSelo\u00ab<\/a><\/span><br \/>\n<a href=\"https:\/\/www.topohvar.at\/topo\/bo-aa-03-2\/\"><span style=\"color: #3366ff;\">Selo \u00bbGlava\u00ab<\/span><\/a><\/p>\n","protected":false},"excerpt":{"rendered":"<p>Ime \/ Name Selo \u00bbBogomolje\u00ab Code: BO-AA-00\u00a0 \u00a0 \u00a0 \u00a0 \u00a0 \u00a0 \u00a0 \u00a0 \u00a0 \u00a0 \u00a0 \u00a0 \u00a0 \u00a0 \u00a0 \u00a0 \u00a0 \u00a0 \u00a0 \u00a0\u00a0 Adresa \/ Adresse Bogomolje Lokacija \/ Position Latitude: N 43,13088\u00b0\u00a0 \u00a0Longitude: E 16,99238\u00b0 Visina &hellip; <a href=\"https:\/\/www.topohvar.at\/topo\/orte\/bo\/bo-aa-00-2\/\">Weiterlesen <span class=\"meta-nav\">&rarr;<\/span><\/a><\/p>\n","protected":false},"author":1,"featured_media":0,"parent":63,"menu_order":0,"comment_status":"closed","ping_status":"closed","template":"","meta":{"footnotes":""},"class_list":["post-766","page","type-page","status-publish","hentry"],"_links":{"self":[{"href":"https:\/\/www.topohvar.at\/topo\/wp-json\/wp\/v2\/pages\/766","targetHints":{"allow":["GET"]}}],"collection":[{"href":"https:\/\/www.topohvar.at\/topo\/wp-json\/wp\/v2\/pages"}],"about":[{"href":"https:\/\/www.topohvar.at\/topo\/wp-json\/wp\/v2\/types\/page"}],"author":[{"embeddable":true,"href":"https:\/\/www.topohvar.at\/topo\/wp-json\/wp\/v2\/users\/1"}],"replies":[{"embeddable":true,"href":"https:\/\/www.topohvar.at\/topo\/wp-json\/wp\/v2\/comments?post=766"}],"version-history":[{"count":38,"href":"https:\/\/www.topohvar.at\/topo\/wp-json\/wp\/v2\/pages\/766\/revisions"}],"predecessor-version":[{"id":69065,"href":"https:\/\/www.topohvar.at\/topo\/wp-json\/wp\/v2\/pages\/766\/revisions\/69065"}],"up":[{"embeddable":true,"href":"https:\/\/www.topohvar.at\/topo\/wp-json\/wp\/v2\/pages\/63"}],"wp:attachment":[{"href":"https:\/\/www.topohvar.at\/topo\/wp-json\/wp\/v2\/media?parent=766"}],"curies":[{"name":"wp","href":"https:\/\/api.w.org\/{rel}","templated":true}]}}