{"id":7665,"date":"2018-08-25T14:34:54","date_gmt":"2018-08-25T12:34:54","guid":{"rendered":"https:\/\/www.topohvar.at\/?page_id=7665"},"modified":"2022-01-19T07:56:00","modified_gmt":"2022-01-19T06:56:00","slug":"sv-ci-02-1","status":"publish","type":"page","link":"https:\/\/www.topohvar.at\/topo\/orte\/sv\/sv-ci-02-1\/","title":{"rendered":"SVIR\u010cE &#8211; Crkva \u00bbSv. Marije na Pjaci (Bla\u017eene Djevice Marije, Bezgrije\u0161nog za\u010de\u0107a)"},"content":{"rendered":"<p><a name=\"seite_oben\"><\/a><br \/>\n<strong><img loading=\"lazy\" decoding=\"async\" class=\"alignnone wp-image-7324 size-large\" src=\"https:\/\/www.topohvar.at\/wp-content\/uploads\/2018\/08\/SV-CI-02-0-1024x503.jpg\" alt=\"\" width=\"640\" height=\"314\" srcset=\"https:\/\/www.topohvar.at\/wp-content\/uploads\/2018\/08\/SV-CI-02-0-1024x503.jpg 1024w, https:\/\/www.topohvar.at\/wp-content\/uploads\/2018\/08\/SV-CI-02-0-300x147.jpg 300w, https:\/\/www.topohvar.at\/wp-content\/uploads\/2018\/08\/SV-CI-02-0-768x377.jpg 768w, https:\/\/www.topohvar.at\/wp-content\/uploads\/2018\/08\/SV-CI-02-0.jpg 1080w\" sizes=\"auto, (max-width: 640px) 100vw, 640px\" \/><\/strong><\/p>\n<p><strong>Ime \/ Name<br \/>\n<\/strong>Crkva \u00bbSv. Marije na Pjaci (Bla\u017eene Djevice Marije, Bezgrije\u0161nog za\u010de\u0107a)\u00ab \/ Kirche der hl. Maria auf der Piazza (Jungfrau Maria, Unbefleckte Empf\u00e4ngnis)<\/p>\n<p><strong>Code: <\/strong>SV-CI-02\u00a0 \u00a0 \u00a0 \u00a0 \u00a0 \u00a0 \u00a0 \u00a0<strong>\u00a0 \u00a0 \u00a0 \u00a0 \u00a0 \u00a0 \u00a0 \u00a0 \u00a0 \u00a0<a href=\"https:\/\/www.topohvar.at\/orte\/sv\/sv-ci-01-1\/\"><img loading=\"lazy\" decoding=\"async\" class=\"alignnone wp-image-533 size-full\" src=\"https:\/\/www.topohvar.at\/wp-content\/uploads\/2018\/07\/push-l-30.jpg\" alt=\"\" width=\"61\" height=\"30\" \/><\/a>\u00a0<a href=\"https:\/\/www.topohvar.at\/orte\/sv\/\"><img loading=\"lazy\" decoding=\"async\" class=\"alignnone wp-image-535 size-full\" src=\"https:\/\/www.topohvar.at\/wp-content\/uploads\/2018\/07\/push-o-30.jpg\" alt=\"\" width=\"61\" height=\"30\" \/><\/a>\u00a0<a href=\"https:\/\/www.topohvar.at\/orte\/sv\/sv-ck-01-1\/\"><img loading=\"lazy\" decoding=\"async\" class=\"alignnone wp-image-536 size-full\" src=\"https:\/\/www.topohvar.at\/wp-content\/uploads\/2018\/07\/push-r-30.jpg\" alt=\"\" width=\"61\" height=\"30\" \/><\/a><\/strong><\/p>\n<hr \/>\n<p><strong>Adresa \/ Adresse<br \/>\n<\/strong>Svir\u0107e, Pjaca<\/p>\n<p><strong>Lokacija<\/strong><strong> \/ Position<a href=\"https:\/\/goo.gl\/maps\/97uMGRRGBZnyhDjZA\"><img loading=\"lazy\" decoding=\"async\" class=\"alignright wp-image-7668\" src=\"https:\/\/www.topohvar.at\/wp-content\/uploads\/2018\/08\/0787-1.jpg\" alt=\"\" width=\"134\" height=\"100\" \/><\/a><br \/>\n<\/strong><span style=\"color: #3366ff;\"><a style=\"color: #3366ff;\" href=\"https:\/\/goo.gl\/maps\/97uMGRRGBZnyhDjZA\">Latitude: N 43,15844\u00b0\u00a0 \u00a0 Longitude: E 16,64448\u00b0\u00a0<\/a><\/span><strong><br \/>\n<\/strong>Visina \/ H\u00f6he: 107 m<\/p>\n<p><strong>Katastarska \u010destica<\/strong><strong> \/ Grundst\u00fccke<br \/>\n<\/strong>*204, 3761<div class='content-column one_half'><div style=\"padding-right:6px;\"><p><strong>Datum snimanja \/ Erfassungsdatum<br \/>\n<\/strong>12.05.2013 12:01:43<\/p>\n<hr \/>\n<p><strong>Informacije<\/strong><\/p>\n<p>Je nastala 1820. g. na osnovi mjesne seske loggie, mjesta sastajanja i borovanja. Podignuta je na dnu trga poplo\u010danog kamenim plo\u010dama. Ulaznim pro\u010deljem okrenuta je prema istoku.<\/p><\/div><\/div><div class='content-column one_half last_column'><div style=\"padding-right:0px;padding-left:6px;\"><p><strong>Stupanj za\u0161tite<\/strong><strong> \/ Schutzstellung<br \/>\n<\/strong>Z-4786<\/p>\n<hr \/>\n<p><strong>Info<\/strong><\/p>\n<p>Die Kirche entstand im Jahr 1820 auf den Fundamenten der der \u00f6rtlichen Loggia, die Treffpunkt und Versammlungshalle war.\u00a0Sie wurde am Rand der mit Steinplatten gepflasterten Piazza errichtet. Der Eingang ist auf der Ostseite des Geb\u00e4udes.<\/p><\/div><\/div><div class='clear_column'><\/div><div class='content-column one_half'><div style=\"padding-right:6px;\"><p>Zidana je kamenom slaganim u pravilne redove, dvostre\u0161no krovi\u0161te crkve pokriveno je kupom kanalicom, a u osi pro\u010delja je trostruka preslica sa volutama. Na crkvi se osobito isti\u010de pro\u010delje, na kojem je naknadno dogra\u0111en sat sa dvostre\u0161nim krovi\u0107em, a \u010ditavo zadnje odi\u0161e suzdr\u017eanim barokom.<\/p><\/div><\/div><div class='content-column one_half last_column'><div style=\"padding-right:0px;padding-left:6px;\"><p>Die Fassade besteht aus Stein, der in regelm\u00e4\u00dfigen Reihen geschichtet ist. Das Satteldach der Kirche ist mit &#8222;M\u00f6nch und Nonne&#8220; Ziegel gedeckt. In der Achse der Fassade befindet sich eine dreifaches T\u00fcrmchen mit Voluten. Besonders hervorzuheben ist die Giebelfassade der Kirche, die sp\u00e4ter durch eine Uhr mit Baldachin erh\u00f6ht wurde, und insgesamt zur\u00fcckhaltenden Barock ausstrahlt.<\/p><\/div><\/div><div class='clear_column'><\/div><div class='content-column one_half'><div style=\"padding-right:6px;\"><p>Sagra\u0111ena u baroknom stilu u njoj se nalazi oltar iz 18. st., te oltarna slika Bezgrje\u0161ne, za koju je vezan zavjet da \u0107e se nositi u procesiji po mjestu svakih 50 godina. U crkvi se nalaze i dva kipa: sv. Magdalene i sv. Antuna Padovanskog. Blagdan Bezgrje\u0161nog za\u010de\u0107a Bla\u017eene Djevice Marije slavi se 8. prosinca, svake godine.<\/p><\/div><\/div><div class='content-column one_half last_column'><div style=\"padding-right:0px;padding-left:6px;\"><p>Im barocken Stil erbaut, beherbergt die Kirche einen Altar aus dem 18. Jahrhundert und ein Altarbild der Unbefleckten Empf\u00e4ngnis, das an das Gel\u00fcbde gebunden ist, alle 50 Jahre in einer Prozession um den Ort getragen zu werden. Es finden sich auch zwei Statuen in der Kirche: St. Magdalena und St. Antonius von Padua. Das Fest der Unbefleckten Empf\u00e4ngnis der Heiligen Jungfrau Maria wird jedes Jahr am 8. Dezember gefeiert.<\/p><\/div><\/div><div class='clear_column'><\/div><div class='content-column one_half'><div style=\"padding-right:6px;\"><p>Registar kulturnih dobara Republike Hrvatske br. 01\/2011.<br \/>\nDatum tiskanog izdanja: 04. 08. 2011.<br \/>\nBroj registra: Z-4786<\/p><\/div><\/div><div class='content-column one_half last_column'><div style=\"padding-right:0px;padding-left:6px;\"><p>Register der Kulturg\u00fcter der Republik Kroatien Nr. 01\/2011.<br \/>\nVer\u00f6ffentlichungsdatum: 04. 08. 2011.<br \/>\nRegistriernummer: Z-4786<\/p><\/div><\/div><div class='clear_column'><\/div><\/p>\n<p style=\"text-align: right;\"><span style=\"color: #3366ff;\"><a style=\"color: #3366ff;\" href=\"#seite_oben\">natrag na vrh \/ Seitenanfang<\/a><\/span><\/p>\n<hr \/>\n<p><strong>Linkovi \/ Links<\/strong><\/p>\n<p>&#8211;<\/p>\n","protected":false},"excerpt":{"rendered":"<p>Ime \/ Name Crkva \u00bbSv. Marije na Pjaci (Bla\u017eene Djevice Marije, Bezgrije\u0161nog za\u010de\u0107a)\u00ab \/ Kirche der hl. Maria auf der Piazza (Jungfrau Maria, Unbefleckte Empf\u00e4ngnis) Code: SV-CI-02\u00a0 \u00a0 \u00a0 \u00a0 \u00a0 \u00a0 \u00a0 \u00a0\u00a0 \u00a0 \u00a0 \u00a0 \u00a0 \u00a0 \u00a0 &hellip; <a href=\"https:\/\/www.topohvar.at\/topo\/orte\/sv\/sv-ci-02-1\/\">Weiterlesen <span class=\"meta-nav\">&rarr;<\/span><\/a><\/p>\n","protected":false},"author":1,"featured_media":0,"parent":106,"menu_order":0,"comment_status":"closed","ping_status":"closed","template":"","meta":{"footnotes":""},"class_list":["post-7665","page","type-page","status-publish","hentry"],"_links":{"self":[{"href":"https:\/\/www.topohvar.at\/topo\/wp-json\/wp\/v2\/pages\/7665","targetHints":{"allow":["GET"]}}],"collection":[{"href":"https:\/\/www.topohvar.at\/topo\/wp-json\/wp\/v2\/pages"}],"about":[{"href":"https:\/\/www.topohvar.at\/topo\/wp-json\/wp\/v2\/types\/page"}],"author":[{"embeddable":true,"href":"https:\/\/www.topohvar.at\/topo\/wp-json\/wp\/v2\/users\/1"}],"replies":[{"embeddable":true,"href":"https:\/\/www.topohvar.at\/topo\/wp-json\/wp\/v2\/comments?post=7665"}],"version-history":[{"count":14,"href":"https:\/\/www.topohvar.at\/topo\/wp-json\/wp\/v2\/pages\/7665\/revisions"}],"predecessor-version":[{"id":56326,"href":"https:\/\/www.topohvar.at\/topo\/wp-json\/wp\/v2\/pages\/7665\/revisions\/56326"}],"up":[{"embeddable":true,"href":"https:\/\/www.topohvar.at\/topo\/wp-json\/wp\/v2\/pages\/106"}],"wp:attachment":[{"href":"https:\/\/www.topohvar.at\/topo\/wp-json\/wp\/v2\/media?parent=7665"}],"curies":[{"name":"wp","href":"https:\/\/api.w.org\/{rel}","templated":true}]}}