{"id":774,"date":"2018-07-27T06:45:30","date_gmt":"2018-07-27T04:45:30","guid":{"rendered":"https:\/\/www.topohvar.at\/?page_id=774"},"modified":"2021-08-23T10:26:20","modified_gmt":"2021-08-23T08:26:20","slug":"bo-aa-02-2","status":"publish","type":"page","link":"https:\/\/www.topohvar.at\/topo\/orte\/bo\/bo-aa-02-2\/","title":{"rendered":"BOGOMOLJE &#8211; Ruralna cjelina \u00bbJerkov Dvor\u00ab"},"content":{"rendered":"<p><a name=\"seite_oben\"><\/a><br \/>\n<strong><img loading=\"lazy\" decoding=\"async\" class=\"aligncenter wp-image-36457 size-full\" src=\"https:\/\/www.topohvar.at\/wp-content\/uploads\/2020\/04\/bo-aa-02-1.jpg\" alt=\"\" width=\"1080\" height=\"530\" srcset=\"https:\/\/www.topohvar.at\/wp-content\/uploads\/2020\/04\/bo-aa-02-1.jpg 1080w, https:\/\/www.topohvar.at\/wp-content\/uploads\/2020\/04\/bo-aa-02-1-300x147.jpg 300w, https:\/\/www.topohvar.at\/wp-content\/uploads\/2020\/04\/bo-aa-02-1-1024x503.jpg 1024w, https:\/\/www.topohvar.at\/wp-content\/uploads\/2020\/04\/bo-aa-02-1-768x377.jpg 768w\" sizes=\"auto, (max-width: 1080px) 100vw, 1080px\" \/><\/strong><\/p>\n<p><strong>Ime \/ Name<br \/>\n<\/strong>Ruralna cjelina \/ l\u00e4ndliche Einheit \u00bbJerkov Dvor\u00ab<\/p>\n<p><strong>Code: <\/strong>BO-AA-02\u00a0 \u00a0 \u00a0 \u00a0 \u00a0 \u00a0 \u00a0 \u00a0 \u00a0 \u00a0 \u00a0 \u00a0 \u00a0 \u00a0 \u00a0 \u00a0 \u00a0 \u00a0 \u00a0 \u00a0\u00a0<strong><a href=\"https:\/\/www.topohvar.at\/orte\/bo\/bo-aa-01-2\/\"><img loading=\"lazy\" decoding=\"async\" class=\"alignnone wp-image-533 size-full\" src=\"https:\/\/www.topohvar.at\/wp-content\/uploads\/2018\/07\/push-l-30.jpg\" alt=\"\" width=\"61\" height=\"30\" \/><\/a> <a href=\"https:\/\/www.topohvar.at\/orte\/bo\/\"><img loading=\"lazy\" decoding=\"async\" class=\"alignnone wp-image-535 size-full\" src=\"https:\/\/www.topohvar.at\/wp-content\/uploads\/2018\/07\/push-o-30.jpg\" alt=\"\" width=\"61\" height=\"30\" \/><\/a> <a href=\"https:\/\/www.topohvar.at\/orte\/bo\/bo-aa-03-2\/\"><img loading=\"lazy\" decoding=\"async\" class=\"alignnone wp-image-536 size-full\" src=\"https:\/\/www.topohvar.at\/wp-content\/uploads\/2018\/07\/push-r-30.jpg\" alt=\"\" width=\"61\" height=\"30\" \/><\/a> <a href=\"https:\/\/www.topohvar.at\/topo\/orte\/bo\/bo-au-10-1\/\"><img loading=\"lazy\" decoding=\"async\" class=\"alignnone wp-image-12299 size-full\" src=\"https:\/\/www.topohvar.at\/wp-content\/uploads\/2018\/09\/push-next-30.jpg\" alt=\"\" width=\"61\" height=\"30\" \/><\/a> <\/strong><\/p>\n<hr \/>\n<p><strong>Adresa \/ Adresse<br \/>\n<\/strong>Bogomolje, Jerkov Dvor<\/p>\n<p><strong>Lokacija \/ Position<a href=\"https:\/\/goo.gl\/maps\/yWcKY87z8msoFs2U8\"><img loading=\"lazy\" decoding=\"async\" class=\"alignright wp-image-36424\" src=\"https:\/\/www.topohvar.at\/wp-content\/uploads\/2020\/04\/2608.jpg\" alt=\"\" width=\"133\" height=\"100\" \/><\/a><br \/>\n<\/strong><span style=\"color: #3366ff;\"><a style=\"color: #3366ff;\" href=\"https:\/\/goo.gl\/maps\/yWcKY87z8msoFs2U8\">Latitude: N 43,12870\u00b0\u00a0 \u00a0Longitude: E 16,99276\u00b0 <\/a><\/span><strong><br \/>\n<\/strong>Visina \/ H\u00f6he: 235 m<\/p>\n<p><strong>Katastarska \u010destica \/ Grundst\u00fccke<br \/>\n<\/strong>&#8211;<div class='content-column one_half'><div style=\"padding-right:6px;\"><p><strong>Datum snimanja \/ Erfassungsdatum<br \/>\n<\/strong>26.05.2013 15:00:00<\/p>\n<hr \/>\n<p><strong>Informacije<\/strong><\/p>\n<p>Iz crkve sv. Marija u Bogomolju vodi put ju\u017eno do zaseoka Jerkov Dvor, sa starom ku\u0107om s kuhinjom i pe\u0107nicom, sve izgra\u0111enom 1898. godine. U ku\u0107i se nalazi i zbirka fosila.<\/p><\/div><\/div><div class='content-column one_half last_column'><div style=\"padding-right:0px;padding-left:6px;\"><p><strong>Stupanj za\u0161tite <\/strong><strong>\/ Schutzstellung<br \/>\n<\/strong>&#8211;<\/p>\n<hr \/>\n<p><strong>Info<\/strong><\/p>\n<p>Von der Kirche zur hl. Maria in Bogomolje\u00a0 f\u00fchrt eine Stra\u00dfe Richtung S\u00fcden zum Weiler\u00a0 Jerkov Dvor (Jerkov-Hof), mit einem alten Haus mit K\u00fcche und Backofen die alle 1898 gebaut wurden. Das Haus beherbergt auch eine Fossiliensammlung.<\/p><\/div><\/div><div class='clear_column'><\/div><\/p>\n<p style=\"text-align: right;\"><a href=\"#seite_oben\">natrag na vrh \/ Seitenanfang<\/a><\/p>\n<hr \/>\n<p><strong>Linkovi \/ Links<\/strong><\/p>\n<p><span style=\"color: #3366ff;\"><a style=\"color: #3366ff;\" href=\"https:\/\/www.topohvar.at\/topo\/bo-aa-00-2\/\">Selo Bogomolje<\/a><\/span><\/p>\n","protected":false},"excerpt":{"rendered":"<p>Ime \/ Name Ruralna cjelina \/ l\u00e4ndliche Einheit \u00bbJerkov Dvor\u00ab Code: BO-AA-02\u00a0 \u00a0 \u00a0 \u00a0 \u00a0 \u00a0 \u00a0 \u00a0 \u00a0 \u00a0 \u00a0 \u00a0 \u00a0 \u00a0 \u00a0 \u00a0 \u00a0 \u00a0 \u00a0 \u00a0\u00a0 Adresa \/ Adresse Bogomolje, Jerkov Dvor Lokacija \/ Position &hellip; <a href=\"https:\/\/www.topohvar.at\/topo\/orte\/bo\/bo-aa-02-2\/\">Weiterlesen <span class=\"meta-nav\">&rarr;<\/span><\/a><\/p>\n","protected":false},"author":1,"featured_media":0,"parent":63,"menu_order":0,"comment_status":"closed","ping_status":"closed","template":"","meta":{"footnotes":""},"class_list":["post-774","page","type-page","status-publish","hentry"],"_links":{"self":[{"href":"https:\/\/www.topohvar.at\/topo\/wp-json\/wp\/v2\/pages\/774","targetHints":{"allow":["GET"]}}],"collection":[{"href":"https:\/\/www.topohvar.at\/topo\/wp-json\/wp\/v2\/pages"}],"about":[{"href":"https:\/\/www.topohvar.at\/topo\/wp-json\/wp\/v2\/types\/page"}],"author":[{"embeddable":true,"href":"https:\/\/www.topohvar.at\/topo\/wp-json\/wp\/v2\/users\/1"}],"replies":[{"embeddable":true,"href":"https:\/\/www.topohvar.at\/topo\/wp-json\/wp\/v2\/comments?post=774"}],"version-history":[{"count":18,"href":"https:\/\/www.topohvar.at\/topo\/wp-json\/wp\/v2\/pages\/774\/revisions"}],"predecessor-version":[{"id":51343,"href":"https:\/\/www.topohvar.at\/topo\/wp-json\/wp\/v2\/pages\/774\/revisions\/51343"}],"up":[{"embeddable":true,"href":"https:\/\/www.topohvar.at\/topo\/wp-json\/wp\/v2\/pages\/63"}],"wp:attachment":[{"href":"https:\/\/www.topohvar.at\/topo\/wp-json\/wp\/v2\/media?parent=774"}],"curies":[{"name":"wp","href":"https:\/\/api.w.org\/{rel}","templated":true}]}}