{"id":790,"date":"2018-07-27T14:04:34","date_gmt":"2018-07-27T12:04:34","guid":{"rendered":"https:\/\/www.topohvar.at\/?page_id=790"},"modified":"2022-01-17T08:29:37","modified_gmt":"2022-01-17T07:29:37","slug":"br-ci-01-2","status":"publish","type":"page","link":"https:\/\/www.topohvar.at\/topo\/orte\/br\/br-ci-01-2\/","title":{"rendered":"BRUSJE &#8211; \u017dupna crkva \u00bbSv. Juraj mu\u010denik\u00ab"},"content":{"rendered":"<p><a name=\"seite_oben\"><\/a><br \/>\n<strong><img loading=\"lazy\" decoding=\"async\" class=\"alignnone wp-image-787 size-large\" src=\"https:\/\/www.topohvar.at\/wp-content\/uploads\/2018\/07\/BR-CI-01-1-1024x503.jpg\" alt=\"\" width=\"640\" height=\"314\" srcset=\"https:\/\/www.topohvar.at\/wp-content\/uploads\/2018\/07\/BR-CI-01-1-1024x503.jpg 1024w, https:\/\/www.topohvar.at\/wp-content\/uploads\/2018\/07\/BR-CI-01-1-300x147.jpg 300w, https:\/\/www.topohvar.at\/wp-content\/uploads\/2018\/07\/BR-CI-01-1-768x377.jpg 768w\" sizes=\"auto, (max-width: 640px) 100vw, 640px\" \/><\/strong><\/p>\n<p><strong>Ime \/ Name<br \/>\n<\/strong>\u017dupna crkva \u00bbSv. Juraj mu\u010denik\u00ab \/ Pfarrkirche zum hl. M\u00e4rtyrer Georg<\/p>\n<p><strong>Code: <\/strong>BR-CI-01\u00a0 \u00a0 \u00a0 \u00a0 \u00a0 \u00a0 \u00a0 \u00a0<strong>\u00a0 \u00a0 \u00a0 \u00a0 \u00a0 \u00a0 \u00a0 \u00a0 \u00a0\u00a0 \u00a0 \u00a0 \u00a0<a href=\"https:\/\/www.topohvar.at\/orte\/br\/\"><img loading=\"lazy\" decoding=\"async\" class=\"alignnone wp-image-535 size-full\" src=\"https:\/\/www.topohvar.at\/wp-content\/uploads\/2018\/07\/push-o-30.jpg\" alt=\"\" width=\"61\" height=\"30\" \/><\/a>\u00a0<a href=\" https:\/\/www.topohvar.at\/orte\/br\/br-ck-01-2\/\"><img loading=\"lazy\" decoding=\"async\" class=\"alignnone wp-image-12299 size-full\" src=\"https:\/\/www.topohvar.at\/wp-content\/uploads\/2018\/09\/push-next-30.jpg\" alt=\"\" width=\"61\" height=\"30\" \/><\/a> \u00a0 \u00a0\u00a0<\/strong><\/p>\n<hr \/>\n<p><strong>Adresa \/ Adresse<br \/>\n<\/strong>Brusje, Trg Bl. Ivana Merza<\/p>\n<p><strong>Lokacija<\/strong><strong> \/ Position<a href=\"https:\/\/goo.gl\/maps\/8XxhFCsUhNWuc1Gn8\"><img loading=\"lazy\" decoding=\"async\" class=\"alignright wp-image-797\" src=\"https:\/\/www.topohvar.at\/wp-content\/uploads\/2018\/07\/0030.jpg\" alt=\"\" width=\"132\" height=\"100\" \/><\/a><br \/>\n<\/strong><span style=\"color: #3366ff;\"><a style=\"color: #3366ff;\" href=\"https:\/\/goo.gl\/maps\/8XxhFCsUhNWuc1Gn8\">Latitude: N 43,18984\u00b0\u00a0 \u00a0 Longitude: E 16,48829\u00b0<\/a>\u00a0<\/span><strong><br \/>\n<\/strong>Visina \/ H\u00f6he: 331 m<\/p>\n<p><strong>Katastarska \u010destica<\/strong><strong> \/ Grundst\u00fccke<br \/>\n<\/strong>*219<div class='content-column one_half'><div style=\"padding-right:6px;\"><p><strong>Datum snimanja \/ Erfassungsdatum<br \/>\n<\/strong>27.05.2013 16:24:20<\/p>\n<hr \/>\n<p><strong>Informacije<\/strong><\/p>\n<p>Brusje do 1730, nije imalo svoje \u017eupe, nego je kao prigradsko naselje pripadalo \u017eupi grada Hvara u kojem su i pokapali svoje pokojnike.<\/p><\/div><\/div><div class='content-column one_half last_column'><div style=\"padding-right:0px;padding-left:6px;\"><p><strong>Stupanj za\u0161tite<\/strong><strong> \/ Schutzstellung<br \/>\n<\/strong>Z-6524, RST 221-1964, RST 866<\/p>\n<hr \/>\n<p><strong>Info<\/strong><\/p>\n<p>Brusje hatte bis 1730 keine Pfarre. Als Vorort von Hvar geh\u00f6rte es zur Pfarre der Stadt, wo auch ihre Verstorbenen beerdigt wurden.<\/p><\/div><\/div><div class='clear_column'><\/div><div class='content-column one_half'><div style=\"padding-right:6px;\"><p>Crkva sv. Jurja u selu podignuta je 1676. godine i dogra\u0111ivana u skladu s rastom broja stanovnika 1731. i 1793. godine, a pro\u0161irena u 19. st. Crkva u Brusju jednobrodna je gra\u0111evina s apsidom. Usmjerena je u pravcu jug &#8211; sever. Gra\u0111ena je od klesanih kvadera povezanih uskim sjubnicama.<\/p><\/div><\/div><div class='content-column one_half last_column'><div style=\"padding-right:0px;padding-left:6px;\"><p>Die Kirche wurde im Jahr 1676 errichtet und nach den Bev\u00f6lkerungszunahmen in den Jahren 1731 und 1793 sowie im 19. Jh. erweitert. Die Kirche ist ein einschiffiger Bau mit Apsis, ist Nord-S\u00fcd ausgerichtet und besteht aus eng verfugten Steinquadern.<\/p><\/div><\/div><div class='clear_column'><\/div><div class='content-column one_half'><div style=\"padding-right:6px;\"><p>Nad ulaznim vratima je ni\u0161a s kasnigoti\u010dkim kipom Sv. Jurja na konju. Ova skulptura sv. Jurja koji ubija zmaja dolazi iz biv\u0161e crkve Sv. Jurja (na podru\u010dju Sv. Marka) u Hvaru.<\/p><\/div><\/div><div class='content-column one_half last_column'><div style=\"padding-right:0px;padding-left:6px;\"><p>\u00dcber dem Kirchenportal befindet sich eine Nische mit einer sp\u00e4tgotischen Statue des hl. Georg zu Pferd. Diese Skulptur des hl. Georg der den Drachen t\u00f6tet stammt aus der ehemaligen Kirche des hl. Georg (im Bereich sv. Marko) in Hvar.<\/p><\/div><\/div><div class='clear_column'><\/div><div class='content-column one_half'><div style=\"padding-right:6px;\"><p>U crkvi je oltarska slika (Sv.Antun opat i drugi sveci) B.Zelottija (1532-1592), prenesena iz raspu\u0161tenog dominikanskog samostana u Hvaru. U crkvi je i znamenita slika sv.Jurja,Ivana Dul\u010di\u0107a poznatog hrvatskog slikara rodom iz Brusja.<\/p><\/div><\/div><div class='content-column one_half last_column'><div style=\"padding-right:0px;padding-left:6px;\"><p>In der Kirche findet sich ein Altarbild (St. Antonio Abate und andere Heilige) des B. Zelotti (1532-1592), das aus dem aufgel\u00f6sten Dominikanerkloster in Hvar hierher \u00fcbertragen wurden und weiters das ber\u00fchmte Gem\u00e4lde des hl. Georg des kroatischen Malers Ivan Dul\u010di\u0107 der in Brusje geboren wurde.<\/p><\/div><\/div><div class='clear_column'><\/div><div class='content-column one_half'><div style=\"padding-right:6px;\"><p>Glavni oltar izradio je Tripun Bokani\u0107 1605 za bratov\u0161tinu Gospe od Karmela. Najprije je bio postavljen u katedrali u Hvaru, a 1750. rastavljen je i prodan \u017eupnoj crkvi u Brusju.<\/p><\/div><\/div><div class='content-column one_half last_column'><div style=\"padding-right:0px;padding-left:6px;\"><p>Der Hauptaltar wurde von Tripun Bokani\u0107 1605 f\u00fcr die Bruderschaft Unserer Lieben Frau vom Berg Carmel gemacht. Er stand vormals in der Kathedrale von Hvar, wurde 1750 demontiert und an die Pfarrkirche in Brusje verkauft.<\/p><\/div><\/div><div class='clear_column'><\/div><div class='content-column one_half'><div style=\"padding-right:6px;\"><p>Kri\u017eni put u tehnici mozaika je rad Ivu Dul\u010di\u0107a<\/p><\/div><\/div><div class='content-column one_half last_column'><div style=\"padding-right:0px;padding-left:6px;\"><p>Der Kreuzweg in Mosaik-Technik ist eine Werk des Ivo Dul\u010di\u0107.<\/p><\/div><\/div><div class='clear_column'><\/div><div class='content-column one_half'><div style=\"padding-right:6px;\"><p>Crkva je temeljito obnovljena 2010-ih godina, za \u017eupnikovanja don Jure Martini\u0107a. Prezbiterij je preure\u0111en i zamijenjene su sve elektri\u010dne instalacije i postavljeno je novo ozvu\u010denje. Obnovljen je sav metalni inventar, preure\u0111ena je sakristija, liturgijsko ruho obnovljeno, a ure\u0111eno je i dvori\u0161te.<\/p><\/div><\/div><div class='content-column one_half last_column'><div style=\"padding-right:0px;padding-left:6px;\"><p>Die Kirche wurde in den 2010er Jahren durch den Pfarrer Don Jure Martini\u0107 gr\u00fcndlich restauriert. Das Presbyterium wurde neu gestaltet, die alten Elektroinstallationen ersetzt und ein neues Lautsprechersystem installiert. Das gesamte Metallinventar wurde erneuert, die Sakristei restauriert, der Liturgieteppich restauriert und der Hof geordnet.<\/p><\/div><\/div><div class='clear_column'><\/div><div class='content-column one_half'><div style=\"padding-right:6px;\"><p>Crkvu i novi oltar posvetio je o svetkovini sv. Jurja 28. travnja 2015. godine hvarsko-bra\u010dko-vi\u0161ki biskup Slobodan \u0160tambuk posvetio je 28. travnja 2014. godine. Novi kameni oltar i ambon djelo su hrvatskog kipara \u0110anija Martini\u0107a. U novi su oltar ugra\u0111ene su mo\u0107i bl. Ivana Merza. Na javno \u010da\u0161\u0107enje i \u0161tovanje postavljen je na desnom pokrajnjem oltaru kip Bla\u017eenika<\/p><\/div><\/div><div class='content-column one_half last_column'><div style=\"padding-right:0px;padding-left:6px;\"><p>Ein neuer Altar der dem hl. Georg gewidmet ist wurde am 28. April 2015 von dem Hvar-Bra\u0107er Bischof Slobodan \u0160tambuk eingeweiht. Der neue Steinaltar und der Ambo (erh\u00f6hter Ort, von dem aus der Lektor, Diakon oder Priester die biblischen Lesungen oder das Evangelium vortr\u00e4gt) sind das Werk der kroatischen Bildhauerin \u0110anija Martini\u0107. Im neuen Altar ist eine Reliquie des seligen Ivan Merz eingelassen. Zur \u00f6ffentlichen Anbetung steht auf der rechten Seite des Altars eine Statue des Seligen.<\/p><\/div><\/div><div class='clear_column'><\/div><div class='content-column one_half'><div style=\"padding-right:6px;\"><p>Djelimice je obnovljen stari Bokani\u0107ev oltar na kojem dominira Dul\u010di\u0107eva oltarna slika.<\/p><\/div><\/div><div class='content-column one_half last_column'><div style=\"padding-right:0px;padding-left:6px;\"><p>Teilweise wurde auch der alte Bokani\u0107-Altar restauriert, der vom Altarbild des Ivan Dul\u010di\u0107 beherrscht wird.<\/p><\/div><\/div><div class='clear_column'><\/div><div class='content-column one_half'><div style=\"padding-right:6px;\"><p>Blagdan sv. Jurja je 23. travnja.<\/p><\/div><\/div><div class='content-column one_half last_column'><div style=\"padding-right:0px;padding-left:6px;\"><p>Der Feiertag des hl. Georg ist am 23. April.<\/p><\/div><\/div><div class='clear_column'><\/div><div class='content-column one_half'><div style=\"padding-right:6px;\"><p>Registar kulturnih dobara Republike Hrvatske br. 03\/2015. Datum tiskanog izdanja: 4.5.2015. Broj registra: Z-6524<\/p><\/div><\/div><div class='content-column one_half last_column'><div style=\"padding-right:0px;padding-left:6px;\"><p>Register der Kulturg\u00fcter der Republik Kroatien Nr. 03\/2015, Ver\u00f6ffentlichungsdatum: 4.5.2015. Registriernummer: Z-6524<\/p><\/div><\/div><div class='clear_column'><\/div><\/p>\n<p style=\"text-align: right;\"><span style=\"color: #3366ff;\"><a style=\"color: #3366ff;\" href=\"#seite_oben\">natrag na vrh \/ Seitenanfang<\/a><\/span><\/p>\n<hr \/>\n<p><strong>Linkovi \/ Links<\/strong><\/p>\n<p><span style=\"color: #3366ff;\"><a style=\"color: #3366ff;\" href=\"https:\/\/www.topohvar.at\/topo\/orte\/br\/br-mo-03-2\/\">Kip \u00bbSv. Jurja iznad ulaznim vratima crkvu\u00ab \/ hl. Georg \u00fcber dem Kirchenportal<\/a><br \/>\n<a style=\"color: #3366ff;\" href=\"https:\/\/www.topohvar.at\/topo\/orte\/br\/br-is-06-2\/\">Spomen plo\u010da \u00bbIvan Merz\u00ab \/ Gedenktafel \u00bbIvan Merz\u00ab<\/a><br \/>\n<a style=\"color: #3366ff;\" href=\"https:\/\/www.topohvar.at\/topo\/orte\/br\/br-mo-02-2\/\">Spomenik \u00bbIvo Dul\u010di\u0107\u00ab \/ Denkmal \u00bbIvo Dul\u010di\u0107\u00ab<\/a><\/span><\/p>\n<p><span style=\"color: #3366ff;\">\u00a0<\/span><\/p>\n<p><span style=\"color: #3366ff;\">\u00a0<\/span><\/p>\n","protected":false},"excerpt":{"rendered":"<p>Ime \/ Name \u017dupna crkva \u00bbSv. Juraj mu\u010denik\u00ab \/ Pfarrkirche zum hl. M\u00e4rtyrer Georg Code: BR-CI-01\u00a0 \u00a0 \u00a0 \u00a0 \u00a0 \u00a0 \u00a0 \u00a0\u00a0 \u00a0 \u00a0 \u00a0 \u00a0 \u00a0 \u00a0 \u00a0 \u00a0\u00a0 \u00a0 \u00a0 \u00a0\u00a0 \u00a0 \u00a0\u00a0 Adresa \/ Adresse Brusje, &hellip; <a href=\"https:\/\/www.topohvar.at\/topo\/orte\/br\/br-ci-01-2\/\">Weiterlesen <span class=\"meta-nav\">&rarr;<\/span><\/a><\/p>\n","protected":false},"author":1,"featured_media":0,"parent":65,"menu_order":0,"comment_status":"closed","ping_status":"closed","template":"","meta":{"footnotes":""},"class_list":["post-790","page","type-page","status-publish","hentry"],"_links":{"self":[{"href":"https:\/\/www.topohvar.at\/topo\/wp-json\/wp\/v2\/pages\/790","targetHints":{"allow":["GET"]}}],"collection":[{"href":"https:\/\/www.topohvar.at\/topo\/wp-json\/wp\/v2\/pages"}],"about":[{"href":"https:\/\/www.topohvar.at\/topo\/wp-json\/wp\/v2\/types\/page"}],"author":[{"embeddable":true,"href":"https:\/\/www.topohvar.at\/topo\/wp-json\/wp\/v2\/users\/1"}],"replies":[{"embeddable":true,"href":"https:\/\/www.topohvar.at\/topo\/wp-json\/wp\/v2\/comments?post=790"}],"version-history":[{"count":23,"href":"https:\/\/www.topohvar.at\/topo\/wp-json\/wp\/v2\/pages\/790\/revisions"}],"predecessor-version":[{"id":56118,"href":"https:\/\/www.topohvar.at\/topo\/wp-json\/wp\/v2\/pages\/790\/revisions\/56118"}],"up":[{"embeddable":true,"href":"https:\/\/www.topohvar.at\/topo\/wp-json\/wp\/v2\/pages\/65"}],"wp:attachment":[{"href":"https:\/\/www.topohvar.at\/topo\/wp-json\/wp\/v2\/media?parent=790"}],"curies":[{"name":"wp","href":"https:\/\/api.w.org\/{rel}","templated":true}]}}