{"id":8151,"date":"2018-08-27T19:00:03","date_gmt":"2018-08-27T17:00:03","guid":{"rendered":"https:\/\/www.topohvar.at\/?page_id=8151"},"modified":"2021-12-09T10:31:05","modified_gmt":"2021-12-09T09:31:05","slug":"vk-aa-00-1","status":"publish","type":"page","link":"https:\/\/www.topohvar.at\/topo\/orte\/vk\/vk-aa-00-1\/","title":{"rendered":"VRISNIK &#8211; Cjelina selo \u00bbVrisnik\u00ab"},"content":{"rendered":"<p><a name=\"seite_oben\"><\/a><br \/>\n<strong><img loading=\"lazy\" decoding=\"async\" class=\"alignnone wp-image-8109 size-large\" src=\"https:\/\/www.topohvar.at\/wp-content\/uploads\/2018\/08\/vk-tg-00-0-1024x503.jpg\" alt=\"\" width=\"640\" height=\"314\" srcset=\"https:\/\/www.topohvar.at\/wp-content\/uploads\/2018\/08\/vk-tg-00-0-1024x503.jpg 1024w, https:\/\/www.topohvar.at\/wp-content\/uploads\/2018\/08\/vk-tg-00-0-300x147.jpg 300w, https:\/\/www.topohvar.at\/wp-content\/uploads\/2018\/08\/vk-tg-00-0-768x377.jpg 768w, https:\/\/www.topohvar.at\/wp-content\/uploads\/2018\/08\/vk-tg-00-0.jpg 1080w\" sizes=\"auto, (max-width: 640px) 100vw, 640px\" \/><\/strong><\/p>\n<p><strong>Ime \/ Name<br \/>\n<\/strong>Cjelina selo \/ Dorfeinheit \u00bbVrisnik\u00ab<\/p>\n<p><strong>Code: <\/strong>VK-AA-00\u00a0 \u00a0 \u00a0 \u00a0 \u00a0 \u00a0 \u00a0 \u00a0<strong>\u00a0 \u00a0 \u00a0 \u00a0 \u00a0 \u00a0 \u00a0 \u00a0 \u00a0 \u00a0 \u00a0 \u00a0 \u00a0 \u00a0 \u00a0\u00a0 \u00a0 \u00a0 \u00a0<a href=\"https:\/\/www.topohvar.at\/orte\/vk\/\"><img loading=\"lazy\" decoding=\"async\" class=\"alignnone wp-image-535 size-full\" src=\"https:\/\/www.topohvar.at\/wp-content\/uploads\/2018\/07\/push-o-30.jpg\" alt=\"\" width=\"61\" height=\"30\" \/><\/a> <a href=\" https:\/\/www.topohvar.at\/topo\/orte\/vk\/vk-ai-01-1\/\"><img loading=\"lazy\" decoding=\"async\" class=\"alignnone wp-image-536 size-full\" src=\"https:\/\/www.topohvar.at\/wp-content\/uploads\/2018\/07\/push-r-30.jpg\" alt=\"\" width=\"61\" height=\"30\" \/><\/a><\/strong><\/p>\n<hr \/>\n<p><strong>Adresa \/ Adresse<br \/>\n<\/strong>Vrisnik<\/p>\n<p><strong>Lokacija<\/strong><strong> \/ Position<a href=\"https:\/\/goo.gl\/maps\/Gy6itRjyTUYxqK4HA\"><img loading=\"lazy\" decoding=\"async\" class=\"alignright wp-image-8216\" src=\"https:\/\/www.topohvar.at\/wp-content\/uploads\/2018\/08\/1299.jpg\" alt=\"\" width=\"134\" height=\"100\" \/><\/a><br \/>\n<\/strong><span style=\"color: #3366ff;\"><a style=\"color: #3366ff;\" href=\"https:\/\/goo.gl\/maps\/Gy6itRjyTUYxqK4HA\">Latitude: N 43,15100\u00b0\u00a0 \u00a0 Longitude: E 16,65300\u00b0\u00a0<\/a><\/span><strong><br \/>\n<\/strong>Visina \/ H\u00f6he: 150 m<\/p>\n<p><strong>Katastarska \u010destica<\/strong><strong> \/ Grundst\u00fccke<br \/>\n<\/strong>&#8211;<div class='content-column one_half'><div style=\"padding-right:6px;\"><p><strong>Datum snimanja \/ Erfassungsdatum<br \/>\n<\/strong>29.05.2015 10:40:00<\/p>\n<hr \/>\n<p><strong>Informacije<\/strong><\/p>\n<p>Selo je smje\u0161teno na obroncima ju\u017eno od Starigradskog polja i pripada skupini najstarijih sela koji su nastali na rubu plodnog polja. Gra\u0111en je na padinama bre\u017euljka s potpornim zidovima, izvedenim u suhozidu, koji oblikuje prostor za gradnju ku\u0107a, dvorova i vrtova, \u0161to daje mjestu izuzetnu \u010dar.<\/p><\/div><\/div><div class='content-column one_half last_column'><div style=\"padding-right:0px;padding-left:6px;\"><p><strong>Stupanj za\u0161tite<\/strong><strong> \/ Schutzstellung<br \/>\n<\/strong>Z-7073<\/p>\n<hr \/>\n<p><strong>Info<\/strong><\/p>\n<p>Das Dorf liegt an den H\u00e4ngen s\u00fcdlich des Starigrader-Feldes und geh\u00f6rt zu den \u00e4ltesten D\u00f6rfern die am Rande des fruchtbaren Ackers entstanden sind. Die H\u00e4nge des H\u00fcgels sind mit St\u00fctzmauern in Trockenmauertechnik bebaut, die einen Raum f\u00fcr den Bau von H\u00e4usern, H\u00f6fen und G\u00e4rten bilden und dem Ort einen au\u00dfergew\u00f6hnlichen Charme verleihen.<\/p><\/div><\/div><div class='clear_column'><\/div><div class='content-column one_half'><div style=\"padding-right:6px;\"><p>Spominje se jo\u0161 u Statutu iz 1331. g.<\/p>\n<p>Naziv Vrisnik potje\u010de od imena vrijes \u0161to je naziv za vrstu aromati\u010dnog bilja koja raste na otoku Hvaru. 1991. godine prilikom popisa stanovni\u0161tva naselje je smanjeno izdvajanjem djela Humac u samostalno naselje a godine 1857. naselje Vrisnik nazivalo se i Vrisni\u0107.<\/p><\/div><\/div><div class='content-column one_half last_column'><div style=\"padding-right:0px;padding-left:6px;\"><p>Vrisnik wird in der Satzung von 1331 erw\u00e4hnt.<\/p>\n<p>Der Name Vrisnik leitet sich vom Namen <em>vrijes<\/em> ab, dem Namen f\u00fcr eine Art aromatischer Pflanzen (Heidekraut), die auf der Insel Hvar wachsen. W\u00e4hrend der Volksz\u00e4hlung 1991 wurde die Siedlung durch die Trennung von Humac eine unabh\u00e4ngige Siedlung. 1857 wurde die Siedlung Vrisnik auch Vrisni\u0107 genannt.<\/p><\/div><\/div><div class='clear_column'><\/div><div class='content-column one_half'><div style=\"padding-right:6px;\"><p>Podno bre\u017euljka na kojem se nalazi \u017eupna crkva Sv. Antuna Opata smjestilo se selo. S crkvenog trga pru\u017ea se zadivljuju\u0107i panoramski pogled na obli\u017enje selo Svir\u010de, okolna mjesta, te na bri\u017eljivo odr\u017eavane vinograde i maslinike. Stare kamene ku\u0107e, sa svojim potpornim zidovima gra\u0111enim u suhozidu, slikovita dvori\u0161ta i vrtovi, vratiti \u0107e vas u neko davno pro\u0161lo vrijeme, a svakako \u0107ete se opustiti uz mirise nedirnute prirode koja okru\u017euje ovo malo selo.<\/p><\/div><\/div><div class='content-column one_half last_column'><div style=\"padding-right:0px;padding-left:6px;\"><p>Das Dorf liegt unterhalb des H\u00fcgels mit der Pfarrkirche zum Hl. Abt Antonius Dorf. Vom Kirchplatz bietet sich ein atemberaubender Ausblick auf das nahe Dorf Svir\u010de, die umliegenden Orte sowie auf die sorgsam gepflegten Weing\u00e4rten und Olivenhaine. Durch die alten Steinh\u00e4user mit W\u00e4nden aus Trockenmauerwerk, malerische Innenh\u00f6fe und G\u00e4rten wird man an l\u00e4ngst vergangene Zeiten erinnert, wobei die D\u00fcfte der umliegenden unber\u00fchrten Natur zur Entspannung einladen.<\/p><\/div><\/div><div class='clear_column'><\/div><div class='content-column one_half'><div style=\"padding-right:6px;\"><p>Zanimljiva grupa ku\u0107a Bojani\u0107 na obronku prema Svir\u010dima (XVII. st.). Godine 1958, zapadna strana Vrisnika je za\u0161ti\u010dena jer zgrade, koje se tamo nalaze, po svojoj tipi\u010dnosti predstavljaju gra\u0111evene, gospodarske i dru\u0161tvene uvjete \u017eivota u odre\u0111enu razdoblju. \u010citavi sklopovi zgrada gra\u0111eni su kao skladne cjeline. Zanimljiva cjelina su ku\u0107e Bojani\u0107 koje su me\u00f1usobno povezane mosti\u0107ima i nadsvo\u00f1enim prolazima.<\/p><\/div><\/div><div class='content-column one_half last_column'><div style=\"padding-right:0px;padding-left:6px;\"><p>Eine interessante Gruppe bojanischer H\u00e4user aus dem 17. Jahrhundert befindet sich am Hang in Richtung Svir\u010de. Im Jahr 1958 wurde der Westteil des Dorfes Vrisnik gesch\u00fctzt, weil die Geb\u00e4ude, die sich dort befinden typisch f\u00fcr ihre Bauart sind und die wirtschaftlichen und sozialen Lebensbedingungen in einer bestimmten Periode darstellen. Die gesamten Geb\u00e4udekomplexe sind als harmonische Einheiten errichtet. Interessant sind die H\u00e4user von Bojani\u0107 die durch Br\u00fccken und \u00dcberf\u00fchrungen miteinander verbunden sind.<\/p><\/div><\/div><div class='clear_column'><\/div><div class='content-column one_half'><div style=\"padding-right:6px;\"><p>Nedaleko sela nalazi se <em>Utla stina<\/em>, prirodni kameni svod.<\/p><\/div><\/div><div class='content-column one_half last_column'><div style=\"padding-right:0px;padding-left:6px;\"><p>In der N\u00e4he des Dorfes befindet sich <em>Utla stina<\/em>, ein nat\u00fcrliches Felsgew\u00f6lbe.<\/p><\/div><\/div><div class='clear_column'><\/div><\/p>\n<p style=\"text-align: right;\"><span style=\"color: #3366ff;\"><a style=\"color: #3366ff;\" href=\"#seite_oben\">natrag na vrh \/ Seitenanfang<\/a><\/span><\/p>\n<hr \/>\n<p><strong>Linkovi \/ Links<\/strong><\/p>\n<p>&#8211;<\/p>\n","protected":false},"excerpt":{"rendered":"<p>Ime \/ Name Cjelina selo \/ Dorfeinheit \u00bbVrisnik\u00ab Code: VK-AA-00\u00a0 \u00a0 \u00a0 \u00a0 \u00a0 \u00a0 \u00a0 \u00a0\u00a0 \u00a0 \u00a0 \u00a0 \u00a0 \u00a0 \u00a0 \u00a0 \u00a0 \u00a0 \u00a0 \u00a0 \u00a0 \u00a0 \u00a0\u00a0 \u00a0 \u00a0 \u00a0 Adresa \/ Adresse Vrisnik Lokacija \/ &hellip; <a href=\"https:\/\/www.topohvar.at\/topo\/orte\/vk\/vk-aa-00-1\/\">Weiterlesen <span class=\"meta-nav\">&rarr;<\/span><\/a><\/p>\n","protected":false},"author":1,"featured_media":0,"parent":113,"menu_order":0,"comment_status":"closed","ping_status":"closed","template":"","meta":{"footnotes":""},"class_list":["post-8151","page","type-page","status-publish","hentry"],"_links":{"self":[{"href":"https:\/\/www.topohvar.at\/topo\/wp-json\/wp\/v2\/pages\/8151","targetHints":{"allow":["GET"]}}],"collection":[{"href":"https:\/\/www.topohvar.at\/topo\/wp-json\/wp\/v2\/pages"}],"about":[{"href":"https:\/\/www.topohvar.at\/topo\/wp-json\/wp\/v2\/types\/page"}],"author":[{"embeddable":true,"href":"https:\/\/www.topohvar.at\/topo\/wp-json\/wp\/v2\/users\/1"}],"replies":[{"embeddable":true,"href":"https:\/\/www.topohvar.at\/topo\/wp-json\/wp\/v2\/comments?post=8151"}],"version-history":[{"count":14,"href":"https:\/\/www.topohvar.at\/topo\/wp-json\/wp\/v2\/pages\/8151\/revisions"}],"predecessor-version":[{"id":54982,"href":"https:\/\/www.topohvar.at\/topo\/wp-json\/wp\/v2\/pages\/8151\/revisions\/54982"}],"up":[{"embeddable":true,"href":"https:\/\/www.topohvar.at\/topo\/wp-json\/wp\/v2\/pages\/113"}],"wp:attachment":[{"href":"https:\/\/www.topohvar.at\/topo\/wp-json\/wp\/v2\/media?parent=8151"}],"curies":[{"name":"wp","href":"https:\/\/api.w.org\/{rel}","templated":true}]}}