{"id":8153,"date":"2018-08-27T19:02:37","date_gmt":"2018-08-27T17:02:37","guid":{"rendered":"https:\/\/www.topohvar.at\/?page_id=8153"},"modified":"2022-01-19T15:26:43","modified_gmt":"2022-01-19T14:26:43","slug":"vk-tg-02-1","status":"publish","type":"page","link":"https:\/\/www.topohvar.at\/topo\/orte\/vk\/vk-tg-02-1\/","title":{"rendered":"VRISNIK &#8211; Sklop ku\u0107e \u00bbBojani\u0107\u00ab"},"content":{"rendered":"<p><a name=\"seite_oben\"><\/a><br \/>\n<strong><img loading=\"lazy\" decoding=\"async\" class=\"alignnone wp-image-8111 size-large\" src=\"https:\/\/www.topohvar.at\/wp-content\/uploads\/2018\/08\/vk-tg-02-0-1024x503.jpg\" alt=\"\" width=\"640\" height=\"314\" srcset=\"https:\/\/www.topohvar.at\/wp-content\/uploads\/2018\/08\/vk-tg-02-0-1024x503.jpg 1024w, https:\/\/www.topohvar.at\/wp-content\/uploads\/2018\/08\/vk-tg-02-0-300x147.jpg 300w, https:\/\/www.topohvar.at\/wp-content\/uploads\/2018\/08\/vk-tg-02-0-768x377.jpg 768w, https:\/\/www.topohvar.at\/wp-content\/uploads\/2018\/08\/vk-tg-02-0.jpg 1080w\" sizes=\"auto, (max-width: 640px) 100vw, 640px\" \/><\/strong><\/p>\n<p><strong>Ime \/ Name<br \/>\n<\/strong>Sklop ku\u0107e \/ Geb\u00e4udeensemble \u00bbBojani\u0107\u00ab<\/p>\n<p><strong>Code: <\/strong>VK-TG-02\u00a0 \u00a0 \u00a0 \u00a0 \u00a0 \u00a0 \u00a0 \u00a0<strong>\u00a0 \u00a0 \u00a0 \u00a0 \u00a0 \u00a0 \u00a0 \u00a0 \u00a0 \u00a0<a href=\"https:\/\/www.topohvar.at\/orte\/vk\/vk-tg-01-1\/\"><img loading=\"lazy\" decoding=\"async\" class=\"alignnone wp-image-533 size-full\" src=\"https:\/\/www.topohvar.at\/wp-content\/uploads\/2018\/07\/push-l-30.jpg\" alt=\"\" width=\"61\" height=\"30\" \/><\/a>\u00a0<a href=\"https:\/\/www.topohvar.at\/orte\/vk\/\"><img loading=\"lazy\" decoding=\"async\" class=\"alignnone wp-image-535 size-full\" src=\"https:\/\/www.topohvar.at\/wp-content\/uploads\/2018\/07\/push-o-30.jpg\" alt=\"\" width=\"61\" height=\"30\" \/><\/a>\u00a0<a href=\"https:\/\/www.topohvar.at\/orte\/vk\/vk-tg-04-1\/\"><img loading=\"lazy\" decoding=\"async\" class=\"alignnone wp-image-536 size-full\" src=\"https:\/\/www.topohvar.at\/wp-content\/uploads\/2018\/07\/push-r-30.jpg\" alt=\"\" width=\"61\" height=\"30\" \/><\/a><\/strong><\/p>\n<hr \/>\n<p><strong>Adresa \/ Adresse<br \/>\n<\/strong>Vrisnik,\u00a0Bojani\u0107<\/p>\n<p><strong>Lokacija<\/strong><strong> \/ Position<img loading=\"lazy\" decoding=\"async\" class=\"wp-image-387 size-full alignright\" src=\"https:\/\/www.topohvar.at\/wp-content\/uploads\/2018\/07\/00-00-00-1.jpg\" alt=\"\" width=\"114\" height=\"56\" \/><br \/>\n<\/strong>Latitude: N 43,00000\u00b0\u00a0 \u00a0 Longitude: E 17,00000\u00b0\u00a0<strong><br \/>\n<\/strong>Visina \/ H\u00f6he: -m<\/p>\n<p><strong>Katastarska \u010destica<\/strong><strong> \/ Grundst\u00fccke<br \/>\n<\/strong>&#8211;<div class='content-column one_half'><div style=\"padding-right:6px;\"><p><strong>Datum snimanja \/ Erfassungsdatum<br \/>\n<\/strong>01.01.2000 00:00:00<\/p>\n<hr \/>\n<p><strong>Informacije<\/strong><\/p>\n<p>Posebnu dra\u017e ovom mjestu daje na\u010din gradnje, gdje se potpornim ogradnim zidovima, izvedenim u suhozidu oblikuje prostor za gradnju ku\u0107a, dvori\u0161ta, vrtova, interesantan je tu sklop ku\u0107a Bojani\u0107 povezanih malim mosti\u0107ima, kalama, balkonima&#8230;<\/p><\/div><\/div><div class='content-column one_half last_column'><div style=\"padding-right:0px;padding-left:6px;\"><p><strong>Stupanj za\u0161tite<\/strong><strong> \/ Schutzstellung<br \/>\n<\/strong>&#8211;<\/p>\n<hr \/>\n<p><strong>Info<\/strong><\/p>\n<p>Eine besondere Attraktion f\u00fcr Vrisnik ist die Bauweise, wo die St\u00fctzmauern im Untergescho\u00df, einen Raum f\u00fcr den Bau von H\u00e4usern, H\u00f6fen und G\u00e4rten bilden. Dies ist besonders interessant in den H\u00e4usern Bojani\u0107, verbunden mit kleinen Br\u00fccken, Durchg\u00e4ngen, Balkone &#8230;.<\/p><\/div><\/div><div class='clear_column'><\/div><\/p>\n<p style=\"text-align: right;\"><span style=\"color: #3366ff;\"><a style=\"color: #3366ff;\" href=\"#seite_oben\">natrag na vrh \/ Seitenanfang<\/a><\/span><\/p>\n<hr \/>\n<p><strong>Linkovi \/ Links<\/strong><\/p>\n<p>&#8211;<\/p>\n","protected":false},"excerpt":{"rendered":"<p>Ime \/ Name Sklop ku\u0107e \/ Geb\u00e4udeensemble \u00bbBojani\u0107\u00ab Code: VK-TG-02\u00a0 \u00a0 \u00a0 \u00a0 \u00a0 \u00a0 \u00a0 \u00a0\u00a0 \u00a0 \u00a0 \u00a0 \u00a0 \u00a0 \u00a0 \u00a0 \u00a0 \u00a0\u00a0\u00a0 Adresa \/ Adresse Vrisnik,\u00a0Bojani\u0107 Lokacija \/ Position Latitude: N 43,00000\u00b0\u00a0 \u00a0 Longitude: E 17,00000\u00b0\u00a0 &hellip; <a href=\"https:\/\/www.topohvar.at\/topo\/orte\/vk\/vk-tg-02-1\/\">Weiterlesen <span class=\"meta-nav\">&rarr;<\/span><\/a><\/p>\n","protected":false},"author":1,"featured_media":0,"parent":113,"menu_order":0,"comment_status":"closed","ping_status":"closed","template":"","meta":{"footnotes":""},"class_list":["post-8153","page","type-page","status-publish","hentry"],"_links":{"self":[{"href":"https:\/\/www.topohvar.at\/topo\/wp-json\/wp\/v2\/pages\/8153","targetHints":{"allow":["GET"]}}],"collection":[{"href":"https:\/\/www.topohvar.at\/topo\/wp-json\/wp\/v2\/pages"}],"about":[{"href":"https:\/\/www.topohvar.at\/topo\/wp-json\/wp\/v2\/types\/page"}],"author":[{"embeddable":true,"href":"https:\/\/www.topohvar.at\/topo\/wp-json\/wp\/v2\/users\/1"}],"replies":[{"embeddable":true,"href":"https:\/\/www.topohvar.at\/topo\/wp-json\/wp\/v2\/comments?post=8153"}],"version-history":[{"count":8,"href":"https:\/\/www.topohvar.at\/topo\/wp-json\/wp\/v2\/pages\/8153\/revisions"}],"predecessor-version":[{"id":56341,"href":"https:\/\/www.topohvar.at\/topo\/wp-json\/wp\/v2\/pages\/8153\/revisions\/56341"}],"up":[{"embeddable":true,"href":"https:\/\/www.topohvar.at\/topo\/wp-json\/wp\/v2\/pages\/113"}],"wp:attachment":[{"href":"https:\/\/www.topohvar.at\/topo\/wp-json\/wp\/v2\/media?parent=8153"}],"curies":[{"name":"wp","href":"https:\/\/api.w.org\/{rel}","templated":true}]}}