{"id":8157,"date":"2018-08-27T19:07:54","date_gmt":"2018-08-27T17:07:54","guid":{"rendered":"https:\/\/www.topohvar.at\/?page_id=8157"},"modified":"2022-01-19T15:25:53","modified_gmt":"2022-01-19T14:25:53","slug":"vk-tg-04-1","status":"publish","type":"page","link":"https:\/\/www.topohvar.at\/topo\/orte\/vk\/vk-tg-04-1\/","title":{"rendered":"VRISNIK &#8211; Zgrada \u00bbBiv\u0161a Vrsni\u010dka Seoska Blagajna\u00ab"},"content":{"rendered":"<p><a name=\"seite_oben\"><\/a><br \/>\n<strong><img loading=\"lazy\" decoding=\"async\" class=\"alignnone wp-image-8108 size-large\" src=\"https:\/\/www.topohvar.at\/wp-content\/uploads\/2018\/08\/vk-pk-01-0-1024x503.jpg\" alt=\"\" width=\"640\" height=\"314\" srcset=\"https:\/\/www.topohvar.at\/wp-content\/uploads\/2018\/08\/vk-pk-01-0-1024x503.jpg 1024w, https:\/\/www.topohvar.at\/wp-content\/uploads\/2018\/08\/vk-pk-01-0-300x147.jpg 300w, https:\/\/www.topohvar.at\/wp-content\/uploads\/2018\/08\/vk-pk-01-0-768x377.jpg 768w, https:\/\/www.topohvar.at\/wp-content\/uploads\/2018\/08\/vk-pk-01-0.jpg 1080w\" sizes=\"auto, (max-width: 640px) 100vw, 640px\" \/><\/strong><\/p>\n<p><strong>Ime \/ Name<br \/>\n<\/strong>Zgrada \u00bbBiv\u0161a Vrsni\u010dka Seoska Blagajna\u00ab \/ Geb\u00e4ude der Ortskassa<\/p>\n<p><strong>Code: <\/strong>VK-TG-04\u00a0 \u00a0 \u00a0 \u00a0 \u00a0 \u00a0 \u00a0 \u00a0 \u00a0 \u00a0 \u00a0 \u00a0 \u00a0<strong>\u00a0 \u00a0 \u00a0 \u00a0 \u00a0<a href=\"https:\/\/www.topohvar.at\/orte\/vk\/vk-tg-02-1\/\"><img loading=\"lazy\" decoding=\"async\" class=\"alignnone wp-image-533 size-full\" src=\"https:\/\/www.topohvar.at\/wp-content\/uploads\/2018\/07\/push-l-30.jpg\" alt=\"\" width=\"61\" height=\"30\" \/><\/a>\u00a0<a href=\"https:\/\/www.topohvar.at\/orte\/vk\/\"><img loading=\"lazy\" decoding=\"async\" class=\"alignnone wp-image-535 size-full\" src=\"https:\/\/www.topohvar.at\/wp-content\/uploads\/2018\/07\/push-o-30.jpg\" alt=\"\" width=\"61\" height=\"30\" \/><\/a>\u00a0<a href=\"https:\/\/www.topohvar.at\/orte\/vk\/vk-tg-03-1\/\"><img loading=\"lazy\" decoding=\"async\" class=\"alignnone wp-image-536 size-full\" src=\"https:\/\/www.topohvar.at\/wp-content\/uploads\/2018\/07\/push-r-30.jpg\" alt=\"\" width=\"61\" height=\"30\" \/><\/a><\/strong><\/p>\n<hr \/>\n<p><strong>Adresa \/ Adresse<br \/>\n<\/strong>Vrisnik,\u00a0nasuprot crkve Sv. Apolonije \/ gegen\u00fcber der Kirche der hl. Apolonia<\/p>\n<p><strong>Lokacija<\/strong><strong> \/ Position<a href=\"https:\/\/goo.gl\/maps\/FWNt87xsExUvTKyC6\"><img loading=\"lazy\" decoding=\"async\" class=\"alignright wp-image-8272\" src=\"https:\/\/www.topohvar.at\/wp-content\/uploads\/2018\/08\/1276.jpg\" alt=\"\" width=\"134\" height=\"100\" \/><\/a><br \/>\n<\/strong><span style=\"color: #3366ff;\"><a style=\"color: #3366ff;\" href=\"https:\/\/goo.gl\/maps\/FWNt87xsExUvTKyC6\">Latitude: N 43,15188\u00b0\u00a0 \u00a0 Longitude: E 16,65196\u00b0\u00a0<\/a><\/span><strong><br \/>\n<\/strong>Visina \/ H\u00f6he: 140 m<\/p>\n<p><strong>Katastarska \u010destica<\/strong><strong> \/ Grundst\u00fccke<br \/>\n<\/strong>*254\/1<div class='content-column one_half'><div style=\"padding-right:6px;\"><p><strong>Datum snimanja \/ Erfassungsdatum<br \/>\n<\/strong>27.10.2014 10:06:01<\/p>\n<hr \/>\n<p><strong>Informacije<\/strong><\/p>\n<p><strong>Radna soba i biblioteka Marina Frani\u010devi\u0107a<\/strong><\/p>\n<p>Hrvatski povjesni\u010dar i pjesnik Marin Frani\u010devi\u0107, te njegov brat Jure Frani\u010devi\u0107 Plo\u010dar ro\u0111eni su u naselju Vrisnik, a pjesnik Jure je nekoliko stihova iz svojih pjesama posvetio rodnom naselju.<\/p><\/div><\/div><div class='content-column one_half last_column'><div style=\"padding-right:0px;padding-left:6px;\"><p><strong>Stupanj za\u0161tite<\/strong><strong> \/ Schutzstellung<br \/>\n<\/strong>(P-5150, do 26.8.2018)<\/p>\n<hr \/>\n<p><strong>Info<\/strong><\/p>\n<p><strong>Studienraum und Bibliothek Marin Frani\u010devi\u0107<\/strong><\/p>\n<p>Der kroatische Historiker und Dichter Marin Frani\u010devi\u0107 und sein Bruder Jure Frani\u010devi\u0107 Plo\u010dar wurden in Vrisnik geboren. Der Dichter Jure hat seinem Heimatort mehrere Verse in seinen Gedichten gewidmet.<\/p><\/div><\/div><div class='clear_column'><\/div><div class='content-column one_half'><div style=\"padding-right:6px;\"><p>Donacija Muzeju sastoji se od 7.000 svezaka, te namje\u0161taja u sklopu radne sobe knji\u017eevnika Marina Frani\u010devi\u0107a.<\/p><\/div><\/div><div class='content-column one_half last_column'><div style=\"padding-right:0px;padding-left:6px;\"><p>Das Spendenmuseum besteht aus 7.000 B\u00e4nden sowie M\u00f6bel aus dem Arbeitszimmer des Schriftstellers Marin Frani\u010devi\u0107.<\/p><\/div><\/div><div class='clear_column'><\/div><div class='content-column one_half'><div style=\"padding-right:6px;\"><p>Zbirka se \u010duva u zgradi biv\u0161e Seoske blagajne i \u010ditaonice, a smje\u0161tena je u prostoriji na drugom katu veli\u010dine 8 x 6 m. Ova zgrada se nalazi jugozapadno nasuprot crkve sv. Apolonije, te je sastavni dio povijesne aglomeracije mjesta Vrisnik. Zgrada ima prizemlje, tj. konobu kojoj je ulaz na zapadnoj strani, dok je glavni ulaz bio nasuprot crkve. Ulazilo se u dvor, gdje je stepeni\u0161te sa ogradom od kovanog \u017eeljeza vodilo na terasu i ulaz u prostoriju sada namjenjenu za Zbirku Marina Frani\u010devi\u0107a i knji\u017enicu koje su u sklopu Muzeja.<\/p><\/div><\/div><div class='content-column one_half last_column'><div style=\"padding-right:0px;padding-left:6px;\"><p>Die Sammlung befindet sich im zweiten Stock der ehemaligen Dorfkasse und Leseraums in einem Raum von 8 x 6 m Gr\u00f6\u00dfe. Das Geb\u00e4ude befindet sich s\u00fcdwestlich gegen\u00fcber der Kirche St. Apollonia, und ist ein wesentlicher Bestandteil der historischen Agglomeration von Vrisnik. Das Geb\u00e4ude hat im Erdgeschoss eine Taverne mit einem Eingang an der Westseite. Der Haupteingang ist aber gegen\u00fcber der Kirche. Man betritt den Hof, von wo eine Treppe mit schmiedeeisernen Gel\u00e4nder zu einer Terrasse f\u00fchrt, auf der der Museumseingang liegt.<\/p><\/div><\/div><div class='clear_column'><\/div><div class='content-column one_half'><div style=\"padding-right:6px;\"><p>Pozicija zgrde ra\u0111ene krajem 19. i po\u010detkom 20. stolje\u0107a sa \u010dije prostrane tarace puca pogled na polje, Svir\u010de i dalje prema Bra\u010du, ima svoju ulogu u kontinuitetu razvoja arhitekture samog Vrisnika, te zajedno sa vrijednom zbirkom postaje sredi\u0161te kulture.<\/p><\/div><\/div><div class='content-column one_half last_column'><div style=\"padding-right:0px;padding-left:6px;\"><p>Das Geb\u00e4udes aus dem sp\u00e4ten 19. und fr\u00fchem 20. Jahrhundert mit seiner ger\u00e4umigen Terrasse erlaubt einen Blick auf das Stari-Grader-Feld, die Ortschaft Svir\u010de und die Insel Bra\u010d, zeigt die kontinuierliche Entwicklung der Architektur in Vrisnik und wurde zusammen mit der wertvollen Sammlung zum kulturellen Zentrum.<\/p><\/div><\/div><div class='clear_column'><\/div><div class='content-column one_half'><div style=\"padding-right:6px;\"><p>Registar kulturnih dobara Republike Hrvatske br. 04\/2015. Lista preventivno za\u0161ti\u0107enih kulturnih dobara. Datum tiskanog izdanja: 26.8.2015. Istek za\u0161tite: 26.8.2018. Broj registra P-5150<\/p><\/div><\/div><div class='content-column one_half last_column'><div style=\"padding-right:0px;padding-left:6px;\"><p>Register der Kulturg\u00fcter der Republik Kroatien Nr. 04\/2015, Liste pr\u00e4ventiv gesch\u00fctzter Kulturg\u00fcter. Ver\u00f6ffentlichungsdatum: 26.8.2015. Schutz bis 26.8.2018. Registriernummer P-5150<\/p><\/div><\/div><div class='clear_column'><\/div><\/p>\n<p style=\"text-align: right;\"><span style=\"color: #3366ff;\"><a style=\"color: #3366ff;\" href=\"#seite_oben\">natrag na vrh \/ Seitenanfang<\/a><\/span><\/p>\n<hr \/>\n<p><strong>Linkovi \/ Links<\/strong><\/p>\n<p><span style=\"color: #3366ff;\"><a style=\"color: #3366ff;\" href=\"https:\/\/www.topohvar.at\/orte\/vk\/vk-is-01-1\/\">Spomen plo\u010da \u00bbVrsni\u010dka Seoska Blagajna\u00ab \/ Gedenktafel an die Ortskasse<\/a><\/span><\/p>\n","protected":false},"excerpt":{"rendered":"<p>Ime \/ Name Zgrada \u00bbBiv\u0161a Vrsni\u010dka Seoska Blagajna\u00ab \/ Geb\u00e4ude der Ortskassa Code: VK-TG-04\u00a0 \u00a0 \u00a0 \u00a0 \u00a0 \u00a0 \u00a0 \u00a0 \u00a0 \u00a0 \u00a0 \u00a0 \u00a0\u00a0 \u00a0 \u00a0 \u00a0 \u00a0\u00a0\u00a0 Adresa \/ Adresse Vrisnik,\u00a0nasuprot crkve Sv. Apolonije \/ gegen\u00fcber der &hellip; <a href=\"https:\/\/www.topohvar.at\/topo\/orte\/vk\/vk-tg-04-1\/\">Weiterlesen <span class=\"meta-nav\">&rarr;<\/span><\/a><\/p>\n","protected":false},"author":1,"featured_media":0,"parent":113,"menu_order":0,"comment_status":"closed","ping_status":"closed","template":"","meta":{"footnotes":""},"class_list":["post-8157","page","type-page","status-publish","hentry"],"_links":{"self":[{"href":"https:\/\/www.topohvar.at\/topo\/wp-json\/wp\/v2\/pages\/8157","targetHints":{"allow":["GET"]}}],"collection":[{"href":"https:\/\/www.topohvar.at\/topo\/wp-json\/wp\/v2\/pages"}],"about":[{"href":"https:\/\/www.topohvar.at\/topo\/wp-json\/wp\/v2\/types\/page"}],"author":[{"embeddable":true,"href":"https:\/\/www.topohvar.at\/topo\/wp-json\/wp\/v2\/users\/1"}],"replies":[{"embeddable":true,"href":"https:\/\/www.topohvar.at\/topo\/wp-json\/wp\/v2\/comments?post=8157"}],"version-history":[{"count":15,"href":"https:\/\/www.topohvar.at\/topo\/wp-json\/wp\/v2\/pages\/8157\/revisions"}],"predecessor-version":[{"id":56338,"href":"https:\/\/www.topohvar.at\/topo\/wp-json\/wp\/v2\/pages\/8157\/revisions\/56338"}],"up":[{"embeddable":true,"href":"https:\/\/www.topohvar.at\/topo\/wp-json\/wp\/v2\/pages\/113"}],"wp:attachment":[{"href":"https:\/\/www.topohvar.at\/topo\/wp-json\/wp\/v2\/media?parent=8157"}],"curies":[{"name":"wp","href":"https:\/\/api.w.org\/{rel}","templated":true}]}}