{"id":8161,"date":"2018-08-27T19:10:32","date_gmt":"2018-08-27T17:10:32","guid":{"rendered":"https:\/\/www.topohvar.at\/?page_id=8161"},"modified":"2024-05-28T08:03:14","modified_gmt":"2024-05-28T06:03:14","slug":"vk-ci-01-1","status":"publish","type":"page","link":"https:\/\/www.topohvar.at\/topo\/orte\/vk\/vk-ci-01-1\/","title":{"rendered":"VRISNIK &#8211; \u017dupna crkva \u00bbSv. Antuna Opata\u00ab"},"content":{"rendered":"<p><a name=\"seite_oben\"><\/a><br \/>\n<strong><img loading=\"lazy\" decoding=\"async\" class=\"alignnone wp-image-8089 size-large\" src=\"https:\/\/www.topohvar.at\/wp-content\/uploads\/2018\/08\/VK-CI-01-0-1024x503.jpg\" alt=\"\" width=\"640\" height=\"314\" srcset=\"https:\/\/www.topohvar.at\/wp-content\/uploads\/2018\/08\/VK-CI-01-0-1024x503.jpg 1024w, https:\/\/www.topohvar.at\/wp-content\/uploads\/2018\/08\/VK-CI-01-0-300x147.jpg 300w, https:\/\/www.topohvar.at\/wp-content\/uploads\/2018\/08\/VK-CI-01-0-768x377.jpg 768w, https:\/\/www.topohvar.at\/wp-content\/uploads\/2018\/08\/VK-CI-01-0.jpg 1080w\" sizes=\"auto, (max-width: 640px) 100vw, 640px\" \/><\/strong><\/p>\n<p><strong>Ime \/ Name<br \/>\n<\/strong>\u017dupna crkva \u00bbSv. Antuna Opata\u00ab \/ Pfarrkirche zum hl. Abt Antonius<\/p>\n<p><strong>Code: <\/strong>VK-CI-01\u00a0 \u00a0 \u00a0 \u00a0 \u00a0 \u00a0 \u00a0 \u00a0<strong>\u00a0 \u00a0 \u00a0 \u00a0 \u00a0 \u00a0 \u00a0 \u00a0 \u00a0 \u00a0 \u00a0 \u00a0 \u00a0 \u00a0 \u00a0<a href=\"https:\/\/www.topohvar.at\/orte\/vk\/\"><img loading=\"lazy\" decoding=\"async\" class=\"alignnone wp-image-535 size-full\" src=\"https:\/\/www.topohvar.at\/wp-content\/uploads\/2018\/07\/push-o-30.jpg\" alt=\"\" width=\"61\" height=\"30\" \/><\/a>\u00a0<a href=\"https:\/\/www.topohvar.at\/orte\/vk\/vk-ci-02-1\/\"><img loading=\"lazy\" decoding=\"async\" class=\"alignnone wp-image-536 size-full\" src=\"https:\/\/www.topohvar.at\/wp-content\/uploads\/2018\/07\/push-r-30.jpg\" alt=\"\" width=\"61\" height=\"30\" \/><\/a><\/strong><\/p>\n<hr \/>\n<p><strong>Adresa \/ Adresse<br \/>\n<\/strong>Vrisnik<\/p>\n<p><strong>Lokacija<\/strong><strong> \/ Position<a href=\"https:\/\/goo.gl\/maps\/7DqKbM13SmR8zHkP7\"><img loading=\"lazy\" decoding=\"async\" class=\"alignright wp-image-8220\" src=\"https:\/\/www.topohvar.at\/wp-content\/uploads\/2018\/08\/0924.jpg\" alt=\"\" width=\"134\" height=\"100\" \/><\/a><br \/>\n<\/strong><span style=\"color: #3366ff;\"><a style=\"color: #3366ff;\" href=\"https:\/\/goo.gl\/maps\/7DqKbM13SmR8zHkP7\">Latitude: N 43,15256\u00b0\u00a0 \u00a0 Longitude: E 16,65406\u00b0\u00a0<\/a><\/span><strong><br \/>\n<\/strong>Visina \/ H\u00f6he: 186 m<\/p>\n<p><strong>Katastarska \u010destica<\/strong><strong> \/ Grundst\u00fccke<br \/>\n<\/strong>*125, 1058, 1059<div class='content-column one_half'><div style=\"padding-right:6px;\"><p><strong>Datum snimanja \/ Erfassungsdatum<br \/>\n<\/strong>24.05.2013 11:58:32<\/p>\n<hr \/>\n<p><strong>Informacije<\/strong><\/p>\n<p>\u017dupna crkva sv. Antuna Opata izgra\u0111ena je na uzvisini, na sjevernom rubu naselja Vrisnik. Pred prilazom crkvi je crkvica sv. Roka koju je 1857. g. sagradio parun Ivan Grgi\u010devi\u0107 na temelju zavjeta Vrisni\u010dana u doba kad je otokom harala kolera.<\/p><\/div><\/div><div class='content-column one_half last_column'><div style=\"padding-right:0px;padding-left:6px;\"><p><strong>Stupanj za\u0161tite<\/strong><strong> \/ Schutzstellung<br \/>\n<\/strong>Z-4944 (Sv. Antun i kapela Sv. Roka)<\/p>\n<hr \/>\n<p><strong>Info<\/strong><\/p>\n<p>Die Pfarrkirche des hl. Abtes Antonius wurde auf einem H\u00fcgel am n\u00f6rdlichen Rand des Dorfes Vrisnik erbaut. In der N\u00e4he der Kirche befindet sich die Rochuskapelle die 1857 von Ivan Grgi\u010devi\u0107 errichtet wurde, auf der Grundlage eines Gel\u00fcbdes der Menschen von Vrisnik als auf der Insel die Cholera tobte.<\/p><\/div><\/div><div class='clear_column'><\/div><div class='content-column one_half'><div style=\"padding-right:6px;\"><p>\u017dupna crkva sv. Opat Antonije sagra\u0111en je 1410. g. Vrisnik je samostalna \u017eupa od 1430. Nastala je od dvojnih crkava, posve\u0107enih sv. Antunu Opatu i sv. Katarini. Dvojna crkva bila je sa\u010duvana do XVII. st. Sredinom XVIII. st. ru\u0161e se svodovi dvojne crkve i gra\u0111evina se zasvo\u0111uje jedinstvenim prelomljenim svodom sa pojasnicama.<\/p><\/div><\/div><div class='content-column one_half last_column'><div style=\"padding-right:0px;padding-left:6px;\"><p>Die Pfarrkirche des hl. Abt Antonius wurde 1410 g gebaut. Vrisnik ist eine selbstst\u00e4ndige Pfarrei seit 1430. Sie entstand aus einer Zwillingskirche, die dem hl. Antonius und der hl. Katharina geweiht war. Die Zwillingskirche blieb bis zum 17. Jahrhundert erhalten. Mitte des 18. Jhs. wurden die B\u00f6gen der Doppelkirche abgerissen und das Geb\u00e4ude mit einem einzigen Spitzbogengew\u00f6lbe mit heruntergezogenen Gurten \u00fcberdacht.<\/p><\/div><\/div><div class='clear_column'><\/div><div class='content-column one_half'><div style=\"padding-right:6px;\"><p>U crkvi se nalaze kasnogoti\u010dki kameni kipovi i vrijedno obojeno raspelo iz 1637.g.<\/p><\/div><\/div><div class='content-column one_half last_column'><div style=\"padding-right:0px;padding-left:6px;\"><p>Die Kirche beherbergt sp\u00e4tgotische Steinstatuen und ein wertvolles farbiges Kruzifix von 1637.<\/p><\/div><\/div><div class='clear_column'><\/div><div class='content-column one_half'><div style=\"padding-right:6px;\"><p>Crkva je izvorno imala zvonik na preslicu, koji je remodeliran kada je na jugozapadnom uglu crkve sazidan zvonik, \u010dija je gradnja zapo\u010dela 1803. g., no dovr\u0161ena je tek pred II. svjetski rat. Godine 1874. ru\u0161i se sveti\u0161te iz XVIII. st. sa sakristijom na jugu i gradi velika kapela, i iza nje sakristija u 7000 talirah. Crkva je obnovljena 1940. g.. Ispred crkve je vidikovac i aleja \u010dempresa iz 17. st.<\/p><\/div><\/div><div class='content-column one_half last_column'><div style=\"padding-right:0px;padding-left:6px;\"><p>Die Kirche hatte urspr\u00fcnglich einen Glockenturm am Giebel. 1803 wurde der Glockenturm an der s\u00fcdwestlichen Ecke der Kirche gebaut ,der aber erst vor dem II. Weltkrieg fertig gestellt wurde.\u00a01874 wurde der Altarraum aus dem 18. Jahrhundert sowie die Sakristei im S\u00fcden abgerissen. Eine gro\u00dfe Kapelle und dahinter die Sakristei wurden um 7000 Taler neu errichtet. Die Kirche wurde im Jahre 1940 erneuert. Vor der Kirche ist eine Aussichtsterrasse und eine Zypressenallee aus dem 17. Jh.<\/p><\/div><\/div><div class='clear_column'><\/div><div class='content-column one_half'><div style=\"padding-right:6px;\"><p>Blagdan Sv. Antuna Opata slavi se 17. sije\u010dnja, pa se ovdje nakon misnog slavlja do dugo u no\u0107 nastavlja sa pu\u010dkim sve\u010danostima.<\/p><\/div><\/div><div class='content-column one_half last_column'><div style=\"padding-right:0px;padding-left:6px;\"><p>Das Fest des hl. Abt Antonius wird am 17. Januar gefeiert, nach der kirchlichen Feierlichkeiten geht es weiter mit Volksfesten bis in die Nacht.<\/p><\/div><\/div><div class='clear_column'><\/div><div class='content-column one_half'><div style=\"padding-right:6px;\"><p>Kompleks \u017eupne crkve sv. Ante Opata i kapele sv. Roka &#8211; Registar kulturnih dobara Republike Hrvatske br. 01\/2011. Datum tiskanog izdanja: 04. 08. 2011. Broj registra Z-4944.<\/p><\/div><\/div><div class='content-column one_half last_column'><div style=\"padding-right:0px;padding-left:6px;\"><p>Komplex der Pfarrkirche des hl. Abtes Antonius und Kapelle des Hl. Rochus &#8211; Register der Kulturg\u00fcter der Republik Kroatien Nr. 01\/2011. Ver\u00f6ffentlichungsdatum: 04. 08. 2011. Registriernummer Z-4944.<\/p><\/div><\/div><div class='clear_column'><\/div><\/p>\n<hr \/>\n<div class='content-column one_half'><div style=\"padding-right:6px;\"><p>Ostaci kri\u017ea i jarbola za zastave i danas se vide u ogradi ispred \u017eupne crkve.<\/p><\/div><\/div><div class='content-column one_half last_column'><div style=\"padding-right:0px;padding-left:6px;\"><p>Die \u00dcberreste eines Kreuzes und eines Fahnenmastes sind noch heute in der Umgrenzungsmauer vor der Pfarrkirche zu sehen.<\/p><\/div><\/div><div class='clear_column'><\/div><\/p>\n<p style=\"text-align: right;\"><span style=\"color: #3366ff;\"><a style=\"color: #3366ff;\" href=\"#seite_oben\">natrag na vrh \/ Seitenanfang<\/a><\/span><\/p>\n<hr \/>\n<p><strong>Linkovi \/ Links<\/strong><\/p>\n<p><span style=\"color: #3366ff;\"><a style=\"color: #3366ff;\" href=\"https:\/\/www.topohvar.at\/orte\/vk\/vk-ir-01-1\/\">Reljef iznad portala \/ Relief \u00fcber dem Portal<\/a><\/span><br \/>\n<span style=\"color: #3366ff;\"><a style=\"color: #3366ff;\" href=\"https:\/\/www.topohvar.at\/orte\/vk\/vk-is-03-1\/\">Spomen plo\u010da crkva izgradnja \/ Gedenktafel Kirchenbau<\/a><\/span><br \/>\n<span style=\"color: #3366ff;\"><a style=\"color: #3366ff;\" href=\"https:\/\/www.topohvar.at\/orte\/vk\/vk-is-04-1\/\">Spomen plo\u010da \/ Gedenltafel \u00bbAntoniju Mari\u0107\u00ab<\/a><br \/>\n<a style=\"color: #3366ff;\" href=\"https:\/\/www.topohvar.at\/orte\/vk\/vk-cz-04-1\/\">Kri\u017e \u00bbUni\u0161teni kri\u017e\u00ab \/ zerst\u00f6rtes Kreuz<\/a><br \/>\n<a style=\"color: #3366ff;\" href=\"https:\/\/www.topohvar.at\/topo\/orte\/vk\/vk-ob-01-1\/\">Objekt \u00bbBiv\u0161i standarac ispred \u017eupne crkve\u00ab \/ ehemalige Fahnenstange vor der Pfarrkirche<\/a><br \/>\n<a style=\"color: #3366ff;\" href=\"https:\/\/www.topohvar.at\/orte\/vk\/vk-cp-01-1\/\">Kapela \u00bbSv. Roko\u00ab \/ Kapelle des hl. Rochus<\/a>\u00a0<\/span><\/p>\n<p><span style=\"color: #3366ff;\">\u00a0<\/span><\/p>\n","protected":false},"excerpt":{"rendered":"<p>Ime \/ Name \u017dupna crkva \u00bbSv. Antuna Opata\u00ab \/ Pfarrkirche zum hl. Abt Antonius Code: VK-CI-01\u00a0 \u00a0 \u00a0 \u00a0 \u00a0 \u00a0 \u00a0 \u00a0\u00a0 \u00a0 \u00a0 \u00a0 \u00a0 \u00a0 \u00a0 \u00a0 \u00a0 \u00a0 \u00a0 \u00a0 \u00a0 \u00a0 \u00a0\u00a0 Adresa \/ Adresse &hellip; <a href=\"https:\/\/www.topohvar.at\/topo\/orte\/vk\/vk-ci-01-1\/\">Weiterlesen <span class=\"meta-nav\">&rarr;<\/span><\/a><\/p>\n","protected":false},"author":1,"featured_media":0,"parent":113,"menu_order":0,"comment_status":"closed","ping_status":"closed","template":"","meta":{"footnotes":""},"class_list":["post-8161","page","type-page","status-publish","hentry"],"_links":{"self":[{"href":"https:\/\/www.topohvar.at\/topo\/wp-json\/wp\/v2\/pages\/8161","targetHints":{"allow":["GET"]}}],"collection":[{"href":"https:\/\/www.topohvar.at\/topo\/wp-json\/wp\/v2\/pages"}],"about":[{"href":"https:\/\/www.topohvar.at\/topo\/wp-json\/wp\/v2\/types\/page"}],"author":[{"embeddable":true,"href":"https:\/\/www.topohvar.at\/topo\/wp-json\/wp\/v2\/users\/1"}],"replies":[{"embeddable":true,"href":"https:\/\/www.topohvar.at\/topo\/wp-json\/wp\/v2\/comments?post=8161"}],"version-history":[{"count":15,"href":"https:\/\/www.topohvar.at\/topo\/wp-json\/wp\/v2\/pages\/8161\/revisions"}],"predecessor-version":[{"id":67227,"href":"https:\/\/www.topohvar.at\/topo\/wp-json\/wp\/v2\/pages\/8161\/revisions\/67227"}],"up":[{"embeddable":true,"href":"https:\/\/www.topohvar.at\/topo\/wp-json\/wp\/v2\/pages\/113"}],"wp:attachment":[{"href":"https:\/\/www.topohvar.at\/topo\/wp-json\/wp\/v2\/media?parent=8161"}],"curies":[{"name":"wp","href":"https:\/\/api.w.org\/{rel}","templated":true}]}}