{"id":8163,"date":"2018-08-27T19:11:39","date_gmt":"2018-08-27T17:11:39","guid":{"rendered":"https:\/\/www.topohvar.at\/?page_id=8163"},"modified":"2021-12-09T10:32:45","modified_gmt":"2021-12-09T09:32:45","slug":"vk-ci-02-1","status":"publish","type":"page","link":"https:\/\/www.topohvar.at\/topo\/orte\/vk\/vk-ci-02-1\/","title":{"rendered":"VRISNIK &#8211; Crkva \u00bbSv. Apolonije (Sv. Doroteje)\u00ab"},"content":{"rendered":"<p><a name=\"seite_oben\"><\/a><br \/>\n<strong><img loading=\"lazy\" decoding=\"async\" class=\"alignnone wp-image-8090 size-large\" src=\"https:\/\/www.topohvar.at\/wp-content\/uploads\/2018\/08\/VK-CI-02-0-1024x503.jpg\" alt=\"\" width=\"640\" height=\"314\" srcset=\"https:\/\/www.topohvar.at\/wp-content\/uploads\/2018\/08\/VK-CI-02-0-1024x503.jpg 1024w, https:\/\/www.topohvar.at\/wp-content\/uploads\/2018\/08\/VK-CI-02-0-300x147.jpg 300w, https:\/\/www.topohvar.at\/wp-content\/uploads\/2018\/08\/VK-CI-02-0-768x377.jpg 768w, https:\/\/www.topohvar.at\/wp-content\/uploads\/2018\/08\/VK-CI-02-0.jpg 1080w\" sizes=\"auto, (max-width: 640px) 100vw, 640px\" \/><\/strong><\/p>\n<p><strong>Ime \/ Name<br \/>\n<\/strong>Crkva \u00bbSv. Apolonije (Sv. Doroteje)\u00ab \/ Kirche des hl. Apolonius (der hl. Dorothea)<\/p>\n<p><strong>Code: <\/strong>VK-CI-02\u00a0 \u00a0 \u00a0 \u00a0 \u00a0 \u00a0 \u00a0 \u00a0<strong>\u00a0 \u00a0 \u00a0 \u00a0 \u00a0 \u00a0 \u00a0 \u00a0 \u00a0 \u00a0 \u00a0 \u00a0 \u00a0 \u00a0 \u00a0<a href=\"https:\/\/www.topohvar.at\/orte\/vk\/vk-ci-01-1\/\"><img loading=\"lazy\" decoding=\"async\" class=\"alignnone wp-image-533 size-full\" src=\"https:\/\/www.topohvar.at\/wp-content\/uploads\/2018\/07\/push-l-30.jpg\" alt=\"\" width=\"61\" height=\"30\" \/><\/a>\u00a0<a href=\"https:\/\/www.topohvar.at\/orte\/vk\/\"><img loading=\"lazy\" decoding=\"async\" class=\"alignnone wp-image-535 size-full\" src=\"https:\/\/www.topohvar.at\/wp-content\/uploads\/2018\/07\/push-o-30.jpg\" alt=\"\" width=\"61\" height=\"30\" \/><\/a>\u00a0 \u00a0 \u00a0\u00a0<\/strong><\/p>\n<hr \/>\n<p><strong>Adresa \/ Adresse<br \/>\n<\/strong>Vrisnik<\/p>\n<p><strong>Lokacija<\/strong><strong> \/ Position<a href=\"https:\/\/goo.gl\/maps\/EuW8RAcJbJmCoofD6\"><img loading=\"lazy\" decoding=\"async\" class=\"alignright wp-image-8232\" src=\"https:\/\/www.topohvar.at\/wp-content\/uploads\/2018\/08\/0925.jpg\" alt=\"\" width=\"134\" height=\"100\" \/><\/a><br \/>\n<\/strong><span style=\"color: #3366ff;\"><a style=\"color: #3366ff;\" href=\"https:\/\/goo.gl\/maps\/EuW8RAcJbJmCoofD6\">Latitude: N 43,15207\u00b0\u00a0 \u00a0 Longitude: E 16,65209\u00b0\u00a0<\/a><\/span><strong><br \/>\n<\/strong>Visina \/ H\u00f6he: 141 m<\/p>\n<p><strong>Katastarska \u010destica\u00a0<\/strong><strong> \/ Grundst\u00fccke<br \/>\n<\/strong>*35<div class='content-column one_half'><div style=\"padding-right:6px;\"><p><strong>Datum snimanja \/ Erfassungsdatum<br \/>\n<\/strong>24.05.2013 10:08:00<\/p>\n<hr \/>\n<p><strong>Informacije<\/strong><\/p>\n<p>Crkva sv. Apolonije \u201eu dnu sela\u201c prvi puta se spominje 1603. godine. Crkva je renovirana 1769. godine kada dobiva barokne oblike i ponovno 1900. godine, no i danas je njeno stanje tro\u0161no i zapu\u0161teno. Crkva ima brod pravokutnoga tlocrta, \u0161irom stranom okrenut glavnom pro\u010delju, zasvo\u0111en kri\u017enim svodom i kvadrati\u010dnu apsidu. Pravilno orijentirana, gra\u0111ena od klesanih kamenih blokova le\u017ei na \u017eivoj stijeni u \u010ditavoj svojoj du\u017eini. Crkva je vrijedno djelo kasnoga pu\u010dkog baroka sa reminiscencijama na gotiku<\/p><\/div><\/div><div class='content-column one_half last_column'><div style=\"padding-right:0px;padding-left:6px;\"><p><strong>Stupanj za\u0161tite <\/strong><strong>\/ Schutzstellung<br \/>\n<\/strong>Z-6414<\/p>\n<hr \/>\n<p><strong>Info<\/strong><\/p>\n<p>Kirche St. Apollonia &#8222;am Fu\u00dfe des Dorfes&#8220; wurde erstmals 1603 erw\u00e4hnt. Die Kirche wurde 1769 renoviert, wo sie barocke Formen erhielt, und im Jahr 1900 erneuert. Heute\u00a0 ist ihr Zustand leider abgenutzt und vernachl\u00e4ssigt. Die Kirche hat ein rechteckiges Kirchenschiff das breiter als l\u00e4nger ist, ein Kreuzgew\u00f6lbe und eine rechteckige Apsis. Richtig O-W ausgerichtet und aus behauenen Steinbl\u00f6cken gebaut, ruht sie auf blanken Fels in ihrer gesamten L\u00e4nge. Die Kirche ist ein wertvolles Werk des sp\u00e4ten Volksbarock mit Reminiszenzen an die Gotik.<\/p><\/div><\/div><div class='clear_column'><\/div><div class='content-column one_half'><div style=\"padding-right:6px;\"><p>Za\u0161ti\u0107eno dobro.<br \/>\nDatum: 10. 11. 2014<br \/>\nBroj registra: Z-6414.<\/p><\/div><\/div><div class='content-column one_half last_column'><div style=\"padding-right:0px;padding-left:6px;\"><p>Gesch\u00fctztes Gut.<br \/>\nDatum: 10. 11. 2014<br \/>\nRegistrierungsnummer: Z-6414.<\/p><\/div><\/div><div class='clear_column'><\/div><\/p>\n<p style=\"text-align: right;\"><span style=\"color: #3366ff;\"><a style=\"color: #3366ff;\" href=\"#seite_oben\">natrag na vrh \/ Seitenanfang<\/a><\/span><\/p>\n<hr \/>\n<p><strong>Linkovi \/ Links<\/strong><\/p>\n<p>&#8211;<\/p>\n","protected":false},"excerpt":{"rendered":"<p>Ime \/ Name Crkva \u00bbSv. Apolonije (Sv. Doroteje)\u00ab \/ Kirche des hl. Apolonius (der hl. Dorothea) Code: VK-CI-02\u00a0 \u00a0 \u00a0 \u00a0 \u00a0 \u00a0 \u00a0 \u00a0\u00a0 \u00a0 \u00a0 \u00a0 \u00a0 \u00a0 \u00a0 \u00a0 \u00a0 \u00a0 \u00a0 \u00a0 \u00a0 \u00a0 \u00a0\u00a0\u00a0 \u00a0 &hellip; <a href=\"https:\/\/www.topohvar.at\/topo\/orte\/vk\/vk-ci-02-1\/\">Weiterlesen <span class=\"meta-nav\">&rarr;<\/span><\/a><\/p>\n","protected":false},"author":1,"featured_media":0,"parent":113,"menu_order":0,"comment_status":"closed","ping_status":"closed","template":"","meta":{"footnotes":""},"class_list":["post-8163","page","type-page","status-publish","hentry"],"_links":{"self":[{"href":"https:\/\/www.topohvar.at\/topo\/wp-json\/wp\/v2\/pages\/8163","targetHints":{"allow":["GET"]}}],"collection":[{"href":"https:\/\/www.topohvar.at\/topo\/wp-json\/wp\/v2\/pages"}],"about":[{"href":"https:\/\/www.topohvar.at\/topo\/wp-json\/wp\/v2\/types\/page"}],"author":[{"embeddable":true,"href":"https:\/\/www.topohvar.at\/topo\/wp-json\/wp\/v2\/users\/1"}],"replies":[{"embeddable":true,"href":"https:\/\/www.topohvar.at\/topo\/wp-json\/wp\/v2\/comments?post=8163"}],"version-history":[{"count":9,"href":"https:\/\/www.topohvar.at\/topo\/wp-json\/wp\/v2\/pages\/8163\/revisions"}],"predecessor-version":[{"id":54984,"href":"https:\/\/www.topohvar.at\/topo\/wp-json\/wp\/v2\/pages\/8163\/revisions\/54984"}],"up":[{"embeddable":true,"href":"https:\/\/www.topohvar.at\/topo\/wp-json\/wp\/v2\/pages\/113"}],"wp:attachment":[{"href":"https:\/\/www.topohvar.at\/topo\/wp-json\/wp\/v2\/media?parent=8163"}],"curies":[{"name":"wp","href":"https:\/\/api.w.org\/{rel}","templated":true}]}}